{"id":2754,"date":"2024-02-05T12:40:16","date_gmt":"2024-02-05T11:40:16","guid":{"rendered":"https:\/\/hotelambient.hu\/?page_id=2754"},"modified":"2025-07-07T12:40:37","modified_gmt":"2025-07-07T10:40:37","slug":"childcare-services","status":"publish","type":"page","link":"https:\/\/hotelambient.hu\/en\/ajanlataink\/gyermekbarat-szolgaltatasok\/","title":{"rendered":"Child-friendly services"},"content":{"rendered":"<div data-elementor-type=\"wp-page\" data-elementor-id=\"2754\" class=\"elementor elementor-2754\" data-elementor-post-type=\"page\">\n\t\t\t\t<div class=\"elementor-element elementor-element-504ed5a e-con-full e-flex e-con e-parent\" data-id=\"504ed5a\" data-element_type=\"container\" data-e-type=\"container\">\n\t\t<div class=\"elementor-element elementor-element-f474094 e-con-full e-flex e-con e-child\" data-id=\"f474094\" data-element_type=\"container\" data-e-type=\"container\" data-settings=\"{&quot;background_background&quot;:&quot;classic&quot;}\">\n\t\t\t\t<div class=\"elementor-element elementor-element-2148251 elementor-widget elementor-widget-image\" data-id=\"2148251\" data-element_type=\"widget\" data-e-type=\"widget\" data-widget_type=\"image.default\">\n\t\t\t\t<div class=\"elementor-widget-container\">\n\t\t\t\t\t\t\t\t\t\t\t\t\t\t\t<img fetchpriority=\"high\" decoding=\"async\" width=\"800\" height=\"533\" src=\"https:\/\/hotelambient.hu\/wp-content\/uploads\/2024\/05\/2023AMBIENTSUMMER0275_1280x-1024x682.jpg\" class=\"attachment-large size-large wp-image-3361\" alt=\"\" srcset=\"https:\/\/hotelambient.hu\/wp-content\/uploads\/2024\/05\/2023AMBIENTSUMMER0275_1280x-1024x682.jpg 1024w, https:\/\/hotelambient.hu\/wp-content\/uploads\/2024\/05\/2023AMBIENTSUMMER0275_1280x-300x200.jpg 300w, https:\/\/hotelambient.hu\/wp-content\/uploads\/2024\/05\/2023AMBIENTSUMMER0275_1280x-768x512.jpg 768w, https:\/\/hotelambient.hu\/wp-content\/uploads\/2024\/05\/2023AMBIENTSUMMER0275_1280x-18x12.jpg 18w, https:\/\/hotelambient.hu\/wp-content\/uploads\/2024\/05\/2023AMBIENTSUMMER0275_1280x.jpg 1100w\" sizes=\"(max-width: 800px) 100vw, 800px\" \/>\t\t\t\t\t\t\t\t\t\t\t\t\t\t\t<\/div>\n\t\t\t\t<\/div>\n\t\t\t\t<\/div>\n\t\t<div class=\"elementor-element elementor-element-45cb386 e-con-full e-flex e-con e-child\" data-id=\"45cb386\" data-element_type=\"container\" data-e-type=\"container\">\n\t\t\t\t<div class=\"elementor-element elementor-element-3766e4a elementor-widget elementor-widget-heading\" data-id=\"3766e4a\" data-element_type=\"widget\" data-e-type=\"widget\" data-widget_type=\"heading.default\">\n\t\t\t\t<div class=\"elementor-widget-container\">\n\t\t\t\t\t<h2 class=\"elementor-heading-title elementor-size-default\">Child-friendly services<\/h2>\t\t\t\t<\/div>\n\t\t\t\t<\/div>\n\t\t\t\t<div class=\"elementor-element elementor-element-cbd20f7 elementor-widget elementor-widget-text-editor\" data-id=\"cbd20f7\" data-element_type=\"widget\" data-e-type=\"widget\" data-widget_type=\"text-editor.default\">\n\t\t\t\t<div class=\"elementor-widget-container\">\n\t\t\t\t\t\t\t\t\t<p><strong>Recreation for children<\/strong><\/p><ul><li>Playground for children up to 7 years old next to the Bowling alley<\/li><li>Children's pool and play area in the pool area<\/li><li>Children's entertainment on holiday weekends and in summer<br \/><br \/><\/li><\/ul><p><strong>Available tools for children<\/strong><\/p><ul><li>Baby cot (cot with trellis and travel cot - textile side bed)<\/li><li>Bath tub<\/li><li>Toilet restrictor<\/li><li>Children's bathrobe<\/li><li>Feeding chair<br \/><br \/><\/li><\/ul><hr \/><p><strong>Children and pools<\/strong><br \/>Children who are still in nappies can only use the pool if they are wearing a swim diaper.<\/p><p><strong>Children and thermal water<\/strong><br \/>Our thermal water is also recommended for children.<\/p><p><strong>Children and the sauna<\/strong><br \/>Children under the age of 14 are only allowed in the sauna under parental supervision!<\/p><hr \/><p><strong>Optional activities for children<\/strong><\/p><ul><li><a href=\"http:\/\/www.mecsextrem.hu\/\" target=\"_blank\" rel=\"noopener\">Mecsextrem Park<\/a><\/li><li><a href=\"http:\/\/www.abaligetibarlang.hu\/denevermuzeum\/\" target=\"_blank\" rel=\"noopener\">Abaliget Bat Museum<\/a><\/li><li><a href=\"https:\/\/bobita.hu\/\" target=\"_blank\" rel=\"noopener\">Puppet theatre in the Zsolnay Quarter<\/a><\/li><\/ul>\t\t\t\t\t\t\t\t<\/div>\n\t\t\t\t<\/div>\n\t\t<div class=\"elementor-element elementor-element-c3fba7b e-con-full e-flex e-con e-child\" data-id=\"c3fba7b\" data-element_type=\"container\" data-e-type=\"container\">\n\t\t\t\t<div class=\"elementor-element elementor-element-b96bda8 elementor-align-center elementor-widget elementor-widget-button\" data-id=\"b96bda8\" data-element_type=\"widget\" data-e-type=\"widget\" data-widget_type=\"button.default\">\n\t\t\t\t<div class=\"elementor-widget-container\">\n\t\t\t\t\t\t\t\t\t<div class=\"elementor-button-wrapper\">\n\t\t\t\t\t<a class=\"elementor-button elementor-button-link elementor-size-sm\" href=\"https:\/\/hotelambient.hu\/en\/foglalas\/\">\n\t\t\t\t\t\t<span class=\"elementor-button-content-wrapper\">\n\t\t\t\t\t\t\t\t\t<span class=\"elementor-button-text\">book a room<\/span>\n\t\t\t\t\t<\/span>\n\t\t\t\t\t<\/a>\n\t\t\t\t<\/div>\n\t\t\t\t\t\t\t\t<\/div>\n\t\t\t\t<\/div>\n\t\t\t\t<div class=\"elementor-element elementor-element-93cb8d6 elementor-align-left elementor-widget elementor-widget-button\" data-id=\"93cb8d6\" data-element_type=\"widget\" data-e-type=\"widget\" data-widget_type=\"button.default\">\n\t\t\t\t<div class=\"elementor-widget-container\">\n\t\t\t\t\t\t\t\t\t<div class=\"elementor-button-wrapper\">\n\t\t\t\t\t<a class=\"elementor-button elementor-button-link elementor-size-sm\" href=\"#elementor-action%3Aaction%3Dpopup%3Aopen%26settings%3DeyJpZCI6IjMwNyIsInRvZ2dsZSI6ZmFsc2V9\">\n\t\t\t\t\t\t<span class=\"elementor-button-content-wrapper\">\n\t\t\t\t\t\t<span class=\"elementor-button-icon\">\n\t\t\t\t<svg xmlns=\"http:\/\/www.w3.org\/2000\/svg\" width=\"16\" height=\"16\" viewbox=\"0 0 16 16\" fill=\"none\"><circle cx=\"8\" cy=\"8\" r=\"6.5\" stroke=\"black\" stroke-opacity=\"0.54\"><\/circle><path d=\"M7 4.93204C7 4.64725 7.09061 4.42071 7.27184 4.25243C7.46602 4.08414 7.71197 4 8.00971 4C8.30744 4 8.54693 4.08414 8.72816 4.25243C8.90939 4.42071 9 4.64725 9 4.93204C9 5.20388 8.90939 5.42395 8.72816 5.59223C8.54693 5.76052 8.30744 5.84466 8.00971 5.84466C7.71197 5.84466 7.46602 5.76052 7.27184 5.59223C7.09061 5.42395 7 5.20388 7 4.93204ZM8.68932 7V12H7.31068V7H8.68932Z\" fill=\"black\" fill-opacity=\"0.54\"><\/path><\/svg>\t\t\t<\/span>\n\t\t\t\t\t\t\t\t\t<span class=\"elementor-button-text\">booking conditions<\/span>\n\t\t\t\t\t<\/span>\n\t\t\t\t\t<\/a>\n\t\t\t\t<\/div>\n\t\t\t\t\t\t\t\t<\/div>\n\t\t\t\t<\/div>\n\t\t\t\t<\/div>\n\t\t\t\t<\/div>\n\t\t\t\t<\/div>\n\t\t\t\t<\/div>","protected":false},"excerpt":{"rendered":"<p>Kikapcsol\u00f3d\u00e1s gyermekek r\u00e9sz\u00e9re J\u00e1tsz\u00f3sarok 7 \u00e9ves korig a Bowling p\u00e1lya mellett Gyermekmedence \u00e9s j\u00e1tsz\u00f3sarok a medencet\u00e9rben Gyermekanim\u00e1ci\u00f3 \u00fcnnepi h\u00e9tv\u00e9g\u00e9ken \u00e9s ny\u00e1ron K\u00e9rhet\u0151 eszk\u00f6z\u00f6k gyermekek r\u00e9sz\u00e9re Gyermek\u00e1gy (r\u00e1csos gyermek\u00e1gy \u00e9s utaz\u00f3 &#8211; textil oldal\u00fa \u00e1gy) F\u00fcrdet\u0151 k\u00e1d WC-sz\u0171k\u00edt\u0151 Gyermek f\u00fcrd\u0151k\u00f6peny Etet\u0151sz\u00e9k Gyermekek \u00e9s a medenc\u00e9kA m\u00e9g pelenk\u00e1s gyermekek csak \u00fasz\u00f3pelenka haszn\u00e1lata mellett haszn\u00e1lhatj\u00e1k a medenc\u00e9t. Gyermekek [&hellip;]<\/p>\n","protected":false},"author":8,"featured_media":0,"parent":274,"menu_order":0,"comment_status":"closed","ping_status":"closed","template":"","meta":{"footnotes":""},"class_list":["post-2754","page","type-page","status-publish","hentry"],"yoast_head":"<!-- This site is optimized with the Yoast SEO plugin v27.2 - https:\/\/yoast.com\/product\/yoast-seo-wordpress\/ -->\n<title>Gyermekbar\u00e1t szolg\u00e1ltat\u00e1sok - Hotel Ambient<\/title>\n<meta name=\"robots\" content=\"index, follow, max-snippet:-1, max-image-preview:large, max-video-preview:-1\" \/>\n<link rel=\"canonical\" href=\"https:\/\/hotelambient.hu\/en\/our-schedules\/childcare-services\/\" \/>\n<meta property=\"og:locale\" content=\"en_GB\" \/>\n<meta property=\"og:type\" content=\"article\" \/>\n<meta property=\"og:title\" content=\"Gyermekbar\u00e1t szolg\u00e1ltat\u00e1sok - Hotel Ambient\" \/>\n<meta property=\"og:description\" content=\"Kikapcsol\u00f3d\u00e1s gyermekek r\u00e9sz\u00e9re J\u00e1tsz\u00f3sarok 7 \u00e9ves korig a Bowling p\u00e1lya mellett Gyermekmedence \u00e9s j\u00e1tsz\u00f3sarok a medencet\u00e9rben Gyermekanim\u00e1ci\u00f3 \u00fcnnepi h\u00e9tv\u00e9g\u00e9ken \u00e9s ny\u00e1ron K\u00e9rhet\u0151 eszk\u00f6z\u00f6k gyermekek r\u00e9sz\u00e9re Gyermek\u00e1gy (r\u00e1csos gyermek\u00e1gy \u00e9s utaz\u00f3 &#8211; textil oldal\u00fa \u00e1gy) F\u00fcrdet\u0151 k\u00e1d WC-sz\u0171k\u00edt\u0151 Gyermek f\u00fcrd\u0151k\u00f6peny Etet\u0151sz\u00e9k Gyermekek \u00e9s a medenc\u00e9kA m\u00e9g pelenk\u00e1s gyermekek csak \u00fasz\u00f3pelenka haszn\u00e1lata mellett haszn\u00e1lhatj\u00e1k a medenc\u00e9t. Gyermekek [&hellip;]\" \/>\n<meta property=\"og:url\" content=\"https:\/\/hotelambient.hu\/en\/our-schedules\/childcare-services\/\" \/>\n<meta property=\"og:site_name\" content=\"Hotel Ambient\" \/>\n<meta property=\"article:modified_time\" content=\"2025-07-07T10:40:37+00:00\" \/>\n<meta property=\"og:image\" content=\"https:\/\/hotelambient.hu\/wp-content\/uploads\/2024\/05\/2023AMBIENTSUMMER0275_1280x.jpg\" \/>\n\t<meta property=\"og:image:width\" content=\"1100\" \/>\n\t<meta property=\"og:image:height\" content=\"733\" \/>\n\t<meta property=\"og:image:type\" content=\"image\/jpeg\" \/>\n<meta name=\"twitter:card\" content=\"summary_large_image\" \/>\n<meta name=\"twitter:label1\" content=\"Estimated reading time\" \/>\n\t<meta name=\"twitter:data1\" content=\"1 minute\" \/>\n<script type=\"application\/ld+json\" class=\"yoast-schema-graph\">{\"@context\":\"https:\/\/schema.org\",\"@graph\":[{\"@type\":\"WebPage\",\"@id\":\"https:\/\/hotelambient.hu\/ajanlataink\/gyermekbarat-szolgaltatasok\/\",\"url\":\"https:\/\/hotelambient.hu\/ajanlataink\/gyermekbarat-szolgaltatasok\/\",\"name\":\"Gyermekbar\u00e1t szolg\u00e1ltat\u00e1sok - Hotel Ambient\",\"isPartOf\":{\"@id\":\"https:\/\/hotelambient.hu\/en\/#website\"},\"primaryImageOfPage\":{\"@id\":\"https:\/\/hotelambient.hu\/ajanlataink\/gyermekbarat-szolgaltatasok\/#primaryimage\"},\"image\":{\"@id\":\"https:\/\/hotelambient.hu\/ajanlataink\/gyermekbarat-szolgaltatasok\/#primaryimage\"},\"thumbnailUrl\":\"https:\/\/hotelambient.hu\/wp-content\/uploads\/2024\/05\/2023AMBIENTSUMMER0275_1280x-1024x682.jpg\",\"datePublished\":\"2024-02-05T11:40:16+00:00\",\"dateModified\":\"2025-07-07T10:40:37+00:00\",\"breadcrumb\":{\"@id\":\"https:\/\/hotelambient.hu\/ajanlataink\/gyermekbarat-szolgaltatasok\/#breadcrumb\"},\"inLanguage\":\"en-GB\",\"potentialAction\":[{\"@type\":\"ReadAction\",\"target\":[\"https:\/\/hotelambient.hu\/ajanlataink\/gyermekbarat-szolgaltatasok\/\"]}]},{\"@type\":\"ImageObject\",\"inLanguage\":\"en-GB\",\"@id\":\"https:\/\/hotelambient.hu\/ajanlataink\/gyermekbarat-szolgaltatasok\/#primaryimage\",\"url\":\"https:\/\/hotelambient.hu\/wp-content\/uploads\/2024\/05\/2023AMBIENTSUMMER0275_1280x-1024x682.jpg\",\"contentUrl\":\"https:\/\/hotelambient.hu\/wp-content\/uploads\/2024\/05\/2023AMBIENTSUMMER0275_1280x-1024x682.jpg\"},{\"@type\":\"BreadcrumbList\",\"@id\":\"https:\/\/hotelambient.hu\/ajanlataink\/gyermekbarat-szolgaltatasok\/#breadcrumb\",\"itemListElement\":[{\"@type\":\"ListItem\",\"position\":1,\"name\":\"Kezd\u0151lap\",\"item\":\"https:\/\/hotelambient.hu\/hu\/\"},{\"@type\":\"ListItem\",\"position\":2,\"name\":\"Aj\u00e1nlataink\",\"item\":\"https:\/\/hotelambient.hu\/ajanlataink\/\"},{\"@type\":\"ListItem\",\"position\":3,\"name\":\"Gyermekbar\u00e1t szolg\u00e1ltat\u00e1sok\"}]},{\"@type\":\"WebSite\",\"@id\":\"https:\/\/hotelambient.hu\/en\/#website\",\"url\":\"https:\/\/hotelambient.hu\/en\/\",\"name\":\"Hotel Ambient\",\"description\":\"Hotel Ambient\",\"publisher\":{\"@id\":\"https:\/\/hotelambient.hu\/en\/#organization\"},\"potentialAction\":[{\"@type\":\"SearchAction\",\"target\":{\"@type\":\"EntryPoint\",\"urlTemplate\":\"https:\/\/hotelambient.hu\/en\/?s={search_term_string}\"},\"query-input\":{\"@type\":\"PropertyValueSpecification\",\"valueRequired\":true,\"valueName\":\"search_term_string\"}}],\"inLanguage\":\"en-GB\"},{\"@type\":\"Organization\",\"@id\":\"https:\/\/hotelambient.hu\/en\/#organization\",\"name\":\"Hotel Ambient\",\"url\":\"https:\/\/hotelambient.hu\/en\/\",\"logo\":{\"@type\":\"ImageObject\",\"inLanguage\":\"en-GB\",\"@id\":\"https:\/\/hotelambient.hu\/en\/#\/schema\/logo\/image\/\",\"url\":\"https:\/\/hotelambient.hu\/wp-content\/uploads\/2023\/06\/cropped-Ambient_logo_fekete_transparent_bg.webp\",\"contentUrl\":\"https:\/\/hotelambient.hu\/wp-content\/uploads\/2023\/06\/cropped-Ambient_logo_fekete_transparent_bg.webp\",\"width\":512,\"height\":512,\"caption\":\"Hotel Ambient\"},\"image\":{\"@id\":\"https:\/\/hotelambient.hu\/en\/#\/schema\/logo\/image\/\"}}]}<\/script>\n<!-- \/ Yoast SEO plugin. -->","yoast_head_json":{"title":"Child-friendly facilities - Hotel Ambient","robots":{"index":"index","follow":"follow","max-snippet":"max-snippet:-1","max-image-preview":"max-image-preview:large","max-video-preview":"max-video-preview:-1"},"canonical":"https:\/\/hotelambient.hu\/en\/our-schedules\/childcare-services\/","og_locale":"en_GB","og_type":"article","og_title":"Gyermekbar\u00e1t szolg\u00e1ltat\u00e1sok - Hotel Ambient","og_description":"Kikapcsol\u00f3d\u00e1s gyermekek r\u00e9sz\u00e9re J\u00e1tsz\u00f3sarok 7 \u00e9ves korig a Bowling p\u00e1lya mellett Gyermekmedence \u00e9s j\u00e1tsz\u00f3sarok a medencet\u00e9rben Gyermekanim\u00e1ci\u00f3 \u00fcnnepi h\u00e9tv\u00e9g\u00e9ken \u00e9s ny\u00e1ron K\u00e9rhet\u0151 eszk\u00f6z\u00f6k gyermekek r\u00e9sz\u00e9re Gyermek\u00e1gy (r\u00e1csos gyermek\u00e1gy \u00e9s utaz\u00f3 &#8211; textil oldal\u00fa \u00e1gy) F\u00fcrdet\u0151 k\u00e1d WC-sz\u0171k\u00edt\u0151 Gyermek f\u00fcrd\u0151k\u00f6peny Etet\u0151sz\u00e9k Gyermekek \u00e9s a medenc\u00e9kA m\u00e9g pelenk\u00e1s gyermekek csak \u00fasz\u00f3pelenka haszn\u00e1lata mellett haszn\u00e1lhatj\u00e1k a medenc\u00e9t. Gyermekek [&hellip;]","og_url":"https:\/\/hotelambient.hu\/en\/our-schedules\/childcare-services\/","og_site_name":"Hotel Ambient","article_modified_time":"2025-07-07T10:40:37+00:00","og_image":[{"width":1100,"height":733,"url":"https:\/\/hotelambient.hu\/wp-content\/uploads\/2024\/05\/2023AMBIENTSUMMER0275_1280x.jpg","type":"image\/jpeg"}],"twitter_card":"summary_large_image","twitter_misc":{"Estimated reading time":"1 minute"},"schema":{"@context":"https:\/\/schema.org","@graph":[{"@type":"WebPage","@id":"https:\/\/hotelambient.hu\/ajanlataink\/gyermekbarat-szolgaltatasok\/","url":"https:\/\/hotelambient.hu\/ajanlataink\/gyermekbarat-szolgaltatasok\/","name":"Child-friendly facilities - Hotel Ambient","isPartOf":{"@id":"https:\/\/hotelambient.hu\/en\/#website"},"primaryImageOfPage":{"@id":"https:\/\/hotelambient.hu\/ajanlataink\/gyermekbarat-szolgaltatasok\/#primaryimage"},"image":{"@id":"https:\/\/hotelambient.hu\/ajanlataink\/gyermekbarat-szolgaltatasok\/#primaryimage"},"thumbnailUrl":"https:\/\/hotelambient.hu\/wp-content\/uploads\/2024\/05\/2023AMBIENTSUMMER0275_1280x-1024x682.jpg","datePublished":"2024-02-05T11:40:16+00:00","dateModified":"2025-07-07T10:40:37+00:00","breadcrumb":{"@id":"https:\/\/hotelambient.hu\/ajanlataink\/gyermekbarat-szolgaltatasok\/#breadcrumb"},"inLanguage":"en-GB","potentialAction":[{"@type":"ReadAction","target":["https:\/\/hotelambient.hu\/ajanlataink\/gyermekbarat-szolgaltatasok\/"]}]},{"@type":"ImageObject","inLanguage":"en-GB","@id":"https:\/\/hotelambient.hu\/ajanlataink\/gyermekbarat-szolgaltatasok\/#primaryimage","url":"https:\/\/hotelambient.hu\/wp-content\/uploads\/2024\/05\/2023AMBIENTSUMMER0275_1280x-1024x682.jpg","contentUrl":"https:\/\/hotelambient.hu\/wp-content\/uploads\/2024\/05\/2023AMBIENTSUMMER0275_1280x-1024x682.jpg"},{"@type":"BreadcrumbList","@id":"https:\/\/hotelambient.hu\/ajanlataink\/gyermekbarat-szolgaltatasok\/#breadcrumb","itemListElement":[{"@type":"ListItem","position":1,"name":"Kezd\u0151lap","item":"https:\/\/hotelambient.hu\/hu\/"},{"@type":"ListItem","position":2,"name":"Aj\u00e1nlataink","item":"https:\/\/hotelambient.hu\/ajanlataink\/"},{"@type":"ListItem","position":3,"name":"Gyermekbar\u00e1t szolg\u00e1ltat\u00e1sok"}]},{"@type":"WebSite","@id":"https:\/\/hotelambient.hu\/en\/#website","url":"https:\/\/hotelambient.hu\/en\/","name":"Hotel Ambient","description":"Hotel Ambient","publisher":{"@id":"https:\/\/hotelambient.hu\/en\/#organization"},"potentialAction":[{"@type":"SearchAction","target":{"@type":"EntryPoint","urlTemplate":"https:\/\/hotelambient.hu\/en\/?s={search_term_string}"},"query-input":{"@type":"PropertyValueSpecification","valueRequired":true,"valueName":"search_term_string"}}],"inLanguage":"en-GB"},{"@type":"Organization","@id":"https:\/\/hotelambient.hu\/en\/#organization","name":"Hotel Ambient","url":"https:\/\/hotelambient.hu\/en\/","logo":{"@type":"ImageObject","inLanguage":"en-GB","@id":"https:\/\/hotelambient.hu\/en\/#\/schema\/logo\/image\/","url":"https:\/\/hotelambient.hu\/wp-content\/uploads\/2023\/06\/cropped-Ambient_logo_fekete_transparent_bg.webp","contentUrl":"https:\/\/hotelambient.hu\/wp-content\/uploads\/2023\/06\/cropped-Ambient_logo_fekete_transparent_bg.webp","width":512,"height":512,"caption":"Hotel Ambient"},"image":{"@id":"https:\/\/hotelambient.hu\/en\/#\/schema\/logo\/image\/"}}]}},"_links":{"self":[{"href":"https:\/\/hotelambient.hu\/en\/wp-json\/wp\/v2\/pages\/2754","targetHints":{"allow":["GET"]}}],"collection":[{"href":"https:\/\/hotelambient.hu\/en\/wp-json\/wp\/v2\/pages"}],"about":[{"href":"https:\/\/hotelambient.hu\/en\/wp-json\/wp\/v2\/types\/page"}],"author":[{"embeddable":true,"href":"https:\/\/hotelambient.hu\/en\/wp-json\/wp\/v2\/users\/8"}],"replies":[{"embeddable":true,"href":"https:\/\/hotelambient.hu\/en\/wp-json\/wp\/v2\/comments?post=2754"}],"version-history":[{"count":14,"href":"https:\/\/hotelambient.hu\/en\/wp-json\/wp\/v2\/pages\/2754\/revisions"}],"predecessor-version":[{"id":7841,"href":"https:\/\/hotelambient.hu\/en\/wp-json\/wp\/v2\/pages\/2754\/revisions\/7841"}],"up":[{"embeddable":true,"href":"https:\/\/hotelambient.hu\/en\/wp-json\/wp\/v2\/pages\/274"}],"wp:attachment":[{"href":"https:\/\/hotelambient.hu\/en\/wp-json\/wp\/v2\/media?parent=2754"}],"curies":[{"name":"wp","href":"https:\/\/api.w.org\/{rel}","templated":true}]}}