{"id":2824,"date":"2024-02-08T15:49:28","date_gmt":"2024-02-08T14:49:28","guid":{"rendered":"https:\/\/hotelambient.hu\/?page_id=2824"},"modified":"2024-11-07T14:22:15","modified_gmt":"2024-11-07T13:22:15","slug":"timeandekutalvany-ertekutalvany","status":"publish","type":"page","link":"https:\/\/hotelambient.hu\/en\/ajanlataink\/ajandekutalvany-ertekutalvany\/","title":{"rendered":"GIFT VOUCHER"},"content":{"rendered":"<div data-elementor-type=\"wp-page\" data-elementor-id=\"2824\" class=\"elementor elementor-2824\" data-elementor-post-type=\"page\">\n\t\t\t\t<div class=\"elementor-element elementor-element-504ed5a e-con-full e-flex e-con e-parent\" data-id=\"504ed5a\" data-element_type=\"container\" data-e-type=\"container\">\n\t\t<div class=\"elementor-element elementor-element-45cb386 e-con-full e-flex e-con e-child\" data-id=\"45cb386\" data-element_type=\"container\" data-e-type=\"container\">\n\t\t\t\t<div class=\"elementor-element elementor-element-3766e4a elementor-widget elementor-widget-heading\" data-id=\"3766e4a\" data-element_type=\"widget\" data-e-type=\"widget\" data-widget_type=\"heading.default\">\n\t\t\t\t<div class=\"elementor-widget-container\">\n\t\t\t\t\t<h2 class=\"elementor-heading-title elementor-size-default\">GIFT VOUCHER<\/h2>\t\t\t\t<\/div>\n\t\t\t\t<\/div>\n\t\t\t\t<div class=\"elementor-element elementor-element-cbd20f7 elementor-widget elementor-widget-text-editor\" data-id=\"cbd20f7\" data-element_type=\"widget\" data-e-type=\"widget\" data-widget_type=\"text-editor.default\">\n\t\t\t\t<div class=\"elementor-widget-container\">\n\t\t\t\t\t\t\t\t\t<h2>Fragrance experiences as a gift<\/h2><p><a href=\"http:\/\/hotelambient.hu\/en\/our-schedules\/timeandekutalvany-ertekutalvany\/\"><img fetchpriority=\"high\" decoding=\"async\" class=\"aligncenter wp-image-2969 size-medium\" src=\"http:\/\/hotelambient.hu\/wp-content\/uploads\/2024\/03\/ajandekutalvany-300x300.webp\" alt=\"Hotel ambient ajandekutalvany\" width=\"300\" height=\"300\" srcset=\"https:\/\/hotelambient.hu\/wp-content\/uploads\/2024\/03\/ajandekutalvany-300x300.webp 300w, https:\/\/hotelambient.hu\/wp-content\/uploads\/2024\/03\/ajandekutalvany-1024x1024.webp 1024w, https:\/\/hotelambient.hu\/wp-content\/uploads\/2024\/03\/ajandekutalvany-150x150.webp 150w, https:\/\/hotelambient.hu\/wp-content\/uploads\/2024\/03\/ajandekutalvany-768x768.webp 768w, https:\/\/hotelambient.hu\/wp-content\/uploads\/2024\/03\/ajandekutalvany-12x12.webp 12w, https:\/\/hotelambient.hu\/wp-content\/uploads\/2024\/03\/ajandekutalvany.webp 1200w\" sizes=\"(max-width: 300px) 100vw, 300px\" \/><\/a><\/p><p>Surprise your loved ones with the magic of fragrance with a voucher to Hungary's first fragrance and wellness hotel, Ambient Hotel &amp; AromaSPA!<\/p><p>\u00a0<\/p><h3>Voucher<\/h3><p>The voucher can be used for one year from the date of purchase, including during special and holiday periods.<\/p><p><strong>The minimum amount is HUF 20 000.<\/strong><\/p><p>An appointment is required to use the service. Tourist tax is payable on the spot and is HUF 385 per person per night. The voucher is not redeemable for cash and cannot be resold.<\/p><p>Hotel services available with vouchers:<\/p><ul><li>accommodation in selected room types with half board, wellness facilities<\/li><li>wellness services<\/li><\/ul><p>If your hotel bill exceeds the value of the voucher, the difference is payable on the spot.<\/p>\t\t\t\t\t\t\t\t<\/div>\n\t\t\t\t<\/div>\n\t\t\t\t<\/div>\n\t\t\t\t<\/div>\n\t\t\t\t<\/div>","protected":false},"excerpt":{"rendered":"<p>Illat\u00e9lm\u00e9nyek aj\u00e1nd\u00e9kba Lepd meg szeretteid az illatok var\u00e1zs\u00e1val Magyarorsz\u00e1g els\u0151 illat- \u00e9s wellness hotel\u00e9be, az Ambient Hotel &amp; AromaSPA-ba sz\u00f3l\u00f3 \u00e9rt\u00e9kutalv\u00e1nnyal! \u00a0 \u00c9rt\u00e9kutalv\u00e1ny Az \u00e9rt\u00e9kutalv\u00e1ny a megv\u00e1s\u00e1rl\u00e1st\u00f3l sz\u00e1m\u00edtott egy\u00a0\u00e9vig haszn\u00e1lhat\u00f3 fel kiemelt \u00e9s \u00fcnnepi id\u0151szakban is. A minim\u00e1lis \u00e9rt\u00e9k\u00f6sszeg 20 000 Ft. Ig\u00e9nybev\u00e9tel\u00e9hez el\u0151zetes id\u0151pont-egyeztet\u00e9s sz\u00fcks\u00e9ges.\u00a0A helysz\u00ednen fizetend\u0151 az idegenforgalmi ad\u00f3, melynek m\u00e9rt\u00e9ke 385 Ft [&hellip;]<\/p>\n","protected":false},"author":8,"featured_media":0,"parent":274,"menu_order":0,"comment_status":"closed","ping_status":"closed","template":"","meta":{"footnotes":""},"class_list":["post-2824","page","type-page","status-publish","hentry"],"yoast_head":"<!-- This site is optimized with the Yoast SEO plugin v27.4 - https:\/\/yoast.com\/product\/yoast-seo-wordpress\/ -->\n<title>Aj\u00e1nd\u00e9kutalv\u00e1ny - Hotel Ambient<\/title>\n<meta name=\"robots\" content=\"index, follow, max-snippet:-1, max-image-preview:large, max-video-preview:-1\" \/>\n<link rel=\"canonical\" href=\"https:\/\/hotelambient.hu\/en\/our-schedules\/timeandekutalvany-ertekutalvany\/\" \/>\n<meta property=\"og:locale\" content=\"en_GB\" \/>\n<meta property=\"og:type\" content=\"article\" \/>\n<meta property=\"og:title\" content=\"Aj\u00e1nd\u00e9kutalv\u00e1ny - Hotel Ambient\" \/>\n<meta property=\"og:description\" content=\"Illat\u00e9lm\u00e9nyek aj\u00e1nd\u00e9kba Lepd meg szeretteid az illatok var\u00e1zs\u00e1val Magyarorsz\u00e1g els\u0151 illat- \u00e9s wellness hotel\u00e9be, az Ambient Hotel &amp; AromaSPA-ba sz\u00f3l\u00f3 \u00e9rt\u00e9kutalv\u00e1nnyal! \u00a0 \u00c9rt\u00e9kutalv\u00e1ny Az \u00e9rt\u00e9kutalv\u00e1ny a megv\u00e1s\u00e1rl\u00e1st\u00f3l sz\u00e1m\u00edtott egy\u00a0\u00e9vig haszn\u00e1lhat\u00f3 fel kiemelt \u00e9s \u00fcnnepi id\u0151szakban is. A minim\u00e1lis \u00e9rt\u00e9k\u00f6sszeg 20 000 Ft. Ig\u00e9nybev\u00e9tel\u00e9hez el\u0151zetes id\u0151pont-egyeztet\u00e9s sz\u00fcks\u00e9ges.\u00a0A helysz\u00ednen fizetend\u0151 az idegenforgalmi ad\u00f3, melynek m\u00e9rt\u00e9ke 385 Ft [&hellip;]\" \/>\n<meta property=\"og:url\" content=\"https:\/\/hotelambient.hu\/en\/our-schedules\/timeandekutalvany-ertekutalvany\/\" \/>\n<meta property=\"og:site_name\" content=\"Hotel Ambient\" \/>\n<meta property=\"article:modified_time\" content=\"2024-11-07T13:22:15+00:00\" \/>\n<meta property=\"og:image\" content=\"https:\/\/hotelambient.hu\/wp-content\/uploads\/2024\/03\/ajandekutalvany-300x300.webp\" \/>\n<meta name=\"twitter:card\" content=\"summary_large_image\" \/>\n<script type=\"application\/ld+json\" class=\"yoast-schema-graph\">{\"@context\":\"https:\\\/\\\/schema.org\",\"@graph\":[{\"@type\":\"WebPage\",\"@id\":\"https:\\\/\\\/hotelambient.hu\\\/ajanlataink\\\/ajandekutalvany-ertekutalvany\\\/\",\"url\":\"https:\\\/\\\/hotelambient.hu\\\/ajanlataink\\\/ajandekutalvany-ertekutalvany\\\/\",\"name\":\"Aj\u00e1nd\u00e9kutalv\u00e1ny - Hotel Ambient\",\"isPartOf\":{\"@id\":\"https:\\\/\\\/hotelambient.hu\\\/en\\\/#website\"},\"primaryImageOfPage\":{\"@id\":\"https:\\\/\\\/hotelambient.hu\\\/ajanlataink\\\/ajandekutalvany-ertekutalvany\\\/#primaryimage\"},\"image\":{\"@id\":\"https:\\\/\\\/hotelambient.hu\\\/ajanlataink\\\/ajandekutalvany-ertekutalvany\\\/#primaryimage\"},\"thumbnailUrl\":\"https:\\\/\\\/hotelambient.hu\\\/wp-content\\\/uploads\\\/2024\\\/03\\\/ajandekutalvany-300x300.webp\",\"datePublished\":\"2024-02-08T14:49:28+00:00\",\"dateModified\":\"2024-11-07T13:22:15+00:00\",\"breadcrumb\":{\"@id\":\"https:\\\/\\\/hotelambient.hu\\\/ajanlataink\\\/ajandekutalvany-ertekutalvany\\\/#breadcrumb\"},\"inLanguage\":\"en-GB\",\"potentialAction\":[{\"@type\":\"ReadAction\",\"target\":[\"https:\\\/\\\/hotelambient.hu\\\/ajanlataink\\\/ajandekutalvany-ertekutalvany\\\/\"]}]},{\"@type\":\"ImageObject\",\"inLanguage\":\"en-GB\",\"@id\":\"https:\\\/\\\/hotelambient.hu\\\/ajanlataink\\\/ajandekutalvany-ertekutalvany\\\/#primaryimage\",\"url\":\"https:\\\/\\\/hotelambient.hu\\\/wp-content\\\/uploads\\\/2024\\\/03\\\/ajandekutalvany-300x300.webp\",\"contentUrl\":\"https:\\\/\\\/hotelambient.hu\\\/wp-content\\\/uploads\\\/2024\\\/03\\\/ajandekutalvany-300x300.webp\"},{\"@type\":\"BreadcrumbList\",\"@id\":\"https:\\\/\\\/hotelambient.hu\\\/ajanlataink\\\/ajandekutalvany-ertekutalvany\\\/#breadcrumb\",\"itemListElement\":[{\"@type\":\"ListItem\",\"position\":1,\"name\":\"Kezd\u0151lap\",\"item\":\"https:\\\/\\\/hotelambient.hu\\\/hu\\\/\"},{\"@type\":\"ListItem\",\"position\":2,\"name\":\"Aj\u00e1nlataink\",\"item\":\"https:\\\/\\\/hotelambient.hu\\\/ajanlataink\\\/\"},{\"@type\":\"ListItem\",\"position\":3,\"name\":\"Aj\u00e1nd\u00e9kutalv\u00e1ny\"}]},{\"@type\":\"WebSite\",\"@id\":\"https:\\\/\\\/hotelambient.hu\\\/en\\\/#website\",\"url\":\"https:\\\/\\\/hotelambient.hu\\\/en\\\/\",\"name\":\"Hotel Ambient\",\"description\":\"Hotel Ambient\",\"publisher\":{\"@id\":\"https:\\\/\\\/hotelambient.hu\\\/en\\\/#organization\"},\"potentialAction\":[{\"@type\":\"SearchAction\",\"target\":{\"@type\":\"EntryPoint\",\"urlTemplate\":\"https:\\\/\\\/hotelambient.hu\\\/en\\\/?s={search_term_string}\"},\"query-input\":{\"@type\":\"PropertyValueSpecification\",\"valueRequired\":true,\"valueName\":\"search_term_string\"}}],\"inLanguage\":\"en-GB\"},{\"@type\":\"Organization\",\"@id\":\"https:\\\/\\\/hotelambient.hu\\\/en\\\/#organization\",\"name\":\"Hotel Ambient\",\"url\":\"https:\\\/\\\/hotelambient.hu\\\/en\\\/\",\"logo\":{\"@type\":\"ImageObject\",\"inLanguage\":\"en-GB\",\"@id\":\"https:\\\/\\\/hotelambient.hu\\\/en\\\/#\\\/schema\\\/logo\\\/image\\\/\",\"url\":\"https:\\\/\\\/hotelambient.hu\\\/wp-content\\\/uploads\\\/2023\\\/06\\\/cropped-Ambient_logo_fekete_transparent_bg.webp\",\"contentUrl\":\"https:\\\/\\\/hotelambient.hu\\\/wp-content\\\/uploads\\\/2023\\\/06\\\/cropped-Ambient_logo_fekete_transparent_bg.webp\",\"width\":512,\"height\":512,\"caption\":\"Hotel Ambient\"},\"image\":{\"@id\":\"https:\\\/\\\/hotelambient.hu\\\/en\\\/#\\\/schema\\\/logo\\\/image\\\/\"}}]}<\/script>\n<!-- \/ Yoast SEO plugin. -->","yoast_head_json":{"title":"Gift voucher - Hotel Ambient","robots":{"index":"index","follow":"follow","max-snippet":"max-snippet:-1","max-image-preview":"max-image-preview:large","max-video-preview":"max-video-preview:-1"},"canonical":"https:\/\/hotelambient.hu\/en\/our-schedules\/timeandekutalvany-ertekutalvany\/","og_locale":"en_GB","og_type":"article","og_title":"Aj\u00e1nd\u00e9kutalv\u00e1ny - Hotel Ambient","og_description":"Illat\u00e9lm\u00e9nyek aj\u00e1nd\u00e9kba Lepd meg szeretteid az illatok var\u00e1zs\u00e1val Magyarorsz\u00e1g els\u0151 illat- \u00e9s wellness hotel\u00e9be, az Ambient Hotel &amp; AromaSPA-ba sz\u00f3l\u00f3 \u00e9rt\u00e9kutalv\u00e1nnyal! \u00a0 \u00c9rt\u00e9kutalv\u00e1ny Az \u00e9rt\u00e9kutalv\u00e1ny a megv\u00e1s\u00e1rl\u00e1st\u00f3l sz\u00e1m\u00edtott egy\u00a0\u00e9vig haszn\u00e1lhat\u00f3 fel kiemelt \u00e9s \u00fcnnepi id\u0151szakban is. A minim\u00e1lis \u00e9rt\u00e9k\u00f6sszeg 20 000 Ft. Ig\u00e9nybev\u00e9tel\u00e9hez el\u0151zetes id\u0151pont-egyeztet\u00e9s sz\u00fcks\u00e9ges.\u00a0A helysz\u00ednen fizetend\u0151 az idegenforgalmi ad\u00f3, melynek m\u00e9rt\u00e9ke 385 Ft [&hellip;]","og_url":"https:\/\/hotelambient.hu\/en\/our-schedules\/timeandekutalvany-ertekutalvany\/","og_site_name":"Hotel Ambient","article_modified_time":"2024-11-07T13:22:15+00:00","og_image":[{"url":"https:\/\/hotelambient.hu\/wp-content\/uploads\/2024\/03\/ajandekutalvany-300x300.webp","type":"","width":"","height":""}],"twitter_card":"summary_large_image","schema":{"@context":"https:\/\/schema.org","@graph":[{"@type":"WebPage","@id":"https:\/\/hotelambient.hu\/ajanlataink\/ajandekutalvany-ertekutalvany\/","url":"https:\/\/hotelambient.hu\/ajanlataink\/ajandekutalvany-ertekutalvany\/","name":"Gift voucher - Hotel Ambient","isPartOf":{"@id":"https:\/\/hotelambient.hu\/en\/#website"},"primaryImageOfPage":{"@id":"https:\/\/hotelambient.hu\/ajanlataink\/ajandekutalvany-ertekutalvany\/#primaryimage"},"image":{"@id":"https:\/\/hotelambient.hu\/ajanlataink\/ajandekutalvany-ertekutalvany\/#primaryimage"},"thumbnailUrl":"https:\/\/hotelambient.hu\/wp-content\/uploads\/2024\/03\/ajandekutalvany-300x300.webp","datePublished":"2024-02-08T14:49:28+00:00","dateModified":"2024-11-07T13:22:15+00:00","breadcrumb":{"@id":"https:\/\/hotelambient.hu\/ajanlataink\/ajandekutalvany-ertekutalvany\/#breadcrumb"},"inLanguage":"en-GB","potentialAction":[{"@type":"ReadAction","target":["https:\/\/hotelambient.hu\/ajanlataink\/ajandekutalvany-ertekutalvany\/"]}]},{"@type":"ImageObject","inLanguage":"en-GB","@id":"https:\/\/hotelambient.hu\/ajanlataink\/ajandekutalvany-ertekutalvany\/#primaryimage","url":"https:\/\/hotelambient.hu\/wp-content\/uploads\/2024\/03\/ajandekutalvany-300x300.webp","contentUrl":"https:\/\/hotelambient.hu\/wp-content\/uploads\/2024\/03\/ajandekutalvany-300x300.webp"},{"@type":"BreadcrumbList","@id":"https:\/\/hotelambient.hu\/ajanlataink\/ajandekutalvany-ertekutalvany\/#breadcrumb","itemListElement":[{"@type":"ListItem","position":1,"name":"Kezd\u0151lap","item":"https:\/\/hotelambient.hu\/hu\/"},{"@type":"ListItem","position":2,"name":"Aj\u00e1nlataink","item":"https:\/\/hotelambient.hu\/ajanlataink\/"},{"@type":"ListItem","position":3,"name":"Aj\u00e1nd\u00e9kutalv\u00e1ny"}]},{"@type":"WebSite","@id":"https:\/\/hotelambient.hu\/en\/#website","url":"https:\/\/hotelambient.hu\/en\/","name":"Hotel Ambient","description":"Hotel Ambient","publisher":{"@id":"https:\/\/hotelambient.hu\/en\/#organization"},"potentialAction":[{"@type":"SearchAction","target":{"@type":"EntryPoint","urlTemplate":"https:\/\/hotelambient.hu\/en\/?s={search_term_string}"},"query-input":{"@type":"PropertyValueSpecification","valueRequired":true,"valueName":"search_term_string"}}],"inLanguage":"en-GB"},{"@type":"Organization","@id":"https:\/\/hotelambient.hu\/en\/#organization","name":"Hotel Ambient","url":"https:\/\/hotelambient.hu\/en\/","logo":{"@type":"ImageObject","inLanguage":"en-GB","@id":"https:\/\/hotelambient.hu\/en\/#\/schema\/logo\/image\/","url":"https:\/\/hotelambient.hu\/wp-content\/uploads\/2023\/06\/cropped-Ambient_logo_fekete_transparent_bg.webp","contentUrl":"https:\/\/hotelambient.hu\/wp-content\/uploads\/2023\/06\/cropped-Ambient_logo_fekete_transparent_bg.webp","width":512,"height":512,"caption":"Hotel Ambient"},"image":{"@id":"https:\/\/hotelambient.hu\/en\/#\/schema\/logo\/image\/"}}]}},"_links":{"self":[{"href":"https:\/\/hotelambient.hu\/en\/wp-json\/wp\/v2\/pages\/2824","targetHints":{"allow":["GET"]}}],"collection":[{"href":"https:\/\/hotelambient.hu\/en\/wp-json\/wp\/v2\/pages"}],"about":[{"href":"https:\/\/hotelambient.hu\/en\/wp-json\/wp\/v2\/types\/page"}],"author":[{"embeddable":true,"href":"https:\/\/hotelambient.hu\/en\/wp-json\/wp\/v2\/users\/8"}],"replies":[{"embeddable":true,"href":"https:\/\/hotelambient.hu\/en\/wp-json\/wp\/v2\/comments?post=2824"}],"version-history":[{"count":5,"href":"https:\/\/hotelambient.hu\/en\/wp-json\/wp\/v2\/pages\/2824\/revisions"}],"predecessor-version":[{"id":2975,"href":"https:\/\/hotelambient.hu\/en\/wp-json\/wp\/v2\/pages\/2824\/revisions\/2975"}],"up":[{"embeddable":true,"href":"https:\/\/hotelambient.hu\/en\/wp-json\/wp\/v2\/pages\/274"}],"wp:attachment":[{"href":"https:\/\/hotelambient.hu\/en\/wp-json\/wp\/v2\/media?parent=2824"}],"curies":[{"name":"wp","href":"https:\/\/api.w.org\/{rel}","templated":true}]}}