{"id":3235,"date":"2024-03-28T18:00:24","date_gmt":"2024-03-28T17:00:24","guid":{"rendered":"https:\/\/hotelambient.hu\/?page_id=3235"},"modified":"2025-05-09T11:30:32","modified_gmt":"2025-05-09T09:30:32","slug":"menu-2","status":"publish","type":"page","link":"https:\/\/hotelambient.hu\/en\/koktellap\/","title":{"rendered":"Cocktail menu"},"content":{"rendered":"<div data-elementor-type=\"wp-page\" data-elementor-id=\"3235\" class=\"elementor elementor-3235\" data-elementor-post-type=\"page\">\n\t\t\t\t<div class=\"elementor-element elementor-element-efa7cfc e-con-full e-flex e-con e-parent\" data-id=\"efa7cfc\" data-element_type=\"container\" data-e-type=\"container\" data-settings=\"{&quot;background_background&quot;:&quot;classic&quot;}\">\n\t\t\t\t<div class=\"elementor-element elementor-element-ae798a5 elementor-widget elementor-widget-heading\" data-id=\"ae798a5\" data-element_type=\"widget\" data-e-type=\"widget\" data-widget_type=\"heading.default\">\n\t\t\t\t<div class=\"elementor-widget-container\">\n\t\t\t\t\t<h1 class=\"elementor-heading-title elementor-size-default\">Cocktail menu<\/h1>\t\t\t\t<\/div>\n\t\t\t\t<\/div>\n\t\t\t\t<\/div>\n\t\t<div class=\"elementor-element elementor-element-92ede01 e-grid e-con-boxed e-con e-parent\" data-id=\"92ede01\" data-element_type=\"container\" data-e-type=\"container\">\n\t\t\t\t\t<div class=\"e-con-inner\">\n\t\t\t\t<div class=\"elementor-element elementor-element-db8f869 elementor-headline--style-highlight elementor-widget elementor-widget-animated-headline\" data-id=\"db8f869\" data-element_type=\"widget\" data-e-type=\"widget\" data-settings=\"{&quot;marker&quot;:&quot;underline&quot;,&quot;highlighted_text&quot;:&quot;Kokt\\u00e9llap&quot;,&quot;headline_style&quot;:&quot;highlight&quot;,&quot;loop&quot;:&quot;yes&quot;,&quot;highlight_animation_duration&quot;:1200,&quot;highlight_iteration_delay&quot;:8000}\" data-widget_type=\"animated-headline.default\">\n\t\t\t\t<div class=\"elementor-widget-container\">\n\t\t\t\t\t\t\t<h3 class=\"elementor-headline\">\n\t\t\t\t<span class=\"elementor-headline-dynamic-wrapper elementor-headline-text-wrapper\">\n\t\t\t\t\t<span class=\"elementor-headline-dynamic-text elementor-headline-text-active\">Cocktail menu<\/span>\n\t\t\t\t<\/span>\n\t\t\t\t<\/h3>\n\t\t\t\t\t\t<\/div>\n\t\t\t\t<\/div>\n\t\t\t\t\t<\/div>\n\t\t\t\t<\/div>\n\t\t<div class=\"elementor-element elementor-element-7e3dedc e-flex e-con-boxed e-con e-parent\" data-id=\"7e3dedc\" data-element_type=\"container\" data-e-type=\"container\">\n\t\t\t\t\t<div class=\"e-con-inner\">\n\t\t\t\t<div class=\"elementor-element elementor-element-58fd7c1 elementor-widget elementor-widget-text-editor\" data-id=\"58fd7c1\" data-element_type=\"widget\" data-e-type=\"widget\" data-widget_type=\"text-editor.default\">\n\t\t\t\t<div class=\"elementor-widget-container\">\n\t\t\t\t\t\t\t\t\t<p><strong>MIXED ALCOHOLIC BEVERAGES<\/strong><br \/><strong>COCKTAILS | COCKTAILS<\/strong><\/p><p><strong>FRIDA KAHLO 3.600,-<\/strong><br \/>El Jimador tequila, pineapple, mango, lime<br \/><em>\/Exotic fruit, slightly sweet, light Mexican refreshment\/<\/em><\/p><p>El Jimador tequila, pineapple, mango, lime<br \/><em>\/With exotic fruits, slightly sweet, light Mexican refreshment\/<\/em><\/p><p><span style=\"font-weight: bolder;\">MY PASSION 3.900,-<\/span><br \/>Finlandia vodka, vanilla, lime, passion fruit, prosecco <em>\/Sweet fruity cocktail with extra prosecco to taste\/<\/em><\/p><p><span style=\"font-size: 1rem;\">Finlandia vodka, vanilla, lime, passion fruit, prosecco<\/span><em style=\"font-size: 1rem;\"> \/Sweet-leaning fruit cocktail, with extra prosecco if needed\/<\/em><\/p><div><p style=\"margin-bottom: 0cm;\"><strong>LEMON TART 3.600,-<\/strong><br \/>Bombay gin, orange liqueur, lime, vanilla<br \/><em>\/Grandma's lemon pie with a touch of vanilla\/<\/em><\/p><p style=\"margin-bottom: 0cm;\"><br \/>Bombay gin, orange liqueur, lime, vanilla<br \/><em>\/Grandma's lemon pie, topped with a touch of vanilla\/<\/em><\/p><p>\u00a0<\/p><p style=\"margin-bottom: 0cm;\"><strong>FIERO INJECTION 2.900,-<\/strong><br \/>Martini Fiero, strawberries, prosecco, soda<br \/><em>\/Light spritz with bittersweet orange and strawberry\/<\/em><\/p><p style=\"margin-bottom: 0cm;\"><br \/>Martini Fiero, strawberry, prosecco, soda<br \/><em>\/Light spritz with bittersweet orange and strawberry\/<\/em><\/p><p>\u00a0<\/p><p style=\"margin-bottom: 0cm;\"><strong>MOJITO 3.600,-<\/strong><\/p><p style=\"margin-bottom: 0cm;\">Bacardi Carta Bacardi Carta Blanca, lime, mint, soda<br \/><em>\/The distinctive taste of the iconic Cuban cocktail <\/em><br \/><em>mint and lime\/<\/em><\/p><p>\u00a0<\/p><p style=\"margin-bottom: 0cm;\">Bacardi Carta Blanca, lime, mint, soda<br \/><em>\/The iconic Cuban cocktail has <\/em><br \/><em>a distinctive flavor of mint and lime\/<\/em><\/p><p>\u00a0<\/p><p style=\"margin-bottom: 0cm;\"><strong>CUBA LIBRE 3.200,<\/strong><\/p><p style=\"margin-bottom: 0cm;\">Bacardi Carta Blanca, Coca-Cola, lime<br \/><em>\/Hemingway's favourite drink\/<\/em><\/p><p style=\"margin-bottom: 0cm;\"><br \/>Bacardi Carta Blanca, Coca-Cola, lime<br \/><em>\/Hemingway's favourite drink\/<\/em><\/p><p>\u00a0<\/p><p><strong>SEX ON THE BEACH 3.600,-<\/strong><br \/>Finlandia vodka, peach liqueur, orange juice, blackcurrant <br \/><em>\/The classic fruit bomb\/<\/em><\/p><p>Finlandia vodka, peach liqueur, orange juice, blackcurrant<br \/><em>\/The classic fruit bomb\/<\/em><\/p><\/div><p><strong>PI\u0147A COLADA 2.900,-<\/strong><\/p><p>Bacardi Carta Blanca, coconut milk, pineapple, coconut syrup<br \/><em>\/Soft, creamy, sweet and dairy free, very coconut\/<\/em><\/p><p><br \/>Bacardi Carta Blanca, coconut milk, pineapple, coconut syrup<br \/><em>\/Soft, creamy, sweet and dairy-free, very coconutty\/<\/em><\/p><p><strong>APEROL SPRITZ 3.200,-<\/strong><br \/>Aperol, prosecco, soda, orange, peach<br \/><em>\/Orange, refreshing spritz with lots of bubbles\/<\/em><\/p><p><br \/>Aperol, prosecco, soda, orange, peach<br \/><em>\/Orange, refreshing spritz with lots of bubbles\/<\/em><\/p><p style=\"margin-bottom: 0cm;\"><strong> HUGO 3.600,-<\/strong><br \/>Prosecco, elderflower, mint leaves, lime, soda<br \/><em>\/ Refreshing spritz with elderflower and lime flavour\/<\/em><\/p><p style=\"margin-bottom: 0cm;\"><br \/>Prosecco, elderflower, mint leaf, lime, soda<br \/><em>\/Refreshing spritz with the flavor of elderflower and lime\/<\/em><\/p><p>\u00a0<\/p><p style=\"margin-bottom: 0cm;\"><strong>LONG ISLAND ICE TEA 6.200,-<\/strong><br \/>Finlandia, Sierra Tequila Silver, Bacardi, Gor don's gin, Cointreau, lemon juice, sugar syrup, Coca-Cola<br \/><em>\/Despite its light name, it is a strong and intense drink\/<\/em><\/p><p style=\"margin-bottom: 0cm;\"><br \/>Finlandia, Sierra Tequila Silver, Bacardi, Gordon's gin, Cointreau, lemon juice, sugar, <br \/>Coca-Cola<br \/><em>\/Despite its light name, it is a strong and intense drink\/<\/em><\/p>\t\t\t\t\t\t\t\t<\/div>\n\t\t\t\t<\/div>\n\t\t<div class=\"elementor-element elementor-element-532a1cd e-con-full e-flex e-con e-child\" data-id=\"532a1cd\" data-element_type=\"container\" data-e-type=\"container\">\n\t\t\t\t<\/div>\n\t\t\t\t<div class=\"elementor-element elementor-element-2819567 elementor-widget elementor-widget-text-editor\" data-id=\"2819567\" data-element_type=\"widget\" data-e-type=\"widget\" data-widget_type=\"text-editor.default\">\n\t\t\t\t<div class=\"elementor-widget-container\">\n\t\t\t\t\t\t\t\t\t<p><strong>NON-ALCOHOLIC MIXED DRINKS<\/strong><br \/><strong>NON-ALCOHOLIC COCKTAILS<\/strong><\/p><p><strong>NO MARTINI NO PARTY 1.990,-<\/strong><\/p><p>Martini Non-Alcoholic Vibrante, strawberry, grapefruit, soda<\/p><p><em>\/Strawberry, slightly bitter, light non-alcoholic cocktail\/<\/em><\/p><p>Martini Non-Alcoholic Vibrante, strawberry, grapefruit, soda<\/p><p><em>\/Strawberry, slightly bitter, light non-alcoholic cocktail\/<\/em><\/p><p><strong>MY PASSION KID'S 1.990,-<\/strong><\/p><p>Pineapple, passion fruit, lime, vanilla<em style=\"font-size: 1rem;\">\/Exotic fruit, slightly sweet, light Mexican refreshment\/<\/em><\/p><p>Pineapple, passion fruit, lime, vanilla\u00a0 \u00a0<em style=\"font-size: 1rem;\">\/With exotic fruits, slightly sweet, light Mexican refreshment\/<\/em><\/p><p>\u00a0<strong>VIRGIN COLADA 2.590,-<\/strong><br \/>Coconut milk, pineapple, coconut syrup<br \/><em>\/Soft, creamy, sweet and dairy free, very coconut\/<\/em><\/p><p><br \/>Coconut milk, pineapple, coconut syrup<br \/><em>\/Soft, creamy, sweet and dairy-free, very coconutty\/<\/em><\/p>\t\t\t\t\t\t\t\t<\/div>\n\t\t\t\t<\/div>\n\t\t\t\t\t<\/div>\n\t\t\t\t<\/div>\n\t\t<div class=\"elementor-element elementor-element-8614376 e-flex e-con-boxed e-con e-parent\" data-id=\"8614376\" data-element_type=\"container\" data-e-type=\"container\">\n\t\t\t\t\t<div class=\"e-con-inner\">\n\t\t\t\t<div class=\"elementor-element elementor-element-c7a8782 elementor-headline--style-highlight elementor-widget elementor-widget-animated-headline\" data-id=\"c7a8782\" data-element_type=\"widget\" data-e-type=\"widget\" data-settings=\"{&quot;marker&quot;:&quot;underline&quot;,&quot;highlighted_text&quot;:&quot;tartalmazz\\u00e1k az \\u00c1fa-t \\u00e9s 15% szervizd\\u00edjat.&quot;,&quot;headline_style&quot;:&quot;highlight&quot;,&quot;loop&quot;:&quot;yes&quot;,&quot;highlight_animation_duration&quot;:1200,&quot;highlight_iteration_delay&quot;:8000}\" data-widget_type=\"animated-headline.default\">\n\t\t\t\t<div class=\"elementor-widget-container\">\n\t\t\t\t\t\t\t<h3 class=\"elementor-headline\">\n\t\t\t\t\t<span class=\"elementor-headline-plain-text elementor-headline-text-wrapper\">Valid from 1 May 2025.<\/span>\n\t\t\t\t<span class=\"elementor-headline-dynamic-wrapper elementor-headline-text-wrapper\">\n\t\t\t\t\t<span class=\"elementor-headline-dynamic-text elementor-headline-text-active\">include VAT and 15% service fee.<\/span>\n\t\t\t\t<\/span>\n\t\t\t\t\t<span class=\"elementor-headline-plain-text elementor-headline-text-wrapper\"><br>Prices are in Hungarian forints.<\/span>\n\t\t\t\t\t<\/h3>\n\t\t\t\t\t\t<\/div>\n\t\t\t\t<\/div>\n\t\t\t\t\t<\/div>\n\t\t\t\t<\/div>\n\t\t\t\t<\/div>","protected":false},"excerpt":{"rendered":"<p>Kokt\u00e9llap ALKOHOLOS KEVERT ITALOKCOCKTAILS | COCKTAILS FRIDA KAHLO 3.600,-El Jimador tequila, anan\u00e1sz, mang\u00f3, lime\/Egzotikus gy\u00fcm\u00f6lcs\u00f6kkel, enyh\u00e9n \u00e9desk\u00e9s, k\u00f6nny\u0171 mexik\u00f3i friss\u00edt\u0151\/ El Jimador tequila, pineapple, mango, lime\/With exotic fruits, slightly sweet, light Mexican refreshment\/ MY PASSION 3.900,-Finlandia vodka, van\u00edlia, lime, passi\u00f3gy\u00fcm\u00f6lcs, prosecco \/\u00c9desbe hajl\u00f3 gy\u00fcm\u00f6lcs\u00f6s kokt\u00e9l, \u00edzl\u00e9s szerint extra proseccoval\/ Finlandia vodka, vanilla, lime, passion fruit, [&hellip;]<\/p>\n","protected":false},"author":8,"featured_media":0,"parent":0,"menu_order":0,"comment_status":"closed","ping_status":"closed","template":"","meta":{"footnotes":""},"class_list":["post-3235","page","type-page","status-publish","hentry"],"yoast_head":"<!-- This site is optimized with the Yoast SEO plugin v27.2 - https:\/\/yoast.com\/product\/yoast-seo-wordpress\/ -->\n<title>Kokt\u00e9llap - Hotel Ambient<\/title>\n<meta name=\"robots\" content=\"index, follow, max-snippet:-1, max-image-preview:large, max-video-preview:-1\" \/>\n<link rel=\"canonical\" href=\"https:\/\/hotelambient.hu\/en\/menu-2\/\" \/>\n<meta property=\"og:locale\" content=\"en_GB\" \/>\n<meta property=\"og:type\" content=\"article\" \/>\n<meta property=\"og:title\" content=\"Kokt\u00e9llap - Hotel Ambient\" \/>\n<meta property=\"og:description\" content=\"Kokt\u00e9llap ALKOHOLOS KEVERT ITALOKCOCKTAILS | COCKTAILS FRIDA KAHLO 3.600,-El Jimador tequila, anan\u00e1sz, mang\u00f3, lime\/Egzotikus gy\u00fcm\u00f6lcs\u00f6kkel, enyh\u00e9n \u00e9desk\u00e9s, k\u00f6nny\u0171 mexik\u00f3i friss\u00edt\u0151\/ El Jimador tequila, pineapple, mango, lime\/With exotic fruits, slightly sweet, light Mexican refreshment\/ MY PASSION 3.900,-Finlandia vodka, van\u00edlia, lime, passi\u00f3gy\u00fcm\u00f6lcs, prosecco \/\u00c9desbe hajl\u00f3 gy\u00fcm\u00f6lcs\u00f6s kokt\u00e9l, \u00edzl\u00e9s szerint extra proseccoval\/ Finlandia vodka, vanilla, lime, passion fruit, [&hellip;]\" \/>\n<meta property=\"og:url\" content=\"https:\/\/hotelambient.hu\/en\/menu-2\/\" \/>\n<meta property=\"og:site_name\" content=\"Hotel Ambient\" \/>\n<meta property=\"article:modified_time\" content=\"2025-05-09T09:30:32+00:00\" \/>\n<meta property=\"og:image\" content=\"https:\/\/hotelambient.hu\/wp-content\/uploads\/2024\/05\/Accent_Ambient_Wellness_1280x_008-3.jpg\" \/>\n\t<meta property=\"og:image:width\" content=\"1100\" \/>\n\t<meta property=\"og:image:height\" content=\"733\" \/>\n\t<meta property=\"og:image:type\" content=\"image\/jpeg\" \/>\n<meta name=\"twitter:card\" content=\"summary_large_image\" \/>\n<meta name=\"twitter:label1\" content=\"Estimated reading time\" \/>\n\t<meta name=\"twitter:data1\" content=\"3 minutes\" \/>\n<script type=\"application\/ld+json\" class=\"yoast-schema-graph\">{\"@context\":\"https:\/\/schema.org\",\"@graph\":[{\"@type\":\"WebPage\",\"@id\":\"https:\/\/hotelambient.hu\/hu\/koktellap\/\",\"url\":\"https:\/\/hotelambient.hu\/hu\/koktellap\/\",\"name\":\"Kokt\u00e9llap - Hotel Ambient\",\"isPartOf\":{\"@id\":\"https:\/\/hotelambient.hu\/en\/#website\"},\"datePublished\":\"2024-03-28T17:00:24+00:00\",\"dateModified\":\"2025-05-09T09:30:32+00:00\",\"breadcrumb\":{\"@id\":\"https:\/\/hotelambient.hu\/hu\/koktellap\/#breadcrumb\"},\"inLanguage\":\"en-GB\",\"potentialAction\":[{\"@type\":\"ReadAction\",\"target\":[\"https:\/\/hotelambient.hu\/hu\/koktellap\/\"]}]},{\"@type\":\"BreadcrumbList\",\"@id\":\"https:\/\/hotelambient.hu\/hu\/koktellap\/#breadcrumb\",\"itemListElement\":[{\"@type\":\"ListItem\",\"position\":1,\"name\":\"Kezd\u0151lap\",\"item\":\"https:\/\/hotelambient.hu\/hu\/\"},{\"@type\":\"ListItem\",\"position\":2,\"name\":\"Kokt\u00e9llap\"}]},{\"@type\":\"WebSite\",\"@id\":\"https:\/\/hotelambient.hu\/en\/#website\",\"url\":\"https:\/\/hotelambient.hu\/en\/\",\"name\":\"Hotel Ambient\",\"description\":\"Hotel Ambient\",\"publisher\":{\"@id\":\"https:\/\/hotelambient.hu\/en\/#organization\"},\"potentialAction\":[{\"@type\":\"SearchAction\",\"target\":{\"@type\":\"EntryPoint\",\"urlTemplate\":\"https:\/\/hotelambient.hu\/en\/?s={search_term_string}\"},\"query-input\":{\"@type\":\"PropertyValueSpecification\",\"valueRequired\":true,\"valueName\":\"search_term_string\"}}],\"inLanguage\":\"en-GB\"},{\"@type\":\"Organization\",\"@id\":\"https:\/\/hotelambient.hu\/en\/#organization\",\"name\":\"Hotel Ambient\",\"url\":\"https:\/\/hotelambient.hu\/en\/\",\"logo\":{\"@type\":\"ImageObject\",\"inLanguage\":\"en-GB\",\"@id\":\"https:\/\/hotelambient.hu\/en\/#\/schema\/logo\/image\/\",\"url\":\"https:\/\/hotelambient.hu\/wp-content\/uploads\/2023\/06\/cropped-Ambient_logo_fekete_transparent_bg.webp\",\"contentUrl\":\"https:\/\/hotelambient.hu\/wp-content\/uploads\/2023\/06\/cropped-Ambient_logo_fekete_transparent_bg.webp\",\"width\":512,\"height\":512,\"caption\":\"Hotel Ambient\"},\"image\":{\"@id\":\"https:\/\/hotelambient.hu\/en\/#\/schema\/logo\/image\/\"}}]}<\/script>\n<!-- \/ Yoast SEO plugin. -->","yoast_head_json":{"title":"Cocktail menu - Hotel Ambient","robots":{"index":"index","follow":"follow","max-snippet":"max-snippet:-1","max-image-preview":"max-image-preview:large","max-video-preview":"max-video-preview:-1"},"canonical":"https:\/\/hotelambient.hu\/en\/menu-2\/","og_locale":"en_GB","og_type":"article","og_title":"Kokt\u00e9llap - Hotel Ambient","og_description":"Kokt\u00e9llap ALKOHOLOS KEVERT ITALOKCOCKTAILS | COCKTAILS FRIDA KAHLO 3.600,-El Jimador tequila, anan\u00e1sz, mang\u00f3, lime\/Egzotikus gy\u00fcm\u00f6lcs\u00f6kkel, enyh\u00e9n \u00e9desk\u00e9s, k\u00f6nny\u0171 mexik\u00f3i friss\u00edt\u0151\/ El Jimador tequila, pineapple, mango, lime\/With exotic fruits, slightly sweet, light Mexican refreshment\/ MY PASSION 3.900,-Finlandia vodka, van\u00edlia, lime, passi\u00f3gy\u00fcm\u00f6lcs, prosecco \/\u00c9desbe hajl\u00f3 gy\u00fcm\u00f6lcs\u00f6s kokt\u00e9l, \u00edzl\u00e9s szerint extra proseccoval\/ Finlandia vodka, vanilla, lime, passion fruit, [&hellip;]","og_url":"https:\/\/hotelambient.hu\/en\/menu-2\/","og_site_name":"Hotel Ambient","article_modified_time":"2025-05-09T09:30:32+00:00","og_image":[{"width":1100,"height":733,"url":"https:\/\/hotelambient.hu\/wp-content\/uploads\/2024\/05\/Accent_Ambient_Wellness_1280x_008-3.jpg","type":"image\/jpeg"}],"twitter_card":"summary_large_image","twitter_misc":{"Estimated reading time":"3 minutes"},"schema":{"@context":"https:\/\/schema.org","@graph":[{"@type":"WebPage","@id":"https:\/\/hotelambient.hu\/hu\/koktellap\/","url":"https:\/\/hotelambient.hu\/hu\/koktellap\/","name":"Cocktail menu - Hotel Ambient","isPartOf":{"@id":"https:\/\/hotelambient.hu\/en\/#website"},"datePublished":"2024-03-28T17:00:24+00:00","dateModified":"2025-05-09T09:30:32+00:00","breadcrumb":{"@id":"https:\/\/hotelambient.hu\/hu\/koktellap\/#breadcrumb"},"inLanguage":"en-GB","potentialAction":[{"@type":"ReadAction","target":["https:\/\/hotelambient.hu\/hu\/koktellap\/"]}]},{"@type":"BreadcrumbList","@id":"https:\/\/hotelambient.hu\/hu\/koktellap\/#breadcrumb","itemListElement":[{"@type":"ListItem","position":1,"name":"Kezd\u0151lap","item":"https:\/\/hotelambient.hu\/hu\/"},{"@type":"ListItem","position":2,"name":"Kokt\u00e9llap"}]},{"@type":"WebSite","@id":"https:\/\/hotelambient.hu\/en\/#website","url":"https:\/\/hotelambient.hu\/en\/","name":"Hotel Ambient","description":"Hotel Ambient","publisher":{"@id":"https:\/\/hotelambient.hu\/en\/#organization"},"potentialAction":[{"@type":"SearchAction","target":{"@type":"EntryPoint","urlTemplate":"https:\/\/hotelambient.hu\/en\/?s={search_term_string}"},"query-input":{"@type":"PropertyValueSpecification","valueRequired":true,"valueName":"search_term_string"}}],"inLanguage":"en-GB"},{"@type":"Organization","@id":"https:\/\/hotelambient.hu\/en\/#organization","name":"Hotel Ambient","url":"https:\/\/hotelambient.hu\/en\/","logo":{"@type":"ImageObject","inLanguage":"en-GB","@id":"https:\/\/hotelambient.hu\/en\/#\/schema\/logo\/image\/","url":"https:\/\/hotelambient.hu\/wp-content\/uploads\/2023\/06\/cropped-Ambient_logo_fekete_transparent_bg.webp","contentUrl":"https:\/\/hotelambient.hu\/wp-content\/uploads\/2023\/06\/cropped-Ambient_logo_fekete_transparent_bg.webp","width":512,"height":512,"caption":"Hotel Ambient"},"image":{"@id":"https:\/\/hotelambient.hu\/en\/#\/schema\/logo\/image\/"}}]}},"_links":{"self":[{"href":"https:\/\/hotelambient.hu\/en\/wp-json\/wp\/v2\/pages\/3235","targetHints":{"allow":["GET"]}}],"collection":[{"href":"https:\/\/hotelambient.hu\/en\/wp-json\/wp\/v2\/pages"}],"about":[{"href":"https:\/\/hotelambient.hu\/en\/wp-json\/wp\/v2\/types\/page"}],"author":[{"embeddable":true,"href":"https:\/\/hotelambient.hu\/en\/wp-json\/wp\/v2\/users\/8"}],"replies":[{"embeddable":true,"href":"https:\/\/hotelambient.hu\/en\/wp-json\/wp\/v2\/comments?post=3235"}],"version-history":[{"count":47,"href":"https:\/\/hotelambient.hu\/en\/wp-json\/wp\/v2\/pages\/3235\/revisions"}],"predecessor-version":[{"id":7615,"href":"https:\/\/hotelambient.hu\/en\/wp-json\/wp\/v2\/pages\/3235\/revisions\/7615"}],"wp:attachment":[{"href":"https:\/\/hotelambient.hu\/en\/wp-json\/wp\/v2\/media?parent=3235"}],"curies":[{"name":"wp","href":"https:\/\/api.w.org\/{rel}","templated":true}]}}