{"id":3754,"date":"2024-06-12T16:44:16","date_gmt":"2024-06-12T14:44:16","guid":{"rendered":"https:\/\/hotelambient.hu\/?page_id=3754"},"modified":"2025-06-12T10:09:12","modified_gmt":"2025-06-12T08:09:12","slug":"menu-3","status":"publish","type":"page","link":"https:\/\/hotelambient.hu\/en\/minibar-csomagok\/","title":{"rendered":"Minibar packages"},"content":{"rendered":"<div data-elementor-type=\"wp-page\" data-elementor-id=\"3754\" class=\"elementor elementor-3754\" data-elementor-post-type=\"page\">\n\t\t\t\t<div class=\"elementor-element elementor-element-efa7cfc e-con-full e-flex e-con e-parent\" data-id=\"efa7cfc\" data-element_type=\"container\" data-e-type=\"container\" data-settings=\"{&quot;background_background&quot;:&quot;classic&quot;}\">\n\t\t\t\t<div class=\"elementor-element elementor-element-ae798a5 elementor-widget elementor-widget-heading\" data-id=\"ae798a5\" data-element_type=\"widget\" data-e-type=\"widget\" data-widget_type=\"heading.default\">\n\t\t\t\t<div class=\"elementor-widget-container\">\n\t\t\t\t\t<h1 class=\"elementor-heading-title elementor-size-default\">Minibar packages<\/h1>\t\t\t\t<\/div>\n\t\t\t\t<\/div>\n\t\t\t\t<\/div>\n\t\t<div class=\"elementor-element elementor-element-7069251 e-grid e-con-boxed e-con e-parent\" data-id=\"7069251\" data-element_type=\"container\" data-e-type=\"container\">\n\t\t\t\t\t<div class=\"e-con-inner\">\n\t\t\t\t<div class=\"elementor-element elementor-element-a46d64d elementor-headline--style-highlight elementor-widget elementor-widget-animated-headline\" data-id=\"a46d64d\" data-element_type=\"widget\" data-e-type=\"widget\" data-settings=\"{&quot;marker&quot;:&quot;underline&quot;,&quot;highlighted_text&quot;:&quot;Minib\\u00e1r szolg\\u00e1ltat\\u00e1sunk k\\u00e9r\\u00e9sre el\\u00e9rhet\\u0151&quot;,&quot;headline_style&quot;:&quot;highlight&quot;,&quot;loop&quot;:&quot;yes&quot;,&quot;highlight_animation_duration&quot;:1200,&quot;highlight_iteration_delay&quot;:8000}\" data-widget_type=\"animated-headline.default\">\n\t\t\t\t<div class=\"elementor-widget-container\">\n\t\t\t\t\t\t\t<h3 class=\"elementor-headline\">\n\t\t\t\t<span class=\"elementor-headline-dynamic-wrapper elementor-headline-text-wrapper\">\n\t\t\t\t\t<span class=\"elementor-headline-dynamic-text elementor-headline-text-active\">Minibar service available on request<\/span>\n\t\t\t\t<\/span>\n\t\t\t\t<\/h3>\n\t\t\t\t\t\t<\/div>\n\t\t\t\t<\/div>\n\t\t\t\t\t<\/div>\n\t\t\t\t<\/div>\n\t\t<div class=\"elementor-element elementor-element-f037f58 e-flex e-con-boxed e-con e-parent\" data-id=\"f037f58\" data-element_type=\"container\" data-e-type=\"container\">\n\t\t\t\t\t<div class=\"e-con-inner\">\n\t\t\t\t<div class=\"elementor-element elementor-element-a09b256 elementor-widget elementor-widget-text-editor\" data-id=\"a09b256\" data-element_type=\"widget\" data-e-type=\"widget\" data-widget_type=\"text-editor.default\">\n\t\t\t\t<div class=\"elementor-widget-container\">\n\t\t\t\t\t\t\t\t\t<p>If you would like to use our service, please contact our reception staff by phone on line 120 every day before 16:00.<\/p><p>The cost of any minibar drinks packages ordered will be charged to your room bill.<\/p><p>Additional refills can be ordered at the Reception, on site, from the contents of the maxibar!<\/p>\t\t\t\t\t\t\t\t<\/div>\n\t\t\t\t<\/div>\n\t\t\t\t\t<\/div>\n\t\t\t\t<\/div>\n\t\t<div class=\"elementor-element elementor-element-92ede01 e-grid e-con-boxed e-con e-parent\" data-id=\"92ede01\" data-element_type=\"container\" data-e-type=\"container\">\n\t\t\t\t\t<div class=\"e-con-inner\">\n\t\t\t\t<div class=\"elementor-element elementor-element-db8f869 elementor-headline--style-highlight elementor-widget elementor-widget-animated-headline\" data-id=\"db8f869\" data-element_type=\"widget\" data-e-type=\"widget\" data-settings=\"{&quot;marker&quot;:&quot;underline&quot;,&quot;highlighted_text&quot;:&quot;Csomagok&quot;,&quot;headline_style&quot;:&quot;highlight&quot;,&quot;loop&quot;:&quot;yes&quot;,&quot;highlight_animation_duration&quot;:1200,&quot;highlight_iteration_delay&quot;:8000}\" data-widget_type=\"animated-headline.default\">\n\t\t\t\t<div class=\"elementor-widget-container\">\n\t\t\t\t\t\t\t<h3 class=\"elementor-headline\">\n\t\t\t\t<span class=\"elementor-headline-dynamic-wrapper elementor-headline-text-wrapper\">\n\t\t\t\t\t<span class=\"elementor-headline-dynamic-text elementor-headline-text-active\">Packages<\/span>\n\t\t\t\t<\/span>\n\t\t\t\t<\/h3>\n\t\t\t\t\t\t<\/div>\n\t\t\t\t<\/div>\n\t\t\t\t\t<\/div>\n\t\t\t\t<\/div>\n\t\t<div class=\"elementor-element elementor-element-6392625 e-grid e-con-boxed e-con e-parent\" data-id=\"6392625\" data-element_type=\"container\" data-e-type=\"container\">\n\t\t\t\t\t<div class=\"e-con-inner\">\n\t\t\t\t<div class=\"elementor-element elementor-element-6bd17e8 elementor-widget elementor-widget-text-editor\" data-id=\"6bd17e8\" data-element_type=\"widget\" data-e-type=\"widget\" data-widget_type=\"text-editor.default\">\n\t\t\t\t<div class=\"elementor-widget-container\">\n\t\t\t\t\t\t\t\t\t<h5>1. Basic minibar package<\/h5><h5>3.460 Ft \/ preparation<\/h5><table width=\"500\"><tbody><tr><td width=\"414\"><p>Naturaqua sparkling mineral water 0,33l<\/p><\/td><td width=\"83\"><p>1 pc<\/p><\/td><\/tr><tr><td width=\"414\"><p>Naturaqua still mineral water 0,33l<\/p><\/td><td width=\"83\"><p>1 pc<\/p><\/td><\/tr><tr><td width=\"414\"><p>Coca Cola 0,25l<\/p><\/td><td width=\"83\"><p>1 pc<\/p><\/td><\/tr><tr><td width=\"414\"><p>Rauch Orange Juice (100%) 0,2l<\/p><\/td><td width=\"83\"><p>1 pc<\/p><\/td><\/tr><\/tbody><\/table>\t\t\t\t\t\t\t\t<\/div>\n\t\t\t\t<\/div>\n\t\t\t\t<div class=\"elementor-element elementor-element-92da0a1 elementor-widget elementor-widget-text-editor\" data-id=\"92da0a1\" data-element_type=\"widget\" data-e-type=\"widget\" data-widget_type=\"text-editor.default\">\n\t\t\t\t<div class=\"elementor-widget-container\">\n\t\t\t\t\t\t\t\t\t<h5>2. Basic Plus minibar package<\/h5><h5>12.120 Ft \/ preparation<\/h5><table width=\"500\"><tbody><tr><td width=\"414\"><p>Naturaqua sparkling mineral water 0,33l<\/p><\/td><td width=\"83\"><p>1 pc<\/p><\/td><\/tr><tr><td width=\"414\"><p>Naturaqua still mineral water 0,33l<\/p><\/td><td width=\"83\"><p>1 pc<\/p><\/td><\/tr><tr><td width=\"414\"><p>Coca Cola 0,25l<\/p><\/td><td width=\"83\"><p>1 pc<\/p><\/td><\/tr><tr><td width=\"414\"><p>Rauch Orange Juice (100%) 0,2l<\/p><\/td><td width=\"83\"><p>1 pc<\/p><\/td><\/tr><tr><td width=\"414\"><p>Panyolai Golden Apple Brandy 40% 0,05l<\/p><\/td><td width=\"83\"><p>1 pc<\/p><\/td><\/tr><tr><td width=\"414\"><p>J\u00e4germeister 0,04l<\/p><\/td><td width=\"83\"><p>1 pc<\/p><\/td><\/tr><tr><td width=\"414\"><p>Jack Daniel's Whiskey 0,05l<\/p><\/td><td width=\"83\"><p>1 pc<\/p><\/td><\/tr><tr><td width=\"414\"><p>Turner Gold 0,33l<\/p><\/td><td width=\"83\"><p>1 pc<\/p><\/td><\/tr><\/tbody><\/table>\t\t\t\t\t\t\t\t<\/div>\n\t\t\t\t<\/div>\n\t\t\t\t<div class=\"elementor-element elementor-element-ed98cb6 elementor-widget elementor-widget-text-editor\" data-id=\"ed98cb6\" data-element_type=\"widget\" data-e-type=\"widget\" data-widget_type=\"text-editor.default\">\n\t\t\t\t<div class=\"elementor-widget-container\">\n\t\t\t\t\t\t\t\t\t<h5>3. Extra minibar package<\/h5><h5>14.300 Ft \/ preparation<\/h5><table width=\"500\"><tbody><tr><td width=\"414\"><p>Naturaqua sparkling mineral water 0,33l<\/p><\/td><td width=\"83\"><p>1 pc<\/p><\/td><\/tr><tr><td width=\"414\"><p>Naturaqua still mineral water 0,33l<\/p><\/td><td width=\"83\"><p>1 pc<\/p><\/td><\/tr><tr><td width=\"414\"><p>Coca Cola 0,25l<\/p><\/td><td width=\"83\"><p>1 pc<\/p><\/td><\/tr><tr><td width=\"414\"><p>Rauch Orange Juice (100%) 0,2l<\/p><\/td><td width=\"83\"><p>1 pc<\/p><\/td><\/tr><tr><td width=\"414\"><p>Panyolai Golden Apple Brandy 40% 0,05l<\/p><\/td><td width=\"83\"><p>1 pc<\/p><\/td><\/tr><tr><td width=\"414\"><p>J\u00e4germeister 0,04l<\/p><\/td><td width=\"83\"><p>1 pc<\/p><\/td><\/tr><tr><td width=\"414\"><p>Jack Daniel's Whiskey 0,05l<\/p><\/td><td width=\"83\"><p>1 pc<\/p><\/td><\/tr><tr><td width=\"414\"><p>Turner Gold 0,33l<\/p><\/td><td width=\"83\"><p>1 pc<\/p><\/td><\/tr><tr><td width=\"414\"><p>Salted hazelnuts 70gr<\/p><\/td><td width=\"83\"><p>1 pc<\/p><\/td><\/tr><tr><td width=\"414\"><p>Manner 75gr<\/p><\/td><td width=\"83\"><p>1 pc<\/p><\/td><\/tr><\/tbody><\/table>\t\t\t\t\t\t\t\t<\/div>\n\t\t\t\t<\/div>\n\t\t\t\t\t<\/div>\n\t\t\t\t<\/div>\n\t\t\t\t<\/div>","protected":false},"excerpt":{"rendered":"<p>Minib\u00e1r szolg\u00e1ltat\u00e1sunk k\u00e9r\u00e9sre el\u00e9rhet\u0151 K\u00e9rj\u00fck, amennyiben ig\u00e9nybe szeretn\u00e9 venni szolg\u00e1ltat\u00e1sunkat, jelezze recepci\u00f3s koll\u00e9g\u00e1ink fel\u00e9 minden nap 16:00 \u00f3r\u00e1ig, telefonon a 120-as mell\u00e9ken! A megrendelt minib\u00e1r italcsomagok \u00e1r\u00e1t a szobasz\u00e1ml\u00e1ra terhelj\u00fck. Tov\u00e1bbi felt\u00f6lt\u00e9si ig\u00e9ny megrendelhet\u0151 a Recepci\u00f3n, a helysz\u00ednen, a maxib\u00e1r tartalm\u00e1b\u00f3l! Csomagok 1. Basic minib\u00e1r csomag 3.460 Ft \/ bek\u00e9sz\u00edt\u00e9s Naturaqua sz\u00e9nsavas\u00a0\u00e1sv\u00e1nyv\u00edz 0,33l 1 db [&hellip;]<\/p>\n","protected":false},"author":8,"featured_media":0,"parent":0,"menu_order":0,"comment_status":"closed","ping_status":"closed","template":"","meta":{"footnotes":""},"class_list":["post-3754","page","type-page","status-publish","hentry"],"yoast_head":"<!-- This site is optimized with the Yoast SEO plugin v27.2 - https:\/\/yoast.com\/product\/yoast-seo-wordpress\/ -->\n<title>Minib\u00e1r csomagok - Hotel Ambient<\/title>\n<meta name=\"robots\" content=\"index, follow, max-snippet:-1, max-image-preview:large, max-video-preview:-1\" \/>\n<link rel=\"canonical\" href=\"https:\/\/hotelambient.hu\/en\/menu-3\/\" \/>\n<meta property=\"og:locale\" content=\"en_GB\" \/>\n<meta property=\"og:type\" content=\"article\" \/>\n<meta property=\"og:title\" content=\"Minib\u00e1r csomagok - Hotel Ambient\" \/>\n<meta property=\"og:description\" content=\"Minib\u00e1r szolg\u00e1ltat\u00e1sunk k\u00e9r\u00e9sre el\u00e9rhet\u0151 K\u00e9rj\u00fck, amennyiben ig\u00e9nybe szeretn\u00e9 venni szolg\u00e1ltat\u00e1sunkat, jelezze recepci\u00f3s koll\u00e9g\u00e1ink fel\u00e9 minden nap 16:00 \u00f3r\u00e1ig, telefonon a 120-as mell\u00e9ken! A megrendelt minib\u00e1r italcsomagok \u00e1r\u00e1t a szobasz\u00e1ml\u00e1ra terhelj\u00fck. Tov\u00e1bbi felt\u00f6lt\u00e9si ig\u00e9ny megrendelhet\u0151 a Recepci\u00f3n, a helysz\u00ednen, a maxib\u00e1r tartalm\u00e1b\u00f3l! Csomagok 1. Basic minib\u00e1r csomag 3.460 Ft \/ bek\u00e9sz\u00edt\u00e9s Naturaqua sz\u00e9nsavas\u00a0\u00e1sv\u00e1nyv\u00edz 0,33l 1 db [&hellip;]\" \/>\n<meta property=\"og:url\" content=\"https:\/\/hotelambient.hu\/en\/menu-3\/\" \/>\n<meta property=\"og:site_name\" content=\"Hotel Ambient\" \/>\n<meta property=\"article:modified_time\" content=\"2025-06-12T08:09:12+00:00\" \/>\n<meta property=\"og:image\" content=\"https:\/\/hotelambient.hu\/wp-content\/uploads\/2024\/05\/Accent_Ambient_Wellness_1280x_008-3.jpg\" \/>\n\t<meta property=\"og:image:width\" content=\"1100\" \/>\n\t<meta property=\"og:image:height\" content=\"733\" \/>\n\t<meta property=\"og:image:type\" content=\"image\/jpeg\" \/>\n<meta name=\"twitter:card\" content=\"summary_large_image\" \/>\n<meta name=\"twitter:label1\" content=\"Estimated reading time\" \/>\n\t<meta name=\"twitter:data1\" content=\"2 minutes\" \/>\n<script type=\"application\/ld+json\" class=\"yoast-schema-graph\">{\"@context\":\"https:\/\/schema.org\",\"@graph\":[{\"@type\":\"WebPage\",\"@id\":\"https:\/\/hotelambient.hu\/minibar-csomagok\/\",\"url\":\"https:\/\/hotelambient.hu\/minibar-csomagok\/\",\"name\":\"Minib\u00e1r csomagok - Hotel Ambient\",\"isPartOf\":{\"@id\":\"https:\/\/hotelambient.hu\/en\/#website\"},\"datePublished\":\"2024-06-12T14:44:16+00:00\",\"dateModified\":\"2025-06-12T08:09:12+00:00\",\"breadcrumb\":{\"@id\":\"https:\/\/hotelambient.hu\/minibar-csomagok\/#breadcrumb\"},\"inLanguage\":\"en-GB\",\"potentialAction\":[{\"@type\":\"ReadAction\",\"target\":[\"https:\/\/hotelambient.hu\/minibar-csomagok\/\"]}]},{\"@type\":\"BreadcrumbList\",\"@id\":\"https:\/\/hotelambient.hu\/minibar-csomagok\/#breadcrumb\",\"itemListElement\":[{\"@type\":\"ListItem\",\"position\":1,\"name\":\"Kezd\u0151lap\",\"item\":\"https:\/\/hotelambient.hu\/hu\/\"},{\"@type\":\"ListItem\",\"position\":2,\"name\":\"Minib\u00e1r csomagok\"}]},{\"@type\":\"WebSite\",\"@id\":\"https:\/\/hotelambient.hu\/en\/#website\",\"url\":\"https:\/\/hotelambient.hu\/en\/\",\"name\":\"Hotel Ambient\",\"description\":\"Hotel Ambient\",\"publisher\":{\"@id\":\"https:\/\/hotelambient.hu\/en\/#organization\"},\"potentialAction\":[{\"@type\":\"SearchAction\",\"target\":{\"@type\":\"EntryPoint\",\"urlTemplate\":\"https:\/\/hotelambient.hu\/en\/?s={search_term_string}\"},\"query-input\":{\"@type\":\"PropertyValueSpecification\",\"valueRequired\":true,\"valueName\":\"search_term_string\"}}],\"inLanguage\":\"en-GB\"},{\"@type\":\"Organization\",\"@id\":\"https:\/\/hotelambient.hu\/en\/#organization\",\"name\":\"Hotel Ambient\",\"url\":\"https:\/\/hotelambient.hu\/en\/\",\"logo\":{\"@type\":\"ImageObject\",\"inLanguage\":\"en-GB\",\"@id\":\"https:\/\/hotelambient.hu\/en\/#\/schema\/logo\/image\/\",\"url\":\"https:\/\/hotelambient.hu\/wp-content\/uploads\/2023\/06\/cropped-Ambient_logo_fekete_transparent_bg.webp\",\"contentUrl\":\"https:\/\/hotelambient.hu\/wp-content\/uploads\/2023\/06\/cropped-Ambient_logo_fekete_transparent_bg.webp\",\"width\":512,\"height\":512,\"caption\":\"Hotel Ambient\"},\"image\":{\"@id\":\"https:\/\/hotelambient.hu\/en\/#\/schema\/logo\/image\/\"}}]}<\/script>\n<!-- \/ Yoast SEO plugin. -->","yoast_head_json":{"title":"Minibar packages - Hotel Ambient","robots":{"index":"index","follow":"follow","max-snippet":"max-snippet:-1","max-image-preview":"max-image-preview:large","max-video-preview":"max-video-preview:-1"},"canonical":"https:\/\/hotelambient.hu\/en\/menu-3\/","og_locale":"en_GB","og_type":"article","og_title":"Minib\u00e1r csomagok - Hotel Ambient","og_description":"Minib\u00e1r szolg\u00e1ltat\u00e1sunk k\u00e9r\u00e9sre el\u00e9rhet\u0151 K\u00e9rj\u00fck, amennyiben ig\u00e9nybe szeretn\u00e9 venni szolg\u00e1ltat\u00e1sunkat, jelezze recepci\u00f3s koll\u00e9g\u00e1ink fel\u00e9 minden nap 16:00 \u00f3r\u00e1ig, telefonon a 120-as mell\u00e9ken! A megrendelt minib\u00e1r italcsomagok \u00e1r\u00e1t a szobasz\u00e1ml\u00e1ra terhelj\u00fck. Tov\u00e1bbi felt\u00f6lt\u00e9si ig\u00e9ny megrendelhet\u0151 a Recepci\u00f3n, a helysz\u00ednen, a maxib\u00e1r tartalm\u00e1b\u00f3l! Csomagok 1. Basic minib\u00e1r csomag 3.460 Ft \/ bek\u00e9sz\u00edt\u00e9s Naturaqua sz\u00e9nsavas\u00a0\u00e1sv\u00e1nyv\u00edz 0,33l 1 db [&hellip;]","og_url":"https:\/\/hotelambient.hu\/en\/menu-3\/","og_site_name":"Hotel Ambient","article_modified_time":"2025-06-12T08:09:12+00:00","og_image":[{"width":1100,"height":733,"url":"https:\/\/hotelambient.hu\/wp-content\/uploads\/2024\/05\/Accent_Ambient_Wellness_1280x_008-3.jpg","type":"image\/jpeg"}],"twitter_card":"summary_large_image","twitter_misc":{"Estimated reading time":"2 minutes"},"schema":{"@context":"https:\/\/schema.org","@graph":[{"@type":"WebPage","@id":"https:\/\/hotelambient.hu\/minibar-csomagok\/","url":"https:\/\/hotelambient.hu\/minibar-csomagok\/","name":"Minibar packages - Hotel Ambient","isPartOf":{"@id":"https:\/\/hotelambient.hu\/en\/#website"},"datePublished":"2024-06-12T14:44:16+00:00","dateModified":"2025-06-12T08:09:12+00:00","breadcrumb":{"@id":"https:\/\/hotelambient.hu\/minibar-csomagok\/#breadcrumb"},"inLanguage":"en-GB","potentialAction":[{"@type":"ReadAction","target":["https:\/\/hotelambient.hu\/minibar-csomagok\/"]}]},{"@type":"BreadcrumbList","@id":"https:\/\/hotelambient.hu\/minibar-csomagok\/#breadcrumb","itemListElement":[{"@type":"ListItem","position":1,"name":"Kezd\u0151lap","item":"https:\/\/hotelambient.hu\/hu\/"},{"@type":"ListItem","position":2,"name":"Minib\u00e1r csomagok"}]},{"@type":"WebSite","@id":"https:\/\/hotelambient.hu\/en\/#website","url":"https:\/\/hotelambient.hu\/en\/","name":"Hotel Ambient","description":"Hotel Ambient","publisher":{"@id":"https:\/\/hotelambient.hu\/en\/#organization"},"potentialAction":[{"@type":"SearchAction","target":{"@type":"EntryPoint","urlTemplate":"https:\/\/hotelambient.hu\/en\/?s={search_term_string}"},"query-input":{"@type":"PropertyValueSpecification","valueRequired":true,"valueName":"search_term_string"}}],"inLanguage":"en-GB"},{"@type":"Organization","@id":"https:\/\/hotelambient.hu\/en\/#organization","name":"Hotel Ambient","url":"https:\/\/hotelambient.hu\/en\/","logo":{"@type":"ImageObject","inLanguage":"en-GB","@id":"https:\/\/hotelambient.hu\/en\/#\/schema\/logo\/image\/","url":"https:\/\/hotelambient.hu\/wp-content\/uploads\/2023\/06\/cropped-Ambient_logo_fekete_transparent_bg.webp","contentUrl":"https:\/\/hotelambient.hu\/wp-content\/uploads\/2023\/06\/cropped-Ambient_logo_fekete_transparent_bg.webp","width":512,"height":512,"caption":"Hotel Ambient"},"image":{"@id":"https:\/\/hotelambient.hu\/en\/#\/schema\/logo\/image\/"}}]}},"_links":{"self":[{"href":"https:\/\/hotelambient.hu\/en\/wp-json\/wp\/v2\/pages\/3754","targetHints":{"allow":["GET"]}}],"collection":[{"href":"https:\/\/hotelambient.hu\/en\/wp-json\/wp\/v2\/pages"}],"about":[{"href":"https:\/\/hotelambient.hu\/en\/wp-json\/wp\/v2\/types\/page"}],"author":[{"embeddable":true,"href":"https:\/\/hotelambient.hu\/en\/wp-json\/wp\/v2\/users\/8"}],"replies":[{"embeddable":true,"href":"https:\/\/hotelambient.hu\/en\/wp-json\/wp\/v2\/comments?post=3754"}],"version-history":[{"count":14,"href":"https:\/\/hotelambient.hu\/en\/wp-json\/wp\/v2\/pages\/3754\/revisions"}],"predecessor-version":[{"id":7751,"href":"https:\/\/hotelambient.hu\/en\/wp-json\/wp\/v2\/pages\/3754\/revisions\/7751"}],"wp:attachment":[{"href":"https:\/\/hotelambient.hu\/en\/wp-json\/wp\/v2\/media?parent=3754"}],"curies":[{"name":"wp","href":"https:\/\/api.w.org\/{rel}","templated":true}]}}