{"id":4203,"date":"2024-07-22T14:54:25","date_gmt":"2024-07-22T12:54:25","guid":{"rendered":"https:\/\/hotelambient.hu\/?page_id=4203"},"modified":"2026-03-24T15:03:26","modified_gmt":"2026-03-24T14:03:26","slug":"black-friday-5","status":"publish","type":"page","link":"https:\/\/hotelambient.hu\/en\/ajanlataink\/szokj-el-egy-ejszakara\/","title":{"rendered":"Get away for a night!"},"content":{"rendered":"<div data-elementor-type=\"wp-page\" data-elementor-id=\"4203\" class=\"elementor elementor-4203\" data-elementor-post-type=\"page\">\n\t\t\t\t<div class=\"elementor-element elementor-element-24a4abf e-con-full e-flex e-con e-parent\" data-id=\"24a4abf\" data-element_type=\"container\" data-e-type=\"container\">\n\t\t<div class=\"elementor-element elementor-element-0baca78 e-con-full e-flex e-con e-child\" data-id=\"0baca78\" data-element_type=\"container\" data-e-type=\"container\" data-settings=\"{&quot;background_background&quot;:&quot;classic&quot;}\">\n\t\t\t\t<div class=\"elementor-element elementor-element-671a8c9 elementor-widget elementor-widget-image\" data-id=\"671a8c9\" data-element_type=\"widget\" data-e-type=\"widget\" data-widget_type=\"image.default\">\n\t\t\t\t<div class=\"elementor-widget-container\">\n\t\t\t\t\t\t\t\t\t\t\t\t\t\t\t<img fetchpriority=\"high\" decoding=\"async\" width=\"800\" height=\"800\" src=\"https:\/\/hotelambient.hu\/wp-content\/uploads\/2024\/07\/1ejszakascsomag-1-1024x1024.jpg\" class=\"attachment-large size-large wp-image-4199\" alt=\"\" srcset=\"https:\/\/hotelambient.hu\/wp-content\/uploads\/2024\/07\/1ejszakascsomag-1-1024x1024.jpg 1024w, https:\/\/hotelambient.hu\/wp-content\/uploads\/2024\/07\/1ejszakascsomag-1-300x300.jpg 300w, https:\/\/hotelambient.hu\/wp-content\/uploads\/2024\/07\/1ejszakascsomag-1-150x150.jpg 150w, https:\/\/hotelambient.hu\/wp-content\/uploads\/2024\/07\/1ejszakascsomag-1-768x768.jpg 768w, https:\/\/hotelambient.hu\/wp-content\/uploads\/2024\/07\/1ejszakascsomag-1-12x12.jpg 12w, https:\/\/hotelambient.hu\/wp-content\/uploads\/2024\/07\/1ejszakascsomag-1.jpg 1200w\" sizes=\"(max-width: 800px) 100vw, 800px\" \/>\t\t\t\t\t\t\t\t\t\t\t\t\t\t\t<\/div>\n\t\t\t\t<\/div>\n\t\t\t\t<\/div>\n\t\t<div class=\"elementor-element elementor-element-31be0cb e-con-full e-flex e-con e-child\" data-id=\"31be0cb\" data-element_type=\"container\" data-e-type=\"container\">\n\t\t\t\t<div class=\"elementor-element elementor-element-e018716 elementor-widget elementor-widget-heading\" data-id=\"e018716\" data-element_type=\"widget\" data-e-type=\"widget\" data-widget_type=\"heading.default\">\n\t\t\t\t<div class=\"elementor-widget-container\">\n\t\t\t\t\t<h2 class=\"elementor-heading-title elementor-size-default\">Get away for a night!<\/h2>\t\t\t\t<\/div>\n\t\t\t\t<\/div>\n\t\t\t\t<div class=\"elementor-element elementor-element-2f905ff elementor-widget elementor-widget-text-editor\" data-id=\"2f905ff\" data-element_type=\"widget\" data-e-type=\"widget\" data-widget_type=\"text-editor.default\">\n\t\t\t\t<div class=\"elementor-widget-container\">\n\t\t\t\t\t\t\t\t\t<p><strong>Now with extra content!<\/strong><\/p><p><strong>Valid until: 2026.\u00a0<b>25, 29, 30 March, 06 April.<\/b><\/strong><\/p><p data-start=\"32\" data-end=\"364\">Forget the rush and take time to recharge whenever it feels good! A welcome drink on arrival and a half hour of free bowling will add to the relaxing atmosphere. Relax in our wellness area, which you can use free of charge not only during your stay but also after you leave the room.<\/p><p data-start=\"366\" data-end=\"606\" data-is-last-node=\"\" data-is-only-node=\"\">For added convenience, free late check-out is available until 12:00 (subject to availability), so there's no need to rush. Plus, you can enjoy the spa services on the day of departure to start your week more relaxed.<\/p><p>The package contains the following serives:<\/p><ul><li>Accommodation in the selected room type<\/li><li>Rich buffet breakfast, hot and cold dishes and half board dinner<\/li><li>Use of Aroma SPA (3 indoor pools in winter, 1 outdoor pool in summer, children's and baby pool, salt room, indoor Finnish sauna, 2 infrared saunas, aroma cabin, steam cabin, outdoor Finnish sauna, jacuzzi and jacuzzi)<\/li><li>Games room (bowling, foosball, darts, ping-pong, X-box)<\/li><li>Bathrobe and towel making-up<\/li><li>Free WiFi<\/li><li>Free parking<\/li><li>VAT<\/li><\/ul>\t\t\t\t\t\t\t\t<\/div>\n\t\t\t\t<\/div>\n\t\t\t\t<div class=\"elementor-element elementor-element-2928c5c elementor-widget elementor-widget-accordion\" data-id=\"2928c5c\" data-element_type=\"widget\" data-e-type=\"widget\" data-widget_type=\"accordion.default\">\n\t\t\t\t<div class=\"elementor-widget-container\">\n\t\t\t\t\t\t\t<div class=\"elementor-accordion\">\n\t\t\t\t\t\t\t<div class=\"elementor-accordion-item\">\n\t\t\t\t\t<div id=\"elementor-tab-title-4311\" class=\"elementor-tab-title\" data-tab=\"1\" role=\"button\" aria-controls=\"elementor-tab-content-4311\" aria-expanded=\"false\">\n\t\t\t\t\t\t\t\t\t\t\t\t<a class=\"elementor-accordion-title\" tabindex=\"0\">Package extra:<\/a>\n\t\t\t\t\t<\/div>\n\t\t\t\t\t<div id=\"elementor-tab-content-4311\" class=\"elementor-tab-content elementor-clearfix\" data-tab=\"1\" role=\"region\" aria-labelledby=\"elementor-tab-title-4311\"><ul><li class=\"xmsonormal\"><p>welcome drink<\/p><\/li><li class=\"xmsonormal\"><p>half an hour of free bowling<\/p><\/li><li class=\"xmsonormal\"><p>free use of wellness facilities after leaving the room<\/p><\/li><li class=\"xmsonormal\"><p>free late check-out until 12:00 (subject to availability)<\/p><p>\u00a0<\/p><\/li><\/ul><\/div>\n\t\t\t\t<\/div>\n\t\t\t\t\t\t\t\t<\/div>\n\t\t\t\t\t\t<\/div>\n\t\t\t\t<\/div>\n\t\t<div class=\"elementor-element elementor-element-25565e4 e-con-full e-flex e-con e-child\" data-id=\"25565e4\" data-element_type=\"container\" data-e-type=\"container\" data-settings=\"{&quot;background_background&quot;:&quot;classic&quot;}\">\n\t\t\t\t<div class=\"elementor-element elementor-element-07eb6ed elementor-align-center elementor-widget elementor-widget-button\" data-id=\"07eb6ed\" data-element_type=\"widget\" data-e-type=\"widget\" data-widget_type=\"button.default\">\n\t\t\t\t<div class=\"elementor-widget-container\">\n\t\t\t\t\t\t\t\t\t<div class=\"elementor-button-wrapper\">\n\t\t\t\t\t<a class=\"elementor-button elementor-button-link elementor-size-sm\" href=\"https:\/\/hotelambient.hu\/en\/foglalas\/\">\n\t\t\t\t\t\t<span class=\"elementor-button-content-wrapper\">\n\t\t\t\t\t\t\t\t\t<span class=\"elementor-button-text\">book a room<\/span>\n\t\t\t\t\t<\/span>\n\t\t\t\t\t<\/a>\n\t\t\t\t<\/div>\n\t\t\t\t\t\t\t\t<\/div>\n\t\t\t\t<\/div>\n\t\t\t\t<div class=\"elementor-element elementor-element-9fc5438 elementor-align-left elementor-widget elementor-widget-button\" data-id=\"9fc5438\" data-element_type=\"widget\" data-e-type=\"widget\" data-widget_type=\"button.default\">\n\t\t\t\t<div class=\"elementor-widget-container\">\n\t\t\t\t\t\t\t\t\t<div class=\"elementor-button-wrapper\">\n\t\t\t\t\t<a class=\"elementor-button elementor-button-link elementor-size-sm\" href=\"#elementor-action%3Aaction%3Dpopup%3Aopen%26settings%3DeyJpZCI6IjMwNyIsInRvZ2dsZSI6ZmFsc2V9\">\n\t\t\t\t\t\t<span class=\"elementor-button-content-wrapper\">\n\t\t\t\t\t\t<span class=\"elementor-button-icon\">\n\t\t\t\t<svg xmlns=\"http:\/\/www.w3.org\/2000\/svg\" width=\"16\" height=\"16\" viewbox=\"0 0 16 16\" fill=\"none\"><circle cx=\"8\" cy=\"8\" r=\"6.5\" stroke=\"black\" stroke-opacity=\"0.54\"><\/circle><path d=\"M7 4.93204C7 4.64725 7.09061 4.42071 7.27184 4.25243C7.46602 4.08414 7.71197 4 8.00971 4C8.30744 4 8.54693 4.08414 8.72816 4.25243C8.90939 4.42071 9 4.64725 9 4.93204C9 5.20388 8.90939 5.42395 8.72816 5.59223C8.54693 5.76052 8.30744 5.84466 8.00971 5.84466C7.71197 5.84466 7.46602 5.76052 7.27184 5.59223C7.09061 5.42395 7 5.20388 7 4.93204ZM8.68932 7V12H7.31068V7H8.68932Z\" fill=\"black\" fill-opacity=\"0.54\"><\/path><\/svg>\t\t\t<\/span>\n\t\t\t\t\t\t\t\t\t<span class=\"elementor-button-text\">booking conditions<\/span>\n\t\t\t\t\t<\/span>\n\t\t\t\t\t<\/a>\n\t\t\t\t<\/div>\n\t\t\t\t\t\t\t\t<\/div>\n\t\t\t\t<\/div>\n\t\t\t\t<\/div>\n\t\t\t\t<\/div>\n\t\t\t\t<\/div>\n\t\t\t\t<\/div>","protected":false},"excerpt":{"rendered":"<p>Most extra csomagtartalommal! \u00c9rv\u00e9nyes:\u00a0 2026.\u00a0m\u00e1rcius 25., 29.,30., \u00e1prilis 06. Felejtsd el a rohan\u00e1st, \u00e9s sz\u00e1nj id\u0151t a felt\u00f6lt\u0151d\u00e9sre, amikor csak j\u00f3l esik! \u00c9rkez\u00e9skor welcome drinkkel v\u00e1runk, a kikapcsol\u00f3d\u00e1s hangulat\u00e1t pedig egy f\u00e9l \u00f3ra ingyenes bowling teszi m\u00e9g \u00e9lm\u00e9nyd\u00fasabb\u00e1. Pihenj kedvedre wellness r\u00e9szleg\u00fcnkben, amelyet nemcsak a tart\u00f3zkod\u00e1s alatt, hanem a szobaelhagy\u00e1s ut\u00e1n is d\u00edjmentesen haszn\u00e1lhatsz. A [&hellip;]<\/p>\n","protected":false},"author":8,"featured_media":4199,"parent":274,"menu_order":0,"comment_status":"closed","ping_status":"closed","template":"","meta":{"footnotes":""},"class_list":["post-4203","page","type-page","status-publish","has-post-thumbnail","hentry"],"yoast_head":"<!-- This site is optimized with the Yoast SEO plugin v27.2 - https:\/\/yoast.com\/product\/yoast-seo-wordpress\/ -->\n<title>Sz\u00f6kj el egy \u00e9jszak\u00e1ra! - Hotel Ambient<\/title>\n<meta name=\"robots\" content=\"index, follow, max-snippet:-1, max-image-preview:large, max-video-preview:-1\" \/>\n<link rel=\"canonical\" href=\"https:\/\/hotelambient.hu\/en\/our-schedules\/black-friday-5\/\" \/>\n<meta property=\"og:locale\" content=\"en_GB\" \/>\n<meta property=\"og:type\" content=\"article\" \/>\n<meta property=\"og:title\" content=\"Sz\u00f6kj el egy \u00e9jszak\u00e1ra! - Hotel Ambient\" \/>\n<meta property=\"og:description\" content=\"Most extra csomagtartalommal! \u00c9rv\u00e9nyes:\u00a0 2026.\u00a0m\u00e1rcius 25., 29.,30., \u00e1prilis 06. Felejtsd el a rohan\u00e1st, \u00e9s sz\u00e1nj id\u0151t a felt\u00f6lt\u0151d\u00e9sre, amikor csak j\u00f3l esik! \u00c9rkez\u00e9skor welcome drinkkel v\u00e1runk, a kikapcsol\u00f3d\u00e1s hangulat\u00e1t pedig egy f\u00e9l \u00f3ra ingyenes bowling teszi m\u00e9g \u00e9lm\u00e9nyd\u00fasabb\u00e1. Pihenj kedvedre wellness r\u00e9szleg\u00fcnkben, amelyet nemcsak a tart\u00f3zkod\u00e1s alatt, hanem a szobaelhagy\u00e1s ut\u00e1n is d\u00edjmentesen haszn\u00e1lhatsz. A [&hellip;]\" \/>\n<meta property=\"og:url\" content=\"https:\/\/hotelambient.hu\/en\/our-schedules\/black-friday-5\/\" \/>\n<meta property=\"og:site_name\" content=\"Hotel Ambient\" \/>\n<meta property=\"article:modified_time\" content=\"2026-03-24T14:03:26+00:00\" \/>\n<meta property=\"og:image\" content=\"https:\/\/hotelambient.hu\/wp-content\/uploads\/2024\/07\/1ejszakascsomag-1.jpg\" \/>\n\t<meta property=\"og:image:width\" content=\"1200\" \/>\n\t<meta property=\"og:image:height\" content=\"1200\" \/>\n\t<meta property=\"og:image:type\" content=\"image\/jpeg\" \/>\n<meta name=\"twitter:card\" content=\"summary_large_image\" \/>\n<meta name=\"twitter:label1\" content=\"Estimated reading time\" \/>\n\t<meta name=\"twitter:data1\" content=\"2 minutes\" \/>\n<script type=\"application\/ld+json\" class=\"yoast-schema-graph\">{\"@context\":\"https:\/\/schema.org\",\"@graph\":[{\"@type\":\"WebPage\",\"@id\":\"https:\/\/hotelambient.hu\/ajanlataink\/szokj-el-egy-ejszakara\/\",\"url\":\"https:\/\/hotelambient.hu\/ajanlataink\/szokj-el-egy-ejszakara\/\",\"name\":\"Sz\u00f6kj el egy \u00e9jszak\u00e1ra! - Hotel Ambient\",\"isPartOf\":{\"@id\":\"https:\/\/hotelambient.hu\/en\/#website\"},\"primaryImageOfPage\":{\"@id\":\"https:\/\/hotelambient.hu\/ajanlataink\/szokj-el-egy-ejszakara\/#primaryimage\"},\"image\":{\"@id\":\"https:\/\/hotelambient.hu\/ajanlataink\/szokj-el-egy-ejszakara\/#primaryimage\"},\"thumbnailUrl\":\"https:\/\/hotelambient.hu\/wp-content\/uploads\/2024\/07\/1ejszakascsomag-1.jpg\",\"datePublished\":\"2024-07-22T12:54:25+00:00\",\"dateModified\":\"2026-03-24T14:03:26+00:00\",\"breadcrumb\":{\"@id\":\"https:\/\/hotelambient.hu\/ajanlataink\/szokj-el-egy-ejszakara\/#breadcrumb\"},\"inLanguage\":\"en-GB\",\"potentialAction\":[{\"@type\":\"ReadAction\",\"target\":[\"https:\/\/hotelambient.hu\/ajanlataink\/szokj-el-egy-ejszakara\/\"]}]},{\"@type\":\"ImageObject\",\"inLanguage\":\"en-GB\",\"@id\":\"https:\/\/hotelambient.hu\/ajanlataink\/szokj-el-egy-ejszakara\/#primaryimage\",\"url\":\"https:\/\/hotelambient.hu\/wp-content\/uploads\/2024\/07\/1ejszakascsomag-1.jpg\",\"contentUrl\":\"https:\/\/hotelambient.hu\/wp-content\/uploads\/2024\/07\/1ejszakascsomag-1.jpg\",\"width\":1200,\"height\":1200},{\"@type\":\"BreadcrumbList\",\"@id\":\"https:\/\/hotelambient.hu\/ajanlataink\/szokj-el-egy-ejszakara\/#breadcrumb\",\"itemListElement\":[{\"@type\":\"ListItem\",\"position\":1,\"name\":\"Kezd\u0151lap\",\"item\":\"https:\/\/hotelambient.hu\/hu\/\"},{\"@type\":\"ListItem\",\"position\":2,\"name\":\"Aj\u00e1nlataink\",\"item\":\"https:\/\/hotelambient.hu\/ajanlataink\/\"},{\"@type\":\"ListItem\",\"position\":3,\"name\":\"Sz\u00f6kj el egy \u00e9jszak\u00e1ra!\"}]},{\"@type\":\"WebSite\",\"@id\":\"https:\/\/hotelambient.hu\/en\/#website\",\"url\":\"https:\/\/hotelambient.hu\/en\/\",\"name\":\"Hotel Ambient\",\"description\":\"Hotel Ambient\",\"publisher\":{\"@id\":\"https:\/\/hotelambient.hu\/en\/#organization\"},\"potentialAction\":[{\"@type\":\"SearchAction\",\"target\":{\"@type\":\"EntryPoint\",\"urlTemplate\":\"https:\/\/hotelambient.hu\/en\/?s={search_term_string}\"},\"query-input\":{\"@type\":\"PropertyValueSpecification\",\"valueRequired\":true,\"valueName\":\"search_term_string\"}}],\"inLanguage\":\"en-GB\"},{\"@type\":\"Organization\",\"@id\":\"https:\/\/hotelambient.hu\/en\/#organization\",\"name\":\"Hotel Ambient\",\"url\":\"https:\/\/hotelambient.hu\/en\/\",\"logo\":{\"@type\":\"ImageObject\",\"inLanguage\":\"en-GB\",\"@id\":\"https:\/\/hotelambient.hu\/en\/#\/schema\/logo\/image\/\",\"url\":\"https:\/\/hotelambient.hu\/wp-content\/uploads\/2023\/06\/cropped-Ambient_logo_fekete_transparent_bg.webp\",\"contentUrl\":\"https:\/\/hotelambient.hu\/wp-content\/uploads\/2023\/06\/cropped-Ambient_logo_fekete_transparent_bg.webp\",\"width\":512,\"height\":512,\"caption\":\"Hotel Ambient\"},\"image\":{\"@id\":\"https:\/\/hotelambient.hu\/en\/#\/schema\/logo\/image\/\"}}]}<\/script>\n<!-- \/ Yoast SEO plugin. -->","yoast_head_json":{"title":"Get away for a night! - Hotel Ambient","robots":{"index":"index","follow":"follow","max-snippet":"max-snippet:-1","max-image-preview":"max-image-preview:large","max-video-preview":"max-video-preview:-1"},"canonical":"https:\/\/hotelambient.hu\/en\/our-schedules\/black-friday-5\/","og_locale":"en_GB","og_type":"article","og_title":"Sz\u00f6kj el egy \u00e9jszak\u00e1ra! - Hotel Ambient","og_description":"Most extra csomagtartalommal! \u00c9rv\u00e9nyes:\u00a0 2026.\u00a0m\u00e1rcius 25., 29.,30., \u00e1prilis 06. Felejtsd el a rohan\u00e1st, \u00e9s sz\u00e1nj id\u0151t a felt\u00f6lt\u0151d\u00e9sre, amikor csak j\u00f3l esik! \u00c9rkez\u00e9skor welcome drinkkel v\u00e1runk, a kikapcsol\u00f3d\u00e1s hangulat\u00e1t pedig egy f\u00e9l \u00f3ra ingyenes bowling teszi m\u00e9g \u00e9lm\u00e9nyd\u00fasabb\u00e1. Pihenj kedvedre wellness r\u00e9szleg\u00fcnkben, amelyet nemcsak a tart\u00f3zkod\u00e1s alatt, hanem a szobaelhagy\u00e1s ut\u00e1n is d\u00edjmentesen haszn\u00e1lhatsz. A [&hellip;]","og_url":"https:\/\/hotelambient.hu\/en\/our-schedules\/black-friday-5\/","og_site_name":"Hotel Ambient","article_modified_time":"2026-03-24T14:03:26+00:00","og_image":[{"width":1200,"height":1200,"url":"https:\/\/hotelambient.hu\/wp-content\/uploads\/2024\/07\/1ejszakascsomag-1.jpg","type":"image\/jpeg"}],"twitter_card":"summary_large_image","twitter_misc":{"Estimated reading time":"2 minutes"},"schema":{"@context":"https:\/\/schema.org","@graph":[{"@type":"WebPage","@id":"https:\/\/hotelambient.hu\/ajanlataink\/szokj-el-egy-ejszakara\/","url":"https:\/\/hotelambient.hu\/ajanlataink\/szokj-el-egy-ejszakara\/","name":"Get away for a night! - Hotel Ambient","isPartOf":{"@id":"https:\/\/hotelambient.hu\/en\/#website"},"primaryImageOfPage":{"@id":"https:\/\/hotelambient.hu\/ajanlataink\/szokj-el-egy-ejszakara\/#primaryimage"},"image":{"@id":"https:\/\/hotelambient.hu\/ajanlataink\/szokj-el-egy-ejszakara\/#primaryimage"},"thumbnailUrl":"https:\/\/hotelambient.hu\/wp-content\/uploads\/2024\/07\/1ejszakascsomag-1.jpg","datePublished":"2024-07-22T12:54:25+00:00","dateModified":"2026-03-24T14:03:26+00:00","breadcrumb":{"@id":"https:\/\/hotelambient.hu\/ajanlataink\/szokj-el-egy-ejszakara\/#breadcrumb"},"inLanguage":"en-GB","potentialAction":[{"@type":"ReadAction","target":["https:\/\/hotelambient.hu\/ajanlataink\/szokj-el-egy-ejszakara\/"]}]},{"@type":"ImageObject","inLanguage":"en-GB","@id":"https:\/\/hotelambient.hu\/ajanlataink\/szokj-el-egy-ejszakara\/#primaryimage","url":"https:\/\/hotelambient.hu\/wp-content\/uploads\/2024\/07\/1ejszakascsomag-1.jpg","contentUrl":"https:\/\/hotelambient.hu\/wp-content\/uploads\/2024\/07\/1ejszakascsomag-1.jpg","width":1200,"height":1200},{"@type":"BreadcrumbList","@id":"https:\/\/hotelambient.hu\/ajanlataink\/szokj-el-egy-ejszakara\/#breadcrumb","itemListElement":[{"@type":"ListItem","position":1,"name":"Kezd\u0151lap","item":"https:\/\/hotelambient.hu\/hu\/"},{"@type":"ListItem","position":2,"name":"Aj\u00e1nlataink","item":"https:\/\/hotelambient.hu\/ajanlataink\/"},{"@type":"ListItem","position":3,"name":"Sz\u00f6kj el egy \u00e9jszak\u00e1ra!"}]},{"@type":"WebSite","@id":"https:\/\/hotelambient.hu\/en\/#website","url":"https:\/\/hotelambient.hu\/en\/","name":"Hotel Ambient","description":"Hotel Ambient","publisher":{"@id":"https:\/\/hotelambient.hu\/en\/#organization"},"potentialAction":[{"@type":"SearchAction","target":{"@type":"EntryPoint","urlTemplate":"https:\/\/hotelambient.hu\/en\/?s={search_term_string}"},"query-input":{"@type":"PropertyValueSpecification","valueRequired":true,"valueName":"search_term_string"}}],"inLanguage":"en-GB"},{"@type":"Organization","@id":"https:\/\/hotelambient.hu\/en\/#organization","name":"Hotel Ambient","url":"https:\/\/hotelambient.hu\/en\/","logo":{"@type":"ImageObject","inLanguage":"en-GB","@id":"https:\/\/hotelambient.hu\/en\/#\/schema\/logo\/image\/","url":"https:\/\/hotelambient.hu\/wp-content\/uploads\/2023\/06\/cropped-Ambient_logo_fekete_transparent_bg.webp","contentUrl":"https:\/\/hotelambient.hu\/wp-content\/uploads\/2023\/06\/cropped-Ambient_logo_fekete_transparent_bg.webp","width":512,"height":512,"caption":"Hotel Ambient"},"image":{"@id":"https:\/\/hotelambient.hu\/en\/#\/schema\/logo\/image\/"}}]}},"_links":{"self":[{"href":"https:\/\/hotelambient.hu\/en\/wp-json\/wp\/v2\/pages\/4203","targetHints":{"allow":["GET"]}}],"collection":[{"href":"https:\/\/hotelambient.hu\/en\/wp-json\/wp\/v2\/pages"}],"about":[{"href":"https:\/\/hotelambient.hu\/en\/wp-json\/wp\/v2\/types\/page"}],"author":[{"embeddable":true,"href":"https:\/\/hotelambient.hu\/en\/wp-json\/wp\/v2\/users\/8"}],"replies":[{"embeddable":true,"href":"https:\/\/hotelambient.hu\/en\/wp-json\/wp\/v2\/comments?post=4203"}],"version-history":[{"count":47,"href":"https:\/\/hotelambient.hu\/en\/wp-json\/wp\/v2\/pages\/4203\/revisions"}],"predecessor-version":[{"id":9666,"href":"https:\/\/hotelambient.hu\/en\/wp-json\/wp\/v2\/pages\/4203\/revisions\/9666"}],"up":[{"embeddable":true,"href":"https:\/\/hotelambient.hu\/en\/wp-json\/wp\/v2\/pages\/274"}],"wp:featuredmedia":[{"embeddable":true,"href":"https:\/\/hotelambient.hu\/en\/wp-json\/wp\/v2\/media\/4199"}],"wp:attachment":[{"href":"https:\/\/hotelambient.hu\/en\/wp-json\/wp\/v2\/media?parent=4203"}],"curies":[{"name":"wp","href":"https:\/\/api.w.org\/{rel}","templated":true}]}}