{"id":6328,"date":"2025-01-08T14:26:07","date_gmt":"2025-01-08T13:26:07","guid":{"rendered":"https:\/\/hotelambient.hu\/?page_id=6328"},"modified":"2025-01-09T09:38:05","modified_gmt":"2025-01-09T08:38:05","slug":"data-protection-declaration-2","status":"publish","type":"page","link":"https:\/\/hotelambient.hu\/en\/aszf\/","title":{"rendered":"GTC"},"content":{"rendered":"<div data-elementor-type=\"wp-page\" data-elementor-id=\"6328\" class=\"elementor elementor-6328\" data-elementor-post-type=\"page\">\n\t\t\t\t<div class=\"elementor-element elementor-element-b5892ec e-con-full e-flex e-con e-parent\" data-id=\"b5892ec\" data-element_type=\"container\" data-e-type=\"container\">\n\t\t\t\t<div class=\"elementor-element elementor-element-4934fc3 elementor-widget elementor-widget-heading\" data-id=\"4934fc3\" data-element_type=\"widget\" data-e-type=\"widget\" data-widget_type=\"heading.default\">\n\t\t\t\t<div class=\"elementor-widget-container\">\n\t\t\t\t\t<h1 class=\"elementor-heading-title elementor-size-default\">GTC<\/h1>\t\t\t\t<\/div>\n\t\t\t\t<\/div>\n\t\t<div class=\"elementor-element elementor-element-2c946fa e-flex e-con-boxed e-con e-child\" data-id=\"2c946fa\" data-element_type=\"container\" data-e-type=\"container\">\n\t\t\t\t\t<div class=\"e-con-inner\">\n\t\t\t\t<div class=\"elementor-element elementor-element-4fb6c85 elementor-widget elementor-widget-text-editor\" data-id=\"4fb6c85\" data-element_type=\"widget\" data-e-type=\"widget\" data-no-translation=\"\" data-widget_type=\"text-editor.default\">\n\t\t\t\t<div class=\"elementor-widget-container\">\n\t\t\t\t\t<style>.elementor-element-4fb6c85{display:none !important}<\/style>\t\t\t\t<\/div>\n\t\t\t\t<\/div>\n\t\t\t\t\t<\/div>\n\t\t\t\t<\/div>\n\t\t\t\t<\/div>\n\t\t\t\t<\/div>","protected":false},"excerpt":{"rendered":"<p>1. Szolg\u00e1ltat\u00f3 adataiC\u00e9gn\u00e9v: Sikf\u00fcrd\u0151 KftSz\u00e9khely: 1031-Budapest, P\u00e9ter u. 4.Telephely: Ambient Hotel, 7300-Koml\u00f3, F\u00fcrd\u0151 u. 5.C\u00e9gjegyz\u00e9ksz\u00e1m: 01-09-432319Ad\u00f3sz\u00e1m: 14816365-2-41EU ad\u00f3sz\u00e1m: HU14816365Banksz\u00e1mlasz\u00e1m: MBH Bank 50800142-15357968-00000000EUR Banksz\u00e1mlasz\u00e1m: HU78 5080 0142 5812 1971 0000 0000SWIFT: MKKBHUHB 2. \u00c1ltal\u00e1nos szab\u00e1lyok2.1 Jelen \u201e\u00c1ltal\u00e1nos Szerz\u0151d\u00e9si Felt\u00e9telek\u201d szab\u00e1lyozz\u00e1k a Szolg\u00e1ltat\u00f3 sz\u00e1ll\u00e1shelyeinek, \u00e9s azok szolg\u00e1ltat\u00e1sainak ig\u00e9nybev\u00e9tel\u00e9t.2.2 Speci\u00e1lis, egyedi felt\u00e9telek nem k\u00e9pezik r\u00e9sz\u00e9t a k\u00f6z\u00f6lt \u00c1ltal\u00e1nos [&hellip;]<\/p>\n","protected":false},"author":8,"featured_media":0,"parent":0,"menu_order":0,"comment_status":"closed","ping_status":"closed","template":"","meta":{"footnotes":""},"class_list":["post-6328","page","type-page","status-publish","hentry"],"yoast_head":"<!-- This site is optimized with the Yoast SEO plugin v27.2 - https:\/\/yoast.com\/product\/yoast-seo-wordpress\/ -->\n<title>\u00c1SZF - Hotel Ambient<\/title>\n<meta name=\"robots\" content=\"index, follow, max-snippet:-1, max-image-preview:large, max-video-preview:-1\" \/>\n<link rel=\"canonical\" href=\"https:\/\/hotelambient.hu\/en\/data-protection-declaration-2\/\" \/>\n<meta property=\"og:locale\" content=\"en_GB\" \/>\n<meta property=\"og:type\" content=\"article\" \/>\n<meta property=\"og:title\" content=\"\u00c1SZF - Hotel Ambient\" \/>\n<meta property=\"og:description\" content=\"1. Szolg\u00e1ltat\u00f3 adataiC\u00e9gn\u00e9v: Sikf\u00fcrd\u0151 KftSz\u00e9khely: 1031-Budapest, P\u00e9ter u. 4.Telephely: Ambient Hotel, 7300-Koml\u00f3, F\u00fcrd\u0151 u. 5.C\u00e9gjegyz\u00e9ksz\u00e1m: 01-09-432319Ad\u00f3sz\u00e1m: 14816365-2-41EU ad\u00f3sz\u00e1m: HU14816365Banksz\u00e1mlasz\u00e1m: MBH Bank 50800142-15357968-00000000EUR Banksz\u00e1mlasz\u00e1m: HU78 5080 0142 5812 1971 0000 0000SWIFT: MKKBHUHB 2. \u00c1ltal\u00e1nos szab\u00e1lyok2.1 Jelen \u201e\u00c1ltal\u00e1nos Szerz\u0151d\u00e9si Felt\u00e9telek\u201d szab\u00e1lyozz\u00e1k a Szolg\u00e1ltat\u00f3 sz\u00e1ll\u00e1shelyeinek, \u00e9s azok szolg\u00e1ltat\u00e1sainak ig\u00e9nybev\u00e9tel\u00e9t.2.2 Speci\u00e1lis, egyedi felt\u00e9telek nem k\u00e9pezik r\u00e9sz\u00e9t a k\u00f6z\u00f6lt \u00c1ltal\u00e1nos [&hellip;]\" \/>\n<meta property=\"og:url\" content=\"https:\/\/hotelambient.hu\/en\/data-protection-declaration-2\/\" \/>\n<meta property=\"og:site_name\" content=\"Hotel Ambient\" \/>\n<meta property=\"article:modified_time\" content=\"2025-01-09T08:38:05+00:00\" \/>\n<meta property=\"og:image\" content=\"https:\/\/hotelambient.hu\/wp-content\/uploads\/2024\/05\/Accent_Ambient_Wellness_1280x_008-3.jpg\" \/>\n\t<meta property=\"og:image:width\" content=\"1100\" \/>\n\t<meta property=\"og:image:height\" content=\"733\" \/>\n\t<meta property=\"og:image:type\" content=\"image\/jpeg\" \/>\n<meta name=\"twitter:card\" content=\"summary_large_image\" \/>\n<meta name=\"twitter:label1\" content=\"Estimated reading time\" \/>\n\t<meta name=\"twitter:data1\" content=\"25 minutes\" \/>\n<script type=\"application\/ld+json\" class=\"yoast-schema-graph\">{\"@context\":\"https:\/\/schema.org\",\"@graph\":[{\"@type\":\"WebPage\",\"@id\":\"https:\/\/hotelambient.hu\/hu\/aszf\/\",\"url\":\"https:\/\/hotelambient.hu\/hu\/aszf\/\",\"name\":\"\u00c1SZF - Hotel Ambient\",\"isPartOf\":{\"@id\":\"https:\/\/hotelambient.hu\/en\/#website\"},\"datePublished\":\"2025-01-08T13:26:07+00:00\",\"dateModified\":\"2025-01-09T08:38:05+00:00\",\"breadcrumb\":{\"@id\":\"https:\/\/hotelambient.hu\/hu\/aszf\/#breadcrumb\"},\"inLanguage\":\"en-GB\",\"potentialAction\":[{\"@type\":\"ReadAction\",\"target\":[\"https:\/\/hotelambient.hu\/hu\/aszf\/\"]}]},{\"@type\":\"BreadcrumbList\",\"@id\":\"https:\/\/hotelambient.hu\/hu\/aszf\/#breadcrumb\",\"itemListElement\":[{\"@type\":\"ListItem\",\"position\":1,\"name\":\"Kezd\u0151lap\",\"item\":\"https:\/\/hotelambient.hu\/hu\/\"},{\"@type\":\"ListItem\",\"position\":2,\"name\":\"\u00c1SZF\"}]},{\"@type\":\"WebSite\",\"@id\":\"https:\/\/hotelambient.hu\/en\/#website\",\"url\":\"https:\/\/hotelambient.hu\/en\/\",\"name\":\"Hotel Ambient\",\"description\":\"Hotel Ambient\",\"publisher\":{\"@id\":\"https:\/\/hotelambient.hu\/en\/#organization\"},\"potentialAction\":[{\"@type\":\"SearchAction\",\"target\":{\"@type\":\"EntryPoint\",\"urlTemplate\":\"https:\/\/hotelambient.hu\/en\/?s={search_term_string}\"},\"query-input\":{\"@type\":\"PropertyValueSpecification\",\"valueRequired\":true,\"valueName\":\"search_term_string\"}}],\"inLanguage\":\"en-GB\"},{\"@type\":\"Organization\",\"@id\":\"https:\/\/hotelambient.hu\/en\/#organization\",\"name\":\"Hotel Ambient\",\"url\":\"https:\/\/hotelambient.hu\/en\/\",\"logo\":{\"@type\":\"ImageObject\",\"inLanguage\":\"en-GB\",\"@id\":\"https:\/\/hotelambient.hu\/en\/#\/schema\/logo\/image\/\",\"url\":\"https:\/\/hotelambient.hu\/wp-content\/uploads\/2023\/06\/cropped-Ambient_logo_fekete_transparent_bg.webp\",\"contentUrl\":\"https:\/\/hotelambient.hu\/wp-content\/uploads\/2023\/06\/cropped-Ambient_logo_fekete_transparent_bg.webp\",\"width\":512,\"height\":512,\"caption\":\"Hotel Ambient\"},\"image\":{\"@id\":\"https:\/\/hotelambient.hu\/en\/#\/schema\/logo\/image\/\"}}]}<\/script>\n<!-- \/ Yoast SEO plugin. -->","yoast_head_json":{"title":"Terms and conditions - Hotel Ambient","robots":{"index":"index","follow":"follow","max-snippet":"max-snippet:-1","max-image-preview":"max-image-preview:large","max-video-preview":"max-video-preview:-1"},"canonical":"https:\/\/hotelambient.hu\/en\/data-protection-declaration-2\/","og_locale":"en_GB","og_type":"article","og_title":"\u00c1SZF - Hotel Ambient","og_description":"1. Szolg\u00e1ltat\u00f3 adataiC\u00e9gn\u00e9v: Sikf\u00fcrd\u0151 KftSz\u00e9khely: 1031-Budapest, P\u00e9ter u. 4.Telephely: Ambient Hotel, 7300-Koml\u00f3, F\u00fcrd\u0151 u. 5.C\u00e9gjegyz\u00e9ksz\u00e1m: 01-09-432319Ad\u00f3sz\u00e1m: 14816365-2-41EU ad\u00f3sz\u00e1m: HU14816365Banksz\u00e1mlasz\u00e1m: MBH Bank 50800142-15357968-00000000EUR Banksz\u00e1mlasz\u00e1m: HU78 5080 0142 5812 1971 0000 0000SWIFT: MKKBHUHB 2. \u00c1ltal\u00e1nos szab\u00e1lyok2.1 Jelen \u201e\u00c1ltal\u00e1nos Szerz\u0151d\u00e9si Felt\u00e9telek\u201d szab\u00e1lyozz\u00e1k a Szolg\u00e1ltat\u00f3 sz\u00e1ll\u00e1shelyeinek, \u00e9s azok szolg\u00e1ltat\u00e1sainak ig\u00e9nybev\u00e9tel\u00e9t.2.2 Speci\u00e1lis, egyedi felt\u00e9telek nem k\u00e9pezik r\u00e9sz\u00e9t a k\u00f6z\u00f6lt \u00c1ltal\u00e1nos [&hellip;]","og_url":"https:\/\/hotelambient.hu\/en\/data-protection-declaration-2\/","og_site_name":"Hotel Ambient","article_modified_time":"2025-01-09T08:38:05+00:00","og_image":[{"width":1100,"height":733,"url":"https:\/\/hotelambient.hu\/wp-content\/uploads\/2024\/05\/Accent_Ambient_Wellness_1280x_008-3.jpg","type":"image\/jpeg"}],"twitter_card":"summary_large_image","twitter_misc":{"Estimated reading time":"25 minutes"},"schema":{"@context":"https:\/\/schema.org","@graph":[{"@type":"WebPage","@id":"https:\/\/hotelambient.hu\/hu\/aszf\/","url":"https:\/\/hotelambient.hu\/hu\/aszf\/","name":"Terms and conditions - Hotel Ambient","isPartOf":{"@id":"https:\/\/hotelambient.hu\/en\/#website"},"datePublished":"2025-01-08T13:26:07+00:00","dateModified":"2025-01-09T08:38:05+00:00","breadcrumb":{"@id":"https:\/\/hotelambient.hu\/hu\/aszf\/#breadcrumb"},"inLanguage":"en-GB","potentialAction":[{"@type":"ReadAction","target":["https:\/\/hotelambient.hu\/hu\/aszf\/"]}]},{"@type":"BreadcrumbList","@id":"https:\/\/hotelambient.hu\/hu\/aszf\/#breadcrumb","itemListElement":[{"@type":"ListItem","position":1,"name":"Kezd\u0151lap","item":"https:\/\/hotelambient.hu\/hu\/"},{"@type":"ListItem","position":2,"name":"\u00c1SZF"}]},{"@type":"WebSite","@id":"https:\/\/hotelambient.hu\/en\/#website","url":"https:\/\/hotelambient.hu\/en\/","name":"Hotel Ambient","description":"Hotel Ambient","publisher":{"@id":"https:\/\/hotelambient.hu\/en\/#organization"},"potentialAction":[{"@type":"SearchAction","target":{"@type":"EntryPoint","urlTemplate":"https:\/\/hotelambient.hu\/en\/?s={search_term_string}"},"query-input":{"@type":"PropertyValueSpecification","valueRequired":true,"valueName":"search_term_string"}}],"inLanguage":"en-GB"},{"@type":"Organization","@id":"https:\/\/hotelambient.hu\/en\/#organization","name":"Hotel Ambient","url":"https:\/\/hotelambient.hu\/en\/","logo":{"@type":"ImageObject","inLanguage":"en-GB","@id":"https:\/\/hotelambient.hu\/en\/#\/schema\/logo\/image\/","url":"https:\/\/hotelambient.hu\/wp-content\/uploads\/2023\/06\/cropped-Ambient_logo_fekete_transparent_bg.webp","contentUrl":"https:\/\/hotelambient.hu\/wp-content\/uploads\/2023\/06\/cropped-Ambient_logo_fekete_transparent_bg.webp","width":512,"height":512,"caption":"Hotel Ambient"},"image":{"@id":"https:\/\/hotelambient.hu\/en\/#\/schema\/logo\/image\/"}}]}},"_links":{"self":[{"href":"https:\/\/hotelambient.hu\/en\/wp-json\/wp\/v2\/pages\/6328","targetHints":{"allow":["GET"]}}],"collection":[{"href":"https:\/\/hotelambient.hu\/en\/wp-json\/wp\/v2\/pages"}],"about":[{"href":"https:\/\/hotelambient.hu\/en\/wp-json\/wp\/v2\/types\/page"}],"author":[{"embeddable":true,"href":"https:\/\/hotelambient.hu\/en\/wp-json\/wp\/v2\/users\/8"}],"replies":[{"embeddable":true,"href":"https:\/\/hotelambient.hu\/en\/wp-json\/wp\/v2\/comments?post=6328"}],"version-history":[{"count":7,"href":"https:\/\/hotelambient.hu\/en\/wp-json\/wp\/v2\/pages\/6328\/revisions"}],"predecessor-version":[{"id":6343,"href":"https:\/\/hotelambient.hu\/en\/wp-json\/wp\/v2\/pages\/6328\/revisions\/6343"}],"wp:attachment":[{"href":"https:\/\/hotelambient.hu\/en\/wp-json\/wp\/v2\/media?parent=6328"}],"curies":[{"name":"wp","href":"https:\/\/api.w.org\/{rel}","templated":true}]}}