{"id":6663,"date":"2025-01-21T14:26:58","date_gmt":"2025-01-21T13:26:58","guid":{"rendered":"https:\/\/hotelambient.hu\/?page_id=6663"},"modified":"2026-04-24T12:46:10","modified_gmt":"2026-04-24T10:46:10","slug":"punkosdi-refreshules","status":"publish","type":"page","link":"https:\/\/hotelambient.hu\/en\/ajanlataink\/punkosdi-felfrissules\/","title":{"rendered":"Pentecost refreshment"},"content":{"rendered":"<div data-elementor-type=\"wp-page\" data-elementor-id=\"6663\" class=\"elementor elementor-6663\" data-elementor-post-type=\"page\">\n\t\t\t\t<div class=\"elementor-element elementor-element-24a4abf e-con-full e-flex e-con e-parent\" data-id=\"24a4abf\" data-element_type=\"container\" data-e-type=\"container\">\n\t\t<div class=\"elementor-element elementor-element-0baca78 e-con-full e-flex e-con e-child\" data-id=\"0baca78\" data-element_type=\"container\" data-e-type=\"container\" data-settings=\"{&quot;background_background&quot;:&quot;classic&quot;}\">\n\t\t\t\t<div class=\"elementor-element elementor-element-671a8c9 elementor-widget elementor-widget-image\" data-id=\"671a8c9\" data-element_type=\"widget\" data-e-type=\"widget\" data-widget_type=\"image.default\">\n\t\t\t\t<div class=\"elementor-widget-container\">\n\t\t\t\t\t\t\t\t\t\t\t\t\t\t\t<img fetchpriority=\"high\" decoding=\"async\" width=\"800\" height=\"800\" src=\"https:\/\/hotelambient.hu\/wp-content\/uploads\/2025\/05\/punkosdi-1024x1024.jpg\" class=\"attachment-large size-large wp-image-7628\" alt=\"\" srcset=\"https:\/\/hotelambient.hu\/wp-content\/uploads\/2025\/05\/punkosdi-1024x1024.jpg 1024w, https:\/\/hotelambient.hu\/wp-content\/uploads\/2025\/05\/punkosdi-300x300.jpg 300w, https:\/\/hotelambient.hu\/wp-content\/uploads\/2025\/05\/punkosdi-150x150.jpg 150w, https:\/\/hotelambient.hu\/wp-content\/uploads\/2025\/05\/punkosdi-768x768.jpg 768w, https:\/\/hotelambient.hu\/wp-content\/uploads\/2025\/05\/punkosdi-12x12.jpg 12w, https:\/\/hotelambient.hu\/wp-content\/uploads\/2025\/05\/punkosdi.jpg 1200w\" sizes=\"(max-width: 800px) 100vw, 800px\" \/>\t\t\t\t\t\t\t\t\t\t\t\t\t\t\t<\/div>\n\t\t\t\t<\/div>\n\t\t\t\t<\/div>\n\t\t<div class=\"elementor-element elementor-element-31be0cb e-con-full e-flex e-con e-child\" data-id=\"31be0cb\" data-element_type=\"container\" data-e-type=\"container\">\n\t\t\t\t<div class=\"elementor-element elementor-element-e018716 elementor-widget elementor-widget-heading\" data-id=\"e018716\" data-element_type=\"widget\" data-e-type=\"widget\" data-widget_type=\"heading.default\">\n\t\t\t\t<div class=\"elementor-widget-container\">\n\t\t\t\t\t<h2 class=\"elementor-heading-title elementor-size-default\">Pentecost refreshment<\/h2>\t\t\t\t<\/div>\n\t\t\t\t<\/div>\n\t\t\t\t<div class=\"elementor-element elementor-element-2f905ff elementor-widget elementor-widget-text-editor\" data-id=\"2f905ff\" data-element_type=\"widget\" data-e-type=\"widget\" data-widget_type=\"text-editor.default\">\n\t\t\t\t<div class=\"elementor-widget-container\">\n\t\t\t\t\t\t\t\t\t<p>During the long weekend in May, you can finally relax a little and just enjoy the rest. There's a colourful programme of activities to keep you entertained, including a Mayan atmosphere, cocktail making, a spectacular pig roast, craft beer tasting and musical evenings. Sauna and wellness during the day, party and relaxation in the evening - everything you need for a relaxing experience.<\/p><p><strong>Valid from 22 to 25 May 2026<\/strong><\/p><p><b>Contents of the package<\/b>:<\/p><ul><li>Accommodation in the selected room type<\/li><li>Rich buffet breakfast, hot and cold dishes and half board dinner<\/li><li>Use of Thermal SPA (3 indoor pools in winter, 1 outdoor pool in summer, children's and baby pool, salt room, indoor Finnish sauna, 2 infrared saunas, aroma cabin, steam cabin, outdoor Finnish sauna, jacuzzi and jacuzzi)<\/li><li>Games room (table football, darts, ping-pong, X-box)<\/li><li>Bathrobe and towel making-up<\/li><li>Free WiFi<\/li><li>Free parking<\/li><li>VAT<\/li><\/ul>\t\t\t\t\t\t\t\t<\/div>\n\t\t\t\t<\/div>\n\t\t<div class=\"elementor-element elementor-element-25565e4 e-con-full e-flex e-con e-child\" data-id=\"25565e4\" data-element_type=\"container\" data-e-type=\"container\" data-settings=\"{&quot;background_background&quot;:&quot;classic&quot;}\">\n\t\t\t\t<div class=\"elementor-element elementor-element-07eb6ed elementor-align-center elementor-widget elementor-widget-button\" data-id=\"07eb6ed\" data-element_type=\"widget\" data-e-type=\"widget\" data-widget_type=\"button.default\">\n\t\t\t\t<div class=\"elementor-widget-container\">\n\t\t\t\t\t\t\t\t\t<div class=\"elementor-button-wrapper\">\n\t\t\t\t\t<a class=\"elementor-button elementor-button-link elementor-size-sm\" href=\"https:\/\/hotelambient.hu\/en\/foglalas\/\">\n\t\t\t\t\t\t<span class=\"elementor-button-content-wrapper\">\n\t\t\t\t\t\t\t\t\t<span class=\"elementor-button-text\">book a room<\/span>\n\t\t\t\t\t<\/span>\n\t\t\t\t\t<\/a>\n\t\t\t\t<\/div>\n\t\t\t\t\t\t\t\t<\/div>\n\t\t\t\t<\/div>\n\t\t\t\t<div class=\"elementor-element elementor-element-9fc5438 elementor-align-left elementor-widget elementor-widget-button\" data-id=\"9fc5438\" data-element_type=\"widget\" data-e-type=\"widget\" data-widget_type=\"button.default\">\n\t\t\t\t<div class=\"elementor-widget-container\">\n\t\t\t\t\t\t\t\t\t<div class=\"elementor-button-wrapper\">\n\t\t\t\t\t<a class=\"elementor-button elementor-button-link elementor-size-sm\" href=\"#elementor-action%3Aaction%3Dpopup%3Aopen%26settings%3DeyJpZCI6IjMwNyIsInRvZ2dsZSI6ZmFsc2V9\">\n\t\t\t\t\t\t<span class=\"elementor-button-content-wrapper\">\n\t\t\t\t\t\t<span class=\"elementor-button-icon\">\n\t\t\t\t<svg xmlns=\"http:\/\/www.w3.org\/2000\/svg\" width=\"16\" height=\"16\" viewbox=\"0 0 16 16\" fill=\"none\"><circle cx=\"8\" cy=\"8\" r=\"6.5\" stroke=\"black\" stroke-opacity=\"0.54\"><\/circle><path d=\"M7 4.93204C7 4.64725 7.09061 4.42071 7.27184 4.25243C7.46602 4.08414 7.71197 4 8.00971 4C8.30744 4 8.54693 4.08414 8.72816 4.25243C8.90939 4.42071 9 4.64725 9 4.93204C9 5.20388 8.90939 5.42395 8.72816 5.59223C8.54693 5.76052 8.30744 5.84466 8.00971 5.84466C7.71197 5.84466 7.46602 5.76052 7.27184 5.59223C7.09061 5.42395 7 5.20388 7 4.93204ZM8.68932 7V12H7.31068V7H8.68932Z\" fill=\"black\" fill-opacity=\"0.54\"><\/path><\/svg>\t\t\t<\/span>\n\t\t\t\t\t\t\t\t\t<span class=\"elementor-button-text\">booking conditions<\/span>\n\t\t\t\t\t<\/span>\n\t\t\t\t\t<\/a>\n\t\t\t\t<\/div>\n\t\t\t\t\t\t\t\t<\/div>\n\t\t\t\t<\/div>\n\t\t\t\t<\/div>\n\t\t\t\t<div class=\"elementor-element elementor-element-2928c5c elementor-widget elementor-widget-accordion\" data-id=\"2928c5c\" data-element_type=\"widget\" data-e-type=\"widget\" data-widget_type=\"accordion.default\">\n\t\t\t\t<div class=\"elementor-widget-container\">\n\t\t\t\t\t\t\t<div class=\"elementor-accordion\">\n\t\t\t\t\t\t\t<div class=\"elementor-accordion-item\">\n\t\t\t\t\t<div id=\"elementor-tab-title-4311\" class=\"elementor-tab-title\" data-tab=\"1\" role=\"button\" aria-controls=\"elementor-tab-content-4311\" aria-expanded=\"false\">\n\t\t\t\t\t\t\t\t\t\t\t\t<a class=\"elementor-accordion-title\" tabindex=\"0\">Package extra:<\/a>\n\t\t\t\t\t<\/div>\n\t\t\t\t\t<div id=\"elementor-tab-content-4311\" class=\"elementor-tab-content elementor-clearfix\" data-tab=\"1\" role=\"region\" aria-labelledby=\"elementor-tab-title-4311\"><p><b>Weekend programme:<\/b><\/p><p><strong>Friday 22.05.<\/strong><\/p><ul><li><strong>Cosy evening live music<\/strong> in the lobby, where the tunes and the relaxed atmosphere help you get away from it all<\/li><\/ul><p>\u00a0<\/p><p><strong>Saturday 23 May:<\/strong><\/p><ul><li><strong>Guided tour<\/strong> in the picturesque Mecsek<\/li><li>Refresher, <strong>spring sauna toppings<\/strong> for physical and mental replenishment<\/li><li><strong>Ag\u00e1rdi P\u00e1linka tasting <\/strong>Led by Uncle Gyuri Sipos<\/li><li>The evening ended once again <strong>atmospheric live music<\/strong> crown the lobby<\/li><\/ul><p>\u00a0<\/p><p><strong>Sunday 24.05.<\/strong><\/p><ul><li><strong>Summer fragrance workshop<\/strong> with the P\u00e9cs Aroma House: fragrances, tips for travelling and making your own relaxing bath salt (even with children!)<\/li><li>For children:<strong> spring honey cake decoration<\/strong><\/li><li>Pampering <strong>spring sauna toppings<\/strong><\/li><li><strong>Evening excitement: <\/strong>live music, real party atmosphere with DJ F\u00d6F\u00d6<\/li><\/ul><\/div>\n\t\t\t\t<\/div>\n\t\t\t\t\t\t\t\t<\/div>\n\t\t\t\t\t\t<\/div>\n\t\t\t\t<\/div>\n\t\t\t\t<\/div>\n\t\t\t\t<\/div>\n\t\t\t\t<\/div>","protected":false},"excerpt":{"rendered":"<p>A m\u00e1jusi hossz\u00fa h\u00e9tv\u00e9g\u00e9n v\u00e9gre kikapcsolhatsz egy kicsit, \u00e9s csak \u00e9lvezheted a pihen\u00e9st. Sz\u00ednes programok v\u00e1rnak: maj\u00e1lis hangulat, kokt\u00e9lk\u00e9sz\u00edt\u00e9s, l\u00e1tv\u00e1nyos malacs\u00fct\u00e9s, k\u00e9zm\u0171ves s\u00f6rk\u00f3stol\u00f3 \u00e9s zen\u00e9s est\u00e9k gondoskodnak a j\u00f3kedvr\u0151l. Napk\u00f6zben szaunafel\u00f6nt\u00e9sek \u00e9s wellness, este pedig buli \u00e9s lazul\u00e1s \u2013 minden adott egy \u00e9lm\u00e9nyekkel teli kikapcsol\u00f3d\u00e1shoz. \u00c9rv\u00e9nyes: 2026. m\u00e1jus 22-t\u0151l 25-ig A csomag tartalma: Sz\u00e1ll\u00e1s a [&hellip;]<\/p>\n","protected":false},"author":4,"featured_media":7628,"parent":274,"menu_order":0,"comment_status":"closed","ping_status":"closed","template":"","meta":{"footnotes":""},"class_list":["post-6663","page","type-page","status-publish","has-post-thumbnail","hentry"],"yoast_head":"<!-- This site is optimized with the Yoast SEO plugin v27.4 - https:\/\/yoast.com\/product\/yoast-seo-wordpress\/ -->\n<title>P\u00fcnk\u00f6sdi felfriss\u00fcl\u00e9s - Hotel Ambient<\/title>\n<meta name=\"robots\" content=\"index, follow, max-snippet:-1, max-image-preview:large, max-video-preview:-1\" \/>\n<link rel=\"canonical\" href=\"https:\/\/hotelambient.hu\/en\/our-schedules\/punkosdi-refreshules\/\" \/>\n<meta property=\"og:locale\" content=\"en_GB\" \/>\n<meta property=\"og:type\" content=\"article\" \/>\n<meta property=\"og:title\" content=\"P\u00fcnk\u00f6sdi felfriss\u00fcl\u00e9s - Hotel Ambient\" \/>\n<meta property=\"og:description\" content=\"A m\u00e1jusi hossz\u00fa h\u00e9tv\u00e9g\u00e9n v\u00e9gre kikapcsolhatsz egy kicsit, \u00e9s csak \u00e9lvezheted a pihen\u00e9st. Sz\u00ednes programok v\u00e1rnak: maj\u00e1lis hangulat, kokt\u00e9lk\u00e9sz\u00edt\u00e9s, l\u00e1tv\u00e1nyos malacs\u00fct\u00e9s, k\u00e9zm\u0171ves s\u00f6rk\u00f3stol\u00f3 \u00e9s zen\u00e9s est\u00e9k gondoskodnak a j\u00f3kedvr\u0151l. Napk\u00f6zben szaunafel\u00f6nt\u00e9sek \u00e9s wellness, este pedig buli \u00e9s lazul\u00e1s \u2013 minden adott egy \u00e9lm\u00e9nyekkel teli kikapcsol\u00f3d\u00e1shoz. \u00c9rv\u00e9nyes: 2026. m\u00e1jus 22-t\u0151l 25-ig A csomag tartalma: Sz\u00e1ll\u00e1s a [&hellip;]\" \/>\n<meta property=\"og:url\" content=\"https:\/\/hotelambient.hu\/en\/our-schedules\/punkosdi-refreshules\/\" \/>\n<meta property=\"og:site_name\" content=\"Hotel Ambient\" \/>\n<meta property=\"article:modified_time\" content=\"2026-04-24T10:46:10+00:00\" \/>\n<meta property=\"og:image\" content=\"https:\/\/hotelambient.hu\/wp-content\/uploads\/2025\/05\/punkosdi.jpg\" \/>\n\t<meta property=\"og:image:width\" content=\"1200\" \/>\n\t<meta property=\"og:image:height\" content=\"1200\" \/>\n\t<meta property=\"og:image:type\" content=\"image\/jpeg\" \/>\n<meta name=\"twitter:card\" content=\"summary_large_image\" \/>\n<meta name=\"twitter:label1\" content=\"Estimated reading time\" \/>\n\t<meta name=\"twitter:data1\" content=\"2 minutes\" \/>\n<script type=\"application\/ld+json\" class=\"yoast-schema-graph\">{\"@context\":\"https:\\\/\\\/schema.org\",\"@graph\":[{\"@type\":\"WebPage\",\"@id\":\"https:\\\/\\\/hotelambient.hu\\\/ajanlataink\\\/punkosdi-felfrissules\\\/\",\"url\":\"https:\\\/\\\/hotelambient.hu\\\/ajanlataink\\\/punkosdi-felfrissules\\\/\",\"name\":\"P\u00fcnk\u00f6sdi felfriss\u00fcl\u00e9s - Hotel Ambient\",\"isPartOf\":{\"@id\":\"https:\\\/\\\/hotelambient.hu\\\/en\\\/#website\"},\"primaryImageOfPage\":{\"@id\":\"https:\\\/\\\/hotelambient.hu\\\/ajanlataink\\\/punkosdi-felfrissules\\\/#primaryimage\"},\"image\":{\"@id\":\"https:\\\/\\\/hotelambient.hu\\\/ajanlataink\\\/punkosdi-felfrissules\\\/#primaryimage\"},\"thumbnailUrl\":\"https:\\\/\\\/hotelambient.hu\\\/wp-content\\\/uploads\\\/2025\\\/05\\\/punkosdi.jpg\",\"datePublished\":\"2025-01-21T13:26:58+00:00\",\"dateModified\":\"2026-04-24T10:46:10+00:00\",\"breadcrumb\":{\"@id\":\"https:\\\/\\\/hotelambient.hu\\\/ajanlataink\\\/punkosdi-felfrissules\\\/#breadcrumb\"},\"inLanguage\":\"en-GB\",\"potentialAction\":[{\"@type\":\"ReadAction\",\"target\":[\"https:\\\/\\\/hotelambient.hu\\\/ajanlataink\\\/punkosdi-felfrissules\\\/\"]}]},{\"@type\":\"ImageObject\",\"inLanguage\":\"en-GB\",\"@id\":\"https:\\\/\\\/hotelambient.hu\\\/ajanlataink\\\/punkosdi-felfrissules\\\/#primaryimage\",\"url\":\"https:\\\/\\\/hotelambient.hu\\\/wp-content\\\/uploads\\\/2025\\\/05\\\/punkosdi.jpg\",\"contentUrl\":\"https:\\\/\\\/hotelambient.hu\\\/wp-content\\\/uploads\\\/2025\\\/05\\\/punkosdi.jpg\",\"width\":1200,\"height\":1200},{\"@type\":\"BreadcrumbList\",\"@id\":\"https:\\\/\\\/hotelambient.hu\\\/ajanlataink\\\/punkosdi-felfrissules\\\/#breadcrumb\",\"itemListElement\":[{\"@type\":\"ListItem\",\"position\":1,\"name\":\"Kezd\u0151lap\",\"item\":\"https:\\\/\\\/hotelambient.hu\\\/hu\\\/\"},{\"@type\":\"ListItem\",\"position\":2,\"name\":\"Aj\u00e1nlataink\",\"item\":\"https:\\\/\\\/hotelambient.hu\\\/ajanlataink\\\/\"},{\"@type\":\"ListItem\",\"position\":3,\"name\":\"P\u00fcnk\u00f6sdi felfriss\u00fcl\u00e9s\"}]},{\"@type\":\"WebSite\",\"@id\":\"https:\\\/\\\/hotelambient.hu\\\/en\\\/#website\",\"url\":\"https:\\\/\\\/hotelambient.hu\\\/en\\\/\",\"name\":\"Hotel Ambient\",\"description\":\"Hotel Ambient\",\"publisher\":{\"@id\":\"https:\\\/\\\/hotelambient.hu\\\/en\\\/#organization\"},\"potentialAction\":[{\"@type\":\"SearchAction\",\"target\":{\"@type\":\"EntryPoint\",\"urlTemplate\":\"https:\\\/\\\/hotelambient.hu\\\/en\\\/?s={search_term_string}\"},\"query-input\":{\"@type\":\"PropertyValueSpecification\",\"valueRequired\":true,\"valueName\":\"search_term_string\"}}],\"inLanguage\":\"en-GB\"},{\"@type\":\"Organization\",\"@id\":\"https:\\\/\\\/hotelambient.hu\\\/en\\\/#organization\",\"name\":\"Hotel Ambient\",\"url\":\"https:\\\/\\\/hotelambient.hu\\\/en\\\/\",\"logo\":{\"@type\":\"ImageObject\",\"inLanguage\":\"en-GB\",\"@id\":\"https:\\\/\\\/hotelambient.hu\\\/en\\\/#\\\/schema\\\/logo\\\/image\\\/\",\"url\":\"https:\\\/\\\/hotelambient.hu\\\/wp-content\\\/uploads\\\/2023\\\/06\\\/cropped-Ambient_logo_fekete_transparent_bg.webp\",\"contentUrl\":\"https:\\\/\\\/hotelambient.hu\\\/wp-content\\\/uploads\\\/2023\\\/06\\\/cropped-Ambient_logo_fekete_transparent_bg.webp\",\"width\":512,\"height\":512,\"caption\":\"Hotel Ambient\"},\"image\":{\"@id\":\"https:\\\/\\\/hotelambient.hu\\\/en\\\/#\\\/schema\\\/logo\\\/image\\\/\"}}]}<\/script>\n<!-- \/ Yoast SEO plugin. -->","yoast_head_json":{"title":"Pentecost refreshment - Hotel Ambient","robots":{"index":"index","follow":"follow","max-snippet":"max-snippet:-1","max-image-preview":"max-image-preview:large","max-video-preview":"max-video-preview:-1"},"canonical":"https:\/\/hotelambient.hu\/en\/our-schedules\/punkosdi-refreshules\/","og_locale":"en_GB","og_type":"article","og_title":"P\u00fcnk\u00f6sdi felfriss\u00fcl\u00e9s - Hotel Ambient","og_description":"A m\u00e1jusi hossz\u00fa h\u00e9tv\u00e9g\u00e9n v\u00e9gre kikapcsolhatsz egy kicsit, \u00e9s csak \u00e9lvezheted a pihen\u00e9st. Sz\u00ednes programok v\u00e1rnak: maj\u00e1lis hangulat, kokt\u00e9lk\u00e9sz\u00edt\u00e9s, l\u00e1tv\u00e1nyos malacs\u00fct\u00e9s, k\u00e9zm\u0171ves s\u00f6rk\u00f3stol\u00f3 \u00e9s zen\u00e9s est\u00e9k gondoskodnak a j\u00f3kedvr\u0151l. Napk\u00f6zben szaunafel\u00f6nt\u00e9sek \u00e9s wellness, este pedig buli \u00e9s lazul\u00e1s \u2013 minden adott egy \u00e9lm\u00e9nyekkel teli kikapcsol\u00f3d\u00e1shoz. \u00c9rv\u00e9nyes: 2026. m\u00e1jus 22-t\u0151l 25-ig A csomag tartalma: Sz\u00e1ll\u00e1s a [&hellip;]","og_url":"https:\/\/hotelambient.hu\/en\/our-schedules\/punkosdi-refreshules\/","og_site_name":"Hotel Ambient","article_modified_time":"2026-04-24T10:46:10+00:00","og_image":[{"width":1200,"height":1200,"url":"https:\/\/hotelambient.hu\/wp-content\/uploads\/2025\/05\/punkosdi.jpg","type":"image\/jpeg"}],"twitter_card":"summary_large_image","twitter_misc":{"Estimated reading time":"2 minutes"},"schema":{"@context":"https:\/\/schema.org","@graph":[{"@type":"WebPage","@id":"https:\/\/hotelambient.hu\/ajanlataink\/punkosdi-felfrissules\/","url":"https:\/\/hotelambient.hu\/ajanlataink\/punkosdi-felfrissules\/","name":"Pentecost refreshment - Hotel Ambient","isPartOf":{"@id":"https:\/\/hotelambient.hu\/en\/#website"},"primaryImageOfPage":{"@id":"https:\/\/hotelambient.hu\/ajanlataink\/punkosdi-felfrissules\/#primaryimage"},"image":{"@id":"https:\/\/hotelambient.hu\/ajanlataink\/punkosdi-felfrissules\/#primaryimage"},"thumbnailUrl":"https:\/\/hotelambient.hu\/wp-content\/uploads\/2025\/05\/punkosdi.jpg","datePublished":"2025-01-21T13:26:58+00:00","dateModified":"2026-04-24T10:46:10+00:00","breadcrumb":{"@id":"https:\/\/hotelambient.hu\/ajanlataink\/punkosdi-felfrissules\/#breadcrumb"},"inLanguage":"en-GB","potentialAction":[{"@type":"ReadAction","target":["https:\/\/hotelambient.hu\/ajanlataink\/punkosdi-felfrissules\/"]}]},{"@type":"ImageObject","inLanguage":"en-GB","@id":"https:\/\/hotelambient.hu\/ajanlataink\/punkosdi-felfrissules\/#primaryimage","url":"https:\/\/hotelambient.hu\/wp-content\/uploads\/2025\/05\/punkosdi.jpg","contentUrl":"https:\/\/hotelambient.hu\/wp-content\/uploads\/2025\/05\/punkosdi.jpg","width":1200,"height":1200},{"@type":"BreadcrumbList","@id":"https:\/\/hotelambient.hu\/ajanlataink\/punkosdi-felfrissules\/#breadcrumb","itemListElement":[{"@type":"ListItem","position":1,"name":"Kezd\u0151lap","item":"https:\/\/hotelambient.hu\/hu\/"},{"@type":"ListItem","position":2,"name":"Aj\u00e1nlataink","item":"https:\/\/hotelambient.hu\/ajanlataink\/"},{"@type":"ListItem","position":3,"name":"P\u00fcnk\u00f6sdi felfriss\u00fcl\u00e9s"}]},{"@type":"WebSite","@id":"https:\/\/hotelambient.hu\/en\/#website","url":"https:\/\/hotelambient.hu\/en\/","name":"Hotel Ambient","description":"Hotel Ambient","publisher":{"@id":"https:\/\/hotelambient.hu\/en\/#organization"},"potentialAction":[{"@type":"SearchAction","target":{"@type":"EntryPoint","urlTemplate":"https:\/\/hotelambient.hu\/en\/?s={search_term_string}"},"query-input":{"@type":"PropertyValueSpecification","valueRequired":true,"valueName":"search_term_string"}}],"inLanguage":"en-GB"},{"@type":"Organization","@id":"https:\/\/hotelambient.hu\/en\/#organization","name":"Hotel Ambient","url":"https:\/\/hotelambient.hu\/en\/","logo":{"@type":"ImageObject","inLanguage":"en-GB","@id":"https:\/\/hotelambient.hu\/en\/#\/schema\/logo\/image\/","url":"https:\/\/hotelambient.hu\/wp-content\/uploads\/2023\/06\/cropped-Ambient_logo_fekete_transparent_bg.webp","contentUrl":"https:\/\/hotelambient.hu\/wp-content\/uploads\/2023\/06\/cropped-Ambient_logo_fekete_transparent_bg.webp","width":512,"height":512,"caption":"Hotel Ambient"},"image":{"@id":"https:\/\/hotelambient.hu\/en\/#\/schema\/logo\/image\/"}}]}},"_links":{"self":[{"href":"https:\/\/hotelambient.hu\/en\/wp-json\/wp\/v2\/pages\/6663","targetHints":{"allow":["GET"]}}],"collection":[{"href":"https:\/\/hotelambient.hu\/en\/wp-json\/wp\/v2\/pages"}],"about":[{"href":"https:\/\/hotelambient.hu\/en\/wp-json\/wp\/v2\/types\/page"}],"author":[{"embeddable":true,"href":"https:\/\/hotelambient.hu\/en\/wp-json\/wp\/v2\/users\/4"}],"replies":[{"embeddable":true,"href":"https:\/\/hotelambient.hu\/en\/wp-json\/wp\/v2\/comments?post=6663"}],"version-history":[{"count":27,"href":"https:\/\/hotelambient.hu\/en\/wp-json\/wp\/v2\/pages\/6663\/revisions"}],"predecessor-version":[{"id":9940,"href":"https:\/\/hotelambient.hu\/en\/wp-json\/wp\/v2\/pages\/6663\/revisions\/9940"}],"up":[{"embeddable":true,"href":"https:\/\/hotelambient.hu\/en\/wp-json\/wp\/v2\/pages\/274"}],"wp:featuredmedia":[{"embeddable":true,"href":"https:\/\/hotelambient.hu\/en\/wp-json\/wp\/v2\/media\/7628"}],"wp:attachment":[{"href":"https:\/\/hotelambient.hu\/en\/wp-json\/wp\/v2\/media?parent=6663"}],"curies":[{"name":"wp","href":"https:\/\/api.w.org\/{rel}","templated":true}]}}