{"id":677,"date":"2023-06-16T14:17:28","date_gmt":"2023-06-16T12:17:28","guid":{"rendered":"https:\/\/hotelambient.hu\/?page_id=677"},"modified":"2024-11-30T22:00:59","modified_gmt":"2024-11-30T21:00:59","slug":"masthead","status":"publish","type":"page","link":"https:\/\/hotelambient.hu\/en\/impresszum\/","title":{"rendered":"Imprint and Terms of Service"},"content":{"rendered":"<div data-elementor-type=\"wp-page\" data-elementor-id=\"677\" class=\"elementor elementor-677\" data-elementor-post-type=\"page\">\n\t\t\t\t<div class=\"elementor-element elementor-element-433d3c9 e-con-full e-flex e-con e-parent\" data-id=\"433d3c9\" data-element_type=\"container\" data-e-type=\"container\">\n\t\t\t\t<div class=\"elementor-element elementor-element-8052f85 elementor-widget elementor-widget-heading\" data-id=\"8052f85\" data-element_type=\"widget\" data-e-type=\"widget\" data-widget_type=\"heading.default\">\n\t\t\t\t<div class=\"elementor-widget-container\">\n\t\t\t\t\t<h1 class=\"elementor-heading-title elementor-size-default\">Imprint and Terms of Service<\/h1>\t\t\t\t<\/div>\n\t\t\t\t<\/div>\n\t\t<div class=\"elementor-element elementor-element-1dda75b e-flex e-con-boxed e-con e-child\" data-id=\"1dda75b\" data-element_type=\"container\" data-e-type=\"container\">\n\t\t\t\t\t<div class=\"e-con-inner\">\n\t\t\t\t<div class=\"elementor-element elementor-element-098cc01 elementor-widget elementor-widget-heading\" data-id=\"098cc01\" data-element_type=\"widget\" data-e-type=\"widget\" data-widget_type=\"heading.default\">\n\t\t\t\t<div class=\"elementor-widget-container\">\n\t\t\t\t\t<div class=\"elementor-heading-title elementor-size-default\">Errors and misprints reserved.\nWe assume no legal warranty for incorrect information.<\/div>\t\t\t\t<\/div>\n\t\t\t\t<\/div>\n\t\t\t\t<div class=\"elementor-element elementor-element-c074dae elementor-widget-divider--view-line elementor-widget elementor-widget-divider\" data-id=\"c074dae\" data-element_type=\"widget\" data-e-type=\"widget\" data-widget_type=\"divider.default\">\n\t\t\t\t<div class=\"elementor-widget-container\">\n\t\t\t\t\t\t\t<div class=\"elementor-divider\">\n\t\t\t<span class=\"elementor-divider-separator\">\n\t\t\t\t\t\t<\/span>\n\t\t<\/div>\n\t\t\t\t\t\t<\/div>\n\t\t\t\t<\/div>\n\t\t\t\t<div class=\"elementor-element elementor-element-abcb4fc elementor-widget elementor-widget-text-editor\" data-id=\"abcb4fc\" data-element_type=\"widget\" data-e-type=\"widget\" data-widget_type=\"text-editor.default\">\n\t\t\t\t<div class=\"elementor-widget-container\">\n\t\t\t\t\t\t\t\t\t<h5>Ambient Hotel Sikf\u00fcrd\u0151 Service Ltd.<\/h5>\n<div>\n<ul type=\"disc\">\n \t<li style=\"line-height: normal;\"><span style=\"font-size: 12.0pt; mso-fareast-font-family: 'Times New Roman'; mso-bidi-font-family: 'Times New Roman'; mso-font-kerning: 0pt; mso-ligatures: none; mso-fareast-language: HU;\">operator: Sikf\u00fcrd\u0151 Service Ltd.<\/span><\/li>\n \t<li style=\"line-height: normal;\"><span style=\"font-size: 12.0pt; mso-fareast-font-family: 'Times New Roman'; mso-bidi-font-family: 'Times New Roman'; mso-font-kerning: 0pt; mso-ligatures: none; mso-fareast-language: HU;\">Office: 7300 Koml\u00f3, F\u00fcrd\u0151 utca 5<\/span><\/li>\n \t<li style=\"line-height: normal;\"><span style=\"font-size: 12.0pt; font-family: Lora; mso-fareast-font-family: 'Times New Roman'; mso-bidi-font-family: 'Times New Roman'; mso-font-kerning: 0pt; mso-ligatures: none; mso-fareast-language: HU;\">Company registration number: 02-09-074324<\/span><\/li>\n \t<li style=\"line-height: normal;\"><span style=\"font-size: 12.0pt;  mso-fareast-font-family: 'Times New Roman'; mso-bidi-font-family: 'Times New Roman'; mso-font-kerning: 0pt; mso-ligatures: none; mso-fareast-language: HU;\">Tax number: 14816365-2-02<\/span><\/li>\n<\/ul>\n<\/div>\nTel.:\u00a0<a style=\"--tw-border-spacing-x: 0; --tw-border-spacing-y: 0; --tw-translate-x: 0; --tw-translate-y: 0; --tw-rotate: 0; --tw-skew-x: 0; --tw-skew-y: 0; --tw-scale-x: 1; --tw-scale-y: 1; --tw-scroll-snap-strictness: proximity; --tw-ring-offset-width: 0px; --tw-ring-offset-color: #fff; --tw-ring-color: rgba(59,130,246,.5); --tw-ring-offset-shadow: 0 0 #0000; --tw-ring-shadow: 0 0 #0000; --tw-shadow: 0 0 #0000; --tw-shadow-colored: 0 0 #0000; background-color: #ffffff; text-decoration-line: underline; font-family: Mulish, sans-serif;\" href=\"tel:+36 70 340 1398\"><u style=\"--tw-border-spacing-x: 0; --tw-border-spacing-y: 0; --tw-translate-x: 0; --tw-translate-y: 0; --tw-rotate: 0; --tw-skew-x: 0; --tw-skew-y: 0; --tw-scale-x: 1; --tw-scale-y: 1; --tw-scroll-snap-strictness: proximity; --tw-ring-offset-width: 0px; --tw-ring-offset-color: #fff; --tw-ring-color: rgba(59,130,246,.5); --tw-ring-offset-shadow: 0 0 #0000; --tw-ring-shadow: 0 0 #0000; --tw-shadow: 0 0 #0000; --tw-shadow-colored: 0 0 #0000;\">+36 70 340 1398<\/u><\/a>\nE-mail: sales@hotelambient.hu\t\t\t\t\t\t\t\t<\/div>\n\t\t\t\t<\/div>\n\t\t\t\t<div class=\"elementor-element elementor-element-10d3e58 elementor-widget elementor-widget-text-editor\" data-id=\"10d3e58\" data-element_type=\"widget\" data-e-type=\"widget\" data-widget_type=\"text-editor.default\">\n\t\t\t\t<div class=\"elementor-widget-container\">\n\t\t\t\t\t\t\t\t\t<p>\u00a0<\/p><h5>Limitation of liability for internal content<\/h5><p>The content of our website has been compiled with meticulous care and to the best of our knowledge. However, we cannot assume any liability for the up-to-dateness, completeness or accuracy of any of the pages.<\/p><h5>Limitation of liability for external links<\/h5><p>Our website contains links to the websites of third parties (\u201eexternal links\u201c). As the content of these websites is not under our control, we cannot assume any liability for such external content. In all cases, the provider of information of the linked websites is liable for the content and accuracy of the information provided. At the point in time when the links were placed, no infringements of the law were recognizable to us. As soon as an infringement of the law becomes known to us, we will immediately remove the link in question.<\/p><h5>Copyright<\/h5><p>The content published on this website is governed by Hungarian copyright law. Any copying, processing, distribution or any form of use outside the scope of copyright law requires the prior written consent of the author or authors.<\/p>\t\t\t\t\t\t\t\t<\/div>\n\t\t\t\t<\/div>\n\t\t\t\t\t<\/div>\n\t\t\t\t<\/div>\n\t\t\t\t<\/div>\n\t\t\t\t<\/div>","protected":false},"excerpt":{"rendered":"<p>Az esetleges hib\u00e1k\u00e9rt, el\u00edr\u00e1sok\u00e9rt felel\u0151ss\u00e9get nem v\u00e1llalunk. Ambient Hotel Sikf\u00fcrd\u0151 Szolg\u00e1ltat\u00f3 Kft. \u00fczemeltet\u0151: Sikf\u00fcrd\u0151\u00a0Szolg\u00e1ltat\u00f3 Kft. Sz\u00e9khely:\u00a07300 Koml\u00f3, F\u00fcrd\u0151 utca 5 C\u00e9gjegyz\u00e9ksz\u00e1m:\u00a002-09-074324 Ad\u00f3sz\u00e1m: 14816365-2-02 Tel.:\u00a0+36 70 340 1398 E-mail: sales@hotelambient.hu \u00a0 A honlapunkon felt\u00f6lt\u00f6tt tartalommal kapcsolatos felel\u0151ss\u00e9g v\u00e1llal\u00e1s: Honlapunk tartalm\u00e1t alapos gondoss\u00e1ggal \u00e9s legjobb tud\u00e1sunk szerint \u00e1ll\u00edtottuk \u00f6ssze. Az oldalak naprak\u00e9szs\u00e9g\u00e9\u00e9rt, vagy pontoss\u00e1g\u00e1\u00e9rt azonban felel\u0151ss\u00e9get nem [&hellip;]<\/p>\n","protected":false},"author":8,"featured_media":0,"parent":0,"menu_order":0,"comment_status":"closed","ping_status":"closed","template":"","meta":{"footnotes":""},"class_list":["post-677","page","type-page","status-publish","hentry"],"yoast_head":"<!-- This site is optimized with the Yoast SEO plugin v27.2 - https:\/\/yoast.com\/product\/yoast-seo-wordpress\/ -->\n<title>Impresszum - Hotel Ambient<\/title>\n<meta name=\"robots\" content=\"index, follow, max-snippet:-1, max-image-preview:large, max-video-preview:-1\" \/>\n<link rel=\"canonical\" href=\"https:\/\/hotelambient.hu\/en\/masthead\/\" \/>\n<meta property=\"og:locale\" content=\"en_GB\" \/>\n<meta property=\"og:type\" content=\"article\" \/>\n<meta property=\"og:title\" content=\"Impresszum - Hotel Ambient\" \/>\n<meta property=\"og:description\" content=\"Az esetleges hib\u00e1k\u00e9rt, el\u00edr\u00e1sok\u00e9rt felel\u0151ss\u00e9get nem v\u00e1llalunk. Ambient Hotel Sikf\u00fcrd\u0151 Szolg\u00e1ltat\u00f3 Kft. \u00fczemeltet\u0151: Sikf\u00fcrd\u0151\u00a0Szolg\u00e1ltat\u00f3 Kft. Sz\u00e9khely:\u00a07300 Koml\u00f3, F\u00fcrd\u0151 utca 5 C\u00e9gjegyz\u00e9ksz\u00e1m:\u00a002-09-074324 Ad\u00f3sz\u00e1m: 14816365-2-02 Tel.:\u00a0+36 70 340 1398 E-mail: sales@hotelambient.hu \u00a0 A honlapunkon felt\u00f6lt\u00f6tt tartalommal kapcsolatos felel\u0151ss\u00e9g v\u00e1llal\u00e1s: Honlapunk tartalm\u00e1t alapos gondoss\u00e1ggal \u00e9s legjobb tud\u00e1sunk szerint \u00e1ll\u00edtottuk \u00f6ssze. Az oldalak naprak\u00e9szs\u00e9g\u00e9\u00e9rt, vagy pontoss\u00e1g\u00e1\u00e9rt azonban felel\u0151ss\u00e9get nem [&hellip;]\" \/>\n<meta property=\"og:url\" content=\"https:\/\/hotelambient.hu\/en\/masthead\/\" \/>\n<meta property=\"og:site_name\" content=\"Hotel Ambient\" \/>\n<meta property=\"article:modified_time\" content=\"2024-11-30T21:00:59+00:00\" \/>\n<meta property=\"og:image\" content=\"https:\/\/hotelambient.hu\/wp-content\/uploads\/2024\/05\/Accent_Ambient_Wellness_1280x_008-3.jpg\" \/>\n\t<meta property=\"og:image:width\" content=\"1100\" \/>\n\t<meta property=\"og:image:height\" content=\"733\" \/>\n\t<meta property=\"og:image:type\" content=\"image\/jpeg\" \/>\n<meta name=\"twitter:card\" content=\"summary_large_image\" \/>\n<meta name=\"twitter:label1\" content=\"Estimated reading time\" \/>\n\t<meta name=\"twitter:data1\" content=\"1 minute\" \/>\n<script type=\"application\/ld+json\" class=\"yoast-schema-graph\">{\"@context\":\"https:\/\/schema.org\",\"@graph\":[{\"@type\":\"WebPage\",\"@id\":\"https:\/\/hotelambient.hu\/hu\/impresszum\/\",\"url\":\"https:\/\/hotelambient.hu\/hu\/impresszum\/\",\"name\":\"Impresszum - Hotel Ambient\",\"isPartOf\":{\"@id\":\"https:\/\/hotelambient.hu\/en\/#website\"},\"datePublished\":\"2023-06-16T12:17:28+00:00\",\"dateModified\":\"2024-11-30T21:00:59+00:00\",\"breadcrumb\":{\"@id\":\"https:\/\/hotelambient.hu\/hu\/impresszum\/#breadcrumb\"},\"inLanguage\":\"en-GB\",\"potentialAction\":[{\"@type\":\"ReadAction\",\"target\":[\"https:\/\/hotelambient.hu\/hu\/impresszum\/\"]}]},{\"@type\":\"BreadcrumbList\",\"@id\":\"https:\/\/hotelambient.hu\/hu\/impresszum\/#breadcrumb\",\"itemListElement\":[{\"@type\":\"ListItem\",\"position\":1,\"name\":\"Kezd\u0151lap\",\"item\":\"https:\/\/hotelambient.hu\/hu\/\"},{\"@type\":\"ListItem\",\"position\":2,\"name\":\"Impresszum\"}]},{\"@type\":\"WebSite\",\"@id\":\"https:\/\/hotelambient.hu\/en\/#website\",\"url\":\"https:\/\/hotelambient.hu\/en\/\",\"name\":\"Hotel Ambient\",\"description\":\"Hotel Ambient\",\"publisher\":{\"@id\":\"https:\/\/hotelambient.hu\/en\/#organization\"},\"potentialAction\":[{\"@type\":\"SearchAction\",\"target\":{\"@type\":\"EntryPoint\",\"urlTemplate\":\"https:\/\/hotelambient.hu\/en\/?s={search_term_string}\"},\"query-input\":{\"@type\":\"PropertyValueSpecification\",\"valueRequired\":true,\"valueName\":\"search_term_string\"}}],\"inLanguage\":\"en-GB\"},{\"@type\":\"Organization\",\"@id\":\"https:\/\/hotelambient.hu\/en\/#organization\",\"name\":\"Hotel Ambient\",\"url\":\"https:\/\/hotelambient.hu\/en\/\",\"logo\":{\"@type\":\"ImageObject\",\"inLanguage\":\"en-GB\",\"@id\":\"https:\/\/hotelambient.hu\/en\/#\/schema\/logo\/image\/\",\"url\":\"https:\/\/hotelambient.hu\/wp-content\/uploads\/2023\/06\/cropped-Ambient_logo_fekete_transparent_bg.webp\",\"contentUrl\":\"https:\/\/hotelambient.hu\/wp-content\/uploads\/2023\/06\/cropped-Ambient_logo_fekete_transparent_bg.webp\",\"width\":512,\"height\":512,\"caption\":\"Hotel Ambient\"},\"image\":{\"@id\":\"https:\/\/hotelambient.hu\/en\/#\/schema\/logo\/image\/\"}}]}<\/script>\n<!-- \/ Yoast SEO plugin. -->","yoast_head_json":{"title":"Imprint - Hotel Ambient","robots":{"index":"index","follow":"follow","max-snippet":"max-snippet:-1","max-image-preview":"max-image-preview:large","max-video-preview":"max-video-preview:-1"},"canonical":"https:\/\/hotelambient.hu\/en\/masthead\/","og_locale":"en_GB","og_type":"article","og_title":"Impresszum - Hotel Ambient","og_description":"Az esetleges hib\u00e1k\u00e9rt, el\u00edr\u00e1sok\u00e9rt felel\u0151ss\u00e9get nem v\u00e1llalunk. Ambient Hotel Sikf\u00fcrd\u0151 Szolg\u00e1ltat\u00f3 Kft. \u00fczemeltet\u0151: Sikf\u00fcrd\u0151\u00a0Szolg\u00e1ltat\u00f3 Kft. Sz\u00e9khely:\u00a07300 Koml\u00f3, F\u00fcrd\u0151 utca 5 C\u00e9gjegyz\u00e9ksz\u00e1m:\u00a002-09-074324 Ad\u00f3sz\u00e1m: 14816365-2-02 Tel.:\u00a0+36 70 340 1398 E-mail: sales@hotelambient.hu \u00a0 A honlapunkon felt\u00f6lt\u00f6tt tartalommal kapcsolatos felel\u0151ss\u00e9g v\u00e1llal\u00e1s: Honlapunk tartalm\u00e1t alapos gondoss\u00e1ggal \u00e9s legjobb tud\u00e1sunk szerint \u00e1ll\u00edtottuk \u00f6ssze. Az oldalak naprak\u00e9szs\u00e9g\u00e9\u00e9rt, vagy pontoss\u00e1g\u00e1\u00e9rt azonban felel\u0151ss\u00e9get nem [&hellip;]","og_url":"https:\/\/hotelambient.hu\/en\/masthead\/","og_site_name":"Hotel Ambient","article_modified_time":"2024-11-30T21:00:59+00:00","og_image":[{"width":1100,"height":733,"url":"https:\/\/hotelambient.hu\/wp-content\/uploads\/2024\/05\/Accent_Ambient_Wellness_1280x_008-3.jpg","type":"image\/jpeg"}],"twitter_card":"summary_large_image","twitter_misc":{"Estimated reading time":"1 minute"},"schema":{"@context":"https:\/\/schema.org","@graph":[{"@type":"WebPage","@id":"https:\/\/hotelambient.hu\/hu\/impresszum\/","url":"https:\/\/hotelambient.hu\/hu\/impresszum\/","name":"Imprint - Hotel Ambient","isPartOf":{"@id":"https:\/\/hotelambient.hu\/en\/#website"},"datePublished":"2023-06-16T12:17:28+00:00","dateModified":"2024-11-30T21:00:59+00:00","breadcrumb":{"@id":"https:\/\/hotelambient.hu\/hu\/impresszum\/#breadcrumb"},"inLanguage":"en-GB","potentialAction":[{"@type":"ReadAction","target":["https:\/\/hotelambient.hu\/hu\/impresszum\/"]}]},{"@type":"BreadcrumbList","@id":"https:\/\/hotelambient.hu\/hu\/impresszum\/#breadcrumb","itemListElement":[{"@type":"ListItem","position":1,"name":"Kezd\u0151lap","item":"https:\/\/hotelambient.hu\/hu\/"},{"@type":"ListItem","position":2,"name":"Impresszum"}]},{"@type":"WebSite","@id":"https:\/\/hotelambient.hu\/en\/#website","url":"https:\/\/hotelambient.hu\/en\/","name":"Hotel Ambient","description":"Hotel Ambient","publisher":{"@id":"https:\/\/hotelambient.hu\/en\/#organization"},"potentialAction":[{"@type":"SearchAction","target":{"@type":"EntryPoint","urlTemplate":"https:\/\/hotelambient.hu\/en\/?s={search_term_string}"},"query-input":{"@type":"PropertyValueSpecification","valueRequired":true,"valueName":"search_term_string"}}],"inLanguage":"en-GB"},{"@type":"Organization","@id":"https:\/\/hotelambient.hu\/en\/#organization","name":"Hotel Ambient","url":"https:\/\/hotelambient.hu\/en\/","logo":{"@type":"ImageObject","inLanguage":"en-GB","@id":"https:\/\/hotelambient.hu\/en\/#\/schema\/logo\/image\/","url":"https:\/\/hotelambient.hu\/wp-content\/uploads\/2023\/06\/cropped-Ambient_logo_fekete_transparent_bg.webp","contentUrl":"https:\/\/hotelambient.hu\/wp-content\/uploads\/2023\/06\/cropped-Ambient_logo_fekete_transparent_bg.webp","width":512,"height":512,"caption":"Hotel Ambient"},"image":{"@id":"https:\/\/hotelambient.hu\/en\/#\/schema\/logo\/image\/"}}]}},"_links":{"self":[{"href":"https:\/\/hotelambient.hu\/en\/wp-json\/wp\/v2\/pages\/677","targetHints":{"allow":["GET"]}}],"collection":[{"href":"https:\/\/hotelambient.hu\/en\/wp-json\/wp\/v2\/pages"}],"about":[{"href":"https:\/\/hotelambient.hu\/en\/wp-json\/wp\/v2\/types\/page"}],"author":[{"embeddable":true,"href":"https:\/\/hotelambient.hu\/en\/wp-json\/wp\/v2\/users\/8"}],"replies":[{"embeddable":true,"href":"https:\/\/hotelambient.hu\/en\/wp-json\/wp\/v2\/comments?post=677"}],"version-history":[{"count":8,"href":"https:\/\/hotelambient.hu\/en\/wp-json\/wp\/v2\/pages\/677\/revisions"}],"predecessor-version":[{"id":5997,"href":"https:\/\/hotelambient.hu\/en\/wp-json\/wp\/v2\/pages\/677\/revisions\/5997"}],"wp:attachment":[{"href":"https:\/\/hotelambient.hu\/en\/wp-json\/wp\/v2\/media?parent=677"}],"curies":[{"name":"wp","href":"https:\/\/api.w.org\/{rel}","templated":true}]}}