{"id":687,"date":"2023-06-16T14:37:26","date_gmt":"2023-06-16T12:37:26","guid":{"rendered":"https:\/\/hotelambient.hu\/?page_id=687"},"modified":"2025-12-02T16:51:25","modified_gmt":"2025-12-02T15:51:25","slug":"data-management","status":"publish","type":"page","link":"https:\/\/hotelambient.hu\/en\/adatkezeles\/","title":{"rendered":"Data protection declaration"},"content":{"rendered":"<div data-elementor-type=\"wp-page\" data-elementor-id=\"687\" class=\"elementor elementor-687\" data-elementor-post-type=\"page\">\n\t\t\t\t<div class=\"elementor-element elementor-element-b5892ec e-con-full e-flex e-con e-parent\" data-id=\"b5892ec\" data-element_type=\"container\" data-e-type=\"container\">\n\t\t\t\t<div class=\"elementor-element elementor-element-4934fc3 elementor-widget elementor-widget-heading\" data-id=\"4934fc3\" data-element_type=\"widget\" data-e-type=\"widget\" data-widget_type=\"heading.default\">\n\t\t\t\t<div class=\"elementor-widget-container\">\n\t\t\t\t\t<h1 class=\"elementor-heading-title elementor-size-default\">Data protection declaration<\/h1>\t\t\t\t<\/div>\n\t\t\t\t<\/div>\n\t\t<div class=\"elementor-element elementor-element-2c946fa e-flex e-con-boxed e-con e-child\" data-id=\"2c946fa\" data-element_type=\"container\" data-e-type=\"container\">\n\t\t\t\t\t<div class=\"e-con-inner\">\n\t\t\t\t<div class=\"elementor-element elementor-element-4fb6c85 elementor-widget elementor-widget-text-editor\" data-id=\"4fb6c85\" data-element_type=\"widget\" data-e-type=\"widget\" data-no-translation=\"\" data-widget_type=\"text-editor.default\">\n\t\t\t\t<div class=\"elementor-widget-container\">\n\t\t\t\t\t<style>.elementor-element-4fb6c85{display:none !important}<\/style>\t\t\t\t<\/div>\n\t\t\t\t<\/div>\n\t\t\t\t\t<\/div>\n\t\t\t\t<\/div>\n\t\t\t\t<\/div>\n\t\t\t\t<\/div>","protected":false},"excerpt":{"rendered":"<p>\u00c1ltal\u00e1nos rendelkez\u00e9sek Sikf\u00fcrd\u0151 Szolg\u00e1ltat\u00f3 Kft (sz\u00e9khely: 1031-Budapest, P\u00e9ter u. 4., c\u00e9gjegyz\u00e9ksz\u00e1m: 01-09432319, tov\u00e1bbiakban: Adatkezel\u0151), mint az Ambient Hotel \u00fczemeltet\u0151jek\u00e9nt minden esetben biztos\u00edtja az \u00e1ltala kezelt szem\u00e9lyes adatok tekintet\u00e9ben az adatkezel\u00e9s jogszer\u0171s\u00e9g\u00e9t \u00e9s c\u00e9lszer\u0171s\u00e9g\u00e9t. E t\u00e1j\u00e9koztat\u00f3 c\u00e9lja, hogy a sz\u00e1ll\u00e1st foglal\u00f3, szem\u00e9lyes adataikat megad\u00f3 vend\u00e9geink m\u00e1r a foglal\u00e1s, illetve szem\u00e9lyes adataik megad\u00e1sa el\u0151tt megfelel\u0151 inform\u00e1ci\u00f3kat kaphassanak [&hellip;]<\/p>\n","protected":false},"author":8,"featured_media":0,"parent":0,"menu_order":0,"comment_status":"closed","ping_status":"closed","template":"","meta":{"footnotes":""},"class_list":["post-687","page","type-page","status-publish","hentry"],"yoast_head":"<!-- This site is optimized with the Yoast SEO plugin v27.2 - https:\/\/yoast.com\/product\/yoast-seo-wordpress\/ -->\n<title>Adatkezel\u00e9s - Hotel Ambient<\/title>\n<meta name=\"robots\" content=\"index, follow, max-snippet:-1, max-image-preview:large, max-video-preview:-1\" \/>\n<link rel=\"canonical\" href=\"https:\/\/hotelambient.hu\/en\/data-management\/\" \/>\n<meta property=\"og:locale\" content=\"en_GB\" \/>\n<meta property=\"og:type\" content=\"article\" \/>\n<meta property=\"og:title\" content=\"Adatkezel\u00e9s - Hotel Ambient\" \/>\n<meta property=\"og:description\" content=\"\u00c1ltal\u00e1nos rendelkez\u00e9sek Sikf\u00fcrd\u0151 Szolg\u00e1ltat\u00f3 Kft (sz\u00e9khely: 1031-Budapest, P\u00e9ter u. 4., c\u00e9gjegyz\u00e9ksz\u00e1m: 01-09432319, tov\u00e1bbiakban: Adatkezel\u0151), mint az Ambient Hotel \u00fczemeltet\u0151jek\u00e9nt minden esetben biztos\u00edtja az \u00e1ltala kezelt szem\u00e9lyes adatok tekintet\u00e9ben az adatkezel\u00e9s jogszer\u0171s\u00e9g\u00e9t \u00e9s c\u00e9lszer\u0171s\u00e9g\u00e9t. E t\u00e1j\u00e9koztat\u00f3 c\u00e9lja, hogy a sz\u00e1ll\u00e1st foglal\u00f3, szem\u00e9lyes adataikat megad\u00f3 vend\u00e9geink m\u00e1r a foglal\u00e1s, illetve szem\u00e9lyes adataik megad\u00e1sa el\u0151tt megfelel\u0151 inform\u00e1ci\u00f3kat kaphassanak [&hellip;]\" \/>\n<meta property=\"og:url\" content=\"https:\/\/hotelambient.hu\/en\/data-management\/\" \/>\n<meta property=\"og:site_name\" content=\"Hotel Ambient\" \/>\n<meta property=\"article:modified_time\" content=\"2025-12-02T15:51:25+00:00\" \/>\n<meta property=\"og:image\" content=\"https:\/\/hotelambient.hu\/wp-content\/uploads\/2024\/05\/Accent_Ambient_Wellness_1280x_008-3.jpg\" \/>\n\t<meta property=\"og:image:width\" content=\"1100\" \/>\n\t<meta property=\"og:image:height\" content=\"733\" \/>\n\t<meta property=\"og:image:type\" content=\"image\/jpeg\" \/>\n<meta name=\"twitter:card\" content=\"summary_large_image\" \/>\n<meta name=\"twitter:label1\" content=\"Estimated reading time\" \/>\n\t<meta name=\"twitter:data1\" content=\"21 minutes\" \/>\n<script type=\"application\/ld+json\" class=\"yoast-schema-graph\">{\"@context\":\"https:\/\/schema.org\",\"@graph\":[{\"@type\":\"WebPage\",\"@id\":\"https:\/\/hotelambient.hu\/hu\/adatkezeles\/\",\"url\":\"https:\/\/hotelambient.hu\/hu\/adatkezeles\/\",\"name\":\"Adatkezel\u00e9s - Hotel Ambient\",\"isPartOf\":{\"@id\":\"https:\/\/hotelambient.hu\/en\/#website\"},\"datePublished\":\"2023-06-16T12:37:26+00:00\",\"dateModified\":\"2025-12-02T15:51:25+00:00\",\"breadcrumb\":{\"@id\":\"https:\/\/hotelambient.hu\/hu\/adatkezeles\/#breadcrumb\"},\"inLanguage\":\"en-GB\",\"potentialAction\":[{\"@type\":\"ReadAction\",\"target\":[\"https:\/\/hotelambient.hu\/hu\/adatkezeles\/\"]}]},{\"@type\":\"BreadcrumbList\",\"@id\":\"https:\/\/hotelambient.hu\/hu\/adatkezeles\/#breadcrumb\",\"itemListElement\":[{\"@type\":\"ListItem\",\"position\":1,\"name\":\"Kezd\u0151lap\",\"item\":\"https:\/\/hotelambient.hu\/hu\/\"},{\"@type\":\"ListItem\",\"position\":2,\"name\":\"Adatkezel\u00e9s\"}]},{\"@type\":\"WebSite\",\"@id\":\"https:\/\/hotelambient.hu\/en\/#website\",\"url\":\"https:\/\/hotelambient.hu\/en\/\",\"name\":\"Hotel Ambient\",\"description\":\"Hotel Ambient\",\"publisher\":{\"@id\":\"https:\/\/hotelambient.hu\/en\/#organization\"},\"potentialAction\":[{\"@type\":\"SearchAction\",\"target\":{\"@type\":\"EntryPoint\",\"urlTemplate\":\"https:\/\/hotelambient.hu\/en\/?s={search_term_string}\"},\"query-input\":{\"@type\":\"PropertyValueSpecification\",\"valueRequired\":true,\"valueName\":\"search_term_string\"}}],\"inLanguage\":\"en-GB\"},{\"@type\":\"Organization\",\"@id\":\"https:\/\/hotelambient.hu\/en\/#organization\",\"name\":\"Hotel Ambient\",\"url\":\"https:\/\/hotelambient.hu\/en\/\",\"logo\":{\"@type\":\"ImageObject\",\"inLanguage\":\"en-GB\",\"@id\":\"https:\/\/hotelambient.hu\/en\/#\/schema\/logo\/image\/\",\"url\":\"https:\/\/hotelambient.hu\/wp-content\/uploads\/2023\/06\/cropped-Ambient_logo_fekete_transparent_bg.webp\",\"contentUrl\":\"https:\/\/hotelambient.hu\/wp-content\/uploads\/2023\/06\/cropped-Ambient_logo_fekete_transparent_bg.webp\",\"width\":512,\"height\":512,\"caption\":\"Hotel Ambient\"},\"image\":{\"@id\":\"https:\/\/hotelambient.hu\/en\/#\/schema\/logo\/image\/\"}}]}<\/script>\n<!-- \/ Yoast SEO plugin. -->","yoast_head_json":{"title":"Data management - Hotel Ambient","robots":{"index":"index","follow":"follow","max-snippet":"max-snippet:-1","max-image-preview":"max-image-preview:large","max-video-preview":"max-video-preview:-1"},"canonical":"https:\/\/hotelambient.hu\/en\/data-management\/","og_locale":"en_GB","og_type":"article","og_title":"Adatkezel\u00e9s - Hotel Ambient","og_description":"\u00c1ltal\u00e1nos rendelkez\u00e9sek Sikf\u00fcrd\u0151 Szolg\u00e1ltat\u00f3 Kft (sz\u00e9khely: 1031-Budapest, P\u00e9ter u. 4., c\u00e9gjegyz\u00e9ksz\u00e1m: 01-09432319, tov\u00e1bbiakban: Adatkezel\u0151), mint az Ambient Hotel \u00fczemeltet\u0151jek\u00e9nt minden esetben biztos\u00edtja az \u00e1ltala kezelt szem\u00e9lyes adatok tekintet\u00e9ben az adatkezel\u00e9s jogszer\u0171s\u00e9g\u00e9t \u00e9s c\u00e9lszer\u0171s\u00e9g\u00e9t. E t\u00e1j\u00e9koztat\u00f3 c\u00e9lja, hogy a sz\u00e1ll\u00e1st foglal\u00f3, szem\u00e9lyes adataikat megad\u00f3 vend\u00e9geink m\u00e1r a foglal\u00e1s, illetve szem\u00e9lyes adataik megad\u00e1sa el\u0151tt megfelel\u0151 inform\u00e1ci\u00f3kat kaphassanak [&hellip;]","og_url":"https:\/\/hotelambient.hu\/en\/data-management\/","og_site_name":"Hotel Ambient","article_modified_time":"2025-12-02T15:51:25+00:00","og_image":[{"width":1100,"height":733,"url":"https:\/\/hotelambient.hu\/wp-content\/uploads\/2024\/05\/Accent_Ambient_Wellness_1280x_008-3.jpg","type":"image\/jpeg"}],"twitter_card":"summary_large_image","twitter_misc":{"Estimated reading time":"21 minutes"},"schema":{"@context":"https:\/\/schema.org","@graph":[{"@type":"WebPage","@id":"https:\/\/hotelambient.hu\/hu\/adatkezeles\/","url":"https:\/\/hotelambient.hu\/hu\/adatkezeles\/","name":"Data management - Hotel Ambient","isPartOf":{"@id":"https:\/\/hotelambient.hu\/en\/#website"},"datePublished":"2023-06-16T12:37:26+00:00","dateModified":"2025-12-02T15:51:25+00:00","breadcrumb":{"@id":"https:\/\/hotelambient.hu\/hu\/adatkezeles\/#breadcrumb"},"inLanguage":"en-GB","potentialAction":[{"@type":"ReadAction","target":["https:\/\/hotelambient.hu\/hu\/adatkezeles\/"]}]},{"@type":"BreadcrumbList","@id":"https:\/\/hotelambient.hu\/hu\/adatkezeles\/#breadcrumb","itemListElement":[{"@type":"ListItem","position":1,"name":"Kezd\u0151lap","item":"https:\/\/hotelambient.hu\/hu\/"},{"@type":"ListItem","position":2,"name":"Adatkezel\u00e9s"}]},{"@type":"WebSite","@id":"https:\/\/hotelambient.hu\/en\/#website","url":"https:\/\/hotelambient.hu\/en\/","name":"Hotel Ambient","description":"Hotel Ambient","publisher":{"@id":"https:\/\/hotelambient.hu\/en\/#organization"},"potentialAction":[{"@type":"SearchAction","target":{"@type":"EntryPoint","urlTemplate":"https:\/\/hotelambient.hu\/en\/?s={search_term_string}"},"query-input":{"@type":"PropertyValueSpecification","valueRequired":true,"valueName":"search_term_string"}}],"inLanguage":"en-GB"},{"@type":"Organization","@id":"https:\/\/hotelambient.hu\/en\/#organization","name":"Hotel Ambient","url":"https:\/\/hotelambient.hu\/en\/","logo":{"@type":"ImageObject","inLanguage":"en-GB","@id":"https:\/\/hotelambient.hu\/en\/#\/schema\/logo\/image\/","url":"https:\/\/hotelambient.hu\/wp-content\/uploads\/2023\/06\/cropped-Ambient_logo_fekete_transparent_bg.webp","contentUrl":"https:\/\/hotelambient.hu\/wp-content\/uploads\/2023\/06\/cropped-Ambient_logo_fekete_transparent_bg.webp","width":512,"height":512,"caption":"Hotel Ambient"},"image":{"@id":"https:\/\/hotelambient.hu\/en\/#\/schema\/logo\/image\/"}}]}},"_links":{"self":[{"href":"https:\/\/hotelambient.hu\/en\/wp-json\/wp\/v2\/pages\/687","targetHints":{"allow":["GET"]}}],"collection":[{"href":"https:\/\/hotelambient.hu\/en\/wp-json\/wp\/v2\/pages"}],"about":[{"href":"https:\/\/hotelambient.hu\/en\/wp-json\/wp\/v2\/types\/page"}],"author":[{"embeddable":true,"href":"https:\/\/hotelambient.hu\/en\/wp-json\/wp\/v2\/users\/8"}],"replies":[{"embeddable":true,"href":"https:\/\/hotelambient.hu\/en\/wp-json\/wp\/v2\/comments?post=687"}],"version-history":[{"count":20,"href":"https:\/\/hotelambient.hu\/en\/wp-json\/wp\/v2\/pages\/687\/revisions"}],"predecessor-version":[{"id":8827,"href":"https:\/\/hotelambient.hu\/en\/wp-json\/wp\/v2\/pages\/687\/revisions\/8827"}],"wp:attachment":[{"href":"https:\/\/hotelambient.hu\/en\/wp-json\/wp\/v2\/media?parent=687"}],"curies":[{"name":"wp","href":"https:\/\/api.w.org\/{rel}","templated":true}]}}