{"id":744,"date":"2023-06-19T13:56:55","date_gmt":"2023-06-19T11:56:55","guid":{"rendered":"https:\/\/hotelambient.hu\/?page_id=744"},"modified":"2026-02-06T11:14:08","modified_gmt":"2026-02-06T10:14:08","slug":"gastronomy","status":"publish","type":"page","link":"https:\/\/hotelambient.hu\/en\/gasztro\/","title":{"rendered":"Catering"},"content":{"rendered":"<div data-elementor-type=\"wp-page\" data-elementor-id=\"744\" class=\"elementor elementor-744\" data-elementor-post-type=\"page\">\n\t\t\t\t<div class=\"elementor-element elementor-element-4bee620 e-con-full e-flex e-con e-parent\" data-id=\"4bee620\" data-element_type=\"container\" data-e-type=\"container\">\n\t\t<div class=\"elementor-element elementor-element-b86a00e e-con-full e-flex e-con e-child\" data-id=\"b86a00e\" data-element_type=\"container\" data-e-type=\"container\">\n\t\t\t\t<div class=\"elementor-element elementor-element-8071327 elementor-cta--skin-cover elementor-cta--valign-middle elementor-cta--sequenced-animation elementor-bg-transform elementor-bg-transform-zoom-out elementor-animated-content elementor-widget elementor-widget-call-to-action\" data-id=\"8071327\" data-element_type=\"widget\" data-e-type=\"widget\" data-widget_type=\"call-to-action.default\">\n\t\t\t\t<div class=\"elementor-widget-container\">\n\t\t\t\t\t\t\t<a class=\"elementor-cta\" href=\"https:\/\/hotelambient.hu\/wp-content\/uploads\/2026\/02\/AMBIENT_ETLAP_2026_JANUAR.pdf\" target=\"_blank\">\n\t\t\t\t\t<div class=\"elementor-cta__bg-wrapper\">\n\t\t\t\t<div class=\"elementor-cta__bg elementor-bg\" style=\"background-image: url(https:\/\/hotelambient.hu\/wp-content\/uploads\/2024\/05\/00Ambient_SnackBar_1280x_002-1024x682.jpg);\" role=\"img\" aria-label=\"00Ambient_SnackBar_1280x_002\"><\/div>\n\t\t\t\t<div class=\"elementor-cta__bg-overlay\"><\/div>\n\t\t\t<\/div>\n\t\t\t\t\t\t\t<div class=\"elementor-cta__content\">\n\t\t\t\t\n\t\t\t\t\t\t\t\t\t<h2 class=\"elementor-cta__title elementor-cta__content-item elementor-content-item elementor-animated-item--exit-zoom-in\">\n\t\t\t\t\t\tMenu\t\t\t\t\t<\/h2>\n\t\t\t\t\n\t\t\t\t\t\t\t\t\t<div class=\"elementor-cta__description elementor-cta__content-item elementor-content-item elementor-animated-item--exit-zoom-in\">\n\t\t\t\t\t\tSnack bar:\nLocated on the first floor of the hotel, next to the bowling alley and the outdoor adventure pool, we welcome our guests in the Snack Bar!\n\nThe interior features a bar and a show kitchen, as well as a poolside terrace for delicious snacks and refreshing drinks. The menu includes hot and cold dishes, salads, burgers (made from homemade meatballs) and light desserts.\t\t\t\t\t<\/div>\n\t\t\t\t\n\t\t\t\t\t\t\t\t\t<div class=\"elementor-cta__button-wrapper elementor-cta__content-item elementor-content-item elementor-animated-item--exit-zoom-in\">\n\t\t\t\t\t<span class=\"elementor-cta__button elementor-button elementor-size-\">\n\t\t\t\t\t\tCheck\t\t\t\t\t<\/span>\n\t\t\t\t\t<\/div>\n\t\t\t\t\t\t\t<\/div>\n\t\t\t\t\t\t<\/a>\n\t\t\t\t\t\t<\/div>\n\t\t\t\t<\/div>\n\t\t\t\t<div class=\"elementor-element elementor-element-ba14de9 elementor-cta--skin-cover elementor-cta--valign-middle elementor-cta--sequenced-animation elementor-bg-transform elementor-bg-transform-zoom-out elementor-animated-content elementor-widget elementor-widget-call-to-action\" data-id=\"ba14de9\" data-element_type=\"widget\" data-e-type=\"widget\" data-widget_type=\"call-to-action.default\">\n\t\t\t\t<div class=\"elementor-widget-container\">\n\t\t\t\t\t\t\t<a class=\"elementor-cta\" href=\"http:\/\/hotelambient.hu\/en\/menu-2\/\">\n\t\t\t\t\t<div class=\"elementor-cta__bg-wrapper\">\n\t\t\t\t<div class=\"elementor-cta__bg elementor-bg\" style=\"background-image: url(https:\/\/hotelambient.hu\/wp-content\/uploads\/2023\/07\/SIM_1270.jpg);\" role=\"img\" aria-label=\"SIM_1270\"><\/div>\n\t\t\t\t<div class=\"elementor-cta__bg-overlay\"><\/div>\n\t\t\t<\/div>\n\t\t\t\t\t\t\t<div class=\"elementor-cta__content\">\n\t\t\t\t\n\t\t\t\t\t\t\t\t\t<h2 class=\"elementor-cta__title elementor-cta__content-item elementor-content-item elementor-animated-item--exit-zoom-in\">\n\t\t\t\t\t\tCocktail menu\t\t\t\t\t<\/h2>\n\t\t\t\t\n\t\t\t\t\n\t\t\t\t\t\t\t\t\t<div class=\"elementor-cta__button-wrapper elementor-cta__content-item elementor-content-item elementor-animated-item--exit-zoom-in\">\n\t\t\t\t\t<span class=\"elementor-cta__button elementor-button elementor-size-\">\n\t\t\t\t\t\tCheck\t\t\t\t\t<\/span>\n\t\t\t\t\t<\/div>\n\t\t\t\t\t\t\t<\/div>\n\t\t\t\t\t\t<\/a>\n\t\t\t\t\t\t<\/div>\n\t\t\t\t<\/div>\n\t\t\t\t<div class=\"elementor-element elementor-element-b99637d elementor-cta--skin-cover elementor-cta--valign-middle elementor-cta--sequenced-animation elementor-bg-transform elementor-bg-transform-zoom-out elementor-hidden-desktop elementor-hidden-laptop elementor-hidden-tablet_extra elementor-hidden-tablet elementor-hidden-mobile elementor-animated-content elementor-widget elementor-widget-call-to-action\" data-id=\"b99637d\" data-element_type=\"widget\" data-e-type=\"widget\" data-widget_type=\"call-to-action.default\">\n\t\t\t\t<div class=\"elementor-widget-container\">\n\t\t\t\t\t\t\t<a class=\"elementor-cta\" href=\"https:\/\/hotelambient.hu\/wp-content\/uploads\/2025\/11\/kavelap_compressed.pdf\" target=\"_blank\">\n\t\t\t\t\t<div class=\"elementor-cta__bg-wrapper\">\n\t\t\t\t<div class=\"elementor-cta__bg elementor-bg\" style=\"background-image: url(https:\/\/hotelambient.hu\/wp-content\/uploads\/2023\/06\/pexels-cottonbro-studio-6466293-1024x683.jpg);\" role=\"img\" aria-label=\"pexels-cottonbro-studio-6466293\"><\/div>\n\t\t\t\t<div class=\"elementor-cta__bg-overlay\"><\/div>\n\t\t\t<\/div>\n\t\t\t\t\t\t\t<div class=\"elementor-cta__content\">\n\t\t\t\t\n\t\t\t\t\t\t\t\t\t<h2 class=\"elementor-cta__title elementor-cta__content-item elementor-content-item elementor-animated-item--exit-zoom-in\">\n\t\t\t\t\t\tCoffee bar\t\t\t\t\t<\/h2>\n\t\t\t\t\n\t\t\t\t\n\t\t\t\t\t\t\t\t\t<div class=\"elementor-cta__button-wrapper elementor-cta__content-item elementor-content-item elementor-animated-item--exit-zoom-in\">\n\t\t\t\t\t<span class=\"elementor-cta__button elementor-button elementor-size-\">\n\t\t\t\t\t\tCheck\t\t\t\t\t<\/span>\n\t\t\t\t\t<\/div>\n\t\t\t\t\t\t\t<\/div>\n\t\t\t\t\t\t<\/a>\n\t\t\t\t\t\t<\/div>\n\t\t\t\t<\/div>\n\t\t\t\t<\/div>\n\t\t<div class=\"elementor-element elementor-element-8a912af e-con-full e-flex e-con e-child\" data-id=\"8a912af\" data-element_type=\"container\" data-e-type=\"container\">\n\t\t\t\t<div class=\"elementor-element elementor-element-b734fd0 elementor-cta--skin-cover elementor-cta--valign-middle elementor-cta--sequenced-animation elementor-bg-transform elementor-bg-transform-zoom-out elementor-animated-content elementor-widget elementor-widget-call-to-action\" data-id=\"b734fd0\" data-element_type=\"widget\" data-e-type=\"widget\" data-widget_type=\"call-to-action.default\">\n\t\t\t\t<div class=\"elementor-widget-container\">\n\t\t\t\t\t\t\t<a class=\"elementor-cta\" href=\"https:\/\/hotelambient.hu\/wp-content\/uploads\/2026\/02\/ITALLAP_105x297_2026_JANUAR.pdf\">\n\t\t\t\t\t<div class=\"elementor-cta__bg-wrapper\">\n\t\t\t\t<div class=\"elementor-cta__bg elementor-bg\" style=\"background-image: url(https:\/\/hotelambient.hu\/wp-content\/uploads\/2024\/05\/00Ambient_SnackBar_1280x_015-1-1024x682.jpg);\" role=\"img\" aria-label=\"00Ambient_SnackBar_1280x_015 (1)\"><\/div>\n\t\t\t\t<div class=\"elementor-cta__bg-overlay\"><\/div>\n\t\t\t<\/div>\n\t\t\t\t\t\t\t<div class=\"elementor-cta__content\">\n\t\t\t\t\n\t\t\t\t\t\t\t\t\t<h2 class=\"elementor-cta__title elementor-cta__content-item elementor-content-item elementor-animated-item--exit-zoom-in\">\n\t\t\t\t\t\tBeverages\t\t\t\t\t<\/h2>\n\t\t\t\t\n\t\t\t\t\t\t\t\t\t<div class=\"elementor-cta__description elementor-cta__content-item elementor-content-item elementor-animated-item--exit-zoom-in\">\n\t\t\t\t\t\tThe Lobby Bar - Source Restaurant\nWe offer coffee specialities, alcoholic and non-alcoholic cocktails.\n\n\t\t\t\t\t<\/div>\n\t\t\t\t\n\t\t\t\t\t\t\t\t\t<div class=\"elementor-cta__button-wrapper elementor-cta__content-item elementor-content-item elementor-animated-item--exit-zoom-in\">\n\t\t\t\t\t<span class=\"elementor-cta__button elementor-button elementor-size-\">\n\t\t\t\t\t\tCheck\t\t\t\t\t<\/span>\n\t\t\t\t\t<\/div>\n\t\t\t\t\t\t\t<\/div>\n\t\t\t\t\t\t<\/a>\n\t\t\t\t\t\t<\/div>\n\t\t\t\t<\/div>\n\t\t\t\t<div class=\"elementor-element elementor-element-17f96b1 elementor-cta--skin-cover elementor-cta--valign-middle elementor-cta--sequenced-animation elementor-bg-transform elementor-bg-transform-zoom-out elementor-animated-content elementor-widget elementor-widget-call-to-action\" data-id=\"17f96b1\" data-element_type=\"widget\" data-e-type=\"widget\" data-widget_type=\"call-to-action.default\">\n\t\t\t\t<div class=\"elementor-widget-container\">\n\t\t\t\t\t\t\t<a class=\"elementor-cta\" href=\"http:\/\/hotelambient.hu\/wp-content\/uploads\/2025\/05\/Borlap-2025.05.pdf\" target=\"_blank\">\n\t\t\t\t\t<div class=\"elementor-cta__bg-wrapper\">\n\t\t\t\t<div class=\"elementor-cta__bg elementor-bg\" style=\"background-image: url(https:\/\/hotelambient.hu\/wp-content\/uploads\/2024\/01\/aperol1-971x1024.jpg);\" role=\"img\" aria-label=\"aperol1\"><\/div>\n\t\t\t\t<div class=\"elementor-cta__bg-overlay\"><\/div>\n\t\t\t<\/div>\n\t\t\t\t\t\t\t<div class=\"elementor-cta__content\">\n\t\t\t\t\n\t\t\t\t\t\t\t\t\t<h2 class=\"elementor-cta__title elementor-cta__content-item elementor-content-item elementor-animated-item--exit-zoom-in\">\n\t\t\t\t\t\tBorlap\t\t\t\t\t<\/h2>\n\t\t\t\t\n\t\t\t\t\t\t\t\t\t<div class=\"elementor-cta__description elementor-cta__content-item elementor-content-item elementor-animated-item--exit-zoom-in\">\n\t\t\t\t\t\t\n\n\t\t\t\t\t<\/div>\n\t\t\t\t\n\t\t\t\t\t\t\t\t\t<div class=\"elementor-cta__button-wrapper elementor-cta__content-item elementor-content-item elementor-animated-item--exit-zoom-in\">\n\t\t\t\t\t<span class=\"elementor-cta__button elementor-button elementor-size-\">\n\t\t\t\t\t\tCheck\t\t\t\t\t<\/span>\n\t\t\t\t\t<\/div>\n\t\t\t\t\t\t\t<\/div>\n\t\t\t\t\t\t<\/a>\n\t\t\t\t\t\t<\/div>\n\t\t\t\t<\/div>\n\t\t\t\t<div class=\"elementor-element elementor-element-a393f30 elementor-cta--skin-cover elementor-cta--valign-middle elementor-cta--sequenced-animation elementor-bg-transform elementor-bg-transform-zoom-out elementor-animated-content elementor-widget elementor-widget-call-to-action\" data-id=\"a393f30\" data-element_type=\"widget\" data-e-type=\"widget\" data-widget_type=\"call-to-action.default\">\n\t\t\t\t<div class=\"elementor-widget-container\">\n\t\t\t\t\t\t\t<a class=\"elementor-cta\" href=\"http:\/\/hotelambient.hu\/en\/menu-3\/\" target=\"_blank\">\n\t\t\t\t\t<div class=\"elementor-cta__bg-wrapper\">\n\t\t\t\t<div class=\"elementor-cta__bg elementor-bg\" style=\"background-image: url(https:\/\/hotelambient.hu\/wp-content\/uploads\/2024\/05\/2023AMBIENT0121_1280x853-1024x682.jpg);\" role=\"img\" aria-label=\"2023AMBIENT0121_1280x853\"><\/div>\n\t\t\t\t<div class=\"elementor-cta__bg-overlay\"><\/div>\n\t\t\t<\/div>\n\t\t\t\t\t\t\t<div class=\"elementor-cta__content\">\n\t\t\t\t\n\t\t\t\t\t\t\t\t\t<h2 class=\"elementor-cta__title elementor-cta__content-item elementor-content-item elementor-animated-item--exit-zoom-in\">\n\t\t\t\t\t\tMinibar packages\t\t\t\t\t<\/h2>\n\t\t\t\t\n\t\t\t\t\t\t\t\t\t<div class=\"elementor-cta__description elementor-cta__content-item elementor-content-item elementor-animated-item--exit-zoom-in\">\n\t\t\t\t\t\t\n\n\t\t\t\t\t<\/div>\n\t\t\t\t\n\t\t\t\t\t\t\t\t\t<div class=\"elementor-cta__button-wrapper elementor-cta__content-item elementor-content-item elementor-animated-item--exit-zoom-in\">\n\t\t\t\t\t<span class=\"elementor-cta__button elementor-button elementor-size-\">\n\t\t\t\t\t\tCheck\t\t\t\t\t<\/span>\n\t\t\t\t\t<\/div>\n\t\t\t\t\t\t\t<\/div>\n\t\t\t\t\t\t<\/a>\n\t\t\t\t\t\t<\/div>\n\t\t\t\t<\/div>\n\t\t\t\t<\/div>\n\t\t\t\t<\/div>\n\t\t\t\t<\/div>","protected":false},"excerpt":{"rendered":"<p>\u00c9telk\u00edn\u00e1latunk Snack b\u00e1r: A sz\u00e1lloda els\u0151 emelet\u00e9n, a Bowling p\u00e1lya \u00e9s a k\u00fcls\u0151 \u00e9lm\u00e9nymedence szomsz\u00e9ds\u00e1g\u00e1ban v\u00e1rjuk vend\u00e9geinket a Snack B\u00e1rban! A bels\u0151 t\u00e9rben b\u00e1rpult \u00e9s l\u00e1tv\u00e1nykonyha, illetve medenceparti terasz biztos\u00edtja az \u00ednycsiklandoz\u00f3 fog\u00e1sok \u00e9s friss\u00edt\u0151 italok fogyaszt\u00e1st. Az \u00e9tlapon hideg \u00e9s meleg \u00e9telek, sal\u00e1t\u00e1k, hamburger (h\u00e1zi k\u00e9sz\u00edt\u00e9s\u0171 h\u00faspog\u00e1cs\u00e1b\u00f3l) \u00e9s k\u00f6nny\u0171 desszertek szerepelnek. megn\u00e9zem Kokt\u00e9llap megn\u00e9zem [&hellip;]<\/p>\n","protected":false},"author":8,"featured_media":0,"parent":0,"menu_order":0,"comment_status":"closed","ping_status":"closed","template":"","meta":{"footnotes":""},"class_list":["post-744","page","type-page","status-publish","hentry"],"yoast_head":"<!-- This site is optimized with the Yoast SEO plugin v27.4 - https:\/\/yoast.com\/product\/yoast-seo-wordpress\/ -->\n<title>Gasztro - Hotel Ambient<\/title>\n<meta name=\"robots\" content=\"index, follow, max-snippet:-1, max-image-preview:large, max-video-preview:-1\" \/>\n<link rel=\"canonical\" href=\"https:\/\/hotelambient.hu\/en\/gastronomy\/\" \/>\n<meta property=\"og:locale\" content=\"en_GB\" \/>\n<meta property=\"og:type\" content=\"article\" \/>\n<meta property=\"og:title\" content=\"Gasztro - Hotel Ambient\" \/>\n<meta property=\"og:description\" content=\"\u00c9telk\u00edn\u00e1latunk Snack b\u00e1r: A sz\u00e1lloda els\u0151 emelet\u00e9n, a Bowling p\u00e1lya \u00e9s a k\u00fcls\u0151 \u00e9lm\u00e9nymedence szomsz\u00e9ds\u00e1g\u00e1ban v\u00e1rjuk vend\u00e9geinket a Snack B\u00e1rban! A bels\u0151 t\u00e9rben b\u00e1rpult \u00e9s l\u00e1tv\u00e1nykonyha, illetve medenceparti terasz biztos\u00edtja az \u00ednycsiklandoz\u00f3 fog\u00e1sok \u00e9s friss\u00edt\u0151 italok fogyaszt\u00e1st. Az \u00e9tlapon hideg \u00e9s meleg \u00e9telek, sal\u00e1t\u00e1k, hamburger (h\u00e1zi k\u00e9sz\u00edt\u00e9s\u0171 h\u00faspog\u00e1cs\u00e1b\u00f3l) \u00e9s k\u00f6nny\u0171 desszertek szerepelnek. megn\u00e9zem Kokt\u00e9llap megn\u00e9zem [&hellip;]\" \/>\n<meta property=\"og:url\" content=\"https:\/\/hotelambient.hu\/en\/gastronomy\/\" \/>\n<meta property=\"og:site_name\" content=\"Hotel Ambient\" \/>\n<meta property=\"article:modified_time\" content=\"2026-02-06T10:14:08+00:00\" \/>\n<meta property=\"og:image\" content=\"https:\/\/hotelambient.hu\/wp-content\/uploads\/2024\/05\/Accent_Ambient_Wellness_1280x_008-3.jpg\" \/>\n\t<meta property=\"og:image:width\" content=\"1100\" \/>\n\t<meta property=\"og:image:height\" content=\"733\" \/>\n\t<meta property=\"og:image:type\" content=\"image\/jpeg\" \/>\n<meta name=\"twitter:card\" content=\"summary_large_image\" \/>\n<meta name=\"twitter:label1\" content=\"Estimated reading time\" \/>\n\t<meta name=\"twitter:data1\" content=\"1 minute\" \/>\n<script type=\"application\/ld+json\" class=\"yoast-schema-graph\">{\"@context\":\"https:\\\/\\\/schema.org\",\"@graph\":[{\"@type\":\"WebPage\",\"@id\":\"https:\\\/\\\/hotelambient.hu\\\/gasztro\\\/\",\"url\":\"https:\\\/\\\/hotelambient.hu\\\/gasztro\\\/\",\"name\":\"Gasztro - Hotel Ambient\",\"isPartOf\":{\"@id\":\"https:\\\/\\\/hotelambient.hu\\\/en\\\/#website\"},\"datePublished\":\"2023-06-19T11:56:55+00:00\",\"dateModified\":\"2026-02-06T10:14:08+00:00\",\"breadcrumb\":{\"@id\":\"https:\\\/\\\/hotelambient.hu\\\/gasztro\\\/#breadcrumb\"},\"inLanguage\":\"en-GB\",\"potentialAction\":[{\"@type\":\"ReadAction\",\"target\":[\"https:\\\/\\\/hotelambient.hu\\\/gasztro\\\/\"]}]},{\"@type\":\"BreadcrumbList\",\"@id\":\"https:\\\/\\\/hotelambient.hu\\\/gasztro\\\/#breadcrumb\",\"itemListElement\":[{\"@type\":\"ListItem\",\"position\":1,\"name\":\"Kezd\u0151lap\",\"item\":\"https:\\\/\\\/hotelambient.hu\\\/hu\\\/\"},{\"@type\":\"ListItem\",\"position\":2,\"name\":\"Gasztro\"}]},{\"@type\":\"WebSite\",\"@id\":\"https:\\\/\\\/hotelambient.hu\\\/en\\\/#website\",\"url\":\"https:\\\/\\\/hotelambient.hu\\\/en\\\/\",\"name\":\"Hotel Ambient\",\"description\":\"Hotel Ambient\",\"publisher\":{\"@id\":\"https:\\\/\\\/hotelambient.hu\\\/en\\\/#organization\"},\"potentialAction\":[{\"@type\":\"SearchAction\",\"target\":{\"@type\":\"EntryPoint\",\"urlTemplate\":\"https:\\\/\\\/hotelambient.hu\\\/en\\\/?s={search_term_string}\"},\"query-input\":{\"@type\":\"PropertyValueSpecification\",\"valueRequired\":true,\"valueName\":\"search_term_string\"}}],\"inLanguage\":\"en-GB\"},{\"@type\":\"Organization\",\"@id\":\"https:\\\/\\\/hotelambient.hu\\\/en\\\/#organization\",\"name\":\"Hotel Ambient\",\"url\":\"https:\\\/\\\/hotelambient.hu\\\/en\\\/\",\"logo\":{\"@type\":\"ImageObject\",\"inLanguage\":\"en-GB\",\"@id\":\"https:\\\/\\\/hotelambient.hu\\\/en\\\/#\\\/schema\\\/logo\\\/image\\\/\",\"url\":\"https:\\\/\\\/hotelambient.hu\\\/wp-content\\\/uploads\\\/2023\\\/06\\\/cropped-Ambient_logo_fekete_transparent_bg.webp\",\"contentUrl\":\"https:\\\/\\\/hotelambient.hu\\\/wp-content\\\/uploads\\\/2023\\\/06\\\/cropped-Ambient_logo_fekete_transparent_bg.webp\",\"width\":512,\"height\":512,\"caption\":\"Hotel Ambient\"},\"image\":{\"@id\":\"https:\\\/\\\/hotelambient.hu\\\/en\\\/#\\\/schema\\\/logo\\\/image\\\/\"}}]}<\/script>\n<!-- \/ Yoast SEO plugin. -->","yoast_head_json":{"title":"Gastronomy - Hotel Ambient","robots":{"index":"index","follow":"follow","max-snippet":"max-snippet:-1","max-image-preview":"max-image-preview:large","max-video-preview":"max-video-preview:-1"},"canonical":"https:\/\/hotelambient.hu\/en\/gastronomy\/","og_locale":"en_GB","og_type":"article","og_title":"Gasztro - Hotel Ambient","og_description":"\u00c9telk\u00edn\u00e1latunk Snack b\u00e1r: A sz\u00e1lloda els\u0151 emelet\u00e9n, a Bowling p\u00e1lya \u00e9s a k\u00fcls\u0151 \u00e9lm\u00e9nymedence szomsz\u00e9ds\u00e1g\u00e1ban v\u00e1rjuk vend\u00e9geinket a Snack B\u00e1rban! A bels\u0151 t\u00e9rben b\u00e1rpult \u00e9s l\u00e1tv\u00e1nykonyha, illetve medenceparti terasz biztos\u00edtja az \u00ednycsiklandoz\u00f3 fog\u00e1sok \u00e9s friss\u00edt\u0151 italok fogyaszt\u00e1st. Az \u00e9tlapon hideg \u00e9s meleg \u00e9telek, sal\u00e1t\u00e1k, hamburger (h\u00e1zi k\u00e9sz\u00edt\u00e9s\u0171 h\u00faspog\u00e1cs\u00e1b\u00f3l) \u00e9s k\u00f6nny\u0171 desszertek szerepelnek. megn\u00e9zem Kokt\u00e9llap megn\u00e9zem [&hellip;]","og_url":"https:\/\/hotelambient.hu\/en\/gastronomy\/","og_site_name":"Hotel Ambient","article_modified_time":"2026-02-06T10:14:08+00:00","og_image":[{"width":1100,"height":733,"url":"https:\/\/hotelambient.hu\/wp-content\/uploads\/2024\/05\/Accent_Ambient_Wellness_1280x_008-3.jpg","type":"image\/jpeg"}],"twitter_card":"summary_large_image","twitter_misc":{"Estimated reading time":"1 minute"},"schema":{"@context":"https:\/\/schema.org","@graph":[{"@type":"WebPage","@id":"https:\/\/hotelambient.hu\/gasztro\/","url":"https:\/\/hotelambient.hu\/gasztro\/","name":"Gastronomy - Hotel Ambient","isPartOf":{"@id":"https:\/\/hotelambient.hu\/en\/#website"},"datePublished":"2023-06-19T11:56:55+00:00","dateModified":"2026-02-06T10:14:08+00:00","breadcrumb":{"@id":"https:\/\/hotelambient.hu\/gasztro\/#breadcrumb"},"inLanguage":"en-GB","potentialAction":[{"@type":"ReadAction","target":["https:\/\/hotelambient.hu\/gasztro\/"]}]},{"@type":"BreadcrumbList","@id":"https:\/\/hotelambient.hu\/gasztro\/#breadcrumb","itemListElement":[{"@type":"ListItem","position":1,"name":"Kezd\u0151lap","item":"https:\/\/hotelambient.hu\/hu\/"},{"@type":"ListItem","position":2,"name":"Gasztro"}]},{"@type":"WebSite","@id":"https:\/\/hotelambient.hu\/en\/#website","url":"https:\/\/hotelambient.hu\/en\/","name":"Hotel Ambient","description":"Hotel Ambient","publisher":{"@id":"https:\/\/hotelambient.hu\/en\/#organization"},"potentialAction":[{"@type":"SearchAction","target":{"@type":"EntryPoint","urlTemplate":"https:\/\/hotelambient.hu\/en\/?s={search_term_string}"},"query-input":{"@type":"PropertyValueSpecification","valueRequired":true,"valueName":"search_term_string"}}],"inLanguage":"en-GB"},{"@type":"Organization","@id":"https:\/\/hotelambient.hu\/en\/#organization","name":"Hotel Ambient","url":"https:\/\/hotelambient.hu\/en\/","logo":{"@type":"ImageObject","inLanguage":"en-GB","@id":"https:\/\/hotelambient.hu\/en\/#\/schema\/logo\/image\/","url":"https:\/\/hotelambient.hu\/wp-content\/uploads\/2023\/06\/cropped-Ambient_logo_fekete_transparent_bg.webp","contentUrl":"https:\/\/hotelambient.hu\/wp-content\/uploads\/2023\/06\/cropped-Ambient_logo_fekete_transparent_bg.webp","width":512,"height":512,"caption":"Hotel Ambient"},"image":{"@id":"https:\/\/hotelambient.hu\/en\/#\/schema\/logo\/image\/"}}]}},"_links":{"self":[{"href":"https:\/\/hotelambient.hu\/en\/wp-json\/wp\/v2\/pages\/744","targetHints":{"allow":["GET"]}}],"collection":[{"href":"https:\/\/hotelambient.hu\/en\/wp-json\/wp\/v2\/pages"}],"about":[{"href":"https:\/\/hotelambient.hu\/en\/wp-json\/wp\/v2\/types\/page"}],"author":[{"embeddable":true,"href":"https:\/\/hotelambient.hu\/en\/wp-json\/wp\/v2\/users\/8"}],"replies":[{"embeddable":true,"href":"https:\/\/hotelambient.hu\/en\/wp-json\/wp\/v2\/comments?post=744"}],"version-history":[{"count":35,"href":"https:\/\/hotelambient.hu\/en\/wp-json\/wp\/v2\/pages\/744\/revisions"}],"predecessor-version":[{"id":9216,"href":"https:\/\/hotelambient.hu\/en\/wp-json\/wp\/v2\/pages\/744\/revisions\/9216"}],"wp:attachment":[{"href":"https:\/\/hotelambient.hu\/en\/wp-json\/wp\/v2\/media?parent=744"}],"curies":[{"name":"wp","href":"https:\/\/api.w.org\/{rel}","templated":true}]}}