{"id":7957,"date":"2025-07-30T09:23:19","date_gmt":"2025-07-30T07:23:19","guid":{"rendered":"https:\/\/hotelambient.hu\/?page_id=7957"},"modified":"2025-07-30T09:40:38","modified_gmt":"2025-07-30T07:40:38","slug":"workplace-cooperation-with-the-sikfurdo-company","status":"publish","type":"page","link":"https:\/\/hotelambient.hu\/en\/munkahelyi-kepzesek-a-sikfurdo-kftnel\/","title":{"rendered":"On-the-job training at Sikf\u00fcrd\u0151 Kft"},"content":{"rendered":"<div data-elementor-type=\"wp-page\" data-elementor-id=\"7957\" class=\"elementor elementor-7957\" data-elementor-post-type=\"page\">\n\t\t\t\t<div class=\"elementor-element elementor-element-b5892ec e-con-full e-flex e-con e-parent\" data-id=\"b5892ec\" data-element_type=\"container\" data-e-type=\"container\">\n\t\t\t\t<div class=\"elementor-element elementor-element-4934fc3 elementor-widget elementor-widget-heading\" data-id=\"4934fc3\" data-element_type=\"widget\" data-e-type=\"widget\" data-widget_type=\"heading.default\">\n\t\t\t\t<div class=\"elementor-widget-container\">\n\t\t\t\t\t<h1 class=\"elementor-heading-title elementor-size-default\">On-the-job training at Sikf\u00fcrd\u0151 Kft<\/h1>\t\t\t\t<\/div>\n\t\t\t\t<\/div>\n\t\t<div class=\"elementor-element elementor-element-2c946fa e-flex e-con-boxed e-con e-child\" data-id=\"2c946fa\" data-element_type=\"container\" data-e-type=\"container\">\n\t\t\t\t\t<div class=\"e-con-inner\">\n\t\t\t\t<div class=\"elementor-element elementor-element-4fb6c85 elementor-widget elementor-widget-text-editor\" data-id=\"4fb6c85\" data-element_type=\"widget\" data-e-type=\"widget\" data-no-translation=\"\" data-widget_type=\"text-editor.default\">\n\t\t\t\t<div class=\"elementor-widget-container\">\n\t\t\t\t\t<style>.elementor-element-4fb6c85{display:none !important}<\/style>\t\t\t\t<\/div>\n\t\t\t\t<\/div>\n\t\t\t\t\t<\/div>\n\t\t\t\t<\/div>\n\t\t\t\t<\/div>\n\t\t\t\t<\/div>","protected":false},"excerpt":{"rendered":"<p>Kedvezm\u00e9nyezett neve: SIKF\u00dcRD\u0150 Szolg\u00e1ltat\u00f3 Korl\u00e1tolt Felel\u0151ss\u00e9g\u0171 T\u00e1rsas\u00e1g Projekt azonos\u00edt\u00f3 sz\u00e1ma: GINOP-6.1.6-17-2018-00643 Projekt c\u00edme: \u201eMunkahelyi k\u00e9pz\u00e9sek a S\u00edkf\u00fcrd\u0151 Kft-n\u00e9l\u201d Szerz\u0151d\u00f6tt t\u00e1mogat\u00e1s \u00f6sszege: 27 940 636 Ft T\u00e1mogat\u00e1s m\u00e9rt\u00e9ke: 100% Projekt befejez\u00e9si d\u00e1tuma: 2019.12.26. Projekt tartalm\u00e1nak bemutat\u00e1sa: V\u00e1llalkoz\u00e1sunk, a SIKF\u00dcRD\u0150 Kft. 2018.09.26-\u00e1n t\u00e1mogat\u00e1st nyert el a GINOP-6.1.6-17 &#8211; Munkahelyi k\u00e9pz\u00e9sek t\u00e1mogat\u00e1sa mikro-, kis- \u00e9s k\u00f6z\u00e9pv\u00e1llalatok munkav\u00e1llal\u00f3i sz\u00e1m\u00e1ra [&hellip;]<\/p>\n","protected":false},"author":8,"featured_media":0,"parent":0,"menu_order":0,"comment_status":"closed","ping_status":"closed","template":"","meta":{"footnotes":""},"class_list":["post-7957","page","type-page","status-publish","hentry"],"yoast_head":"<!-- This site is optimized with the Yoast SEO plugin v27.2 - https:\/\/yoast.com\/product\/yoast-seo-wordpress\/ -->\n<title>Munkahelyi k\u00e9pz\u00e9sek a Sikf\u00fcrd\u0151 Kftn\u00e9l - Hotel Ambient<\/title>\n<meta name=\"robots\" content=\"index, follow, max-snippet:-1, max-image-preview:large, max-video-preview:-1\" \/>\n<link rel=\"canonical\" href=\"https:\/\/hotelambient.hu\/en\/workplace-cooperation-with-the-sikfurdo-company\/\" \/>\n<meta property=\"og:locale\" content=\"en_GB\" \/>\n<meta property=\"og:type\" content=\"article\" \/>\n<meta property=\"og:title\" content=\"Munkahelyi k\u00e9pz\u00e9sek a Sikf\u00fcrd\u0151 Kftn\u00e9l - Hotel Ambient\" \/>\n<meta property=\"og:description\" content=\"Kedvezm\u00e9nyezett neve: SIKF\u00dcRD\u0150 Szolg\u00e1ltat\u00f3 Korl\u00e1tolt Felel\u0151ss\u00e9g\u0171 T\u00e1rsas\u00e1g Projekt azonos\u00edt\u00f3 sz\u00e1ma: GINOP-6.1.6-17-2018-00643 Projekt c\u00edme: \u201eMunkahelyi k\u00e9pz\u00e9sek a S\u00edkf\u00fcrd\u0151 Kft-n\u00e9l\u201d Szerz\u0151d\u00f6tt t\u00e1mogat\u00e1s \u00f6sszege: 27 940 636 Ft T\u00e1mogat\u00e1s m\u00e9rt\u00e9ke: 100% Projekt befejez\u00e9si d\u00e1tuma: 2019.12.26. Projekt tartalm\u00e1nak bemutat\u00e1sa: V\u00e1llalkoz\u00e1sunk, a SIKF\u00dcRD\u0150 Kft. 2018.09.26-\u00e1n t\u00e1mogat\u00e1st nyert el a GINOP-6.1.6-17 &#8211; Munkahelyi k\u00e9pz\u00e9sek t\u00e1mogat\u00e1sa mikro-, kis- \u00e9s k\u00f6z\u00e9pv\u00e1llalatok munkav\u00e1llal\u00f3i sz\u00e1m\u00e1ra [&hellip;]\" \/>\n<meta property=\"og:url\" content=\"https:\/\/hotelambient.hu\/en\/workplace-cooperation-with-the-sikfurdo-company\/\" \/>\n<meta property=\"og:site_name\" content=\"Hotel Ambient\" \/>\n<meta property=\"article:modified_time\" content=\"2025-07-30T07:40:38+00:00\" \/>\n<meta property=\"og:image\" content=\"https:\/\/hotelambient.hu\/wp-content\/uploads\/2024\/05\/Accent_Ambient_Wellness_1280x_008-3.jpg\" \/>\n\t<meta property=\"og:image:width\" content=\"1100\" \/>\n\t<meta property=\"og:image:height\" content=\"733\" \/>\n\t<meta property=\"og:image:type\" content=\"image\/jpeg\" \/>\n<meta name=\"twitter:card\" content=\"summary_large_image\" \/>\n<meta name=\"twitter:label1\" content=\"Estimated reading time\" \/>\n\t<meta name=\"twitter:data1\" content=\"2 minutes\" \/>\n<script type=\"application\/ld+json\" class=\"yoast-schema-graph\">{\"@context\":\"https:\/\/schema.org\",\"@graph\":[{\"@type\":\"WebPage\",\"@id\":\"https:\/\/hotelambient.hu\/munkahelyi-kepzesek-a-sikfurdo-kftnel\/\",\"url\":\"https:\/\/hotelambient.hu\/munkahelyi-kepzesek-a-sikfurdo-kftnel\/\",\"name\":\"Munkahelyi k\u00e9pz\u00e9sek a Sikf\u00fcrd\u0151 Kftn\u00e9l - Hotel Ambient\",\"isPartOf\":{\"@id\":\"https:\/\/hotelambient.hu\/en\/#website\"},\"datePublished\":\"2025-07-30T07:23:19+00:00\",\"dateModified\":\"2025-07-30T07:40:38+00:00\",\"breadcrumb\":{\"@id\":\"https:\/\/hotelambient.hu\/munkahelyi-kepzesek-a-sikfurdo-kftnel\/#breadcrumb\"},\"inLanguage\":\"en-GB\",\"potentialAction\":[{\"@type\":\"ReadAction\",\"target\":[\"https:\/\/hotelambient.hu\/munkahelyi-kepzesek-a-sikfurdo-kftnel\/\"]}]},{\"@type\":\"BreadcrumbList\",\"@id\":\"https:\/\/hotelambient.hu\/munkahelyi-kepzesek-a-sikfurdo-kftnel\/#breadcrumb\",\"itemListElement\":[{\"@type\":\"ListItem\",\"position\":1,\"name\":\"Kezd\u0151lap\",\"item\":\"https:\/\/hotelambient.hu\/hu\/\"},{\"@type\":\"ListItem\",\"position\":2,\"name\":\"Munkahelyi k\u00e9pz\u00e9sek a Sikf\u00fcrd\u0151 Kftn\u00e9l\"}]},{\"@type\":\"WebSite\",\"@id\":\"https:\/\/hotelambient.hu\/en\/#website\",\"url\":\"https:\/\/hotelambient.hu\/en\/\",\"name\":\"Hotel Ambient\",\"description\":\"Hotel Ambient\",\"publisher\":{\"@id\":\"https:\/\/hotelambient.hu\/en\/#organization\"},\"potentialAction\":[{\"@type\":\"SearchAction\",\"target\":{\"@type\":\"EntryPoint\",\"urlTemplate\":\"https:\/\/hotelambient.hu\/en\/?s={search_term_string}\"},\"query-input\":{\"@type\":\"PropertyValueSpecification\",\"valueRequired\":true,\"valueName\":\"search_term_string\"}}],\"inLanguage\":\"en-GB\"},{\"@type\":\"Organization\",\"@id\":\"https:\/\/hotelambient.hu\/en\/#organization\",\"name\":\"Hotel Ambient\",\"url\":\"https:\/\/hotelambient.hu\/en\/\",\"logo\":{\"@type\":\"ImageObject\",\"inLanguage\":\"en-GB\",\"@id\":\"https:\/\/hotelambient.hu\/en\/#\/schema\/logo\/image\/\",\"url\":\"https:\/\/hotelambient.hu\/wp-content\/uploads\/2023\/06\/cropped-Ambient_logo_fekete_transparent_bg.webp\",\"contentUrl\":\"https:\/\/hotelambient.hu\/wp-content\/uploads\/2023\/06\/cropped-Ambient_logo_fekete_transparent_bg.webp\",\"width\":512,\"height\":512,\"caption\":\"Hotel Ambient\"},\"image\":{\"@id\":\"https:\/\/hotelambient.hu\/en\/#\/schema\/logo\/image\/\"}}]}<\/script>\n<!-- \/ Yoast SEO plugin. -->","yoast_head_json":{"title":"Workplace training at Sikf\u00fcrd\u0151 Kft - Hotel Ambient","robots":{"index":"index","follow":"follow","max-snippet":"max-snippet:-1","max-image-preview":"max-image-preview:large","max-video-preview":"max-video-preview:-1"},"canonical":"https:\/\/hotelambient.hu\/en\/workplace-cooperation-with-the-sikfurdo-company\/","og_locale":"en_GB","og_type":"article","og_title":"Munkahelyi k\u00e9pz\u00e9sek a Sikf\u00fcrd\u0151 Kftn\u00e9l - Hotel Ambient","og_description":"Kedvezm\u00e9nyezett neve: SIKF\u00dcRD\u0150 Szolg\u00e1ltat\u00f3 Korl\u00e1tolt Felel\u0151ss\u00e9g\u0171 T\u00e1rsas\u00e1g Projekt azonos\u00edt\u00f3 sz\u00e1ma: GINOP-6.1.6-17-2018-00643 Projekt c\u00edme: \u201eMunkahelyi k\u00e9pz\u00e9sek a S\u00edkf\u00fcrd\u0151 Kft-n\u00e9l\u201d Szerz\u0151d\u00f6tt t\u00e1mogat\u00e1s \u00f6sszege: 27 940 636 Ft T\u00e1mogat\u00e1s m\u00e9rt\u00e9ke: 100% Projekt befejez\u00e9si d\u00e1tuma: 2019.12.26. Projekt tartalm\u00e1nak bemutat\u00e1sa: V\u00e1llalkoz\u00e1sunk, a SIKF\u00dcRD\u0150 Kft. 2018.09.26-\u00e1n t\u00e1mogat\u00e1st nyert el a GINOP-6.1.6-17 &#8211; Munkahelyi k\u00e9pz\u00e9sek t\u00e1mogat\u00e1sa mikro-, kis- \u00e9s k\u00f6z\u00e9pv\u00e1llalatok munkav\u00e1llal\u00f3i sz\u00e1m\u00e1ra [&hellip;]","og_url":"https:\/\/hotelambient.hu\/en\/workplace-cooperation-with-the-sikfurdo-company\/","og_site_name":"Hotel Ambient","article_modified_time":"2025-07-30T07:40:38+00:00","og_image":[{"width":1100,"height":733,"url":"https:\/\/hotelambient.hu\/wp-content\/uploads\/2024\/05\/Accent_Ambient_Wellness_1280x_008-3.jpg","type":"image\/jpeg"}],"twitter_card":"summary_large_image","twitter_misc":{"Estimated reading time":"2 minutes"},"schema":{"@context":"https:\/\/schema.org","@graph":[{"@type":"WebPage","@id":"https:\/\/hotelambient.hu\/munkahelyi-kepzesek-a-sikfurdo-kftnel\/","url":"https:\/\/hotelambient.hu\/munkahelyi-kepzesek-a-sikfurdo-kftnel\/","name":"Workplace training at Sikf\u00fcrd\u0151 Kft - Hotel Ambient","isPartOf":{"@id":"https:\/\/hotelambient.hu\/en\/#website"},"datePublished":"2025-07-30T07:23:19+00:00","dateModified":"2025-07-30T07:40:38+00:00","breadcrumb":{"@id":"https:\/\/hotelambient.hu\/munkahelyi-kepzesek-a-sikfurdo-kftnel\/#breadcrumb"},"inLanguage":"en-GB","potentialAction":[{"@type":"ReadAction","target":["https:\/\/hotelambient.hu\/munkahelyi-kepzesek-a-sikfurdo-kftnel\/"]}]},{"@type":"BreadcrumbList","@id":"https:\/\/hotelambient.hu\/munkahelyi-kepzesek-a-sikfurdo-kftnel\/#breadcrumb","itemListElement":[{"@type":"ListItem","position":1,"name":"Kezd\u0151lap","item":"https:\/\/hotelambient.hu\/hu\/"},{"@type":"ListItem","position":2,"name":"Munkahelyi k\u00e9pz\u00e9sek a Sikf\u00fcrd\u0151 Kftn\u00e9l"}]},{"@type":"WebSite","@id":"https:\/\/hotelambient.hu\/en\/#website","url":"https:\/\/hotelambient.hu\/en\/","name":"Hotel Ambient","description":"Hotel Ambient","publisher":{"@id":"https:\/\/hotelambient.hu\/en\/#organization"},"potentialAction":[{"@type":"SearchAction","target":{"@type":"EntryPoint","urlTemplate":"https:\/\/hotelambient.hu\/en\/?s={search_term_string}"},"query-input":{"@type":"PropertyValueSpecification","valueRequired":true,"valueName":"search_term_string"}}],"inLanguage":"en-GB"},{"@type":"Organization","@id":"https:\/\/hotelambient.hu\/en\/#organization","name":"Hotel Ambient","url":"https:\/\/hotelambient.hu\/en\/","logo":{"@type":"ImageObject","inLanguage":"en-GB","@id":"https:\/\/hotelambient.hu\/en\/#\/schema\/logo\/image\/","url":"https:\/\/hotelambient.hu\/wp-content\/uploads\/2023\/06\/cropped-Ambient_logo_fekete_transparent_bg.webp","contentUrl":"https:\/\/hotelambient.hu\/wp-content\/uploads\/2023\/06\/cropped-Ambient_logo_fekete_transparent_bg.webp","width":512,"height":512,"caption":"Hotel Ambient"},"image":{"@id":"https:\/\/hotelambient.hu\/en\/#\/schema\/logo\/image\/"}}]}},"_links":{"self":[{"href":"https:\/\/hotelambient.hu\/en\/wp-json\/wp\/v2\/pages\/7957","targetHints":{"allow":["GET"]}}],"collection":[{"href":"https:\/\/hotelambient.hu\/en\/wp-json\/wp\/v2\/pages"}],"about":[{"href":"https:\/\/hotelambient.hu\/en\/wp-json\/wp\/v2\/types\/page"}],"author":[{"embeddable":true,"href":"https:\/\/hotelambient.hu\/en\/wp-json\/wp\/v2\/users\/8"}],"replies":[{"embeddable":true,"href":"https:\/\/hotelambient.hu\/en\/wp-json\/wp\/v2\/comments?post=7957"}],"version-history":[{"count":7,"href":"https:\/\/hotelambient.hu\/en\/wp-json\/wp\/v2\/pages\/7957\/revisions"}],"predecessor-version":[{"id":7966,"href":"https:\/\/hotelambient.hu\/en\/wp-json\/wp\/v2\/pages\/7957\/revisions\/7966"}],"wp:attachment":[{"href":"https:\/\/hotelambient.hu\/en\/wp-json\/wp\/v2\/media?parent=7957"}],"curies":[{"name":"wp","href":"https:\/\/api.w.org\/{rel}","templated":true}]}}