{"id":8506,"date":"2025-10-08T14:34:48","date_gmt":"2025-10-08T12:34:48","guid":{"rendered":"https:\/\/hotelambient.hu\/?page_id=8506"},"modified":"2025-10-08T14:39:56","modified_gmt":"2025-10-08T12:39:56","slug":"zen-week","status":"publish","type":"page","link":"https:\/\/hotelambient.hu\/en\/ajanlataink\/zen-hetvege\/","title":{"rendered":"Zen weekend"},"content":{"rendered":"<div data-elementor-type=\"wp-page\" data-elementor-id=\"8506\" class=\"elementor elementor-8506\" data-elementor-post-type=\"page\">\n\t\t\t\t<div class=\"elementor-element elementor-element-24a4abf e-con-full e-flex e-con e-parent\" data-id=\"24a4abf\" data-element_type=\"container\" data-e-type=\"container\">\n\t\t<div class=\"elementor-element elementor-element-0baca78 e-con-full e-flex e-con e-child\" data-id=\"0baca78\" data-element_type=\"container\" data-e-type=\"container\" data-settings=\"{&quot;background_background&quot;:&quot;classic&quot;}\">\n\t\t\t\t<div class=\"elementor-element elementor-element-671a8c9 elementor-widget elementor-widget-image\" data-id=\"671a8c9\" data-element_type=\"widget\" data-e-type=\"widget\" data-widget_type=\"image.default\">\n\t\t\t\t<div class=\"elementor-widget-container\">\n\t\t\t\t\t\t\t\t\t\t\t\t\t\t\t<img fetchpriority=\"high\" decoding=\"async\" width=\"800\" height=\"800\" src=\"https:\/\/hotelambient.hu\/wp-content\/uploads\/2025\/01\/zen_hangtal-1024x1024.jpg\" class=\"attachment-large size-large wp-image-6656\" alt=\"\" srcset=\"https:\/\/hotelambient.hu\/wp-content\/uploads\/2025\/01\/zen_hangtal-1024x1024.jpg 1024w, https:\/\/hotelambient.hu\/wp-content\/uploads\/2025\/01\/zen_hangtal-300x300.jpg 300w, https:\/\/hotelambient.hu\/wp-content\/uploads\/2025\/01\/zen_hangtal-150x150.jpg 150w, https:\/\/hotelambient.hu\/wp-content\/uploads\/2025\/01\/zen_hangtal-768x768.jpg 768w, https:\/\/hotelambient.hu\/wp-content\/uploads\/2025\/01\/zen_hangtal-12x12.jpg 12w, https:\/\/hotelambient.hu\/wp-content\/uploads\/2025\/01\/zen_hangtal-400x400.jpg 400w, https:\/\/hotelambient.hu\/wp-content\/uploads\/2025\/01\/zen_hangtal-600x600.jpg 600w, https:\/\/hotelambient.hu\/wp-content\/uploads\/2025\/01\/zen_hangtal.jpg 1200w\" sizes=\"(max-width: 800px) 100vw, 800px\" \/>\t\t\t\t\t\t\t\t\t\t\t\t\t\t\t<\/div>\n\t\t\t\t<\/div>\n\t\t\t\t<\/div>\n\t\t<div class=\"elementor-element elementor-element-31be0cb e-con-full e-flex e-con e-child\" data-id=\"31be0cb\" data-element_type=\"container\" data-e-type=\"container\">\n\t\t\t\t<div class=\"elementor-element elementor-element-e018716 elementor-widget elementor-widget-heading\" data-id=\"e018716\" data-element_type=\"widget\" data-e-type=\"widget\" data-widget_type=\"heading.default\">\n\t\t\t\t<div class=\"elementor-widget-container\">\n\t\t\t\t\t<h2 class=\"elementor-heading-title elementor-size-default\">Zen weekend<\/h2>\t\t\t\t<\/div>\n\t\t\t\t<\/div>\n\t\t\t\t<div class=\"elementor-element elementor-element-2f905ff elementor-widget elementor-widget-text-editor\" data-id=\"2f905ff\" data-element_type=\"widget\" data-e-type=\"widget\" data-widget_type=\"text-editor.default\">\n\t\t\t\t<div class=\"elementor-widget-container\">\n\t\t\t\t\t\t\t\t\t<p><strong>Physical and mental refreshment in autumn<\/strong><\/p><p><strong><br \/>Valid: 14-16 November 2025.<br \/><\/strong><\/p><p>The package contains the following serives:\u00a0 \u00a0<\/p><ul><li>Accommodation in the selected room type<\/li><li>Rich buffet breakfast, hot and cold dishes and half board dinner<\/li><li>Use of Aroma SPA (3 indoor pools in winter, 1 outdoor pool in summer, children's and baby pool, salt room, indoor Finnish sauna, 2 infrared saunas, aroma cabin, steam cabin, outdoor Finnish sauna, jacuzzi and jacuzzi)<\/li><li>Fitness room with cardio machines<\/li><li>Games room (table football, darts, ping-pong, X-box)<\/li><li>Bathrobe and towel making-up<\/li><li>Free WiFi<\/li><li>Free parking<\/li><li>VAT<\/li><\/ul><p>\u00a0<\/p><p><strong><em>Saturday's programme:<\/em><\/strong><\/p><ul><li>Spinal yoga movement class<\/li><li>Sound bowl bath<\/li><li>Attuned to my soul - somatic exercises, connecting with yourself<\/li><li>Sauna baths in ZEN fragrance compositions<\/li><\/ul>\t\t\t\t\t\t\t\t<\/div>\n\t\t\t\t<\/div>\n\t\t<div class=\"elementor-element elementor-element-25565e4 e-con-full e-flex e-con e-child\" data-id=\"25565e4\" data-element_type=\"container\" data-e-type=\"container\" data-settings=\"{&quot;background_background&quot;:&quot;classic&quot;}\">\n\t\t\t\t<div class=\"elementor-element elementor-element-07eb6ed elementor-align-center elementor-widget elementor-widget-button\" data-id=\"07eb6ed\" data-element_type=\"widget\" data-e-type=\"widget\" data-widget_type=\"button.default\">\n\t\t\t\t<div class=\"elementor-widget-container\">\n\t\t\t\t\t\t\t\t\t<div class=\"elementor-button-wrapper\">\n\t\t\t\t\t<a class=\"elementor-button elementor-button-link elementor-size-sm\" href=\"https:\/\/hotelambient.hu\/en\/foglalas\/\">\n\t\t\t\t\t\t<span class=\"elementor-button-content-wrapper\">\n\t\t\t\t\t\t\t\t\t<span class=\"elementor-button-text\">book a room<\/span>\n\t\t\t\t\t<\/span>\n\t\t\t\t\t<\/a>\n\t\t\t\t<\/div>\n\t\t\t\t\t\t\t\t<\/div>\n\t\t\t\t<\/div>\n\t\t\t\t<div class=\"elementor-element elementor-element-9fc5438 elementor-align-left elementor-widget elementor-widget-button\" data-id=\"9fc5438\" data-element_type=\"widget\" data-e-type=\"widget\" data-widget_type=\"button.default\">\n\t\t\t\t<div class=\"elementor-widget-container\">\n\t\t\t\t\t\t\t\t\t<div class=\"elementor-button-wrapper\">\n\t\t\t\t\t<a class=\"elementor-button elementor-button-link elementor-size-sm\" href=\"#elementor-action%3Aaction%3Dpopup%3Aopen%26settings%3DeyJpZCI6IjMwNyIsInRvZ2dsZSI6ZmFsc2V9\">\n\t\t\t\t\t\t<span class=\"elementor-button-content-wrapper\">\n\t\t\t\t\t\t<span class=\"elementor-button-icon\">\n\t\t\t\t<svg xmlns=\"http:\/\/www.w3.org\/2000\/svg\" width=\"16\" height=\"16\" viewbox=\"0 0 16 16\" fill=\"none\"><circle cx=\"8\" cy=\"8\" r=\"6.5\" stroke=\"black\" stroke-opacity=\"0.54\"><\/circle><path d=\"M7 4.93204C7 4.64725 7.09061 4.42071 7.27184 4.25243C7.46602 4.08414 7.71197 4 8.00971 4C8.30744 4 8.54693 4.08414 8.72816 4.25243C8.90939 4.42071 9 4.64725 9 4.93204C9 5.20388 8.90939 5.42395 8.72816 5.59223C8.54693 5.76052 8.30744 5.84466 8.00971 5.84466C7.71197 5.84466 7.46602 5.76052 7.27184 5.59223C7.09061 5.42395 7 5.20388 7 4.93204ZM8.68932 7V12H7.31068V7H8.68932Z\" fill=\"black\" fill-opacity=\"0.54\"><\/path><\/svg>\t\t\t<\/span>\n\t\t\t\t\t\t\t\t\t<span class=\"elementor-button-text\">booking conditions<\/span>\n\t\t\t\t\t<\/span>\n\t\t\t\t\t<\/a>\n\t\t\t\t<\/div>\n\t\t\t\t\t\t\t\t<\/div>\n\t\t\t\t<\/div>\n\t\t\t\t<\/div>\n\t\t\t\t<\/div>\n\t\t\t\t<\/div>\n\t\t\t\t<\/div>","protected":false},"excerpt":{"rendered":"<p>\u0150szi testi-lelki felfriss\u00fcl\u00e9s \u00c9rv\u00e9nyes:\u00a0 2025. november 14-16. Kedvezm\u00e9nyes aj\u00e1nlatunk az al\u00e1bbi szolg\u00e1ltat\u00e1sokat tartalmazza:\u00a0 \u00a0 Sz\u00e1ll\u00e1s a kiv\u00e1lasztott szobat\u00edpusban B\u0151s\u00e9ges b\u00fcf\u00e9reggeli, hideg &#8211; meleg fog\u00e1sokkal \u00e9s f\u00e9lpanzi\u00f3s vacsora Aroma SPA haszn\u00e1lata (t\u00e9len 3 belt\u00e9ri medence, ny\u00e1ron tov\u00e1bbi 1 k\u00fclt\u00e9ri medence, gyermek- \u00e9s babamedence, s\u00f3szoba, belt\u00e9ri finn szauna, 2 infraszauna, aromakabin, g\u0151zkabin, k\u00fclt\u00e9ri finn szauna, d\u00e9zsazuhany \u00e9s [&hellip;]<\/p>\n","protected":false},"author":4,"featured_media":6656,"parent":274,"menu_order":0,"comment_status":"closed","ping_status":"closed","template":"","meta":{"footnotes":""},"class_list":["post-8506","page","type-page","status-publish","has-post-thumbnail","hentry"],"yoast_head":"<!-- This site is optimized with the Yoast SEO plugin v27.2 - https:\/\/yoast.com\/product\/yoast-seo-wordpress\/ -->\n<title>Zen h\u00e9tv\u00e9ge - Hotel Ambient<\/title>\n<meta name=\"robots\" content=\"index, follow, max-snippet:-1, max-image-preview:large, max-video-preview:-1\" \/>\n<link rel=\"canonical\" href=\"https:\/\/hotelambient.hu\/en\/our-schedules\/zen-week\/\" \/>\n<meta property=\"og:locale\" content=\"en_GB\" \/>\n<meta property=\"og:type\" content=\"article\" \/>\n<meta property=\"og:title\" content=\"Zen h\u00e9tv\u00e9ge - Hotel Ambient\" \/>\n<meta property=\"og:description\" content=\"\u0150szi testi-lelki felfriss\u00fcl\u00e9s \u00c9rv\u00e9nyes:\u00a0 2025. november 14-16. Kedvezm\u00e9nyes aj\u00e1nlatunk az al\u00e1bbi szolg\u00e1ltat\u00e1sokat tartalmazza:\u00a0 \u00a0 Sz\u00e1ll\u00e1s a kiv\u00e1lasztott szobat\u00edpusban B\u0151s\u00e9ges b\u00fcf\u00e9reggeli, hideg &#8211; meleg fog\u00e1sokkal \u00e9s f\u00e9lpanzi\u00f3s vacsora Aroma SPA haszn\u00e1lata (t\u00e9len 3 belt\u00e9ri medence, ny\u00e1ron tov\u00e1bbi 1 k\u00fclt\u00e9ri medence, gyermek- \u00e9s babamedence, s\u00f3szoba, belt\u00e9ri finn szauna, 2 infraszauna, aromakabin, g\u0151zkabin, k\u00fclt\u00e9ri finn szauna, d\u00e9zsazuhany \u00e9s [&hellip;]\" \/>\n<meta property=\"og:url\" content=\"https:\/\/hotelambient.hu\/en\/our-schedules\/zen-week\/\" \/>\n<meta property=\"og:site_name\" content=\"Hotel Ambient\" \/>\n<meta property=\"article:modified_time\" content=\"2025-10-08T12:39:56+00:00\" \/>\n<meta property=\"og:image\" content=\"https:\/\/hotelambient.hu\/wp-content\/uploads\/2025\/01\/zen_hangtal.jpg\" \/>\n\t<meta property=\"og:image:width\" content=\"1200\" \/>\n\t<meta property=\"og:image:height\" content=\"1200\" \/>\n\t<meta property=\"og:image:type\" content=\"image\/jpeg\" \/>\n<meta name=\"twitter:card\" content=\"summary_large_image\" \/>\n<meta name=\"twitter:label1\" content=\"Estimated reading time\" \/>\n\t<meta name=\"twitter:data1\" content=\"1 minute\" \/>\n<script type=\"application\/ld+json\" class=\"yoast-schema-graph\">{\"@context\":\"https:\/\/schema.org\",\"@graph\":[{\"@type\":\"WebPage\",\"@id\":\"https:\/\/hotelambient.hu\/ajanlataink\/zen-hetvege\/\",\"url\":\"https:\/\/hotelambient.hu\/ajanlataink\/zen-hetvege\/\",\"name\":\"Zen h\u00e9tv\u00e9ge - Hotel Ambient\",\"isPartOf\":{\"@id\":\"https:\/\/hotelambient.hu\/en\/#website\"},\"primaryImageOfPage\":{\"@id\":\"https:\/\/hotelambient.hu\/ajanlataink\/zen-hetvege\/#primaryimage\"},\"image\":{\"@id\":\"https:\/\/hotelambient.hu\/ajanlataink\/zen-hetvege\/#primaryimage\"},\"thumbnailUrl\":\"https:\/\/hotelambient.hu\/wp-content\/uploads\/2025\/01\/zen_hangtal.jpg\",\"datePublished\":\"2025-10-08T12:34:48+00:00\",\"dateModified\":\"2025-10-08T12:39:56+00:00\",\"breadcrumb\":{\"@id\":\"https:\/\/hotelambient.hu\/ajanlataink\/zen-hetvege\/#breadcrumb\"},\"inLanguage\":\"en-GB\",\"potentialAction\":[{\"@type\":\"ReadAction\",\"target\":[\"https:\/\/hotelambient.hu\/ajanlataink\/zen-hetvege\/\"]}]},{\"@type\":\"ImageObject\",\"inLanguage\":\"en-GB\",\"@id\":\"https:\/\/hotelambient.hu\/ajanlataink\/zen-hetvege\/#primaryimage\",\"url\":\"https:\/\/hotelambient.hu\/wp-content\/uploads\/2025\/01\/zen_hangtal.jpg\",\"contentUrl\":\"https:\/\/hotelambient.hu\/wp-content\/uploads\/2025\/01\/zen_hangtal.jpg\",\"width\":1200,\"height\":1200},{\"@type\":\"BreadcrumbList\",\"@id\":\"https:\/\/hotelambient.hu\/ajanlataink\/zen-hetvege\/#breadcrumb\",\"itemListElement\":[{\"@type\":\"ListItem\",\"position\":1,\"name\":\"Kezd\u0151lap\",\"item\":\"https:\/\/hotelambient.hu\/hu\/\"},{\"@type\":\"ListItem\",\"position\":2,\"name\":\"Aj\u00e1nlataink\",\"item\":\"https:\/\/hotelambient.hu\/ajanlataink\/\"},{\"@type\":\"ListItem\",\"position\":3,\"name\":\"Zen h\u00e9tv\u00e9ge\"}]},{\"@type\":\"WebSite\",\"@id\":\"https:\/\/hotelambient.hu\/en\/#website\",\"url\":\"https:\/\/hotelambient.hu\/en\/\",\"name\":\"Hotel Ambient\",\"description\":\"Hotel Ambient\",\"publisher\":{\"@id\":\"https:\/\/hotelambient.hu\/en\/#organization\"},\"potentialAction\":[{\"@type\":\"SearchAction\",\"target\":{\"@type\":\"EntryPoint\",\"urlTemplate\":\"https:\/\/hotelambient.hu\/en\/?s={search_term_string}\"},\"query-input\":{\"@type\":\"PropertyValueSpecification\",\"valueRequired\":true,\"valueName\":\"search_term_string\"}}],\"inLanguage\":\"en-GB\"},{\"@type\":\"Organization\",\"@id\":\"https:\/\/hotelambient.hu\/en\/#organization\",\"name\":\"Hotel Ambient\",\"url\":\"https:\/\/hotelambient.hu\/en\/\",\"logo\":{\"@type\":\"ImageObject\",\"inLanguage\":\"en-GB\",\"@id\":\"https:\/\/hotelambient.hu\/en\/#\/schema\/logo\/image\/\",\"url\":\"https:\/\/hotelambient.hu\/wp-content\/uploads\/2023\/06\/cropped-Ambient_logo_fekete_transparent_bg.webp\",\"contentUrl\":\"https:\/\/hotelambient.hu\/wp-content\/uploads\/2023\/06\/cropped-Ambient_logo_fekete_transparent_bg.webp\",\"width\":512,\"height\":512,\"caption\":\"Hotel Ambient\"},\"image\":{\"@id\":\"https:\/\/hotelambient.hu\/en\/#\/schema\/logo\/image\/\"}}]}<\/script>\n<!-- \/ Yoast SEO plugin. -->","yoast_head_json":{"title":"Zen weekend - Hotel Ambient","robots":{"index":"index","follow":"follow","max-snippet":"max-snippet:-1","max-image-preview":"max-image-preview:large","max-video-preview":"max-video-preview:-1"},"canonical":"https:\/\/hotelambient.hu\/en\/our-schedules\/zen-week\/","og_locale":"en_GB","og_type":"article","og_title":"Zen h\u00e9tv\u00e9ge - Hotel Ambient","og_description":"\u0150szi testi-lelki felfriss\u00fcl\u00e9s \u00c9rv\u00e9nyes:\u00a0 2025. november 14-16. Kedvezm\u00e9nyes aj\u00e1nlatunk az al\u00e1bbi szolg\u00e1ltat\u00e1sokat tartalmazza:\u00a0 \u00a0 Sz\u00e1ll\u00e1s a kiv\u00e1lasztott szobat\u00edpusban B\u0151s\u00e9ges b\u00fcf\u00e9reggeli, hideg &#8211; meleg fog\u00e1sokkal \u00e9s f\u00e9lpanzi\u00f3s vacsora Aroma SPA haszn\u00e1lata (t\u00e9len 3 belt\u00e9ri medence, ny\u00e1ron tov\u00e1bbi 1 k\u00fclt\u00e9ri medence, gyermek- \u00e9s babamedence, s\u00f3szoba, belt\u00e9ri finn szauna, 2 infraszauna, aromakabin, g\u0151zkabin, k\u00fclt\u00e9ri finn szauna, d\u00e9zsazuhany \u00e9s [&hellip;]","og_url":"https:\/\/hotelambient.hu\/en\/our-schedules\/zen-week\/","og_site_name":"Hotel Ambient","article_modified_time":"2025-10-08T12:39:56+00:00","og_image":[{"width":1200,"height":1200,"url":"https:\/\/hotelambient.hu\/wp-content\/uploads\/2025\/01\/zen_hangtal.jpg","type":"image\/jpeg"}],"twitter_card":"summary_large_image","twitter_misc":{"Estimated reading time":"1 minute"},"schema":{"@context":"https:\/\/schema.org","@graph":[{"@type":"WebPage","@id":"https:\/\/hotelambient.hu\/ajanlataink\/zen-hetvege\/","url":"https:\/\/hotelambient.hu\/ajanlataink\/zen-hetvege\/","name":"Zen weekend - Hotel Ambient","isPartOf":{"@id":"https:\/\/hotelambient.hu\/en\/#website"},"primaryImageOfPage":{"@id":"https:\/\/hotelambient.hu\/ajanlataink\/zen-hetvege\/#primaryimage"},"image":{"@id":"https:\/\/hotelambient.hu\/ajanlataink\/zen-hetvege\/#primaryimage"},"thumbnailUrl":"https:\/\/hotelambient.hu\/wp-content\/uploads\/2025\/01\/zen_hangtal.jpg","datePublished":"2025-10-08T12:34:48+00:00","dateModified":"2025-10-08T12:39:56+00:00","breadcrumb":{"@id":"https:\/\/hotelambient.hu\/ajanlataink\/zen-hetvege\/#breadcrumb"},"inLanguage":"en-GB","potentialAction":[{"@type":"ReadAction","target":["https:\/\/hotelambient.hu\/ajanlataink\/zen-hetvege\/"]}]},{"@type":"ImageObject","inLanguage":"en-GB","@id":"https:\/\/hotelambient.hu\/ajanlataink\/zen-hetvege\/#primaryimage","url":"https:\/\/hotelambient.hu\/wp-content\/uploads\/2025\/01\/zen_hangtal.jpg","contentUrl":"https:\/\/hotelambient.hu\/wp-content\/uploads\/2025\/01\/zen_hangtal.jpg","width":1200,"height":1200},{"@type":"BreadcrumbList","@id":"https:\/\/hotelambient.hu\/ajanlataink\/zen-hetvege\/#breadcrumb","itemListElement":[{"@type":"ListItem","position":1,"name":"Kezd\u0151lap","item":"https:\/\/hotelambient.hu\/hu\/"},{"@type":"ListItem","position":2,"name":"Aj\u00e1nlataink","item":"https:\/\/hotelambient.hu\/ajanlataink\/"},{"@type":"ListItem","position":3,"name":"Zen h\u00e9tv\u00e9ge"}]},{"@type":"WebSite","@id":"https:\/\/hotelambient.hu\/en\/#website","url":"https:\/\/hotelambient.hu\/en\/","name":"Hotel Ambient","description":"Hotel Ambient","publisher":{"@id":"https:\/\/hotelambient.hu\/en\/#organization"},"potentialAction":[{"@type":"SearchAction","target":{"@type":"EntryPoint","urlTemplate":"https:\/\/hotelambient.hu\/en\/?s={search_term_string}"},"query-input":{"@type":"PropertyValueSpecification","valueRequired":true,"valueName":"search_term_string"}}],"inLanguage":"en-GB"},{"@type":"Organization","@id":"https:\/\/hotelambient.hu\/en\/#organization","name":"Hotel Ambient","url":"https:\/\/hotelambient.hu\/en\/","logo":{"@type":"ImageObject","inLanguage":"en-GB","@id":"https:\/\/hotelambient.hu\/en\/#\/schema\/logo\/image\/","url":"https:\/\/hotelambient.hu\/wp-content\/uploads\/2023\/06\/cropped-Ambient_logo_fekete_transparent_bg.webp","contentUrl":"https:\/\/hotelambient.hu\/wp-content\/uploads\/2023\/06\/cropped-Ambient_logo_fekete_transparent_bg.webp","width":512,"height":512,"caption":"Hotel Ambient"},"image":{"@id":"https:\/\/hotelambient.hu\/en\/#\/schema\/logo\/image\/"}}]}},"_links":{"self":[{"href":"https:\/\/hotelambient.hu\/en\/wp-json\/wp\/v2\/pages\/8506","targetHints":{"allow":["GET"]}}],"collection":[{"href":"https:\/\/hotelambient.hu\/en\/wp-json\/wp\/v2\/pages"}],"about":[{"href":"https:\/\/hotelambient.hu\/en\/wp-json\/wp\/v2\/types\/page"}],"author":[{"embeddable":true,"href":"https:\/\/hotelambient.hu\/en\/wp-json\/wp\/v2\/users\/4"}],"replies":[{"embeddable":true,"href":"https:\/\/hotelambient.hu\/en\/wp-json\/wp\/v2\/comments?post=8506"}],"version-history":[{"count":4,"href":"https:\/\/hotelambient.hu\/en\/wp-json\/wp\/v2\/pages\/8506\/revisions"}],"predecessor-version":[{"id":8510,"href":"https:\/\/hotelambient.hu\/en\/wp-json\/wp\/v2\/pages\/8506\/revisions\/8510"}],"up":[{"embeddable":true,"href":"https:\/\/hotelambient.hu\/en\/wp-json\/wp\/v2\/pages\/274"}],"wp:featuredmedia":[{"embeddable":true,"href":"https:\/\/hotelambient.hu\/en\/wp-json\/wp\/v2\/media\/6656"}],"wp:attachment":[{"href":"https:\/\/hotelambient.hu\/en\/wp-json\/wp\/v2\/media?parent=8506"}],"curies":[{"name":"wp","href":"https:\/\/api.w.org\/{rel}","templated":true}]}}