{"id":9057,"date":"2026-01-20T10:13:13","date_gmt":"2026-01-20T09:13:13","guid":{"rendered":"https:\/\/hotelambient.hu\/?page_id=9057"},"modified":"2026-04-21T10:46:33","modified_gmt":"2026-04-21T08:46:33","slug":"summer-elofoglalas-akcio","status":"publish","type":"page","link":"https:\/\/hotelambient.hu\/en\/ajanlataink\/nyari-elofoglalas-akcio\/","title":{"rendered":"Summer pre-booking promotion!"},"content":{"rendered":"<div data-elementor-type=\"wp-page\" data-elementor-id=\"9057\" class=\"elementor elementor-9057\" data-elementor-post-type=\"page\">\n\t\t\t\t<div class=\"elementor-element elementor-element-24a4abf e-con-full e-flex e-con e-parent\" data-id=\"24a4abf\" data-element_type=\"container\" data-e-type=\"container\">\n\t\t<div class=\"elementor-element elementor-element-0baca78 e-con-full e-flex e-con e-child\" data-id=\"0baca78\" data-element_type=\"container\" data-e-type=\"container\" data-settings=\"{&quot;background_background&quot;:&quot;classic&quot;}\">\n\t\t\t\t<div class=\"elementor-element elementor-element-671a8c9 elementor-widget elementor-widget-image\" data-id=\"671a8c9\" data-element_type=\"widget\" data-e-type=\"widget\" data-widget_type=\"image.default\">\n\t\t\t\t<div class=\"elementor-widget-container\">\n\t\t\t\t\t\t\t\t\t\t\t\t\t\t\t<img fetchpriority=\"high\" decoding=\"async\" width=\"800\" height=\"800\" src=\"https:\/\/hotelambient.hu\/wp-content\/uploads\/2026\/04\/nyari-elofoglalas-1024x1024.jpg\" class=\"attachment-large size-large wp-image-9919\" alt=\"\" srcset=\"https:\/\/hotelambient.hu\/wp-content\/uploads\/2026\/04\/nyari-elofoglalas-1024x1024.jpg 1024w, https:\/\/hotelambient.hu\/wp-content\/uploads\/2026\/04\/nyari-elofoglalas-300x300.jpg 300w, https:\/\/hotelambient.hu\/wp-content\/uploads\/2026\/04\/nyari-elofoglalas-150x150.jpg 150w, https:\/\/hotelambient.hu\/wp-content\/uploads\/2026\/04\/nyari-elofoglalas-768x768.jpg 768w, https:\/\/hotelambient.hu\/wp-content\/uploads\/2026\/04\/nyari-elofoglalas-12x12.jpg 12w, https:\/\/hotelambient.hu\/wp-content\/uploads\/2026\/04\/nyari-elofoglalas.jpg 1080w\" sizes=\"(max-width: 800px) 100vw, 800px\" \/>\t\t\t\t\t\t\t\t\t\t\t\t\t\t\t<\/div>\n\t\t\t\t<\/div>\n\t\t\t\t<\/div>\n\t\t<div class=\"elementor-element elementor-element-31be0cb e-con-full e-flex e-con e-child\" data-id=\"31be0cb\" data-element_type=\"container\" data-e-type=\"container\">\n\t\t\t\t<div class=\"elementor-element elementor-element-e018716 elementor-widget elementor-widget-heading\" data-id=\"e018716\" data-element_type=\"widget\" data-e-type=\"widget\" data-widget_type=\"heading.default\">\n\t\t\t\t<div class=\"elementor-widget-container\">\n\t\t\t\t\t<h2 class=\"elementor-heading-title elementor-size-default\">Summer pre-booking promotion!<\/h2>\t\t\t\t<\/div>\n\t\t\t\t<\/div>\n\t\t\t\t<div class=\"elementor-element elementor-element-2f905ff elementor-widget elementor-widget-text-editor\" data-id=\"2f905ff\" data-element_type=\"widget\" data-e-type=\"widget\" data-widget_type=\"text-editor.default\">\n\t\t\t\t<div class=\"elementor-widget-container\">\n\t\t\t\t\t\t\t\t\t<p>The offer includes -18% discount from the daily price.<\/p><p><strong>Available from 22 - 28 April 2026.<\/strong><\/p><p><strong>Period of residence: 22 April - 13 September 2026.<\/strong><\/p><p><strong>Minimum 2 nights\u00a0<\/strong><\/p><p><strong>Cannot be combined with other promotions or regular customer discounts!<\/strong><\/p><p><b>Contents of the package<\/b>:<\/p><ul><li>Accommodation in the selected room type<strong><em><br \/><\/em><\/strong><\/li><li>Rich buffet breakfast, hot and cold dishes and half board dinner<\/li><li>Use of Thermal SPA (3 indoor pools, outdoor pool, children's and baby pool, salt room, indoor Finnish sauna, 2 infrared saunas, aroma cabin, steam cabin, outdoor Finnish sauna, jacuzzi and jacuzzi)<\/li><li>Fitness room with cardio machines<\/li><li>Games room (table football, darts, ping-pong, X-box)<\/li><li>Bathrobe and towel making-up<\/li><li>Free WiFi<\/li><li>Free parking<\/li><li>VAT<\/li><\/ul><p><em>*The calculated price already includes the discount.<\/em><\/p>\t\t\t\t\t\t\t\t<\/div>\n\t\t\t\t<\/div>\n\t\t<div class=\"elementor-element elementor-element-25565e4 e-con-full e-flex e-con e-child\" data-id=\"25565e4\" data-element_type=\"container\" data-e-type=\"container\" data-settings=\"{&quot;background_background&quot;:&quot;classic&quot;}\">\n\t\t\t\t<div class=\"elementor-element elementor-element-07eb6ed elementor-align-center elementor-widget elementor-widget-button\" data-id=\"07eb6ed\" data-element_type=\"widget\" data-e-type=\"widget\" data-widget_type=\"button.default\">\n\t\t\t\t<div class=\"elementor-widget-container\">\n\t\t\t\t\t\t\t\t\t<div class=\"elementor-button-wrapper\">\n\t\t\t\t\t<a class=\"elementor-button elementor-button-link elementor-size-sm\" href=\"https:\/\/hotelambient.hu\/en\/foglalas\/\">\n\t\t\t\t\t\t<span class=\"elementor-button-content-wrapper\">\n\t\t\t\t\t\t\t\t\t<span class=\"elementor-button-text\">book a room<\/span>\n\t\t\t\t\t<\/span>\n\t\t\t\t\t<\/a>\n\t\t\t\t<\/div>\n\t\t\t\t\t\t\t\t<\/div>\n\t\t\t\t<\/div>\n\t\t\t\t<div class=\"elementor-element elementor-element-9fc5438 elementor-align-left elementor-widget elementor-widget-button\" data-id=\"9fc5438\" data-element_type=\"widget\" data-e-type=\"widget\" data-widget_type=\"button.default\">\n\t\t\t\t<div class=\"elementor-widget-container\">\n\t\t\t\t\t\t\t\t\t<div class=\"elementor-button-wrapper\">\n\t\t\t\t\t<a class=\"elementor-button elementor-button-link elementor-size-sm\" href=\"#elementor-action%3Aaction%3Dpopup%3Aopen%26settings%3DeyJpZCI6IjMwNyIsInRvZ2dsZSI6ZmFsc2V9\">\n\t\t\t\t\t\t<span class=\"elementor-button-content-wrapper\">\n\t\t\t\t\t\t<span class=\"elementor-button-icon\">\n\t\t\t\t<svg xmlns=\"http:\/\/www.w3.org\/2000\/svg\" width=\"16\" height=\"16\" viewbox=\"0 0 16 16\" fill=\"none\"><circle cx=\"8\" cy=\"8\" r=\"6.5\" stroke=\"black\" stroke-opacity=\"0.54\"><\/circle><path d=\"M7 4.93204C7 4.64725 7.09061 4.42071 7.27184 4.25243C7.46602 4.08414 7.71197 4 8.00971 4C8.30744 4 8.54693 4.08414 8.72816 4.25243C8.90939 4.42071 9 4.64725 9 4.93204C9 5.20388 8.90939 5.42395 8.72816 5.59223C8.54693 5.76052 8.30744 5.84466 8.00971 5.84466C7.71197 5.84466 7.46602 5.76052 7.27184 5.59223C7.09061 5.42395 7 5.20388 7 4.93204ZM8.68932 7V12H7.31068V7H8.68932Z\" fill=\"black\" fill-opacity=\"0.54\"><\/path><\/svg>\t\t\t<\/span>\n\t\t\t\t\t\t\t\t\t<span class=\"elementor-button-text\">booking conditions<\/span>\n\t\t\t\t\t<\/span>\n\t\t\t\t\t<\/a>\n\t\t\t\t<\/div>\n\t\t\t\t\t\t\t\t<\/div>\n\t\t\t\t<\/div>\n\t\t\t\t<\/div>\n\t\t\t\t<div class=\"elementor-element elementor-element-2928c5c elementor-widget elementor-widget-accordion\" data-id=\"2928c5c\" data-element_type=\"widget\" data-e-type=\"widget\" data-widget_type=\"accordion.default\">\n\t\t\t\t<div class=\"elementor-widget-container\">\n\t\t\t\t\t\t\t<div class=\"elementor-accordion\">\n\t\t\t\t\t\t\t<div class=\"elementor-accordion-item\">\n\t\t\t\t\t<div id=\"elementor-tab-title-4311\" class=\"elementor-tab-title\" data-tab=\"1\" role=\"button\" aria-controls=\"elementor-tab-content-4311\" aria-expanded=\"false\">\n\t\t\t\t\t\t\t\t\t\t\t\t<a class=\"elementor-accordion-title\" tabindex=\"0\">Package extra:<\/a>\n\t\t\t\t\t<\/div>\n\t\t\t\t\t<div id=\"elementor-tab-content-4311\" class=\"elementor-tab-content elementor-clearfix\" data-tab=\"1\" role=\"region\" aria-labelledby=\"elementor-tab-title-4311\"><p><strong>MECSEKI KALANDOR EXTRA package content (optional, individually combinable package of coupons for attractions in the area):<\/strong><\/p><ul><li><strong>HOPS VERCIUM -10%<\/strong>: Unique experience centre where Koml\u00f3 mining<br \/>its past with 4D cinema, VR walk and interactive exhibitions -<br \/>the perfect programme for rainy days.<\/li><li><strong>MINIZOO -10%<\/strong>: A friendly little zoo where children can<br \/>feed goats, bunnies, llamas and even pet them -<br \/>a direct, close-to-nature experience for young and old.<\/li><li><strong>MECSEXTR\u00c9M PARK 4790 Ft \/ person<\/strong> at a reduced price: adventure park P\u00e9cs<br \/>where you will find a bobsleigh track, forest rope courses, climbing wall, and up to 8-metre<br \/>there is also a jumping tower - ideal for active recreation in nature.<\/li><li><strong>ZSOLNAY CULTURAL QUARTER -10%<\/strong>: Stunning architectural setting<br \/>wander through the world of Zsolnay ceramics, attractions, museums, and<br \/>special exhibitions - with a gastronomic experience.<\/li><li><strong>CELLA SEPTICHORA -10%<\/strong>: Discover the fascinating Early Christian cemetery<br \/>tomb chambers, mosaic floors and wall paintings - a real journey through time in P\u00e9cs' Roman<br \/>heritage site, under the protection of UNESCO.<\/li><\/ul><\/div>\n\t\t\t\t<\/div>\n\t\t\t\t\t\t\t\t<\/div>\n\t\t\t\t\t\t<\/div>\n\t\t\t\t<\/div>\n\t\t\t\t<\/div>\n\t\t\t\t<\/div>\n\t\t\t\t<\/div>","protected":false},"excerpt":{"rendered":"<p>Az aj\u00e1nlat a napi \u00e1rb\u00f3l -18% kedvezm\u00e9nyt tartalmaz. Foglalhat\u00f3: 2026. \u00e1prilis 22 \u2013 28. A tart\u00f3zkod\u00e1si id\u0151szak: 2026. \u00e1prilis 22 \u2013 szeptember 13. Minimum 2 \u00e9jszaka\u00a0 Egy\u00e9b prom\u00f3ci\u00f3kkal \u00e9s t\u00f6rzsvend\u00e9g kedvezm\u00e9nyekkel nem \u00f6sszevonhat\u00f3! A csomag tartalma: Sz\u00e1ll\u00e1s a kiv\u00e1lasztott szobat\u00edpusban B\u0151s\u00e9ges b\u00fcf\u00e9reggeli, hideg \u2013 meleg fog\u00e1sokkal \u00e9s f\u00e9lpanzi\u00f3s vacsora Thermal SPA haszn\u00e1lata (3 belt\u00e9ri medence, [&hellip;]<\/p>\n","protected":false},"author":4,"featured_media":9919,"parent":274,"menu_order":0,"comment_status":"closed","ping_status":"closed","template":"","meta":{"footnotes":""},"class_list":["post-9057","page","type-page","status-publish","has-post-thumbnail","hentry"],"yoast_head":"<!-- This site is optimized with the Yoast SEO plugin v27.4 - https:\/\/yoast.com\/product\/yoast-seo-wordpress\/ -->\n<title>Ny\u00e1ri el\u0151foglal\u00e1si akci\u00f3! - Hotel Ambient<\/title>\n<meta name=\"robots\" content=\"index, follow, max-snippet:-1, max-image-preview:large, max-video-preview:-1\" \/>\n<link rel=\"canonical\" href=\"https:\/\/hotelambient.hu\/en\/our-schedules\/summer-elofoglalas-akcio\/\" \/>\n<meta property=\"og:locale\" content=\"en_GB\" \/>\n<meta property=\"og:type\" content=\"article\" \/>\n<meta property=\"og:title\" content=\"Ny\u00e1ri el\u0151foglal\u00e1si akci\u00f3! - Hotel Ambient\" \/>\n<meta property=\"og:description\" content=\"Az aj\u00e1nlat a napi \u00e1rb\u00f3l -18% kedvezm\u00e9nyt tartalmaz. Foglalhat\u00f3: 2026. \u00e1prilis 22 \u2013 28. A tart\u00f3zkod\u00e1si id\u0151szak: 2026. \u00e1prilis 22 \u2013 szeptember 13. Minimum 2 \u00e9jszaka\u00a0 Egy\u00e9b prom\u00f3ci\u00f3kkal \u00e9s t\u00f6rzsvend\u00e9g kedvezm\u00e9nyekkel nem \u00f6sszevonhat\u00f3! A csomag tartalma: Sz\u00e1ll\u00e1s a kiv\u00e1lasztott szobat\u00edpusban B\u0151s\u00e9ges b\u00fcf\u00e9reggeli, hideg \u2013 meleg fog\u00e1sokkal \u00e9s f\u00e9lpanzi\u00f3s vacsora Thermal SPA haszn\u00e1lata (3 belt\u00e9ri medence, [&hellip;]\" \/>\n<meta property=\"og:url\" content=\"https:\/\/hotelambient.hu\/en\/our-schedules\/summer-elofoglalas-akcio\/\" \/>\n<meta property=\"og:site_name\" content=\"Hotel Ambient\" \/>\n<meta property=\"article:modified_time\" content=\"2026-04-21T08:46:33+00:00\" \/>\n<meta property=\"og:image\" content=\"https:\/\/hotelambient.hu\/wp-content\/uploads\/2026\/04\/nyari-elofoglalas.jpg\" \/>\n\t<meta property=\"og:image:width\" content=\"1080\" \/>\n\t<meta property=\"og:image:height\" content=\"1080\" \/>\n\t<meta property=\"og:image:type\" content=\"image\/jpeg\" \/>\n<meta name=\"twitter:card\" content=\"summary_large_image\" \/>\n<meta name=\"twitter:label1\" content=\"Estimated reading time\" \/>\n\t<meta name=\"twitter:data1\" content=\"2 minutes\" \/>\n<script type=\"application\/ld+json\" class=\"yoast-schema-graph\">{\"@context\":\"https:\\\/\\\/schema.org\",\"@graph\":[{\"@type\":\"WebPage\",\"@id\":\"https:\\\/\\\/hotelambient.hu\\\/ajanlataink\\\/nyari-elofoglalas-akcio\\\/\",\"url\":\"https:\\\/\\\/hotelambient.hu\\\/ajanlataink\\\/nyari-elofoglalas-akcio\\\/\",\"name\":\"Ny\u00e1ri el\u0151foglal\u00e1si akci\u00f3! - Hotel Ambient\",\"isPartOf\":{\"@id\":\"https:\\\/\\\/hotelambient.hu\\\/en\\\/#website\"},\"primaryImageOfPage\":{\"@id\":\"https:\\\/\\\/hotelambient.hu\\\/ajanlataink\\\/nyari-elofoglalas-akcio\\\/#primaryimage\"},\"image\":{\"@id\":\"https:\\\/\\\/hotelambient.hu\\\/ajanlataink\\\/nyari-elofoglalas-akcio\\\/#primaryimage\"},\"thumbnailUrl\":\"https:\\\/\\\/hotelambient.hu\\\/wp-content\\\/uploads\\\/2026\\\/04\\\/nyari-elofoglalas.jpg\",\"datePublished\":\"2026-01-20T09:13:13+00:00\",\"dateModified\":\"2026-04-21T08:46:33+00:00\",\"breadcrumb\":{\"@id\":\"https:\\\/\\\/hotelambient.hu\\\/ajanlataink\\\/nyari-elofoglalas-akcio\\\/#breadcrumb\"},\"inLanguage\":\"en-GB\",\"potentialAction\":[{\"@type\":\"ReadAction\",\"target\":[\"https:\\\/\\\/hotelambient.hu\\\/ajanlataink\\\/nyari-elofoglalas-akcio\\\/\"]}]},{\"@type\":\"ImageObject\",\"inLanguage\":\"en-GB\",\"@id\":\"https:\\\/\\\/hotelambient.hu\\\/ajanlataink\\\/nyari-elofoglalas-akcio\\\/#primaryimage\",\"url\":\"https:\\\/\\\/hotelambient.hu\\\/wp-content\\\/uploads\\\/2026\\\/04\\\/nyari-elofoglalas.jpg\",\"contentUrl\":\"https:\\\/\\\/hotelambient.hu\\\/wp-content\\\/uploads\\\/2026\\\/04\\\/nyari-elofoglalas.jpg\",\"width\":1080,\"height\":1080},{\"@type\":\"BreadcrumbList\",\"@id\":\"https:\\\/\\\/hotelambient.hu\\\/ajanlataink\\\/nyari-elofoglalas-akcio\\\/#breadcrumb\",\"itemListElement\":[{\"@type\":\"ListItem\",\"position\":1,\"name\":\"Kezd\u0151lap\",\"item\":\"https:\\\/\\\/hotelambient.hu\\\/hu\\\/\"},{\"@type\":\"ListItem\",\"position\":2,\"name\":\"Aj\u00e1nlataink\",\"item\":\"https:\\\/\\\/hotelambient.hu\\\/ajanlataink\\\/\"},{\"@type\":\"ListItem\",\"position\":3,\"name\":\"Ny\u00e1ri el\u0151foglal\u00e1si akci\u00f3!\"}]},{\"@type\":\"WebSite\",\"@id\":\"https:\\\/\\\/hotelambient.hu\\\/en\\\/#website\",\"url\":\"https:\\\/\\\/hotelambient.hu\\\/en\\\/\",\"name\":\"Hotel Ambient\",\"description\":\"Hotel Ambient\",\"publisher\":{\"@id\":\"https:\\\/\\\/hotelambient.hu\\\/en\\\/#organization\"},\"potentialAction\":[{\"@type\":\"SearchAction\",\"target\":{\"@type\":\"EntryPoint\",\"urlTemplate\":\"https:\\\/\\\/hotelambient.hu\\\/en\\\/?s={search_term_string}\"},\"query-input\":{\"@type\":\"PropertyValueSpecification\",\"valueRequired\":true,\"valueName\":\"search_term_string\"}}],\"inLanguage\":\"en-GB\"},{\"@type\":\"Organization\",\"@id\":\"https:\\\/\\\/hotelambient.hu\\\/en\\\/#organization\",\"name\":\"Hotel Ambient\",\"url\":\"https:\\\/\\\/hotelambient.hu\\\/en\\\/\",\"logo\":{\"@type\":\"ImageObject\",\"inLanguage\":\"en-GB\",\"@id\":\"https:\\\/\\\/hotelambient.hu\\\/en\\\/#\\\/schema\\\/logo\\\/image\\\/\",\"url\":\"https:\\\/\\\/hotelambient.hu\\\/wp-content\\\/uploads\\\/2023\\\/06\\\/cropped-Ambient_logo_fekete_transparent_bg.webp\",\"contentUrl\":\"https:\\\/\\\/hotelambient.hu\\\/wp-content\\\/uploads\\\/2023\\\/06\\\/cropped-Ambient_logo_fekete_transparent_bg.webp\",\"width\":512,\"height\":512,\"caption\":\"Hotel Ambient\"},\"image\":{\"@id\":\"https:\\\/\\\/hotelambient.hu\\\/en\\\/#\\\/schema\\\/logo\\\/image\\\/\"}}]}<\/script>\n<!-- \/ Yoast SEO plugin. -->","yoast_head_json":{"title":"Summer pre-booking special! - Hotel Ambient","robots":{"index":"index","follow":"follow","max-snippet":"max-snippet:-1","max-image-preview":"max-image-preview:large","max-video-preview":"max-video-preview:-1"},"canonical":"https:\/\/hotelambient.hu\/en\/our-schedules\/summer-elofoglalas-akcio\/","og_locale":"en_GB","og_type":"article","og_title":"Ny\u00e1ri el\u0151foglal\u00e1si akci\u00f3! - Hotel Ambient","og_description":"Az aj\u00e1nlat a napi \u00e1rb\u00f3l -18% kedvezm\u00e9nyt tartalmaz. Foglalhat\u00f3: 2026. \u00e1prilis 22 \u2013 28. A tart\u00f3zkod\u00e1si id\u0151szak: 2026. \u00e1prilis 22 \u2013 szeptember 13. Minimum 2 \u00e9jszaka\u00a0 Egy\u00e9b prom\u00f3ci\u00f3kkal \u00e9s t\u00f6rzsvend\u00e9g kedvezm\u00e9nyekkel nem \u00f6sszevonhat\u00f3! A csomag tartalma: Sz\u00e1ll\u00e1s a kiv\u00e1lasztott szobat\u00edpusban B\u0151s\u00e9ges b\u00fcf\u00e9reggeli, hideg \u2013 meleg fog\u00e1sokkal \u00e9s f\u00e9lpanzi\u00f3s vacsora Thermal SPA haszn\u00e1lata (3 belt\u00e9ri medence, [&hellip;]","og_url":"https:\/\/hotelambient.hu\/en\/our-schedules\/summer-elofoglalas-akcio\/","og_site_name":"Hotel Ambient","article_modified_time":"2026-04-21T08:46:33+00:00","og_image":[{"width":1080,"height":1080,"url":"https:\/\/hotelambient.hu\/wp-content\/uploads\/2026\/04\/nyari-elofoglalas.jpg","type":"image\/jpeg"}],"twitter_card":"summary_large_image","twitter_misc":{"Estimated reading time":"2 minutes"},"schema":{"@context":"https:\/\/schema.org","@graph":[{"@type":"WebPage","@id":"https:\/\/hotelambient.hu\/ajanlataink\/nyari-elofoglalas-akcio\/","url":"https:\/\/hotelambient.hu\/ajanlataink\/nyari-elofoglalas-akcio\/","name":"Summer pre-booking special! - Hotel Ambient","isPartOf":{"@id":"https:\/\/hotelambient.hu\/en\/#website"},"primaryImageOfPage":{"@id":"https:\/\/hotelambient.hu\/ajanlataink\/nyari-elofoglalas-akcio\/#primaryimage"},"image":{"@id":"https:\/\/hotelambient.hu\/ajanlataink\/nyari-elofoglalas-akcio\/#primaryimage"},"thumbnailUrl":"https:\/\/hotelambient.hu\/wp-content\/uploads\/2026\/04\/nyari-elofoglalas.jpg","datePublished":"2026-01-20T09:13:13+00:00","dateModified":"2026-04-21T08:46:33+00:00","breadcrumb":{"@id":"https:\/\/hotelambient.hu\/ajanlataink\/nyari-elofoglalas-akcio\/#breadcrumb"},"inLanguage":"en-GB","potentialAction":[{"@type":"ReadAction","target":["https:\/\/hotelambient.hu\/ajanlataink\/nyari-elofoglalas-akcio\/"]}]},{"@type":"ImageObject","inLanguage":"en-GB","@id":"https:\/\/hotelambient.hu\/ajanlataink\/nyari-elofoglalas-akcio\/#primaryimage","url":"https:\/\/hotelambient.hu\/wp-content\/uploads\/2026\/04\/nyari-elofoglalas.jpg","contentUrl":"https:\/\/hotelambient.hu\/wp-content\/uploads\/2026\/04\/nyari-elofoglalas.jpg","width":1080,"height":1080},{"@type":"BreadcrumbList","@id":"https:\/\/hotelambient.hu\/ajanlataink\/nyari-elofoglalas-akcio\/#breadcrumb","itemListElement":[{"@type":"ListItem","position":1,"name":"Kezd\u0151lap","item":"https:\/\/hotelambient.hu\/hu\/"},{"@type":"ListItem","position":2,"name":"Aj\u00e1nlataink","item":"https:\/\/hotelambient.hu\/ajanlataink\/"},{"@type":"ListItem","position":3,"name":"Ny\u00e1ri el\u0151foglal\u00e1si akci\u00f3!"}]},{"@type":"WebSite","@id":"https:\/\/hotelambient.hu\/en\/#website","url":"https:\/\/hotelambient.hu\/en\/","name":"Hotel Ambient","description":"Hotel Ambient","publisher":{"@id":"https:\/\/hotelambient.hu\/en\/#organization"},"potentialAction":[{"@type":"SearchAction","target":{"@type":"EntryPoint","urlTemplate":"https:\/\/hotelambient.hu\/en\/?s={search_term_string}"},"query-input":{"@type":"PropertyValueSpecification","valueRequired":true,"valueName":"search_term_string"}}],"inLanguage":"en-GB"},{"@type":"Organization","@id":"https:\/\/hotelambient.hu\/en\/#organization","name":"Hotel Ambient","url":"https:\/\/hotelambient.hu\/en\/","logo":{"@type":"ImageObject","inLanguage":"en-GB","@id":"https:\/\/hotelambient.hu\/en\/#\/schema\/logo\/image\/","url":"https:\/\/hotelambient.hu\/wp-content\/uploads\/2023\/06\/cropped-Ambient_logo_fekete_transparent_bg.webp","contentUrl":"https:\/\/hotelambient.hu\/wp-content\/uploads\/2023\/06\/cropped-Ambient_logo_fekete_transparent_bg.webp","width":512,"height":512,"caption":"Hotel Ambient"},"image":{"@id":"https:\/\/hotelambient.hu\/en\/#\/schema\/logo\/image\/"}}]}},"_links":{"self":[{"href":"https:\/\/hotelambient.hu\/en\/wp-json\/wp\/v2\/pages\/9057","targetHints":{"allow":["GET"]}}],"collection":[{"href":"https:\/\/hotelambient.hu\/en\/wp-json\/wp\/v2\/pages"}],"about":[{"href":"https:\/\/hotelambient.hu\/en\/wp-json\/wp\/v2\/types\/page"}],"author":[{"embeddable":true,"href":"https:\/\/hotelambient.hu\/en\/wp-json\/wp\/v2\/users\/4"}],"replies":[{"embeddable":true,"href":"https:\/\/hotelambient.hu\/en\/wp-json\/wp\/v2\/comments?post=9057"}],"version-history":[{"count":11,"href":"https:\/\/hotelambient.hu\/en\/wp-json\/wp\/v2\/pages\/9057\/revisions"}],"predecessor-version":[{"id":9920,"href":"https:\/\/hotelambient.hu\/en\/wp-json\/wp\/v2\/pages\/9057\/revisions\/9920"}],"up":[{"embeddable":true,"href":"https:\/\/hotelambient.hu\/en\/wp-json\/wp\/v2\/pages\/274"}],"wp:featuredmedia":[{"embeddable":true,"href":"https:\/\/hotelambient.hu\/en\/wp-json\/wp\/v2\/media\/9919"}],"wp:attachment":[{"href":"https:\/\/hotelambient.hu\/en\/wp-json\/wp\/v2\/media?parent=9057"}],"curies":[{"name":"wp","href":"https:\/\/api.w.org\/{rel}","templated":true}]}}