{"id":9198,"date":"2026-02-05T15:11:08","date_gmt":"2026-02-05T14:11:08","guid":{"rendered":"https:\/\/hotelambient.hu\/?page_id=9198"},"modified":"2026-02-05T15:14:09","modified_gmt":"2026-02-05T14:14:09","slug":"world-gastronomic-tour-with-the-teeth-of-gabor-krausz","status":"publish","type":"page","link":"https:\/\/hotelambient.hu\/en\/ajanlataink\/vilagkoruli-gasztroutazas-krausz-gabor-fogasaival\/","title":{"rendered":"A gastronomic trip around the world with G\u00e1bor Krausz"},"content":{"rendered":"<div data-elementor-type=\"wp-page\" data-elementor-id=\"9198\" class=\"elementor elementor-9198\" data-elementor-post-type=\"page\">\n\t\t\t\t<div class=\"elementor-element elementor-element-24a4abf e-con-full e-flex e-con e-parent\" data-id=\"24a4abf\" data-element_type=\"container\" data-e-type=\"container\">\n\t\t<div class=\"elementor-element elementor-element-0baca78 e-con-full e-flex e-con e-child\" data-id=\"0baca78\" data-element_type=\"container\" data-e-type=\"container\" data-settings=\"{&quot;background_background&quot;:&quot;classic&quot;}\">\n\t\t\t\t<div class=\"elementor-element elementor-element-671a8c9 elementor-widget elementor-widget-image\" data-id=\"671a8c9\" data-element_type=\"widget\" data-e-type=\"widget\" data-widget_type=\"image.default\">\n\t\t\t\t<div class=\"elementor-widget-container\">\n\t\t\t\t\t\t\t\t\t\t\t\t\t\t\t<img fetchpriority=\"high\" decoding=\"async\" width=\"800\" height=\"671\" src=\"https:\/\/hotelambient.hu\/wp-content\/uploads\/2026\/02\/vilagkoruli-gasztro-utazas.jpg\" class=\"attachment-large size-large wp-image-9191\" alt=\"\" srcset=\"https:\/\/hotelambient.hu\/wp-content\/uploads\/2026\/02\/vilagkoruli-gasztro-utazas.jpg 940w, https:\/\/hotelambient.hu\/wp-content\/uploads\/2026\/02\/vilagkoruli-gasztro-utazas-300x251.jpg 300w, https:\/\/hotelambient.hu\/wp-content\/uploads\/2026\/02\/vilagkoruli-gasztro-utazas-768x644.jpg 768w, https:\/\/hotelambient.hu\/wp-content\/uploads\/2026\/02\/vilagkoruli-gasztro-utazas-14x12.jpg 14w\" sizes=\"(max-width: 800px) 100vw, 800px\" \/>\t\t\t\t\t\t\t\t\t\t\t\t\t\t\t<\/div>\n\t\t\t\t<\/div>\n\t\t\t\t<\/div>\n\t\t<div class=\"elementor-element elementor-element-31be0cb e-con-full e-flex e-con e-child\" data-id=\"31be0cb\" data-element_type=\"container\" data-e-type=\"container\">\n\t\t\t\t<div class=\"elementor-element elementor-element-e018716 elementor-widget elementor-widget-heading\" data-id=\"e018716\" data-element_type=\"widget\" data-e-type=\"widget\" data-widget_type=\"heading.default\">\n\t\t\t\t<div class=\"elementor-widget-container\">\n\t\t\t\t\t<h2 class=\"elementor-heading-title elementor-size-default\">A gastronomic trip around the world with G\u00e1bor Krausz<\/h2>\t\t\t\t<\/div>\n\t\t\t\t<\/div>\n\t\t\t\t<div class=\"elementor-element elementor-element-2f905ff elementor-widget elementor-widget-text-editor\" data-id=\"2f905ff\" data-element_type=\"widget\" data-e-type=\"widget\" data-widget_type=\"text-editor.default\">\n\t\t\t\t<div class=\"elementor-widget-container\">\n\t\t\t\t\t\t\t\t\t<p><strong>Valid: 21-22 February 2026.<br \/><\/strong><\/p><p><b>Contents of the package<\/b>:<\/p><ul><li>Accommodation in the selected room type<\/li><li>Rich buffet breakfast, hot and cold dishes and half board dinner<\/li><li>Use of Thermal SPA (in winter 3 indoor pools, children's and baby pools, salt room, indoor Finnish sauna, 2 infrared saunas, aroma cabin, steam cabin, outdoor Finnish sauna, jacuzzi and jacuzzi)<\/li><li>Games room (table football, darts, ping-pong, X-box)<\/li><li>Bathrobe and towel making-up<\/li><li>Free WiFi<\/li><li>Free parking<\/li><li>VAT<\/li><\/ul>\t\t\t\t\t\t\t\t<\/div>\n\t\t\t\t<\/div>\n\t\t<div class=\"elementor-element elementor-element-25565e4 e-con-full e-flex e-con e-child\" data-id=\"25565e4\" data-element_type=\"container\" data-e-type=\"container\" data-settings=\"{&quot;background_background&quot;:&quot;classic&quot;}\">\n\t\t\t\t<div class=\"elementor-element elementor-element-07eb6ed elementor-align-center elementor-widget elementor-widget-button\" data-id=\"07eb6ed\" data-element_type=\"widget\" data-e-type=\"widget\" data-widget_type=\"button.default\">\n\t\t\t\t<div class=\"elementor-widget-container\">\n\t\t\t\t\t\t\t\t\t<div class=\"elementor-button-wrapper\">\n\t\t\t\t\t<a class=\"elementor-button elementor-button-link elementor-size-sm\" href=\"https:\/\/hotelambient.hu\/en\/foglalas\/\">\n\t\t\t\t\t\t<span class=\"elementor-button-content-wrapper\">\n\t\t\t\t\t\t\t\t\t<span class=\"elementor-button-text\">book a room<\/span>\n\t\t\t\t\t<\/span>\n\t\t\t\t\t<\/a>\n\t\t\t\t<\/div>\n\t\t\t\t\t\t\t\t<\/div>\n\t\t\t\t<\/div>\n\t\t\t\t<div class=\"elementor-element elementor-element-9fc5438 elementor-align-left elementor-widget elementor-widget-button\" data-id=\"9fc5438\" data-element_type=\"widget\" data-e-type=\"widget\" data-widget_type=\"button.default\">\n\t\t\t\t<div class=\"elementor-widget-container\">\n\t\t\t\t\t\t\t\t\t<div class=\"elementor-button-wrapper\">\n\t\t\t\t\t<a class=\"elementor-button elementor-button-link elementor-size-sm\" href=\"#elementor-action%3Aaction%3Dpopup%3Aopen%26settings%3DeyJpZCI6IjMwNyIsInRvZ2dsZSI6ZmFsc2V9\">\n\t\t\t\t\t\t<span class=\"elementor-button-content-wrapper\">\n\t\t\t\t\t\t<span class=\"elementor-button-icon\">\n\t\t\t\t<svg xmlns=\"http:\/\/www.w3.org\/2000\/svg\" width=\"16\" height=\"16\" viewbox=\"0 0 16 16\" fill=\"none\"><circle cx=\"8\" cy=\"8\" r=\"6.5\" stroke=\"black\" stroke-opacity=\"0.54\"><\/circle><path d=\"M7 4.93204C7 4.64725 7.09061 4.42071 7.27184 4.25243C7.46602 4.08414 7.71197 4 8.00971 4C8.30744 4 8.54693 4.08414 8.72816 4.25243C8.90939 4.42071 9 4.64725 9 4.93204C9 5.20388 8.90939 5.42395 8.72816 5.59223C8.54693 5.76052 8.30744 5.84466 8.00971 5.84466C7.71197 5.84466 7.46602 5.76052 7.27184 5.59223C7.09061 5.42395 7 5.20388 7 4.93204ZM8.68932 7V12H7.31068V7H8.68932Z\" fill=\"black\" fill-opacity=\"0.54\"><\/path><\/svg>\t\t\t<\/span>\n\t\t\t\t\t\t\t\t\t<span class=\"elementor-button-text\">booking conditions<\/span>\n\t\t\t\t\t<\/span>\n\t\t\t\t\t<\/a>\n\t\t\t\t<\/div>\n\t\t\t\t\t\t\t\t<\/div>\n\t\t\t\t<\/div>\n\t\t\t\t<\/div>\n\t\t\t\t<div class=\"elementor-element elementor-element-2928c5c elementor-widget elementor-widget-accordion\" data-id=\"2928c5c\" data-element_type=\"widget\" data-e-type=\"widget\" data-widget_type=\"accordion.default\">\n\t\t\t\t<div class=\"elementor-widget-container\">\n\t\t\t\t\t\t\t<div class=\"elementor-accordion\">\n\t\t\t\t\t\t\t<div class=\"elementor-accordion-item\">\n\t\t\t\t\t<div id=\"elementor-tab-title-4311\" class=\"elementor-tab-title\" data-tab=\"1\" role=\"button\" aria-controls=\"elementor-tab-content-4311\" aria-expanded=\"false\">\n\t\t\t\t\t\t\t\t\t\t\t\t<a class=\"elementor-accordion-title\" tabindex=\"0\">Package extra:<\/a>\n\t\t\t\t\t<\/div>\n\t\t\t\t\t<div id=\"elementor-tab-content-4311\" class=\"elementor-tab-content elementor-clearfix\" data-tab=\"1\" role=\"region\" aria-labelledby=\"elementor-tab-title-4311\"><ul><li>Animator session for children<\/li><li>Sauna bathing in special fragrances<\/li><li>Colourful cocktail making for young and old<\/li><li>Gastronomic flavours around the world <strong>With the catches of G\u00e1bor Krausz<\/strong> the dinner buffet<\/li><li>Retro disco music in the Lobby<\/li><\/ul><\/div>\n\t\t\t\t<\/div>\n\t\t\t\t\t\t\t\t<\/div>\n\t\t\t\t\t\t<\/div>\n\t\t\t\t<\/div>\n\t\t\t\t<\/div>\n\t\t\t\t<\/div>\n\t\t\t\t<\/div>","protected":false},"excerpt":{"rendered":"<p>\u00c9rv\u00e9nyes: 2026. febru\u00e1r 21-22. A csomag tartalma: Sz\u00e1ll\u00e1s a kiv\u00e1lasztott szobat\u00edpusban B\u0151s\u00e9ges b\u00fcf\u00e9reggeli, hideg \u2013 meleg fog\u00e1sokkal \u00e9s f\u00e9lpanzi\u00f3s vacsora Thermal SPA haszn\u00e1lata (t\u00e9len 3 belt\u00e9ri medence, gyermek- \u00e9s babamedence, s\u00f3szoba, belt\u00e9ri finn szauna, 2 infraszauna, aromakabin, g\u0151zkabin, k\u00fclt\u00e9ri finn szauna, d\u00e9zsazuhany \u00e9s jacuzzi) J\u00e1t\u00e9kterem (csocs\u00f3, darts, pingpong, X-box) F\u00fcrd\u0151k\u00f6peny \u00e9s t\u00f6r\u00fclk\u00f6z\u0151 bek\u00e9sz\u00edt\u00e9s Ingyenes WiFi [&hellip;]<\/p>\n","protected":false},"author":4,"featured_media":9191,"parent":274,"menu_order":0,"comment_status":"closed","ping_status":"closed","template":"","meta":{"footnotes":""},"class_list":["post-9198","page","type-page","status-publish","has-post-thumbnail","hentry"],"yoast_head":"<!-- This site is optimized with the Yoast SEO plugin v27.2 - https:\/\/yoast.com\/product\/yoast-seo-wordpress\/ -->\n<title>Vil\u00e1gk\u00f6r\u00fcli gasztroutaz\u00e1s Krausz G\u00e1bor fog\u00e1saival - Hotel Ambient<\/title>\n<meta name=\"robots\" content=\"index, follow, max-snippet:-1, max-image-preview:large, max-video-preview:-1\" \/>\n<link rel=\"canonical\" href=\"https:\/\/hotelambient.hu\/en\/our-schedules\/world-gastronomic-tour-with-the-teeth-of-gabor-krausz\/\" \/>\n<meta property=\"og:locale\" content=\"en_GB\" \/>\n<meta property=\"og:type\" content=\"article\" \/>\n<meta property=\"og:title\" content=\"Vil\u00e1gk\u00f6r\u00fcli gasztroutaz\u00e1s Krausz G\u00e1bor fog\u00e1saival - Hotel Ambient\" \/>\n<meta property=\"og:description\" content=\"\u00c9rv\u00e9nyes: 2026. febru\u00e1r 21-22. A csomag tartalma: Sz\u00e1ll\u00e1s a kiv\u00e1lasztott szobat\u00edpusban B\u0151s\u00e9ges b\u00fcf\u00e9reggeli, hideg \u2013 meleg fog\u00e1sokkal \u00e9s f\u00e9lpanzi\u00f3s vacsora Thermal SPA haszn\u00e1lata (t\u00e9len 3 belt\u00e9ri medence, gyermek- \u00e9s babamedence, s\u00f3szoba, belt\u00e9ri finn szauna, 2 infraszauna, aromakabin, g\u0151zkabin, k\u00fclt\u00e9ri finn szauna, d\u00e9zsazuhany \u00e9s jacuzzi) J\u00e1t\u00e9kterem (csocs\u00f3, darts, pingpong, X-box) F\u00fcrd\u0151k\u00f6peny \u00e9s t\u00f6r\u00fclk\u00f6z\u0151 bek\u00e9sz\u00edt\u00e9s Ingyenes WiFi [&hellip;]\" \/>\n<meta property=\"og:url\" content=\"https:\/\/hotelambient.hu\/en\/our-schedules\/world-gastronomic-tour-with-the-teeth-of-gabor-krausz\/\" \/>\n<meta property=\"og:site_name\" content=\"Hotel Ambient\" \/>\n<meta property=\"article:modified_time\" content=\"2026-02-05T14:14:09+00:00\" \/>\n<meta property=\"og:image\" content=\"https:\/\/hotelambient.hu\/wp-content\/uploads\/2026\/02\/vilagkoruli-gasztro-utazas.jpg\" \/>\n\t<meta property=\"og:image:width\" content=\"940\" \/>\n\t<meta property=\"og:image:height\" content=\"788\" \/>\n\t<meta property=\"og:image:type\" content=\"image\/jpeg\" \/>\n<meta name=\"twitter:card\" content=\"summary_large_image\" \/>\n<meta name=\"twitter:label1\" content=\"Estimated reading time\" \/>\n\t<meta name=\"twitter:data1\" content=\"1 minute\" \/>\n<script type=\"application\/ld+json\" class=\"yoast-schema-graph\">{\"@context\":\"https:\/\/schema.org\",\"@graph\":[{\"@type\":\"WebPage\",\"@id\":\"https:\/\/hotelambient.hu\/ajanlataink\/vilagkoruli-gasztroutazas-krausz-gabor-fogasaival\/\",\"url\":\"https:\/\/hotelambient.hu\/ajanlataink\/vilagkoruli-gasztroutazas-krausz-gabor-fogasaival\/\",\"name\":\"Vil\u00e1gk\u00f6r\u00fcli gasztroutaz\u00e1s Krausz G\u00e1bor fog\u00e1saival - Hotel Ambient\",\"isPartOf\":{\"@id\":\"https:\/\/hotelambient.hu\/en\/#website\"},\"primaryImageOfPage\":{\"@id\":\"https:\/\/hotelambient.hu\/ajanlataink\/vilagkoruli-gasztroutazas-krausz-gabor-fogasaival\/#primaryimage\"},\"image\":{\"@id\":\"https:\/\/hotelambient.hu\/ajanlataink\/vilagkoruli-gasztroutazas-krausz-gabor-fogasaival\/#primaryimage\"},\"thumbnailUrl\":\"https:\/\/hotelambient.hu\/wp-content\/uploads\/2026\/02\/vilagkoruli-gasztro-utazas.jpg\",\"datePublished\":\"2026-02-05T14:11:08+00:00\",\"dateModified\":\"2026-02-05T14:14:09+00:00\",\"breadcrumb\":{\"@id\":\"https:\/\/hotelambient.hu\/ajanlataink\/vilagkoruli-gasztroutazas-krausz-gabor-fogasaival\/#breadcrumb\"},\"inLanguage\":\"en-GB\",\"potentialAction\":[{\"@type\":\"ReadAction\",\"target\":[\"https:\/\/hotelambient.hu\/ajanlataink\/vilagkoruli-gasztroutazas-krausz-gabor-fogasaival\/\"]}]},{\"@type\":\"ImageObject\",\"inLanguage\":\"en-GB\",\"@id\":\"https:\/\/hotelambient.hu\/ajanlataink\/vilagkoruli-gasztroutazas-krausz-gabor-fogasaival\/#primaryimage\",\"url\":\"https:\/\/hotelambient.hu\/wp-content\/uploads\/2026\/02\/vilagkoruli-gasztro-utazas.jpg\",\"contentUrl\":\"https:\/\/hotelambient.hu\/wp-content\/uploads\/2026\/02\/vilagkoruli-gasztro-utazas.jpg\",\"width\":940,\"height\":788},{\"@type\":\"BreadcrumbList\",\"@id\":\"https:\/\/hotelambient.hu\/ajanlataink\/vilagkoruli-gasztroutazas-krausz-gabor-fogasaival\/#breadcrumb\",\"itemListElement\":[{\"@type\":\"ListItem\",\"position\":1,\"name\":\"Kezd\u0151lap\",\"item\":\"https:\/\/hotelambient.hu\/hu\/\"},{\"@type\":\"ListItem\",\"position\":2,\"name\":\"Aj\u00e1nlataink\",\"item\":\"https:\/\/hotelambient.hu\/ajanlataink\/\"},{\"@type\":\"ListItem\",\"position\":3,\"name\":\"Vil\u00e1gk\u00f6r\u00fcli gasztroutaz\u00e1s Krausz G\u00e1bor fog\u00e1saival\"}]},{\"@type\":\"WebSite\",\"@id\":\"https:\/\/hotelambient.hu\/en\/#website\",\"url\":\"https:\/\/hotelambient.hu\/en\/\",\"name\":\"Hotel Ambient\",\"description\":\"Hotel Ambient\",\"publisher\":{\"@id\":\"https:\/\/hotelambient.hu\/en\/#organization\"},\"potentialAction\":[{\"@type\":\"SearchAction\",\"target\":{\"@type\":\"EntryPoint\",\"urlTemplate\":\"https:\/\/hotelambient.hu\/en\/?s={search_term_string}\"},\"query-input\":{\"@type\":\"PropertyValueSpecification\",\"valueRequired\":true,\"valueName\":\"search_term_string\"}}],\"inLanguage\":\"en-GB\"},{\"@type\":\"Organization\",\"@id\":\"https:\/\/hotelambient.hu\/en\/#organization\",\"name\":\"Hotel Ambient\",\"url\":\"https:\/\/hotelambient.hu\/en\/\",\"logo\":{\"@type\":\"ImageObject\",\"inLanguage\":\"en-GB\",\"@id\":\"https:\/\/hotelambient.hu\/en\/#\/schema\/logo\/image\/\",\"url\":\"https:\/\/hotelambient.hu\/wp-content\/uploads\/2023\/06\/cropped-Ambient_logo_fekete_transparent_bg.webp\",\"contentUrl\":\"https:\/\/hotelambient.hu\/wp-content\/uploads\/2023\/06\/cropped-Ambient_logo_fekete_transparent_bg.webp\",\"width\":512,\"height\":512,\"caption\":\"Hotel Ambient\"},\"image\":{\"@id\":\"https:\/\/hotelambient.hu\/en\/#\/schema\/logo\/image\/\"}}]}<\/script>\n<!-- \/ Yoast SEO plugin. -->","yoast_head_json":{"title":"A gastronomic journey around the world with the dishes of G\u00e1bor Krausz - Hotel Ambient","robots":{"index":"index","follow":"follow","max-snippet":"max-snippet:-1","max-image-preview":"max-image-preview:large","max-video-preview":"max-video-preview:-1"},"canonical":"https:\/\/hotelambient.hu\/en\/our-schedules\/world-gastronomic-tour-with-the-teeth-of-gabor-krausz\/","og_locale":"en_GB","og_type":"article","og_title":"Vil\u00e1gk\u00f6r\u00fcli gasztroutaz\u00e1s Krausz G\u00e1bor fog\u00e1saival - Hotel Ambient","og_description":"\u00c9rv\u00e9nyes: 2026. febru\u00e1r 21-22. A csomag tartalma: Sz\u00e1ll\u00e1s a kiv\u00e1lasztott szobat\u00edpusban B\u0151s\u00e9ges b\u00fcf\u00e9reggeli, hideg \u2013 meleg fog\u00e1sokkal \u00e9s f\u00e9lpanzi\u00f3s vacsora Thermal SPA haszn\u00e1lata (t\u00e9len 3 belt\u00e9ri medence, gyermek- \u00e9s babamedence, s\u00f3szoba, belt\u00e9ri finn szauna, 2 infraszauna, aromakabin, g\u0151zkabin, k\u00fclt\u00e9ri finn szauna, d\u00e9zsazuhany \u00e9s jacuzzi) J\u00e1t\u00e9kterem (csocs\u00f3, darts, pingpong, X-box) F\u00fcrd\u0151k\u00f6peny \u00e9s t\u00f6r\u00fclk\u00f6z\u0151 bek\u00e9sz\u00edt\u00e9s Ingyenes WiFi [&hellip;]","og_url":"https:\/\/hotelambient.hu\/en\/our-schedules\/world-gastronomic-tour-with-the-teeth-of-gabor-krausz\/","og_site_name":"Hotel Ambient","article_modified_time":"2026-02-05T14:14:09+00:00","og_image":[{"width":940,"height":788,"url":"https:\/\/hotelambient.hu\/wp-content\/uploads\/2026\/02\/vilagkoruli-gasztro-utazas.jpg","type":"image\/jpeg"}],"twitter_card":"summary_large_image","twitter_misc":{"Estimated reading time":"1 minute"},"schema":{"@context":"https:\/\/schema.org","@graph":[{"@type":"WebPage","@id":"https:\/\/hotelambient.hu\/ajanlataink\/vilagkoruli-gasztroutazas-krausz-gabor-fogasaival\/","url":"https:\/\/hotelambient.hu\/ajanlataink\/vilagkoruli-gasztroutazas-krausz-gabor-fogasaival\/","name":"A gastronomic journey around the world with the dishes of G\u00e1bor Krausz - Hotel Ambient","isPartOf":{"@id":"https:\/\/hotelambient.hu\/en\/#website"},"primaryImageOfPage":{"@id":"https:\/\/hotelambient.hu\/ajanlataink\/vilagkoruli-gasztroutazas-krausz-gabor-fogasaival\/#primaryimage"},"image":{"@id":"https:\/\/hotelambient.hu\/ajanlataink\/vilagkoruli-gasztroutazas-krausz-gabor-fogasaival\/#primaryimage"},"thumbnailUrl":"https:\/\/hotelambient.hu\/wp-content\/uploads\/2026\/02\/vilagkoruli-gasztro-utazas.jpg","datePublished":"2026-02-05T14:11:08+00:00","dateModified":"2026-02-05T14:14:09+00:00","breadcrumb":{"@id":"https:\/\/hotelambient.hu\/ajanlataink\/vilagkoruli-gasztroutazas-krausz-gabor-fogasaival\/#breadcrumb"},"inLanguage":"en-GB","potentialAction":[{"@type":"ReadAction","target":["https:\/\/hotelambient.hu\/ajanlataink\/vilagkoruli-gasztroutazas-krausz-gabor-fogasaival\/"]}]},{"@type":"ImageObject","inLanguage":"en-GB","@id":"https:\/\/hotelambient.hu\/ajanlataink\/vilagkoruli-gasztroutazas-krausz-gabor-fogasaival\/#primaryimage","url":"https:\/\/hotelambient.hu\/wp-content\/uploads\/2026\/02\/vilagkoruli-gasztro-utazas.jpg","contentUrl":"https:\/\/hotelambient.hu\/wp-content\/uploads\/2026\/02\/vilagkoruli-gasztro-utazas.jpg","width":940,"height":788},{"@type":"BreadcrumbList","@id":"https:\/\/hotelambient.hu\/ajanlataink\/vilagkoruli-gasztroutazas-krausz-gabor-fogasaival\/#breadcrumb","itemListElement":[{"@type":"ListItem","position":1,"name":"Kezd\u0151lap","item":"https:\/\/hotelambient.hu\/hu\/"},{"@type":"ListItem","position":2,"name":"Aj\u00e1nlataink","item":"https:\/\/hotelambient.hu\/ajanlataink\/"},{"@type":"ListItem","position":3,"name":"Vil\u00e1gk\u00f6r\u00fcli gasztroutaz\u00e1s Krausz G\u00e1bor fog\u00e1saival"}]},{"@type":"WebSite","@id":"https:\/\/hotelambient.hu\/en\/#website","url":"https:\/\/hotelambient.hu\/en\/","name":"Hotel Ambient","description":"Hotel Ambient","publisher":{"@id":"https:\/\/hotelambient.hu\/en\/#organization"},"potentialAction":[{"@type":"SearchAction","target":{"@type":"EntryPoint","urlTemplate":"https:\/\/hotelambient.hu\/en\/?s={search_term_string}"},"query-input":{"@type":"PropertyValueSpecification","valueRequired":true,"valueName":"search_term_string"}}],"inLanguage":"en-GB"},{"@type":"Organization","@id":"https:\/\/hotelambient.hu\/en\/#organization","name":"Hotel Ambient","url":"https:\/\/hotelambient.hu\/en\/","logo":{"@type":"ImageObject","inLanguage":"en-GB","@id":"https:\/\/hotelambient.hu\/en\/#\/schema\/logo\/image\/","url":"https:\/\/hotelambient.hu\/wp-content\/uploads\/2023\/06\/cropped-Ambient_logo_fekete_transparent_bg.webp","contentUrl":"https:\/\/hotelambient.hu\/wp-content\/uploads\/2023\/06\/cropped-Ambient_logo_fekete_transparent_bg.webp","width":512,"height":512,"caption":"Hotel Ambient"},"image":{"@id":"https:\/\/hotelambient.hu\/en\/#\/schema\/logo\/image\/"}}]}},"_links":{"self":[{"href":"https:\/\/hotelambient.hu\/en\/wp-json\/wp\/v2\/pages\/9198","targetHints":{"allow":["GET"]}}],"collection":[{"href":"https:\/\/hotelambient.hu\/en\/wp-json\/wp\/v2\/pages"}],"about":[{"href":"https:\/\/hotelambient.hu\/en\/wp-json\/wp\/v2\/types\/page"}],"author":[{"embeddable":true,"href":"https:\/\/hotelambient.hu\/en\/wp-json\/wp\/v2\/users\/4"}],"replies":[{"embeddable":true,"href":"https:\/\/hotelambient.hu\/en\/wp-json\/wp\/v2\/comments?post=9198"}],"version-history":[{"count":4,"href":"https:\/\/hotelambient.hu\/en\/wp-json\/wp\/v2\/pages\/9198\/revisions"}],"predecessor-version":[{"id":9202,"href":"https:\/\/hotelambient.hu\/en\/wp-json\/wp\/v2\/pages\/9198\/revisions\/9202"}],"up":[{"embeddable":true,"href":"https:\/\/hotelambient.hu\/en\/wp-json\/wp\/v2\/pages\/274"}],"wp:featuredmedia":[{"embeddable":true,"href":"https:\/\/hotelambient.hu\/en\/wp-json\/wp\/v2\/media\/9191"}],"wp:attachment":[{"href":"https:\/\/hotelambient.hu\/en\/wp-json\/wp\/v2\/media?parent=9198"}],"curies":[{"name":"wp","href":"https:\/\/api.w.org\/{rel}","templated":true}]}}