{"id":9355,"date":"2026-02-12T14:09:20","date_gmt":"2026-02-12T13:09:20","guid":{"rendered":"https:\/\/hotelambient.hu\/?page_id=9355"},"modified":"2026-02-18T18:03:30","modified_gmt":"2026-02-18T17:03:30","slug":"nonapi-pending","status":"publish","type":"page","link":"https:\/\/hotelambient.hu\/en\/ajanlataink\/nonapi-kenyeztetes\/","title":{"rendered":"Pampering on Mother's Day"},"content":{"rendered":"<div data-elementor-type=\"wp-page\" data-elementor-id=\"9355\" class=\"elementor elementor-9355\" data-elementor-post-type=\"page\">\n\t\t\t\t<div class=\"elementor-element elementor-element-24a4abf e-con-full e-flex e-con e-parent\" data-id=\"24a4abf\" data-element_type=\"container\" data-e-type=\"container\">\n\t\t<div class=\"elementor-element elementor-element-0baca78 e-con-full e-flex e-con e-child\" data-id=\"0baca78\" data-element_type=\"container\" data-e-type=\"container\" data-settings=\"{&quot;background_background&quot;:&quot;classic&quot;}\">\n\t\t\t\t<div class=\"elementor-element elementor-element-671a8c9 elementor-widget elementor-widget-image\" data-id=\"671a8c9\" data-element_type=\"widget\" data-e-type=\"widget\" data-widget_type=\"image.default\">\n\t\t\t\t<div class=\"elementor-widget-container\">\n\t\t\t\t\t\t\t\t\t\t\t\t\t\t\t<img fetchpriority=\"high\" decoding=\"async\" width=\"800\" height=\"800\" src=\"https:\/\/hotelambient.hu\/wp-content\/uploads\/2026\/02\/nonap_ambient-1024x1024.jpg\" class=\"attachment-large size-large wp-image-9341\" alt=\"\" srcset=\"https:\/\/hotelambient.hu\/wp-content\/uploads\/2026\/02\/nonap_ambient-1024x1024.jpg 1024w, https:\/\/hotelambient.hu\/wp-content\/uploads\/2026\/02\/nonap_ambient-300x300.jpg 300w, https:\/\/hotelambient.hu\/wp-content\/uploads\/2026\/02\/nonap_ambient-150x150.jpg 150w, https:\/\/hotelambient.hu\/wp-content\/uploads\/2026\/02\/nonap_ambient-768x768.jpg 768w, https:\/\/hotelambient.hu\/wp-content\/uploads\/2026\/02\/nonap_ambient-12x12.jpg 12w, https:\/\/hotelambient.hu\/wp-content\/uploads\/2026\/02\/nonap_ambient.jpg 1080w\" sizes=\"(max-width: 800px) 100vw, 800px\" \/>\t\t\t\t\t\t\t\t\t\t\t\t\t\t\t<\/div>\n\t\t\t\t<\/div>\n\t\t\t\t<\/div>\n\t\t<div class=\"elementor-element elementor-element-31be0cb e-con-full e-flex e-con e-child\" data-id=\"31be0cb\" data-element_type=\"container\" data-e-type=\"container\">\n\t\t\t\t<div class=\"elementor-element elementor-element-e018716 elementor-widget elementor-widget-heading\" data-id=\"e018716\" data-element_type=\"widget\" data-e-type=\"widget\" data-widget_type=\"heading.default\">\n\t\t\t\t<div class=\"elementor-widget-container\">\n\t\t\t\t\t<h2 class=\"elementor-heading-title elementor-size-default\">Pampering on Mother's Day<\/h2>\t\t\t\t<\/div>\n\t\t\t\t<\/div>\n\t\t\t\t<div class=\"elementor-element elementor-element-2f905ff elementor-widget elementor-widget-text-editor\" data-id=\"2f905ff\" data-element_type=\"widget\" data-e-type=\"widget\" data-widget_type=\"text-editor.default\">\n\t\t\t\t<div class=\"elementor-widget-container\">\n\t\t\t\t\t\t\t\t\t<p><strong>Valid from 06 to 08 March 2026<\/strong><\/p><p><strong>Minimum 2 nights with 10% discount<\/strong><\/p><p data-start=\"69\" data-end=\"280\">Take some time for yourself and celebrate femininity with a truly empowering weekend! In the tranquil embrace of the Mecsek Mountains, a generous half-board and the full experience of the Thermal SPA await you to rejuvenate you both body and soul.<\/p><p data-start=\"282\" data-end=\"554\" data-is-last-node=\"\" data-is-only-node=\"\">On Saturday, special programmes complete the experience: a live music dinner in a magical atmosphere, a relaxing sound bath for deep inner balance and exclusive Women's Day SPA discounts. The weekend is crowned with a surprise programme - because you deserve to shine.<\/p><p>The package contains the following serives:<\/p><ul><li>Accommodation in the selected room type<\/li><li>Rich buffet breakfast, hot and cold dishes and half board dinner<\/li><li>Use of Aroma SPA (in winter 3 indoor pools, children's and baby pools, salt room, indoor Finnish sauna, 2 infrared saunas, aroma cabin, steam cabin, outdoor Finnish sauna, jacuzzi and jacuzzi)<\/li><li>Games room (table football, darts, ping-pong, X-box)<\/li><li>Bathrobe and towel making-up<\/li><li>Free WiFi<\/li><li>Free parking<\/li><li>VAT<\/li><\/ul>\t\t\t\t\t\t\t\t<\/div>\n\t\t\t\t<\/div>\n\t\t\t\t<div class=\"elementor-element elementor-element-2928c5c elementor-widget elementor-widget-accordion\" data-id=\"2928c5c\" data-element_type=\"widget\" data-e-type=\"widget\" data-widget_type=\"accordion.default\">\n\t\t\t\t<div class=\"elementor-widget-container\">\n\t\t\t\t\t\t\t<div class=\"elementor-accordion\">\n\t\t\t\t\t\t\t<div class=\"elementor-accordion-item\">\n\t\t\t\t\t<div id=\"elementor-tab-title-4311\" class=\"elementor-tab-title\" data-tab=\"1\" role=\"button\" aria-controls=\"elementor-tab-content-4311\" aria-expanded=\"false\">\n\t\t\t\t\t\t\t\t\t\t\t\t\t<span class=\"elementor-accordion-icon elementor-accordion-icon-left\" aria-hidden=\"true\">\n\t\t\t\t\t\t\t\t\t\t\t\t\t\t\t<span class=\"elementor-accordion-icon-closed\"><svg class=\"e-font-icon-svg e-fas-plus\" viewbox=\"0 0 448 512\" xmlns=\"http:\/\/www.w3.org\/2000\/svg\"><path d=\"M416 208H272V64c0-17.67-14.33-32-32-32h-32c-17.67 0-32 14.33-32 32v144H32c-17.67 0-32 14.33-32 32v32c0 17.67 14.33 32 32 32h144v144c0 17.67 14.33 32 32 32h32c17.67 0 32-14.33 32-32V304h144c17.67 0 32-14.33 32-32v-32c0-17.67-14.33-32-32-32z\"><\/path><\/svg><\/span>\n\t\t\t\t\t\t\t\t<span class=\"elementor-accordion-icon-opened\"><svg class=\"e-font-icon-svg e-fas-minus\" viewbox=\"0 0 448 512\" xmlns=\"http:\/\/www.w3.org\/2000\/svg\"><path d=\"M416 208H32c-17.67 0-32 14.33-32 32v32c0 17.67 14.33 32 32 32h384c17.67 0 32-14.33 32-32v-32c0-17.67-14.33-32-32-32z\"><\/path><\/svg><\/span>\n\t\t\t\t\t\t\t\t\t\t\t\t\t\t<\/span>\n\t\t\t\t\t\t\t\t\t\t\t\t<a class=\"elementor-accordion-title\" tabindex=\"0\">Package extra:<\/a>\n\t\t\t\t\t<\/div>\n\t\t\t\t\t<div id=\"elementor-tab-content-4311\" class=\"elementor-tab-content elementor-clearfix\" data-tab=\"1\" role=\"region\" aria-labelledby=\"elementor-tab-title-4311\"><ul><li><p><strong>Live music during dinner:<\/strong> enjoy the atmosphere and delicious snacks in a romantic, magical atmosphere.<\/p><\/li><li><p><strong>Women's Day SPA discount:<\/strong> relax your body and mind with our special offers.<\/p><\/li><li><p><strong>Sauna fillings:<\/strong> fragrant infusions to enhance the power and experience of the sauna<\/p><\/li><li><p><strong>Relaxing sound bath:<\/strong> that the sounds permeate your body and soul, giving you a deep sense of calm.<\/p><\/li><li><p><strong>Refreshing spinal yoga<\/strong>: wake up with a harmonious balance of body and mind.<\/p><\/li><li><p><strong>Gift Women's Day cocktail making<\/strong><\/p><\/li><li><p><strong>Our special offer for Women's Day: coconut elixir treatment <\/strong>(introductory price, bookable subject to availability<\/p><\/li><\/ul><\/div>\n\t\t\t\t<\/div>\n\t\t\t\t\t\t\t\t<\/div>\n\t\t\t\t\t\t<\/div>\n\t\t\t\t<\/div>\n\t\t<div class=\"elementor-element elementor-element-25565e4 e-con-full e-flex e-con e-child\" data-id=\"25565e4\" data-element_type=\"container\" data-e-type=\"container\" data-settings=\"{&quot;background_background&quot;:&quot;classic&quot;}\">\n\t\t\t\t<div class=\"elementor-element elementor-element-07eb6ed elementor-align-center elementor-widget elementor-widget-button\" data-id=\"07eb6ed\" data-element_type=\"widget\" data-e-type=\"widget\" data-widget_type=\"button.default\">\n\t\t\t\t<div class=\"elementor-widget-container\">\n\t\t\t\t\t\t\t\t\t<div class=\"elementor-button-wrapper\">\n\t\t\t\t\t<a class=\"elementor-button elementor-button-link elementor-size-sm\" href=\"https:\/\/hotelambient.hu\/en\/foglalas\/\">\n\t\t\t\t\t\t<span class=\"elementor-button-content-wrapper\">\n\t\t\t\t\t\t\t\t\t<span class=\"elementor-button-text\">book a room<\/span>\n\t\t\t\t\t<\/span>\n\t\t\t\t\t<\/a>\n\t\t\t\t<\/div>\n\t\t\t\t\t\t\t\t<\/div>\n\t\t\t\t<\/div>\n\t\t\t\t<div class=\"elementor-element elementor-element-9fc5438 elementor-align-left elementor-widget elementor-widget-button\" data-id=\"9fc5438\" data-element_type=\"widget\" data-e-type=\"widget\" data-widget_type=\"button.default\">\n\t\t\t\t<div class=\"elementor-widget-container\">\n\t\t\t\t\t\t\t\t\t<div class=\"elementor-button-wrapper\">\n\t\t\t\t\t<a class=\"elementor-button elementor-button-link elementor-size-sm\" href=\"#elementor-action%3Aaction%3Dpopup%3Aopen%26settings%3DeyJpZCI6IjMwNyIsInRvZ2dsZSI6ZmFsc2V9\">\n\t\t\t\t\t\t<span class=\"elementor-button-content-wrapper\">\n\t\t\t\t\t\t<span class=\"elementor-button-icon\">\n\t\t\t\t<svg xmlns=\"http:\/\/www.w3.org\/2000\/svg\" width=\"16\" height=\"16\" viewbox=\"0 0 16 16\" fill=\"none\"><circle cx=\"8\" cy=\"8\" r=\"6.5\" stroke=\"black\" stroke-opacity=\"0.54\"><\/circle><path d=\"M7 4.93204C7 4.64725 7.09061 4.42071 7.27184 4.25243C7.46602 4.08414 7.71197 4 8.00971 4C8.30744 4 8.54693 4.08414 8.72816 4.25243C8.90939 4.42071 9 4.64725 9 4.93204C9 5.20388 8.90939 5.42395 8.72816 5.59223C8.54693 5.76052 8.30744 5.84466 8.00971 5.84466C7.71197 5.84466 7.46602 5.76052 7.27184 5.59223C7.09061 5.42395 7 5.20388 7 4.93204ZM8.68932 7V12H7.31068V7H8.68932Z\" fill=\"black\" fill-opacity=\"0.54\"><\/path><\/svg>\t\t\t<\/span>\n\t\t\t\t\t\t\t\t\t<span class=\"elementor-button-text\">booking conditions<\/span>\n\t\t\t\t\t<\/span>\n\t\t\t\t\t<\/a>\n\t\t\t\t<\/div>\n\t\t\t\t\t\t\t\t<\/div>\n\t\t\t\t<\/div>\n\t\t\t\t<\/div>\n\t\t\t\t<\/div>\n\t\t\t\t<\/div>\n\t\t\t\t<\/div>","protected":false},"excerpt":{"rendered":"<p>\u00c9rv\u00e9nyes: 2026.m\u00e1rcius 06-t\u00f3l 08-ig Minimum 2 \u00e9j, 10% kedvezm\u00e9nnyel Sz\u00e1nj id\u0151t magadra, \u00e9s \u00fcnnepeld a n\u0151iess\u00e9get egy igaz\u00e1n felt\u00f6lt\u0151 h\u00e9tv\u00e9g\u00e9vel! A Mecsek nyugodt \u00f6lel\u00e9s\u00e9ben b\u0151s\u00e9ges f\u00e9lpanzi\u00f3s ell\u00e1t\u00e1s \u00e9s a Thermal SPA teljes \u00e9lm\u00e9nyvil\u00e1ga v\u00e1r, hogy testileg-lelkileg is meg\u00fajulj. Szombaton k\u00fcl\u00f6nleges programok teszik teljess\u00e9 az \u00e9lm\u00e9nyt: \u00e9l\u0151zen\u00e9s vacsora var\u00e1zslatos hangulatban, relax\u00e1l\u00f3 hangt\u00e1lf\u00fcrd\u0151 a m\u00e9ly bels\u0151 egyens\u00faly\u00e9rt, [&hellip;]<\/p>\n","protected":false},"author":4,"featured_media":9341,"parent":274,"menu_order":0,"comment_status":"closed","ping_status":"closed","template":"","meta":{"footnotes":""},"class_list":["post-9355","page","type-page","status-publish","has-post-thumbnail","hentry"],"yoast_head":"<!-- This site is optimized with the Yoast SEO plugin v27.2 - https:\/\/yoast.com\/product\/yoast-seo-wordpress\/ -->\n<title>N\u0151napi k\u00e9nyeztet\u00e9s - Hotel Ambient<\/title>\n<meta name=\"robots\" content=\"index, follow, max-snippet:-1, max-image-preview:large, max-video-preview:-1\" \/>\n<link rel=\"canonical\" href=\"https:\/\/hotelambient.hu\/en\/our-schedules\/nonapi-pending\/\" \/>\n<meta property=\"og:locale\" content=\"en_GB\" \/>\n<meta property=\"og:type\" content=\"article\" \/>\n<meta property=\"og:title\" content=\"N\u0151napi k\u00e9nyeztet\u00e9s - Hotel Ambient\" \/>\n<meta property=\"og:description\" content=\"\u00c9rv\u00e9nyes: 2026.m\u00e1rcius 06-t\u00f3l 08-ig Minimum 2 \u00e9j, 10% kedvezm\u00e9nnyel Sz\u00e1nj id\u0151t magadra, \u00e9s \u00fcnnepeld a n\u0151iess\u00e9get egy igaz\u00e1n felt\u00f6lt\u0151 h\u00e9tv\u00e9g\u00e9vel! A Mecsek nyugodt \u00f6lel\u00e9s\u00e9ben b\u0151s\u00e9ges f\u00e9lpanzi\u00f3s ell\u00e1t\u00e1s \u00e9s a Thermal SPA teljes \u00e9lm\u00e9nyvil\u00e1ga v\u00e1r, hogy testileg-lelkileg is meg\u00fajulj. Szombaton k\u00fcl\u00f6nleges programok teszik teljess\u00e9 az \u00e9lm\u00e9nyt: \u00e9l\u0151zen\u00e9s vacsora var\u00e1zslatos hangulatban, relax\u00e1l\u00f3 hangt\u00e1lf\u00fcrd\u0151 a m\u00e9ly bels\u0151 egyens\u00faly\u00e9rt, [&hellip;]\" \/>\n<meta property=\"og:url\" content=\"https:\/\/hotelambient.hu\/en\/our-schedules\/nonapi-pending\/\" \/>\n<meta property=\"og:site_name\" content=\"Hotel Ambient\" \/>\n<meta property=\"article:modified_time\" content=\"2026-02-18T17:03:30+00:00\" \/>\n<meta property=\"og:image\" content=\"https:\/\/hotelambient.hu\/wp-content\/uploads\/2026\/02\/nonap_ambient.jpg\" \/>\n\t<meta property=\"og:image:width\" content=\"1080\" \/>\n\t<meta property=\"og:image:height\" content=\"1080\" \/>\n\t<meta property=\"og:image:type\" content=\"image\/jpeg\" \/>\n<meta name=\"twitter:card\" content=\"summary_large_image\" \/>\n<meta name=\"twitter:label1\" content=\"Estimated reading time\" \/>\n\t<meta name=\"twitter:data1\" content=\"2 minutes\" \/>\n<script type=\"application\/ld+json\" class=\"yoast-schema-graph\">{\"@context\":\"https:\/\/schema.org\",\"@graph\":[{\"@type\":\"WebPage\",\"@id\":\"https:\/\/hotelambient.hu\/ajanlataink\/nonapi-kenyeztetes\/\",\"url\":\"https:\/\/hotelambient.hu\/ajanlataink\/nonapi-kenyeztetes\/\",\"name\":\"N\u0151napi k\u00e9nyeztet\u00e9s - Hotel Ambient\",\"isPartOf\":{\"@id\":\"https:\/\/hotelambient.hu\/en\/#website\"},\"primaryImageOfPage\":{\"@id\":\"https:\/\/hotelambient.hu\/ajanlataink\/nonapi-kenyeztetes\/#primaryimage\"},\"image\":{\"@id\":\"https:\/\/hotelambient.hu\/ajanlataink\/nonapi-kenyeztetes\/#primaryimage\"},\"thumbnailUrl\":\"https:\/\/hotelambient.hu\/wp-content\/uploads\/2026\/02\/nonap_ambient.jpg\",\"datePublished\":\"2026-02-12T13:09:20+00:00\",\"dateModified\":\"2026-02-18T17:03:30+00:00\",\"breadcrumb\":{\"@id\":\"https:\/\/hotelambient.hu\/ajanlataink\/nonapi-kenyeztetes\/#breadcrumb\"},\"inLanguage\":\"en-GB\",\"potentialAction\":[{\"@type\":\"ReadAction\",\"target\":[\"https:\/\/hotelambient.hu\/ajanlataink\/nonapi-kenyeztetes\/\"]}]},{\"@type\":\"ImageObject\",\"inLanguage\":\"en-GB\",\"@id\":\"https:\/\/hotelambient.hu\/ajanlataink\/nonapi-kenyeztetes\/#primaryimage\",\"url\":\"https:\/\/hotelambient.hu\/wp-content\/uploads\/2026\/02\/nonap_ambient.jpg\",\"contentUrl\":\"https:\/\/hotelambient.hu\/wp-content\/uploads\/2026\/02\/nonap_ambient.jpg\",\"width\":1080,\"height\":1080},{\"@type\":\"BreadcrumbList\",\"@id\":\"https:\/\/hotelambient.hu\/ajanlataink\/nonapi-kenyeztetes\/#breadcrumb\",\"itemListElement\":[{\"@type\":\"ListItem\",\"position\":1,\"name\":\"Kezd\u0151lap\",\"item\":\"https:\/\/hotelambient.hu\/hu\/\"},{\"@type\":\"ListItem\",\"position\":2,\"name\":\"Aj\u00e1nlataink\",\"item\":\"https:\/\/hotelambient.hu\/ajanlataink\/\"},{\"@type\":\"ListItem\",\"position\":3,\"name\":\"N\u0151napi k\u00e9nyeztet\u00e9s\"}]},{\"@type\":\"WebSite\",\"@id\":\"https:\/\/hotelambient.hu\/en\/#website\",\"url\":\"https:\/\/hotelambient.hu\/en\/\",\"name\":\"Hotel Ambient\",\"description\":\"Hotel Ambient\",\"publisher\":{\"@id\":\"https:\/\/hotelambient.hu\/en\/#organization\"},\"potentialAction\":[{\"@type\":\"SearchAction\",\"target\":{\"@type\":\"EntryPoint\",\"urlTemplate\":\"https:\/\/hotelambient.hu\/en\/?s={search_term_string}\"},\"query-input\":{\"@type\":\"PropertyValueSpecification\",\"valueRequired\":true,\"valueName\":\"search_term_string\"}}],\"inLanguage\":\"en-GB\"},{\"@type\":\"Organization\",\"@id\":\"https:\/\/hotelambient.hu\/en\/#organization\",\"name\":\"Hotel Ambient\",\"url\":\"https:\/\/hotelambient.hu\/en\/\",\"logo\":{\"@type\":\"ImageObject\",\"inLanguage\":\"en-GB\",\"@id\":\"https:\/\/hotelambient.hu\/en\/#\/schema\/logo\/image\/\",\"url\":\"https:\/\/hotelambient.hu\/wp-content\/uploads\/2023\/06\/cropped-Ambient_logo_fekete_transparent_bg.webp\",\"contentUrl\":\"https:\/\/hotelambient.hu\/wp-content\/uploads\/2023\/06\/cropped-Ambient_logo_fekete_transparent_bg.webp\",\"width\":512,\"height\":512,\"caption\":\"Hotel Ambient\"},\"image\":{\"@id\":\"https:\/\/hotelambient.hu\/en\/#\/schema\/logo\/image\/\"}}]}<\/script>\n<!-- \/ Yoast SEO plugin. -->","yoast_head_json":{"title":"Pampering on Mother's Day - Hotel Ambient","robots":{"index":"index","follow":"follow","max-snippet":"max-snippet:-1","max-image-preview":"max-image-preview:large","max-video-preview":"max-video-preview:-1"},"canonical":"https:\/\/hotelambient.hu\/en\/our-schedules\/nonapi-pending\/","og_locale":"en_GB","og_type":"article","og_title":"N\u0151napi k\u00e9nyeztet\u00e9s - Hotel Ambient","og_description":"\u00c9rv\u00e9nyes: 2026.m\u00e1rcius 06-t\u00f3l 08-ig Minimum 2 \u00e9j, 10% kedvezm\u00e9nnyel Sz\u00e1nj id\u0151t magadra, \u00e9s \u00fcnnepeld a n\u0151iess\u00e9get egy igaz\u00e1n felt\u00f6lt\u0151 h\u00e9tv\u00e9g\u00e9vel! A Mecsek nyugodt \u00f6lel\u00e9s\u00e9ben b\u0151s\u00e9ges f\u00e9lpanzi\u00f3s ell\u00e1t\u00e1s \u00e9s a Thermal SPA teljes \u00e9lm\u00e9nyvil\u00e1ga v\u00e1r, hogy testileg-lelkileg is meg\u00fajulj. Szombaton k\u00fcl\u00f6nleges programok teszik teljess\u00e9 az \u00e9lm\u00e9nyt: \u00e9l\u0151zen\u00e9s vacsora var\u00e1zslatos hangulatban, relax\u00e1l\u00f3 hangt\u00e1lf\u00fcrd\u0151 a m\u00e9ly bels\u0151 egyens\u00faly\u00e9rt, [&hellip;]","og_url":"https:\/\/hotelambient.hu\/en\/our-schedules\/nonapi-pending\/","og_site_name":"Hotel Ambient","article_modified_time":"2026-02-18T17:03:30+00:00","og_image":[{"width":1080,"height":1080,"url":"https:\/\/hotelambient.hu\/wp-content\/uploads\/2026\/02\/nonap_ambient.jpg","type":"image\/jpeg"}],"twitter_card":"summary_large_image","twitter_misc":{"Estimated reading time":"2 minutes"},"schema":{"@context":"https:\/\/schema.org","@graph":[{"@type":"WebPage","@id":"https:\/\/hotelambient.hu\/ajanlataink\/nonapi-kenyeztetes\/","url":"https:\/\/hotelambient.hu\/ajanlataink\/nonapi-kenyeztetes\/","name":"Pampering on Mother's Day - Hotel Ambient","isPartOf":{"@id":"https:\/\/hotelambient.hu\/en\/#website"},"primaryImageOfPage":{"@id":"https:\/\/hotelambient.hu\/ajanlataink\/nonapi-kenyeztetes\/#primaryimage"},"image":{"@id":"https:\/\/hotelambient.hu\/ajanlataink\/nonapi-kenyeztetes\/#primaryimage"},"thumbnailUrl":"https:\/\/hotelambient.hu\/wp-content\/uploads\/2026\/02\/nonap_ambient.jpg","datePublished":"2026-02-12T13:09:20+00:00","dateModified":"2026-02-18T17:03:30+00:00","breadcrumb":{"@id":"https:\/\/hotelambient.hu\/ajanlataink\/nonapi-kenyeztetes\/#breadcrumb"},"inLanguage":"en-GB","potentialAction":[{"@type":"ReadAction","target":["https:\/\/hotelambient.hu\/ajanlataink\/nonapi-kenyeztetes\/"]}]},{"@type":"ImageObject","inLanguage":"en-GB","@id":"https:\/\/hotelambient.hu\/ajanlataink\/nonapi-kenyeztetes\/#primaryimage","url":"https:\/\/hotelambient.hu\/wp-content\/uploads\/2026\/02\/nonap_ambient.jpg","contentUrl":"https:\/\/hotelambient.hu\/wp-content\/uploads\/2026\/02\/nonap_ambient.jpg","width":1080,"height":1080},{"@type":"BreadcrumbList","@id":"https:\/\/hotelambient.hu\/ajanlataink\/nonapi-kenyeztetes\/#breadcrumb","itemListElement":[{"@type":"ListItem","position":1,"name":"Kezd\u0151lap","item":"https:\/\/hotelambient.hu\/hu\/"},{"@type":"ListItem","position":2,"name":"Aj\u00e1nlataink","item":"https:\/\/hotelambient.hu\/ajanlataink\/"},{"@type":"ListItem","position":3,"name":"N\u0151napi k\u00e9nyeztet\u00e9s"}]},{"@type":"WebSite","@id":"https:\/\/hotelambient.hu\/en\/#website","url":"https:\/\/hotelambient.hu\/en\/","name":"Hotel Ambient","description":"Hotel Ambient","publisher":{"@id":"https:\/\/hotelambient.hu\/en\/#organization"},"potentialAction":[{"@type":"SearchAction","target":{"@type":"EntryPoint","urlTemplate":"https:\/\/hotelambient.hu\/en\/?s={search_term_string}"},"query-input":{"@type":"PropertyValueSpecification","valueRequired":true,"valueName":"search_term_string"}}],"inLanguage":"en-GB"},{"@type":"Organization","@id":"https:\/\/hotelambient.hu\/en\/#organization","name":"Hotel Ambient","url":"https:\/\/hotelambient.hu\/en\/","logo":{"@type":"ImageObject","inLanguage":"en-GB","@id":"https:\/\/hotelambient.hu\/en\/#\/schema\/logo\/image\/","url":"https:\/\/hotelambient.hu\/wp-content\/uploads\/2023\/06\/cropped-Ambient_logo_fekete_transparent_bg.webp","contentUrl":"https:\/\/hotelambient.hu\/wp-content\/uploads\/2023\/06\/cropped-Ambient_logo_fekete_transparent_bg.webp","width":512,"height":512,"caption":"Hotel Ambient"},"image":{"@id":"https:\/\/hotelambient.hu\/en\/#\/schema\/logo\/image\/"}}]}},"_links":{"self":[{"href":"https:\/\/hotelambient.hu\/en\/wp-json\/wp\/v2\/pages\/9355","targetHints":{"allow":["GET"]}}],"collection":[{"href":"https:\/\/hotelambient.hu\/en\/wp-json\/wp\/v2\/pages"}],"about":[{"href":"https:\/\/hotelambient.hu\/en\/wp-json\/wp\/v2\/types\/page"}],"author":[{"embeddable":true,"href":"https:\/\/hotelambient.hu\/en\/wp-json\/wp\/v2\/users\/4"}],"replies":[{"embeddable":true,"href":"https:\/\/hotelambient.hu\/en\/wp-json\/wp\/v2\/comments?post=9355"}],"version-history":[{"count":10,"href":"https:\/\/hotelambient.hu\/en\/wp-json\/wp\/v2\/pages\/9355\/revisions"}],"predecessor-version":[{"id":9428,"href":"https:\/\/hotelambient.hu\/en\/wp-json\/wp\/v2\/pages\/9355\/revisions\/9428"}],"up":[{"embeddable":true,"href":"https:\/\/hotelambient.hu\/en\/wp-json\/wp\/v2\/pages\/274"}],"wp:featuredmedia":[{"embeddable":true,"href":"https:\/\/hotelambient.hu\/en\/wp-json\/wp\/v2\/media\/9341"}],"wp:attachment":[{"href":"https:\/\/hotelambient.hu\/en\/wp-json\/wp\/v2\/media?parent=9355"}],"curies":[{"name":"wp","href":"https:\/\/api.w.org\/{rel}","templated":true}]}}