{"id":5699,"date":"2024-11-06T18:00:01","date_gmt":"2024-11-06T17:00:01","guid":{"rendered":"https:\/\/hotelambient.hu\/?page_id=5699"},"modified":"2026-03-09T13:01:03","modified_gmt":"2026-03-09T12:01:03","slug":"senior-pihenes-az-ambientben","status":"publish","type":"page","link":"https:\/\/hotelambient.hu\/hu\/ajanlataink\/senior-pihenes-az-ambientben\/","title":{"rendered":"Senior pihen\u00e9s az Ambientben"},"content":{"rendered":"\t\t<div data-elementor-type=\"wp-page\" data-elementor-id=\"5699\" class=\"elementor elementor-5699\" data-elementor-post-type=\"page\">\n\t\t\t\t<div class=\"elementor-element elementor-element-24a4abf e-con-full e-flex e-con e-parent\" data-id=\"24a4abf\" data-element_type=\"container\" data-e-type=\"container\">\n\t\t\t\t<div class=\"elementor-element elementor-element-671a8c9 elementor-widget-tablet_extra__width-initial elementor-widget elementor-widget-image\" data-id=\"671a8c9\" data-element_type=\"widget\" data-e-type=\"widget\" data-widget_type=\"image.default\">\n\t\t\t\t<div class=\"elementor-widget-container\">\n\t\t\t\t\t\t\t\t\t\t\t\t\t\t\t<img fetchpriority=\"high\" decoding=\"async\" width=\"800\" height=\"800\" src=\"https:\/\/hotelambient.hu\/wp-content\/uploads\/2024\/11\/senior-csomag-1024x1024.jpg\" class=\"attachment-large size-large wp-image-5690\" alt=\"\" srcset=\"https:\/\/hotelambient.hu\/wp-content\/uploads\/2024\/11\/senior-csomag-1024x1024.jpg 1024w, https:\/\/hotelambient.hu\/wp-content\/uploads\/2024\/11\/senior-csomag-300x300.jpg 300w, https:\/\/hotelambient.hu\/wp-content\/uploads\/2024\/11\/senior-csomag-150x150.jpg 150w, https:\/\/hotelambient.hu\/wp-content\/uploads\/2024\/11\/senior-csomag-768x768.jpg 768w, https:\/\/hotelambient.hu\/wp-content\/uploads\/2024\/11\/senior-csomag-12x12.jpg 12w, https:\/\/hotelambient.hu\/wp-content\/uploads\/2024\/11\/senior-csomag.jpg 1200w\" sizes=\"(max-width: 800px) 100vw, 800px\" \/>\t\t\t\t\t\t\t\t\t\t\t\t\t\t\t<\/div>\n\t\t\t\t<\/div>\n\t\t<div class=\"elementor-element elementor-element-31be0cb e-con-full e-flex e-con e-child\" data-id=\"31be0cb\" data-element_type=\"container\" data-e-type=\"container\">\n\t\t\t\t<div class=\"elementor-element elementor-element-e018716 elementor-widget elementor-widget-heading\" data-id=\"e018716\" data-element_type=\"widget\" data-e-type=\"widget\" data-widget_type=\"heading.default\">\n\t\t\t\t<div class=\"elementor-widget-container\">\n\t\t\t\t\t<h2 class=\"elementor-heading-title elementor-size-default\">Senior pihen\u00e9s az Ambientben<\/h2>\t\t\t\t<\/div>\n\t\t\t\t<\/div>\n\t\t\t\t<div class=\"elementor-element elementor-element-2f905ff elementor-widget elementor-widget-text-editor\" data-id=\"2f905ff\" data-element_type=\"widget\" data-e-type=\"widget\" data-widget_type=\"text-editor.default\">\n\t\t\t\t<div class=\"elementor-widget-container\">\n\t\t\t\t\t\t\t\t\t<p><strong>Csendes h\u00e9tk\u00f6znapok kedvezm\u00e9nyesen<\/strong><\/p><p><strong>Minimum 2 \u00e9jszaka<\/strong><\/p><p><strong>\u00c9rv\u00e9nyes: 2026. december 23-ig (csak h\u00e9tk\u00f6znapokon foglalhat\u00f3, \u00a0p\u00e9nteki \u00e9s szombati \u00e9rkez\u00e9s nem lehets\u00e9ges, kiv\u00e9ve kiemelt \u00e9s \u00fcnnepi id\u0151szakok)<\/strong><\/p><p>Kedvezm\u00e9nyes aj\u00e1nlatunk az al\u00e1bbi szolg\u00e1ltat\u00e1sokat tartalmazza:<\/p><ul><li>Sz\u00e1ll\u00e1s a kiv\u00e1lasztott szobat\u00edpusban<\/li><li>B\u0151s\u00e9ges b\u00fcf\u00e9reggeli, hideg \u2013 meleg fog\u00e1sokkal \u00e9s f\u00e9lpanzi\u00f3s vacsora<\/li><li>Thermal SPA haszn\u00e1lata (t\u00e9len 3 belt\u00e9ri medence, ny\u00e1ron tov\u00e1bbi 1 k\u00fclt\u00e9ri medence, gyermek- \u00e9s babamedence, s\u00f3szoba, belt\u00e9ri finn szauna, 2 infraszauna, aromakabin, g\u0151zkabin, k\u00fclt\u00e9ri finn szauna, d\u00e9zsazuhany \u00e9s jacuzzi)<\/li><li>Fitness terem kardi\u00f3 g\u00e9pekkel<\/li><li>J\u00e1t\u00e9kterem (csocs\u00f3, darts, pingpong, X-box)<\/li><li>F\u00fcrd\u0151k\u00f6peny \u00e9s t\u00f6r\u00fclk\u00f6z\u0151 bek\u00e9sz\u00edt\u00e9s<\/li><li>Ingyenes WiFi<\/li><li>Ingyenes parkol\u00e1si lehet\u0151s\u00e9g<\/li><li>\u00c1FA<\/li><\/ul>\t\t\t\t\t\t\t\t<\/div>\n\t\t\t\t<\/div>\n\t\t<div class=\"elementor-element elementor-element-25565e4 e-con-full e-flex e-con e-child\" data-id=\"25565e4\" data-element_type=\"container\" data-e-type=\"container\" data-settings=\"{&quot;background_background&quot;:&quot;classic&quot;}\">\n\t\t\t\t<div class=\"elementor-element elementor-element-07eb6ed elementor-align-center elementor-widget elementor-widget-button\" data-id=\"07eb6ed\" data-element_type=\"widget\" data-e-type=\"widget\" data-widget_type=\"button.default\">\n\t\t\t\t<div class=\"elementor-widget-container\">\n\t\t\t\t\t\t\t\t\t<div class=\"elementor-button-wrapper\">\n\t\t\t\t\t<a class=\"elementor-button elementor-button-link elementor-size-sm\" href=\"https:\/\/hotelambient.hu\/hu\/foglalas\/\">\n\t\t\t\t\t\t<span class=\"elementor-button-content-wrapper\">\n\t\t\t\t\t\t\t\t\t<span class=\"elementor-button-text\">szobafoglal\u00e1s<\/span>\n\t\t\t\t\t<\/span>\n\t\t\t\t\t<\/a>\n\t\t\t\t<\/div>\n\t\t\t\t\t\t\t\t<\/div>\n\t\t\t\t<\/div>\n\t\t\t\t<div class=\"elementor-element elementor-element-9fc5438 elementor-align-left elementor-widget elementor-widget-button\" data-id=\"9fc5438\" data-element_type=\"widget\" data-e-type=\"widget\" data-widget_type=\"button.default\">\n\t\t\t\t<div class=\"elementor-widget-container\">\n\t\t\t\t\t\t\t\t\t<div class=\"elementor-button-wrapper\">\n\t\t\t\t\t<a class=\"elementor-button elementor-button-link elementor-size-sm\" href=\"#elementor-action%3Aaction%3Dpopup%3Aopen%26settings%3DeyJpZCI6IjMwNyIsInRvZ2dsZSI6ZmFsc2V9\">\n\t\t\t\t\t\t<span class=\"elementor-button-content-wrapper\">\n\t\t\t\t\t\t<span class=\"elementor-button-icon\">\n\t\t\t\t<svg xmlns=\"http:\/\/www.w3.org\/2000\/svg\" width=\"16\" height=\"16\" viewBox=\"0 0 16 16\" fill=\"none\"><circle cx=\"8\" cy=\"8\" r=\"6.5\" stroke=\"black\" stroke-opacity=\"0.54\"><\/circle><path d=\"M7 4.93204C7 4.64725 7.09061 4.42071 7.27184 4.25243C7.46602 4.08414 7.71197 4 8.00971 4C8.30744 4 8.54693 4.08414 8.72816 4.25243C8.90939 4.42071 9 4.64725 9 4.93204C9 5.20388 8.90939 5.42395 8.72816 5.59223C8.54693 5.76052 8.30744 5.84466 8.00971 5.84466C7.71197 5.84466 7.46602 5.76052 7.27184 5.59223C7.09061 5.42395 7 5.20388 7 4.93204ZM8.68932 7V12H7.31068V7H8.68932Z\" fill=\"black\" fill-opacity=\"0.54\"><\/path><\/svg>\t\t\t<\/span>\n\t\t\t\t\t\t\t\t\t<span class=\"elementor-button-text\">Foglal\u00e1si felt\u00e9telek<\/span>\n\t\t\t\t\t<\/span>\n\t\t\t\t\t<\/a>\n\t\t\t\t<\/div>\n\t\t\t\t\t\t\t\t<\/div>\n\t\t\t\t<\/div>\n\t\t\t\t<\/div>\n\t\t\t\t<div class=\"elementor-element elementor-element-2928c5c elementor-widget elementor-widget-accordion\" data-id=\"2928c5c\" data-element_type=\"widget\" data-e-type=\"widget\" data-widget_type=\"accordion.default\">\n\t\t\t\t<div class=\"elementor-widget-container\">\n\t\t\t\t\t\t\t<div class=\"elementor-accordion\">\n\t\t\t\t\t\t\t<div class=\"elementor-accordion-item\">\n\t\t\t\t\t<div id=\"elementor-tab-title-4311\" class=\"elementor-tab-title\" data-tab=\"1\" role=\"button\" aria-controls=\"elementor-tab-content-4311\" aria-expanded=\"false\">\n\t\t\t\t\t\t\t\t\t\t\t\t<a class=\"elementor-accordion-title\" tabindex=\"0\">Csomag extra:<\/a>\n\t\t\t\t\t<\/div>\n\t\t\t\t\t<div id=\"elementor-tab-content-4311\" class=\"elementor-tab-content elementor-clearfix\" data-tab=\"1\" role=\"region\" aria-labelledby=\"elementor-tab-title-4311\"><ul><li><strong><i>Szem\u00e9lyenk\u00e9nt 1 db k\u00e1v\u00e9\/tea kupon<\/i><\/strong><\/li><li><strong>1 \u00f3ra ingyenes nordic walking bot haszn\u00e1lat<\/strong><\/li><\/ul><\/div>\n\t\t\t\t<\/div>\n\t\t\t\t\t\t\t\t<\/div>\n\t\t\t\t\t\t<\/div>\n\t\t\t\t<\/div>\n\t\t\t\t<div class=\"elementor-element elementor-element-d3c608b elementor-widget elementor-widget-text-editor\" data-id=\"d3c608b\" data-element_type=\"widget\" data-e-type=\"widget\" data-widget_type=\"text-editor.default\">\n\t\t\t\t<div class=\"elementor-widget-container\">\n\t\t\t\t\t\t\t\t\t<p><i>*A senior kedvezm\u00e9ny ig\u00e9nybev\u00e9tel\u00e9nek felt\u00e9tele, legal\u00e1bb 1 f<\/i><i>\u0151<\/i><i>nek a 60.\u00a0<\/i><i>\u00e9<\/i><i>let<\/i><i>\u00e9<\/i><i>v bet<\/i><i>\u00f6<\/i><i>lt<\/i><i>\u00e9<\/i><i>se,\u00a0<\/i><i>\u00e9<\/i><i>s ennek bejelentkez<\/i><i>\u00e9<\/i><i>skori igazol<\/i><i>\u00e1<\/i><i>sa. A kedvezm<\/i><i>\u00e9<\/i><i>ny kiemelt id<\/i><i>\u0151<\/i><i>szakok kiv<\/i><i>\u00e9<\/i><i>tel<\/i><i>\u00e9<\/i><i>vel vas<\/i><i>\u00e1<\/i><i>rnapt<\/i><i>\u00f3<\/i><i>l cs<\/i><i>\u00fc<\/i><i>t<\/i><i>\u00f6<\/i><i>rt<\/i><i>\u00f6<\/i><i>kig foglalhat<\/i><i>\u00f3<\/i><i>. A kalkul<\/i><i>\u00e1<\/i><i>lt\u00a0<\/i><i>\u00e1<\/i><i>r m<\/i><i>\u00e1<\/i><i>r tartalmazza a kedvezm<\/i><i>\u00e9<\/i><i>nyt.<\/i><\/p>\t\t\t\t\t\t\t\t<\/div>\n\t\t\t\t<\/div>\n\t\t\t\t<\/div>\n\t\t\t\t<\/div>\n\t\t\t\t<\/div>\n\t\t","protected":false},"excerpt":{"rendered":"<p>Csendes h\u00e9tk\u00f6znapok kedvezm\u00e9nyesen Minimum 2 \u00e9jszaka \u00c9rv\u00e9nyes: 2026. december 23-ig (csak h\u00e9tk\u00f6znapokon foglalhat\u00f3, \u00a0p\u00e9nteki \u00e9s szombati \u00e9rkez\u00e9s nem lehets\u00e9ges, kiv\u00e9ve kiemelt \u00e9s \u00fcnnepi id\u0151szakok) Kedvezm\u00e9nyes aj\u00e1nlatunk az al\u00e1bbi szolg\u00e1ltat\u00e1sokat tartalmazza: Sz\u00e1ll\u00e1s a kiv\u00e1lasztott szobat\u00edpusban B\u0151s\u00e9ges b\u00fcf\u00e9reggeli, hideg \u2013 meleg fog\u00e1sokkal \u00e9s f\u00e9lpanzi\u00f3s vacsora Thermal SPA haszn\u00e1lata (t\u00e9len 3 belt\u00e9ri medence, ny\u00e1ron tov\u00e1bbi 1 k\u00fclt\u00e9ri medence, [&hellip;]<\/p>\n","protected":false},"author":4,"featured_media":5690,"parent":274,"menu_order":0,"comment_status":"closed","ping_status":"closed","template":"","meta":{"footnotes":""},"class_list":["post-5699","page","type-page","status-publish","has-post-thumbnail","hentry"],"yoast_head":"<!-- This site is optimized with the Yoast SEO plugin v27.2 - https:\/\/yoast.com\/product\/yoast-seo-wordpress\/ -->\n<title>Senior pihen\u00e9s az Ambientben - Hotel Ambient<\/title>\n<meta name=\"description\" content=\"60 \u00e9v feletti vend\u00e9geinknek h\u00e9tk\u00f6znapi kedvezm\u00e9nnyel kedvesked\u00fcnk - \u00e9lvezze term\u00e1lviz\u00fcnk j\u00f3t\u00e9kony hat\u00e1s\u00e1t, wellness r\u00e9szleg\u00fcnk nyugalm\u00e1t valamint a b\u0151s\u00e9ges, finom \u00e9teleket. Sz\u00e1llod\u00e1nk Sikond\u00e1n, a Mecsek v\u00f6lgy\u00e9ben, z\u00f6ldell\u0151 dombok k\u00f6z\u00f6tt, csendes k\u00f6rnyezetben b\u00fajik meg, mind\u00f6ssze 18 km-re P\u00e9cst\u0151l, t\u00f6k\u00e9letes hely a pihentet\u0151 napokra. Foglaljon most \u00e9s t\u00f6lt\u0151dj\u00f6n fel testben \u00e9s l\u00e9lekben. Az aj\u00e1nlat csak h\u00e9tk\u00f6znapokon \u00e9rv\u00e9nyes, minimum 2 \u00e9jszaka foglal\u00e1sa eset\u00e9n. A senior kedvezm\u00e9ny ig\u00e9nybev\u00e9tel\u00e9nek felt\u00e9tele, legal\u00e1bb 1 f\u0151nek a 60. \u00e9let\u00e9v bet\u00f6lt\u00e9se, \u00e9s ennek bejelentkez\u00e9skori igazol\u00e1sa. A kedvezm\u00e9ny kiemelt id\u0151szakok kiv\u00e9tel\u00e9vel vas\u00e1rnapt\u00f3l cs\u00fct\u00f6rt\u00f6kig foglalhat\u00f3.\" \/>\n<meta name=\"robots\" content=\"index, follow, max-snippet:-1, max-image-preview:large, max-video-preview:-1\" \/>\n<link rel=\"canonical\" href=\"https:\/\/hotelambient.hu\/hu\/ajanlataink\/senior-pihenes-az-ambientben\/\" \/>\n<meta property=\"og:locale\" content=\"hu_HU\" \/>\n<meta property=\"og:type\" content=\"article\" \/>\n<meta property=\"og:title\" content=\"Senior pihen\u00e9s az Ambientben - Hotel Ambient\" \/>\n<meta property=\"og:description\" content=\"60 \u00e9v feletti vend\u00e9geinknek h\u00e9tk\u00f6znapi kedvezm\u00e9nnyel kedvesked\u00fcnk - \u00e9lvezze term\u00e1lviz\u00fcnk j\u00f3t\u00e9kony hat\u00e1s\u00e1t, wellness r\u00e9szleg\u00fcnk nyugalm\u00e1t valamint a b\u0151s\u00e9ges, finom \u00e9teleket. Sz\u00e1llod\u00e1nk Sikond\u00e1n, a Mecsek v\u00f6lgy\u00e9ben, z\u00f6ldell\u0151 dombok k\u00f6z\u00f6tt, csendes k\u00f6rnyezetben b\u00fajik meg, mind\u00f6ssze 18 km-re P\u00e9cst\u0151l, t\u00f6k\u00e9letes hely a pihentet\u0151 napokra. Foglaljon most \u00e9s t\u00f6lt\u0151dj\u00f6n fel testben \u00e9s l\u00e9lekben. Az aj\u00e1nlat csak h\u00e9tk\u00f6znapokon \u00e9rv\u00e9nyes, minimum 2 \u00e9jszaka foglal\u00e1sa eset\u00e9n. A senior kedvezm\u00e9ny ig\u00e9nybev\u00e9tel\u00e9nek felt\u00e9tele, legal\u00e1bb 1 f\u0151nek a 60. \u00e9let\u00e9v bet\u00f6lt\u00e9se, \u00e9s ennek bejelentkez\u00e9skori igazol\u00e1sa. A kedvezm\u00e9ny kiemelt id\u0151szakok kiv\u00e9tel\u00e9vel vas\u00e1rnapt\u00f3l cs\u00fct\u00f6rt\u00f6kig foglalhat\u00f3.\" \/>\n<meta property=\"og:url\" content=\"https:\/\/hotelambient.hu\/hu\/ajanlataink\/senior-pihenes-az-ambientben\/\" \/>\n<meta property=\"og:site_name\" content=\"Hotel Ambient\" \/>\n<meta property=\"article:modified_time\" content=\"2026-03-09T12:01:03+00:00\" \/>\n<meta property=\"og:image\" content=\"https:\/\/hotelambient.hu\/wp-content\/uploads\/2024\/11\/senior-csomag.jpg\" \/>\n\t<meta property=\"og:image:width\" content=\"1200\" \/>\n\t<meta property=\"og:image:height\" content=\"1200\" \/>\n\t<meta property=\"og:image:type\" content=\"image\/jpeg\" \/>\n<meta name=\"twitter:card\" content=\"summary_large_image\" \/>\n<meta name=\"twitter:label1\" content=\"Becs\u00fclt olvas\u00e1si id\u0151\" \/>\n\t<meta name=\"twitter:data1\" content=\"2 perc\" \/>\n<script type=\"application\/ld+json\" class=\"yoast-schema-graph\">{\"@context\":\"https:\/\/schema.org\",\"@graph\":[{\"@type\":\"WebPage\",\"@id\":\"https:\/\/hotelambient.hu\/ajanlataink\/senior-pihenes-az-ambientben\/\",\"url\":\"https:\/\/hotelambient.hu\/ajanlataink\/senior-pihenes-az-ambientben\/\",\"name\":\"Senior pihen\u00e9s az Ambientben - Hotel Ambient\",\"isPartOf\":{\"@id\":\"https:\/\/hotelambient.hu\/en\/#website\"},\"primaryImageOfPage\":{\"@id\":\"https:\/\/hotelambient.hu\/ajanlataink\/senior-pihenes-az-ambientben\/#primaryimage\"},\"image\":{\"@id\":\"https:\/\/hotelambient.hu\/ajanlataink\/senior-pihenes-az-ambientben\/#primaryimage\"},\"thumbnailUrl\":\"https:\/\/hotelambient.hu\/wp-content\/uploads\/2024\/11\/senior-csomag.jpg\",\"datePublished\":\"2024-11-06T17:00:01+00:00\",\"dateModified\":\"2026-03-09T12:01:03+00:00\",\"description\":\"60 \u00e9v feletti vend\u00e9geinknek h\u00e9tk\u00f6znapi kedvezm\u00e9nnyel kedvesked\u00fcnk - \u00e9lvezze term\u00e1lviz\u00fcnk j\u00f3t\u00e9kony hat\u00e1s\u00e1t, wellness r\u00e9szleg\u00fcnk nyugalm\u00e1t valamint a b\u0151s\u00e9ges, finom \u00e9teleket. Sz\u00e1llod\u00e1nk Sikond\u00e1n, a Mecsek v\u00f6lgy\u00e9ben, z\u00f6ldell\u0151 dombok k\u00f6z\u00f6tt, csendes k\u00f6rnyezetben b\u00fajik meg, mind\u00f6ssze 18 km-re P\u00e9cst\u0151l, t\u00f6k\u00e9letes hely a pihentet\u0151 napokra. Foglaljon most \u00e9s t\u00f6lt\u0151dj\u00f6n fel testben \u00e9s l\u00e9lekben. Az aj\u00e1nlat csak h\u00e9tk\u00f6znapokon \u00e9rv\u00e9nyes, minimum 2 \u00e9jszaka foglal\u00e1sa eset\u00e9n. A senior kedvezm\u00e9ny ig\u00e9nybev\u00e9tel\u00e9nek felt\u00e9tele, legal\u00e1bb 1 f\u0151nek a 60. \u00e9let\u00e9v bet\u00f6lt\u00e9se, \u00e9s ennek bejelentkez\u00e9skori igazol\u00e1sa. A kedvezm\u00e9ny kiemelt id\u0151szakok kiv\u00e9tel\u00e9vel vas\u00e1rnapt\u00f3l cs\u00fct\u00f6rt\u00f6kig foglalhat\u00f3.\",\"breadcrumb\":{\"@id\":\"https:\/\/hotelambient.hu\/ajanlataink\/senior-pihenes-az-ambientben\/#breadcrumb\"},\"inLanguage\":\"hu\",\"potentialAction\":[{\"@type\":\"ReadAction\",\"target\":[\"https:\/\/hotelambient.hu\/ajanlataink\/senior-pihenes-az-ambientben\/\"]}]},{\"@type\":\"ImageObject\",\"inLanguage\":\"hu\",\"@id\":\"https:\/\/hotelambient.hu\/ajanlataink\/senior-pihenes-az-ambientben\/#primaryimage\",\"url\":\"https:\/\/hotelambient.hu\/wp-content\/uploads\/2024\/11\/senior-csomag.jpg\",\"contentUrl\":\"https:\/\/hotelambient.hu\/wp-content\/uploads\/2024\/11\/senior-csomag.jpg\",\"width\":1200,\"height\":1200},{\"@type\":\"BreadcrumbList\",\"@id\":\"https:\/\/hotelambient.hu\/ajanlataink\/senior-pihenes-az-ambientben\/#breadcrumb\",\"itemListElement\":[{\"@type\":\"ListItem\",\"position\":1,\"name\":\"Kezd\u0151lap\",\"item\":\"https:\/\/hotelambient.hu\/hu\/\"},{\"@type\":\"ListItem\",\"position\":2,\"name\":\"Aj\u00e1nlataink\",\"item\":\"https:\/\/hotelambient.hu\/ajanlataink\/\"},{\"@type\":\"ListItem\",\"position\":3,\"name\":\"Senior pihen\u00e9s az Ambientben\"}]},{\"@type\":\"WebSite\",\"@id\":\"https:\/\/hotelambient.hu\/en\/#website\",\"url\":\"https:\/\/hotelambient.hu\/en\/\",\"name\":\"Hotel Ambient\",\"description\":\"Hotel Ambient\",\"publisher\":{\"@id\":\"https:\/\/hotelambient.hu\/en\/#organization\"},\"potentialAction\":[{\"@type\":\"SearchAction\",\"target\":{\"@type\":\"EntryPoint\",\"urlTemplate\":\"https:\/\/hotelambient.hu\/en\/?s={search_term_string}\"},\"query-input\":{\"@type\":\"PropertyValueSpecification\",\"valueRequired\":true,\"valueName\":\"search_term_string\"}}],\"inLanguage\":\"hu\"},{\"@type\":\"Organization\",\"@id\":\"https:\/\/hotelambient.hu\/en\/#organization\",\"name\":\"Hotel Ambient\",\"url\":\"https:\/\/hotelambient.hu\/en\/\",\"logo\":{\"@type\":\"ImageObject\",\"inLanguage\":\"hu\",\"@id\":\"https:\/\/hotelambient.hu\/en\/#\/schema\/logo\/image\/\",\"url\":\"https:\/\/hotelambient.hu\/wp-content\/uploads\/2023\/06\/cropped-Ambient_logo_fekete_transparent_bg.webp\",\"contentUrl\":\"https:\/\/hotelambient.hu\/wp-content\/uploads\/2023\/06\/cropped-Ambient_logo_fekete_transparent_bg.webp\",\"width\":512,\"height\":512,\"caption\":\"Hotel Ambient\"},\"image\":{\"@id\":\"https:\/\/hotelambient.hu\/en\/#\/schema\/logo\/image\/\"}}]}<\/script>\n<!-- \/ Yoast SEO plugin. -->","yoast_head_json":{"title":"Senior pihen\u00e9s az Ambientben - Hotel Ambient","description":"60 \u00e9v feletti vend\u00e9geinknek h\u00e9tk\u00f6znapi kedvezm\u00e9nnyel kedvesked\u00fcnk - \u00e9lvezze term\u00e1lviz\u00fcnk j\u00f3t\u00e9kony hat\u00e1s\u00e1t, wellness r\u00e9szleg\u00fcnk nyugalm\u00e1t valamint a b\u0151s\u00e9ges, finom \u00e9teleket. Sz\u00e1llod\u00e1nk Sikond\u00e1n, a Mecsek v\u00f6lgy\u00e9ben, z\u00f6ldell\u0151 dombok k\u00f6z\u00f6tt, csendes k\u00f6rnyezetben b\u00fajik meg, mind\u00f6ssze 18 km-re P\u00e9cst\u0151l, t\u00f6k\u00e9letes hely a pihentet\u0151 napokra. Foglaljon most \u00e9s t\u00f6lt\u0151dj\u00f6n fel testben \u00e9s l\u00e9lekben. Az aj\u00e1nlat csak h\u00e9tk\u00f6znapokon \u00e9rv\u00e9nyes, minimum 2 \u00e9jszaka foglal\u00e1sa eset\u00e9n. A senior kedvezm\u00e9ny ig\u00e9nybev\u00e9tel\u00e9nek felt\u00e9tele, legal\u00e1bb 1 f\u0151nek a 60. \u00e9let\u00e9v bet\u00f6lt\u00e9se, \u00e9s ennek bejelentkez\u00e9skori igazol\u00e1sa. A kedvezm\u00e9ny kiemelt id\u0151szakok kiv\u00e9tel\u00e9vel vas\u00e1rnapt\u00f3l cs\u00fct\u00f6rt\u00f6kig foglalhat\u00f3.","robots":{"index":"index","follow":"follow","max-snippet":"max-snippet:-1","max-image-preview":"max-image-preview:large","max-video-preview":"max-video-preview:-1"},"canonical":"https:\/\/hotelambient.hu\/hu\/ajanlataink\/senior-pihenes-az-ambientben\/","og_locale":"hu_HU","og_type":"article","og_title":"Senior pihen\u00e9s az Ambientben - Hotel Ambient","og_description":"60 \u00e9v feletti vend\u00e9geinknek h\u00e9tk\u00f6znapi kedvezm\u00e9nnyel kedvesked\u00fcnk - \u00e9lvezze term\u00e1lviz\u00fcnk j\u00f3t\u00e9kony hat\u00e1s\u00e1t, wellness r\u00e9szleg\u00fcnk nyugalm\u00e1t valamint a b\u0151s\u00e9ges, finom \u00e9teleket. Sz\u00e1llod\u00e1nk Sikond\u00e1n, a Mecsek v\u00f6lgy\u00e9ben, z\u00f6ldell\u0151 dombok k\u00f6z\u00f6tt, csendes k\u00f6rnyezetben b\u00fajik meg, mind\u00f6ssze 18 km-re P\u00e9cst\u0151l, t\u00f6k\u00e9letes hely a pihentet\u0151 napokra. Foglaljon most \u00e9s t\u00f6lt\u0151dj\u00f6n fel testben \u00e9s l\u00e9lekben. Az aj\u00e1nlat csak h\u00e9tk\u00f6znapokon \u00e9rv\u00e9nyes, minimum 2 \u00e9jszaka foglal\u00e1sa eset\u00e9n. A senior kedvezm\u00e9ny ig\u00e9nybev\u00e9tel\u00e9nek felt\u00e9tele, legal\u00e1bb 1 f\u0151nek a 60. \u00e9let\u00e9v bet\u00f6lt\u00e9se, \u00e9s ennek bejelentkez\u00e9skori igazol\u00e1sa. A kedvezm\u00e9ny kiemelt id\u0151szakok kiv\u00e9tel\u00e9vel vas\u00e1rnapt\u00f3l cs\u00fct\u00f6rt\u00f6kig foglalhat\u00f3.","og_url":"https:\/\/hotelambient.hu\/hu\/ajanlataink\/senior-pihenes-az-ambientben\/","og_site_name":"Hotel Ambient","article_modified_time":"2026-03-09T12:01:03+00:00","og_image":[{"width":1200,"height":1200,"url":"https:\/\/hotelambient.hu\/wp-content\/uploads\/2024\/11\/senior-csomag.jpg","type":"image\/jpeg"}],"twitter_card":"summary_large_image","twitter_misc":{"Becs\u00fclt olvas\u00e1si id\u0151":"2 perc"},"schema":{"@context":"https:\/\/schema.org","@graph":[{"@type":"WebPage","@id":"https:\/\/hotelambient.hu\/ajanlataink\/senior-pihenes-az-ambientben\/","url":"https:\/\/hotelambient.hu\/ajanlataink\/senior-pihenes-az-ambientben\/","name":"Senior pihen\u00e9s az Ambientben - Hotel Ambient","isPartOf":{"@id":"https:\/\/hotelambient.hu\/en\/#website"},"primaryImageOfPage":{"@id":"https:\/\/hotelambient.hu\/ajanlataink\/senior-pihenes-az-ambientben\/#primaryimage"},"image":{"@id":"https:\/\/hotelambient.hu\/ajanlataink\/senior-pihenes-az-ambientben\/#primaryimage"},"thumbnailUrl":"https:\/\/hotelambient.hu\/wp-content\/uploads\/2024\/11\/senior-csomag.jpg","datePublished":"2024-11-06T17:00:01+00:00","dateModified":"2026-03-09T12:01:03+00:00","description":"60 \u00e9v feletti vend\u00e9geinknek h\u00e9tk\u00f6znapi kedvezm\u00e9nnyel kedvesked\u00fcnk - \u00e9lvezze term\u00e1lviz\u00fcnk j\u00f3t\u00e9kony hat\u00e1s\u00e1t, wellness r\u00e9szleg\u00fcnk nyugalm\u00e1t valamint a b\u0151s\u00e9ges, finom \u00e9teleket. Sz\u00e1llod\u00e1nk Sikond\u00e1n, a Mecsek v\u00f6lgy\u00e9ben, z\u00f6ldell\u0151 dombok k\u00f6z\u00f6tt, csendes k\u00f6rnyezetben b\u00fajik meg, mind\u00f6ssze 18 km-re P\u00e9cst\u0151l, t\u00f6k\u00e9letes hely a pihentet\u0151 napokra. Foglaljon most \u00e9s t\u00f6lt\u0151dj\u00f6n fel testben \u00e9s l\u00e9lekben. Az aj\u00e1nlat csak h\u00e9tk\u00f6znapokon \u00e9rv\u00e9nyes, minimum 2 \u00e9jszaka foglal\u00e1sa eset\u00e9n. A senior kedvezm\u00e9ny ig\u00e9nybev\u00e9tel\u00e9nek felt\u00e9tele, legal\u00e1bb 1 f\u0151nek a 60. \u00e9let\u00e9v bet\u00f6lt\u00e9se, \u00e9s ennek bejelentkez\u00e9skori igazol\u00e1sa. A kedvezm\u00e9ny kiemelt id\u0151szakok kiv\u00e9tel\u00e9vel vas\u00e1rnapt\u00f3l cs\u00fct\u00f6rt\u00f6kig foglalhat\u00f3.","breadcrumb":{"@id":"https:\/\/hotelambient.hu\/ajanlataink\/senior-pihenes-az-ambientben\/#breadcrumb"},"inLanguage":"hu","potentialAction":[{"@type":"ReadAction","target":["https:\/\/hotelambient.hu\/ajanlataink\/senior-pihenes-az-ambientben\/"]}]},{"@type":"ImageObject","inLanguage":"hu","@id":"https:\/\/hotelambient.hu\/ajanlataink\/senior-pihenes-az-ambientben\/#primaryimage","url":"https:\/\/hotelambient.hu\/wp-content\/uploads\/2024\/11\/senior-csomag.jpg","contentUrl":"https:\/\/hotelambient.hu\/wp-content\/uploads\/2024\/11\/senior-csomag.jpg","width":1200,"height":1200},{"@type":"BreadcrumbList","@id":"https:\/\/hotelambient.hu\/ajanlataink\/senior-pihenes-az-ambientben\/#breadcrumb","itemListElement":[{"@type":"ListItem","position":1,"name":"Kezd\u0151lap","item":"https:\/\/hotelambient.hu\/hu\/"},{"@type":"ListItem","position":2,"name":"Aj\u00e1nlataink","item":"https:\/\/hotelambient.hu\/ajanlataink\/"},{"@type":"ListItem","position":3,"name":"Senior pihen\u00e9s az Ambientben"}]},{"@type":"WebSite","@id":"https:\/\/hotelambient.hu\/en\/#website","url":"https:\/\/hotelambient.hu\/en\/","name":"Hotel Ambient","description":"Hotel Ambient","publisher":{"@id":"https:\/\/hotelambient.hu\/en\/#organization"},"potentialAction":[{"@type":"SearchAction","target":{"@type":"EntryPoint","urlTemplate":"https:\/\/hotelambient.hu\/en\/?s={search_term_string}"},"query-input":{"@type":"PropertyValueSpecification","valueRequired":true,"valueName":"search_term_string"}}],"inLanguage":"hu"},{"@type":"Organization","@id":"https:\/\/hotelambient.hu\/en\/#organization","name":"Hotel Ambient","url":"https:\/\/hotelambient.hu\/en\/","logo":{"@type":"ImageObject","inLanguage":"hu","@id":"https:\/\/hotelambient.hu\/en\/#\/schema\/logo\/image\/","url":"https:\/\/hotelambient.hu\/wp-content\/uploads\/2023\/06\/cropped-Ambient_logo_fekete_transparent_bg.webp","contentUrl":"https:\/\/hotelambient.hu\/wp-content\/uploads\/2023\/06\/cropped-Ambient_logo_fekete_transparent_bg.webp","width":512,"height":512,"caption":"Hotel Ambient"},"image":{"@id":"https:\/\/hotelambient.hu\/en\/#\/schema\/logo\/image\/"}}]}},"_links":{"self":[{"href":"https:\/\/hotelambient.hu\/hu\/wp-json\/wp\/v2\/pages\/5699","targetHints":{"allow":["GET"]}}],"collection":[{"href":"https:\/\/hotelambient.hu\/hu\/wp-json\/wp\/v2\/pages"}],"about":[{"href":"https:\/\/hotelambient.hu\/hu\/wp-json\/wp\/v2\/types\/page"}],"author":[{"embeddable":true,"href":"https:\/\/hotelambient.hu\/hu\/wp-json\/wp\/v2\/users\/4"}],"replies":[{"embeddable":true,"href":"https:\/\/hotelambient.hu\/hu\/wp-json\/wp\/v2\/comments?post=5699"}],"version-history":[{"count":31,"href":"https:\/\/hotelambient.hu\/hu\/wp-json\/wp\/v2\/pages\/5699\/revisions"}],"predecessor-version":[{"id":9189,"href":"https:\/\/hotelambient.hu\/hu\/wp-json\/wp\/v2\/pages\/5699\/revisions\/9189"}],"up":[{"embeddable":true,"href":"https:\/\/hotelambient.hu\/hu\/wp-json\/wp\/v2\/pages\/274"}],"wp:featuredmedia":[{"embeddable":true,"href":"https:\/\/hotelambient.hu\/hu\/wp-json\/wp\/v2\/media\/5690"}],"wp:attachment":[{"href":"https:\/\/hotelambient.hu\/hu\/wp-json\/wp\/v2\/media?parent=5699"}],"curies":[{"name":"wp","href":"https:\/\/api.w.org\/{rel}","templated":true}]}}