{"id":6605,"date":"2025-01-20T17:58:06","date_gmt":"2025-01-20T16:58:06","guid":{"rendered":"https:\/\/hotelambient.hu\/?page_id=6605"},"modified":"2026-02-13T15:05:43","modified_gmt":"2026-02-13T14:05:43","slug":"marcius-15-hetvege","status":"publish","type":"page","link":"https:\/\/hotelambient.hu\/hu\/ajanlataink\/marcius-15-hetvege\/","title":{"rendered":"M\u00e1rcius 15-i h\u00e9tv\u00e9ge"},"content":{"rendered":"\t\t<div data-elementor-type=\"wp-page\" data-elementor-id=\"6605\" class=\"elementor elementor-6605\" data-elementor-post-type=\"page\">\n\t\t\t\t<div class=\"elementor-element elementor-element-24a4abf e-con-full e-flex e-con e-parent\" data-id=\"24a4abf\" data-element_type=\"container\" data-e-type=\"container\">\n\t\t<div class=\"elementor-element elementor-element-0baca78 e-con-full e-flex e-con e-child\" data-id=\"0baca78\" data-element_type=\"container\" data-e-type=\"container\" data-settings=\"{&quot;background_background&quot;:&quot;classic&quot;}\">\n\t\t\t\t<div class=\"elementor-element elementor-element-671a8c9 elementor-widget elementor-widget-image\" data-id=\"671a8c9\" data-element_type=\"widget\" data-e-type=\"widget\" data-widget_type=\"image.default\">\n\t\t\t\t<div class=\"elementor-widget-container\">\n\t\t\t\t\t\t\t\t\t\t\t\t\t\t\t<img fetchpriority=\"high\" decoding=\"async\" width=\"483\" height=\"483\" src=\"https:\/\/hotelambient.hu\/wp-content\/uploads\/2025\/01\/marcisu15.jpg\" class=\"attachment-large size-large wp-image-6577\" alt=\"\" srcset=\"https:\/\/hotelambient.hu\/wp-content\/uploads\/2025\/01\/marcisu15.jpg 483w, https:\/\/hotelambient.hu\/wp-content\/uploads\/2025\/01\/marcisu15-300x300.jpg 300w, https:\/\/hotelambient.hu\/wp-content\/uploads\/2025\/01\/marcisu15-150x150.jpg 150w, https:\/\/hotelambient.hu\/wp-content\/uploads\/2025\/01\/marcisu15-12x12.jpg 12w, https:\/\/hotelambient.hu\/wp-content\/uploads\/2025\/01\/marcisu15-400x400.jpg 400w\" sizes=\"(max-width: 483px) 100vw, 483px\" \/>\t\t\t\t\t\t\t\t\t\t\t\t\t\t\t<\/div>\n\t\t\t\t<\/div>\n\t\t\t\t<\/div>\n\t\t<div class=\"elementor-element elementor-element-31be0cb e-con-full e-flex e-con e-child\" data-id=\"31be0cb\" data-element_type=\"container\" data-e-type=\"container\">\n\t\t\t\t<div class=\"elementor-element elementor-element-e018716 elementor-widget elementor-widget-heading\" data-id=\"e018716\" data-element_type=\"widget\" data-e-type=\"widget\" data-widget_type=\"heading.default\">\n\t\t\t\t<div class=\"elementor-widget-container\">\n\t\t\t\t\t<h2 class=\"elementor-heading-title elementor-size-default\">M\u00e1rcius 15-i h\u00e9tv\u00e9ge<\/h2>\t\t\t\t<\/div>\n\t\t\t\t<\/div>\n\t\t\t\t<div class=\"elementor-element elementor-element-2f905ff elementor-widget elementor-widget-text-editor\" data-id=\"2f905ff\" data-element_type=\"widget\" data-e-type=\"widget\" data-widget_type=\"text-editor.default\">\n\t\t\t\t<div class=\"elementor-widget-container\">\n\t\t\t\t\t\t\t\t\t<p><strong>\u00c9rv\u00e9nyes: 2026.m\u00e1rcius 13-t\u00f3l 15-ig<\/strong><\/p><p><strong>Minimum 2 \u00e9j, 10% kedvezm\u00e9nnyel<\/strong><\/p><p data-start=\"78\" data-end=\"558\" data-is-last-node=\"\" data-is-only-node=\"\">T\u00f6ltsd a nemzeti \u00fcnnepet pihen\u00e9ssel \u00e9s \u00e9lm\u00e9nyekkel a Mecsekben! A b\u0151s\u00e9ges f\u00e9lpanzi\u00f3s ell\u00e1t\u00e1s \u00e9s a Thermal SPA teljes \u00e9lm\u00e9nyvil\u00e1ga mellett szombaton k\u00fcl\u00f6nleges programok v\u00e1rnak. A vacsor\u00e1n magyaros \u00edzek ker\u00fclnek a sv\u00e9dasztalra, az est hangulat\u00e1r\u00f3l \u00e9l\u0151 zene gondoskodik, a wellnessben pedig tematikus szaunafel\u00f6nt\u00e9sek seg\u00edtik a felt\u00f6lt\u0151d\u00e9st. A nap f\u00e9nypontja a Zsolnay porcel\u00e1n bemutat\u00f3 \u00e9s interakt\u00edv program, ahol a vil\u00e1gh\u00edr\u0171 magyar m\u00e1rka kreat\u00edv vil\u00e1g\u00e1ba is betekint\u00e9st nyerhetsz.<\/p><p>\u00dcnnepi csomagunk\u00a0az al\u00e1bbi szolg\u00e1ltat\u00e1sokat tartalmazza:<\/p><ul><li>Sz\u00e1ll\u00e1s a kiv\u00e1lasztott szobat\u00edpusban<\/li><li>B\u0151s\u00e9ges b\u00fcf\u00e9reggeli, hideg \u2013 meleg fog\u00e1sokkal \u00e9s f\u00e9lpanzi\u00f3s vacsora<\/li><li>Thermal SPA haszn\u00e1lata (t\u00e9len 3 belt\u00e9ri medence, ny\u00e1ron tov\u00e1bbi 1 k\u00fclt\u00e9ri medence, gyermek- \u00e9s babamedence, s\u00f3szoba, belt\u00e9ri finn szauna, 2 infraszauna, aromakabin, g\u0151zkabin, k\u00fclt\u00e9ri finn szauna, d\u00e9zsazuhany \u00e9s jacuzzi)<\/li><li>F\u00fcrd\u0151k\u00f6peny \u00e9s t\u00f6r\u00fclk\u00f6z\u0151 bek\u00e9sz\u00edt\u00e9s<\/li><li>Ingyenes WiFi<\/li><li>Ingyenes parkol\u00e1si lehet\u0151s\u00e9g<\/li><li>\u00c1FA<\/li><\/ul>\t\t\t\t\t\t\t\t<\/div>\n\t\t\t\t<\/div>\n\t\t\t\t<div class=\"elementor-element elementor-element-2928c5c elementor-widget elementor-widget-accordion\" data-id=\"2928c5c\" data-element_type=\"widget\" data-e-type=\"widget\" data-widget_type=\"accordion.default\">\n\t\t\t\t<div class=\"elementor-widget-container\">\n\t\t\t\t\t\t\t<div class=\"elementor-accordion\">\n\t\t\t\t\t\t\t<div class=\"elementor-accordion-item\">\n\t\t\t\t\t<div id=\"elementor-tab-title-4311\" class=\"elementor-tab-title\" data-tab=\"1\" role=\"button\" aria-controls=\"elementor-tab-content-4311\" aria-expanded=\"false\">\n\t\t\t\t\t\t\t\t\t\t\t\t\t<span class=\"elementor-accordion-icon elementor-accordion-icon-left\" aria-hidden=\"true\">\n\t\t\t\t\t\t\t\t\t\t\t\t\t\t\t<span class=\"elementor-accordion-icon-closed\"><svg class=\"e-font-icon-svg e-fas-plus\" viewBox=\"0 0 448 512\" xmlns=\"http:\/\/www.w3.org\/2000\/svg\"><path d=\"M416 208H272V64c0-17.67-14.33-32-32-32h-32c-17.67 0-32 14.33-32 32v144H32c-17.67 0-32 14.33-32 32v32c0 17.67 14.33 32 32 32h144v144c0 17.67 14.33 32 32 32h32c17.67 0 32-14.33 32-32V304h144c17.67 0 32-14.33 32-32v-32c0-17.67-14.33-32-32-32z\"><\/path><\/svg><\/span>\n\t\t\t\t\t\t\t\t<span class=\"elementor-accordion-icon-opened\"><svg class=\"e-font-icon-svg e-fas-minus\" viewBox=\"0 0 448 512\" xmlns=\"http:\/\/www.w3.org\/2000\/svg\"><path d=\"M416 208H32c-17.67 0-32 14.33-32 32v32c0 17.67 14.33 32 32 32h384c17.67 0 32-14.33 32-32v-32c0-17.67-14.33-32-32-32z\"><\/path><\/svg><\/span>\n\t\t\t\t\t\t\t\t\t\t\t\t\t\t<\/span>\n\t\t\t\t\t\t\t\t\t\t\t\t<a class=\"elementor-accordion-title\" tabindex=\"0\">Csomag extra:<\/a>\n\t\t\t\t\t<\/div>\n\t\t\t\t\t<div id=\"elementor-tab-content-4311\" class=\"elementor-tab-content elementor-clearfix\" data-tab=\"1\" role=\"region\" aria-labelledby=\"elementor-tab-title-4311\"><p><b>A h\u00e9tv\u00e9ge programjai:<\/b><br \/><i><\/i><\/p><ul><li><p><strong>\u00cdnycsikland\u00f3 magyar \u00edzek: <\/strong>fedezd fel a tradicion\u00e1lis nemzeti \u00e9teleket vacsor\u00e1nk gazdag sv\u00e9dasztal\u00e1n.<\/p><\/li><li><p><strong>\u00c9l\u0151 zene a szombat est\u00e9hez: <\/strong>hangol\u00f3dj a kellemes dallamokra egy felejthetetlen este sor\u00e1n.<\/p><\/li><li><p><strong>Tematikus szaunafel\u00f6nt\u00e9sek:<\/strong> laz\u00edts \u00e9s \u00e9lvezd a k\u00fcl\u00f6nleges wellness \u00e9lm\u00e9nyeket.<\/p><\/li><li><p><strong>Zsolnay porcel\u00e1n bemutat\u00f3 \u00e9s interakt\u00edv program:<\/strong> ismerd meg a vil\u00e1gh\u00edr\u0171 magyar m\u00e1rk\u00e1t, \u00e9s vegy\u00e9l r\u00e9szt kreat\u00edv \u00e9lm\u00e9nyekben.<\/p><\/li><\/ul><\/div>\n\t\t\t\t<\/div>\n\t\t\t\t\t\t\t\t<\/div>\n\t\t\t\t\t\t<\/div>\n\t\t\t\t<\/div>\n\t\t<div class=\"elementor-element elementor-element-25565e4 e-con-full e-flex e-con e-child\" data-id=\"25565e4\" data-element_type=\"container\" data-e-type=\"container\" data-settings=\"{&quot;background_background&quot;:&quot;classic&quot;}\">\n\t\t\t\t<div class=\"elementor-element elementor-element-07eb6ed elementor-align-center elementor-widget elementor-widget-button\" data-id=\"07eb6ed\" data-element_type=\"widget\" data-e-type=\"widget\" data-widget_type=\"button.default\">\n\t\t\t\t<div class=\"elementor-widget-container\">\n\t\t\t\t\t\t\t\t\t<div class=\"elementor-button-wrapper\">\n\t\t\t\t\t<a class=\"elementor-button elementor-button-link elementor-size-sm\" href=\"https:\/\/hotelambient.hu\/hu\/foglalas\/\">\n\t\t\t\t\t\t<span class=\"elementor-button-content-wrapper\">\n\t\t\t\t\t\t\t\t\t<span class=\"elementor-button-text\">szobafoglal\u00e1s<\/span>\n\t\t\t\t\t<\/span>\n\t\t\t\t\t<\/a>\n\t\t\t\t<\/div>\n\t\t\t\t\t\t\t\t<\/div>\n\t\t\t\t<\/div>\n\t\t\t\t<div class=\"elementor-element elementor-element-9fc5438 elementor-align-left elementor-widget elementor-widget-button\" data-id=\"9fc5438\" data-element_type=\"widget\" data-e-type=\"widget\" data-widget_type=\"button.default\">\n\t\t\t\t<div class=\"elementor-widget-container\">\n\t\t\t\t\t\t\t\t\t<div class=\"elementor-button-wrapper\">\n\t\t\t\t\t<a class=\"elementor-button elementor-button-link elementor-size-sm\" href=\"#elementor-action%3Aaction%3Dpopup%3Aopen%26settings%3DeyJpZCI6IjMwNyIsInRvZ2dsZSI6ZmFsc2V9\">\n\t\t\t\t\t\t<span class=\"elementor-button-content-wrapper\">\n\t\t\t\t\t\t<span class=\"elementor-button-icon\">\n\t\t\t\t<svg xmlns=\"http:\/\/www.w3.org\/2000\/svg\" width=\"16\" height=\"16\" viewBox=\"0 0 16 16\" fill=\"none\"><circle cx=\"8\" cy=\"8\" r=\"6.5\" stroke=\"black\" stroke-opacity=\"0.54\"><\/circle><path d=\"M7 4.93204C7 4.64725 7.09061 4.42071 7.27184 4.25243C7.46602 4.08414 7.71197 4 8.00971 4C8.30744 4 8.54693 4.08414 8.72816 4.25243C8.90939 4.42071 9 4.64725 9 4.93204C9 5.20388 8.90939 5.42395 8.72816 5.59223C8.54693 5.76052 8.30744 5.84466 8.00971 5.84466C7.71197 5.84466 7.46602 5.76052 7.27184 5.59223C7.09061 5.42395 7 5.20388 7 4.93204ZM8.68932 7V12H7.31068V7H8.68932Z\" fill=\"black\" fill-opacity=\"0.54\"><\/path><\/svg>\t\t\t<\/span>\n\t\t\t\t\t\t\t\t\t<span class=\"elementor-button-text\">Foglal\u00e1si felt\u00e9telek<\/span>\n\t\t\t\t\t<\/span>\n\t\t\t\t\t<\/a>\n\t\t\t\t<\/div>\n\t\t\t\t\t\t\t\t<\/div>\n\t\t\t\t<\/div>\n\t\t\t\t<\/div>\n\t\t\t\t<\/div>\n\t\t\t\t<\/div>\n\t\t\t\t<\/div>\n\t\t","protected":false},"excerpt":{"rendered":"<p>\u00c9rv\u00e9nyes: 2026.m\u00e1rcius 13-t\u00f3l 15-ig Minimum 2 \u00e9j, 10% kedvezm\u00e9nnyel T\u00f6ltsd a nemzeti \u00fcnnepet pihen\u00e9ssel \u00e9s \u00e9lm\u00e9nyekkel a Mecsekben! A b\u0151s\u00e9ges f\u00e9lpanzi\u00f3s ell\u00e1t\u00e1s \u00e9s a Thermal SPA teljes \u00e9lm\u00e9nyvil\u00e1ga mellett szombaton k\u00fcl\u00f6nleges programok v\u00e1rnak. A vacsor\u00e1n magyaros \u00edzek ker\u00fclnek a sv\u00e9dasztalra, az est hangulat\u00e1r\u00f3l \u00e9l\u0151 zene gondoskodik, a wellnessben pedig tematikus szaunafel\u00f6nt\u00e9sek seg\u00edtik a felt\u00f6lt\u0151d\u00e9st. A [&hellip;]<\/p>\n","protected":false},"author":8,"featured_media":6577,"parent":274,"menu_order":0,"comment_status":"closed","ping_status":"closed","template":"","meta":{"footnotes":""},"class_list":["post-6605","page","type-page","status-publish","has-post-thumbnail","hentry"],"yoast_head":"<!-- This site is optimized with the Yoast SEO plugin v27.2 - https:\/\/yoast.com\/product\/yoast-seo-wordpress\/ -->\n<title>M\u00e1rcius 15-i h\u00e9tv\u00e9ge - Hotel Ambient<\/title>\n<meta name=\"robots\" content=\"index, follow, max-snippet:-1, max-image-preview:large, max-video-preview:-1\" \/>\n<link rel=\"canonical\" href=\"https:\/\/hotelambient.hu\/hu\/ajanlataink\/marcius-15-hetvege\/\" \/>\n<meta property=\"og:locale\" content=\"hu_HU\" \/>\n<meta property=\"og:type\" content=\"article\" \/>\n<meta property=\"og:title\" content=\"M\u00e1rcius 15-i h\u00e9tv\u00e9ge - Hotel Ambient\" \/>\n<meta property=\"og:description\" content=\"\u00c9rv\u00e9nyes: 2026.m\u00e1rcius 13-t\u00f3l 15-ig Minimum 2 \u00e9j, 10% kedvezm\u00e9nnyel T\u00f6ltsd a nemzeti \u00fcnnepet pihen\u00e9ssel \u00e9s \u00e9lm\u00e9nyekkel a Mecsekben! A b\u0151s\u00e9ges f\u00e9lpanzi\u00f3s ell\u00e1t\u00e1s \u00e9s a Thermal SPA teljes \u00e9lm\u00e9nyvil\u00e1ga mellett szombaton k\u00fcl\u00f6nleges programok v\u00e1rnak. A vacsor\u00e1n magyaros \u00edzek ker\u00fclnek a sv\u00e9dasztalra, az est hangulat\u00e1r\u00f3l \u00e9l\u0151 zene gondoskodik, a wellnessben pedig tematikus szaunafel\u00f6nt\u00e9sek seg\u00edtik a felt\u00f6lt\u0151d\u00e9st. A [&hellip;]\" \/>\n<meta property=\"og:url\" content=\"https:\/\/hotelambient.hu\/hu\/ajanlataink\/marcius-15-hetvege\/\" \/>\n<meta property=\"og:site_name\" content=\"Hotel Ambient\" \/>\n<meta property=\"article:modified_time\" content=\"2026-02-13T14:05:43+00:00\" \/>\n<meta property=\"og:image\" content=\"https:\/\/hotelambient.hu\/wp-content\/uploads\/2025\/01\/marcisu15.jpg\" \/>\n\t<meta property=\"og:image:width\" content=\"483\" \/>\n\t<meta property=\"og:image:height\" content=\"483\" \/>\n\t<meta property=\"og:image:type\" content=\"image\/jpeg\" \/>\n<meta name=\"twitter:card\" content=\"summary_large_image\" \/>\n<meta name=\"twitter:label1\" content=\"Becs\u00fclt olvas\u00e1si id\u0151\" \/>\n\t<meta name=\"twitter:data1\" content=\"2 perc\" \/>\n<script type=\"application\/ld+json\" class=\"yoast-schema-graph\">{\"@context\":\"https:\/\/schema.org\",\"@graph\":[{\"@type\":\"WebPage\",\"@id\":\"https:\/\/hotelambient.hu\/ajanlataink\/marcius-15-hetvege\/\",\"url\":\"https:\/\/hotelambient.hu\/ajanlataink\/marcius-15-hetvege\/\",\"name\":\"M\u00e1rcius 15-i h\u00e9tv\u00e9ge - Hotel Ambient\",\"isPartOf\":{\"@id\":\"https:\/\/hotelambient.hu\/en\/#website\"},\"primaryImageOfPage\":{\"@id\":\"https:\/\/hotelambient.hu\/ajanlataink\/marcius-15-hetvege\/#primaryimage\"},\"image\":{\"@id\":\"https:\/\/hotelambient.hu\/ajanlataink\/marcius-15-hetvege\/#primaryimage\"},\"thumbnailUrl\":\"https:\/\/hotelambient.hu\/wp-content\/uploads\/2025\/01\/marcisu15.jpg\",\"datePublished\":\"2025-01-20T16:58:06+00:00\",\"dateModified\":\"2026-02-13T14:05:43+00:00\",\"breadcrumb\":{\"@id\":\"https:\/\/hotelambient.hu\/ajanlataink\/marcius-15-hetvege\/#breadcrumb\"},\"inLanguage\":\"hu\",\"potentialAction\":[{\"@type\":\"ReadAction\",\"target\":[\"https:\/\/hotelambient.hu\/ajanlataink\/marcius-15-hetvege\/\"]}]},{\"@type\":\"ImageObject\",\"inLanguage\":\"hu\",\"@id\":\"https:\/\/hotelambient.hu\/ajanlataink\/marcius-15-hetvege\/#primaryimage\",\"url\":\"https:\/\/hotelambient.hu\/wp-content\/uploads\/2025\/01\/marcisu15.jpg\",\"contentUrl\":\"https:\/\/hotelambient.hu\/wp-content\/uploads\/2025\/01\/marcisu15.jpg\",\"width\":483,\"height\":483,\"caption\":\"close up tricolor rosette symbol of the hungarian national day 15th of march with snowdrop fair maid flower .\"},{\"@type\":\"BreadcrumbList\",\"@id\":\"https:\/\/hotelambient.hu\/ajanlataink\/marcius-15-hetvege\/#breadcrumb\",\"itemListElement\":[{\"@type\":\"ListItem\",\"position\":1,\"name\":\"Kezd\u0151lap\",\"item\":\"https:\/\/hotelambient.hu\/hu\/\"},{\"@type\":\"ListItem\",\"position\":2,\"name\":\"Aj\u00e1nlataink\",\"item\":\"https:\/\/hotelambient.hu\/ajanlataink\/\"},{\"@type\":\"ListItem\",\"position\":3,\"name\":\"M\u00e1rcius 15-i h\u00e9tv\u00e9ge\"}]},{\"@type\":\"WebSite\",\"@id\":\"https:\/\/hotelambient.hu\/en\/#website\",\"url\":\"https:\/\/hotelambient.hu\/en\/\",\"name\":\"Hotel Ambient\",\"description\":\"Hotel Ambient\",\"publisher\":{\"@id\":\"https:\/\/hotelambient.hu\/en\/#organization\"},\"potentialAction\":[{\"@type\":\"SearchAction\",\"target\":{\"@type\":\"EntryPoint\",\"urlTemplate\":\"https:\/\/hotelambient.hu\/en\/?s={search_term_string}\"},\"query-input\":{\"@type\":\"PropertyValueSpecification\",\"valueRequired\":true,\"valueName\":\"search_term_string\"}}],\"inLanguage\":\"hu\"},{\"@type\":\"Organization\",\"@id\":\"https:\/\/hotelambient.hu\/en\/#organization\",\"name\":\"Hotel Ambient\",\"url\":\"https:\/\/hotelambient.hu\/en\/\",\"logo\":{\"@type\":\"ImageObject\",\"inLanguage\":\"hu\",\"@id\":\"https:\/\/hotelambient.hu\/en\/#\/schema\/logo\/image\/\",\"url\":\"https:\/\/hotelambient.hu\/wp-content\/uploads\/2023\/06\/cropped-Ambient_logo_fekete_transparent_bg.webp\",\"contentUrl\":\"https:\/\/hotelambient.hu\/wp-content\/uploads\/2023\/06\/cropped-Ambient_logo_fekete_transparent_bg.webp\",\"width\":512,\"height\":512,\"caption\":\"Hotel Ambient\"},\"image\":{\"@id\":\"https:\/\/hotelambient.hu\/en\/#\/schema\/logo\/image\/\"}}]}<\/script>\n<!-- \/ Yoast SEO plugin. -->","yoast_head_json":{"title":"M\u00e1rcius 15-i h\u00e9tv\u00e9ge - Hotel Ambient","robots":{"index":"index","follow":"follow","max-snippet":"max-snippet:-1","max-image-preview":"max-image-preview:large","max-video-preview":"max-video-preview:-1"},"canonical":"https:\/\/hotelambient.hu\/hu\/ajanlataink\/marcius-15-hetvege\/","og_locale":"hu_HU","og_type":"article","og_title":"M\u00e1rcius 15-i h\u00e9tv\u00e9ge - Hotel Ambient","og_description":"\u00c9rv\u00e9nyes: 2026.m\u00e1rcius 13-t\u00f3l 15-ig Minimum 2 \u00e9j, 10% kedvezm\u00e9nnyel T\u00f6ltsd a nemzeti \u00fcnnepet pihen\u00e9ssel \u00e9s \u00e9lm\u00e9nyekkel a Mecsekben! A b\u0151s\u00e9ges f\u00e9lpanzi\u00f3s ell\u00e1t\u00e1s \u00e9s a Thermal SPA teljes \u00e9lm\u00e9nyvil\u00e1ga mellett szombaton k\u00fcl\u00f6nleges programok v\u00e1rnak. A vacsor\u00e1n magyaros \u00edzek ker\u00fclnek a sv\u00e9dasztalra, az est hangulat\u00e1r\u00f3l \u00e9l\u0151 zene gondoskodik, a wellnessben pedig tematikus szaunafel\u00f6nt\u00e9sek seg\u00edtik a felt\u00f6lt\u0151d\u00e9st. A [&hellip;]","og_url":"https:\/\/hotelambient.hu\/hu\/ajanlataink\/marcius-15-hetvege\/","og_site_name":"Hotel Ambient","article_modified_time":"2026-02-13T14:05:43+00:00","og_image":[{"width":483,"height":483,"url":"https:\/\/hotelambient.hu\/wp-content\/uploads\/2025\/01\/marcisu15.jpg","type":"image\/jpeg"}],"twitter_card":"summary_large_image","twitter_misc":{"Becs\u00fclt olvas\u00e1si id\u0151":"2 perc"},"schema":{"@context":"https:\/\/schema.org","@graph":[{"@type":"WebPage","@id":"https:\/\/hotelambient.hu\/ajanlataink\/marcius-15-hetvege\/","url":"https:\/\/hotelambient.hu\/ajanlataink\/marcius-15-hetvege\/","name":"M\u00e1rcius 15-i h\u00e9tv\u00e9ge - Hotel Ambient","isPartOf":{"@id":"https:\/\/hotelambient.hu\/en\/#website"},"primaryImageOfPage":{"@id":"https:\/\/hotelambient.hu\/ajanlataink\/marcius-15-hetvege\/#primaryimage"},"image":{"@id":"https:\/\/hotelambient.hu\/ajanlataink\/marcius-15-hetvege\/#primaryimage"},"thumbnailUrl":"https:\/\/hotelambient.hu\/wp-content\/uploads\/2025\/01\/marcisu15.jpg","datePublished":"2025-01-20T16:58:06+00:00","dateModified":"2026-02-13T14:05:43+00:00","breadcrumb":{"@id":"https:\/\/hotelambient.hu\/ajanlataink\/marcius-15-hetvege\/#breadcrumb"},"inLanguage":"hu","potentialAction":[{"@type":"ReadAction","target":["https:\/\/hotelambient.hu\/ajanlataink\/marcius-15-hetvege\/"]}]},{"@type":"ImageObject","inLanguage":"hu","@id":"https:\/\/hotelambient.hu\/ajanlataink\/marcius-15-hetvege\/#primaryimage","url":"https:\/\/hotelambient.hu\/wp-content\/uploads\/2025\/01\/marcisu15.jpg","contentUrl":"https:\/\/hotelambient.hu\/wp-content\/uploads\/2025\/01\/marcisu15.jpg","width":483,"height":483,"caption":"close up tricolor rosette symbol of the hungarian national day 15th of march with snowdrop fair maid flower ."},{"@type":"BreadcrumbList","@id":"https:\/\/hotelambient.hu\/ajanlataink\/marcius-15-hetvege\/#breadcrumb","itemListElement":[{"@type":"ListItem","position":1,"name":"Kezd\u0151lap","item":"https:\/\/hotelambient.hu\/hu\/"},{"@type":"ListItem","position":2,"name":"Aj\u00e1nlataink","item":"https:\/\/hotelambient.hu\/ajanlataink\/"},{"@type":"ListItem","position":3,"name":"M\u00e1rcius 15-i h\u00e9tv\u00e9ge"}]},{"@type":"WebSite","@id":"https:\/\/hotelambient.hu\/en\/#website","url":"https:\/\/hotelambient.hu\/en\/","name":"Hotel Ambient","description":"Hotel Ambient","publisher":{"@id":"https:\/\/hotelambient.hu\/en\/#organization"},"potentialAction":[{"@type":"SearchAction","target":{"@type":"EntryPoint","urlTemplate":"https:\/\/hotelambient.hu\/en\/?s={search_term_string}"},"query-input":{"@type":"PropertyValueSpecification","valueRequired":true,"valueName":"search_term_string"}}],"inLanguage":"hu"},{"@type":"Organization","@id":"https:\/\/hotelambient.hu\/en\/#organization","name":"Hotel Ambient","url":"https:\/\/hotelambient.hu\/en\/","logo":{"@type":"ImageObject","inLanguage":"hu","@id":"https:\/\/hotelambient.hu\/en\/#\/schema\/logo\/image\/","url":"https:\/\/hotelambient.hu\/wp-content\/uploads\/2023\/06\/cropped-Ambient_logo_fekete_transparent_bg.webp","contentUrl":"https:\/\/hotelambient.hu\/wp-content\/uploads\/2023\/06\/cropped-Ambient_logo_fekete_transparent_bg.webp","width":512,"height":512,"caption":"Hotel Ambient"},"image":{"@id":"https:\/\/hotelambient.hu\/en\/#\/schema\/logo\/image\/"}}]}},"_links":{"self":[{"href":"https:\/\/hotelambient.hu\/hu\/wp-json\/wp\/v2\/pages\/6605","targetHints":{"allow":["GET"]}}],"collection":[{"href":"https:\/\/hotelambient.hu\/hu\/wp-json\/wp\/v2\/pages"}],"about":[{"href":"https:\/\/hotelambient.hu\/hu\/wp-json\/wp\/v2\/types\/page"}],"author":[{"embeddable":true,"href":"https:\/\/hotelambient.hu\/hu\/wp-json\/wp\/v2\/users\/8"}],"replies":[{"embeddable":true,"href":"https:\/\/hotelambient.hu\/hu\/wp-json\/wp\/v2\/comments?post=6605"}],"version-history":[{"count":17,"href":"https:\/\/hotelambient.hu\/hu\/wp-json\/wp\/v2\/pages\/6605\/revisions"}],"predecessor-version":[{"id":9380,"href":"https:\/\/hotelambient.hu\/hu\/wp-json\/wp\/v2\/pages\/6605\/revisions\/9380"}],"up":[{"embeddable":true,"href":"https:\/\/hotelambient.hu\/hu\/wp-json\/wp\/v2\/pages\/274"}],"wp:featuredmedia":[{"embeddable":true,"href":"https:\/\/hotelambient.hu\/hu\/wp-json\/wp\/v2\/media\/6577"}],"wp:attachment":[{"href":"https:\/\/hotelambient.hu\/hu\/wp-json\/wp\/v2\/media?parent=6605"}],"curies":[{"name":"wp","href":"https:\/\/api.w.org\/{rel}","templated":true}]}}