{"id":6623,"date":"2025-01-20T18:31:55","date_gmt":"2025-01-20T17:31:55","guid":{"rendered":"https:\/\/hotelambient.hu\/?page_id=6623"},"modified":"2026-02-10T13:49:18","modified_gmt":"2026-02-10T12:49:18","slug":"husveti-unnepek-az-ambientben","status":"publish","type":"page","link":"https:\/\/hotelambient.hu\/hu\/ajanlataink\/husveti-unnepek-az-ambientben\/","title":{"rendered":"H\u00fasv\u00e9ti \u00fcnnepek az Ambientben"},"content":{"rendered":"\t\t<div data-elementor-type=\"wp-page\" data-elementor-id=\"6623\" class=\"elementor elementor-6623\" data-elementor-post-type=\"page\">\n\t\t\t\t<div class=\"elementor-element elementor-element-24a4abf e-con-full e-flex e-con e-parent\" data-id=\"24a4abf\" data-element_type=\"container\" data-e-type=\"container\">\n\t\t<div class=\"elementor-element elementor-element-0baca78 e-con-full e-flex e-con e-child\" data-id=\"0baca78\" data-element_type=\"container\" data-e-type=\"container\" data-settings=\"{&quot;background_background&quot;:&quot;classic&quot;}\">\n\t\t\t\t<div class=\"elementor-element elementor-element-671a8c9 elementor-widget elementor-widget-image\" data-id=\"671a8c9\" data-element_type=\"widget\" data-e-type=\"widget\" data-widget_type=\"image.default\">\n\t\t\t\t<div class=\"elementor-widget-container\">\n\t\t\t\t\t\t\t\t\t\t\t\t\t\t\t<img fetchpriority=\"high\" decoding=\"async\" width=\"800\" height=\"800\" src=\"https:\/\/hotelambient.hu\/wp-content\/uploads\/2025\/01\/ambient_husvet-1024x1024.jpg\" class=\"attachment-large size-large wp-image-6616\" alt=\"\" srcset=\"https:\/\/hotelambient.hu\/wp-content\/uploads\/2025\/01\/ambient_husvet-1024x1024.jpg 1024w, https:\/\/hotelambient.hu\/wp-content\/uploads\/2025\/01\/ambient_husvet-300x300.jpg 300w, https:\/\/hotelambient.hu\/wp-content\/uploads\/2025\/01\/ambient_husvet-150x150.jpg 150w, https:\/\/hotelambient.hu\/wp-content\/uploads\/2025\/01\/ambient_husvet-768x768.jpg 768w, https:\/\/hotelambient.hu\/wp-content\/uploads\/2025\/01\/ambient_husvet-12x12.jpg 12w, https:\/\/hotelambient.hu\/wp-content\/uploads\/2025\/01\/ambient_husvet-400x400.jpg 400w, https:\/\/hotelambient.hu\/wp-content\/uploads\/2025\/01\/ambient_husvet-600x600.jpg 600w, https:\/\/hotelambient.hu\/wp-content\/uploads\/2025\/01\/ambient_husvet.jpg 1200w\" sizes=\"(max-width: 800px) 100vw, 800px\" \/>\t\t\t\t\t\t\t\t\t\t\t\t\t\t\t<\/div>\n\t\t\t\t<\/div>\n\t\t\t\t<\/div>\n\t\t<div class=\"elementor-element elementor-element-31be0cb e-con-full e-flex e-con e-child\" data-id=\"31be0cb\" data-element_type=\"container\" data-e-type=\"container\">\n\t\t\t\t<div class=\"elementor-element elementor-element-e018716 elementor-widget elementor-widget-heading\" data-id=\"e018716\" data-element_type=\"widget\" data-e-type=\"widget\" data-widget_type=\"heading.default\">\n\t\t\t\t<div class=\"elementor-widget-container\">\n\t\t\t\t\t<h2 class=\"elementor-heading-title elementor-size-default\">H\u00fasv\u00e9ti \u00fcnnepek az Ambientben<\/h2>\t\t\t\t<\/div>\n\t\t\t\t<\/div>\n\t\t\t\t<div class=\"elementor-element elementor-element-2f905ff elementor-widget elementor-widget-text-editor\" data-id=\"2f905ff\" data-element_type=\"widget\" data-e-type=\"widget\" data-widget_type=\"text-editor.default\">\n\t\t\t\t<div class=\"elementor-widget-container\">\n\t\t\t\t\t\t\t\t\t<p><strong>\u00c9rv\u00e9nyes: 2026. \u00e1prilis 03-t\u00f3l &#8211; 06-ig\u00a0<\/strong><\/p><p>T\u00f6ltsd a h\u00fasv\u00e9ti hossz\u00fa h\u00e9tv\u00e9g\u00e9t az Ambient Hotelben, ahol a tavaszi felt\u00f6lt\u0151d\u00e9shez \u00e9lm\u00e9nyekb\u0151l sincs hi\u00e1ny! A sz\u00fcnet ideje alatt gyerekanim\u00e1ci\u00f3s foglalkoz\u00e1sok, MINI ZOO \u00e9s izgalmas h\u00fasv\u00e9ti programok v\u00e1rj\u00e1k a csal\u00e1dokat, m\u00edg a KOML\u00d3VERZUM tematikus esem\u00e9nyei, k\u00f3stol\u00f3k \u00e9s helyi termel\u0151i k\u00e9zm\u0171ves v\u00e1s\u00e1r k\u00fcl\u00f6nleges hangulatot teremtenek. Szervezett mecseki t\u00far\u00e1k, friss\u00edt\u0151 v\u00edzitorna \u00e9s j\u00f3ga, valamint tavaszi szaunafel\u00f6nt\u00e9sek gondoskodnak az akt\u00edv kikapcsol\u00f3d\u00e1sr\u00f3l. Az est\u00e9ket \u00e9l\u0151 zen\u00e9s vacsor\u00e1k \u00e9s egy hangulatos RETRO DJ buli koron\u00e1zza meg, mindezt tov\u00e1bbi meglepet\u00e9s programokkal kieg\u00e9sz\u00edtve.<\/p><p><strong>A tavaszi sz\u00fcnet r\u00e9szletes programjai\u00e9rt <a href=\"http:\/\/hotelambient.hu\/hu\/programok\/\">kattints ide!<\/a><\/strong><\/p><p><b>A csomag tartalma<\/b>:<\/p><ul><li>Sz\u00e1ll\u00e1s a kiv\u00e1lasztott szobat\u00edpusban<\/li><li>B\u0151s\u00e9ges b\u00fcf\u00e9reggeli, hideg \u2013 meleg fog\u00e1sokkal \u00e9s f\u00e9lpanzi\u00f3s vacsora<\/li><li>Thermal SPA haszn\u00e1lata (t\u00e9len 3 belt\u00e9ri medence, gyermek- \u00e9s babamedence, s\u00f3szoba, belt\u00e9ri finn szauna, 2 infraszauna, aromakabin, g\u0151zkabin, k\u00fclt\u00e9ri finn szauna, d\u00e9zsazuhany \u00e9s jacuzzi)<\/li><li>J\u00e1t\u00e9kterem (csocs\u00f3, darts, pingpong, X-box)<\/li><li>F\u00fcrd\u0151k\u00f6peny \u00e9s t\u00f6r\u00fclk\u00f6z\u0151 bek\u00e9sz\u00edt\u00e9s<\/li><li>Ingyenes WiFi<\/li><li>Ingyenes parkol\u00e1si lehet\u0151s\u00e9g<\/li><li>\u00c1FA<\/li><\/ul>\t\t\t\t\t\t\t\t<\/div>\n\t\t\t\t<\/div>\n\t\t<div class=\"elementor-element elementor-element-25565e4 e-con-full e-flex e-con e-child\" data-id=\"25565e4\" data-element_type=\"container\" data-e-type=\"container\" data-settings=\"{&quot;background_background&quot;:&quot;classic&quot;}\">\n\t\t\t\t<div class=\"elementor-element elementor-element-07eb6ed elementor-align-center elementor-widget elementor-widget-button\" data-id=\"07eb6ed\" data-element_type=\"widget\" data-e-type=\"widget\" data-widget_type=\"button.default\">\n\t\t\t\t<div class=\"elementor-widget-container\">\n\t\t\t\t\t\t\t\t\t<div class=\"elementor-button-wrapper\">\n\t\t\t\t\t<a class=\"elementor-button elementor-button-link elementor-size-sm\" href=\"https:\/\/hotelambient.hu\/hu\/foglalas\/\">\n\t\t\t\t\t\t<span class=\"elementor-button-content-wrapper\">\n\t\t\t\t\t\t\t\t\t<span class=\"elementor-button-text\">szobafoglal\u00e1s<\/span>\n\t\t\t\t\t<\/span>\n\t\t\t\t\t<\/a>\n\t\t\t\t<\/div>\n\t\t\t\t\t\t\t\t<\/div>\n\t\t\t\t<\/div>\n\t\t\t\t<div class=\"elementor-element elementor-element-9fc5438 elementor-align-left elementor-widget elementor-widget-button\" data-id=\"9fc5438\" data-element_type=\"widget\" data-e-type=\"widget\" data-widget_type=\"button.default\">\n\t\t\t\t<div class=\"elementor-widget-container\">\n\t\t\t\t\t\t\t\t\t<div class=\"elementor-button-wrapper\">\n\t\t\t\t\t<a class=\"elementor-button elementor-button-link elementor-size-sm\" href=\"#elementor-action%3Aaction%3Dpopup%3Aopen%26settings%3DeyJpZCI6IjMwNyIsInRvZ2dsZSI6ZmFsc2V9\">\n\t\t\t\t\t\t<span class=\"elementor-button-content-wrapper\">\n\t\t\t\t\t\t<span class=\"elementor-button-icon\">\n\t\t\t\t<svg xmlns=\"http:\/\/www.w3.org\/2000\/svg\" width=\"16\" height=\"16\" viewBox=\"0 0 16 16\" fill=\"none\"><circle cx=\"8\" cy=\"8\" r=\"6.5\" stroke=\"black\" stroke-opacity=\"0.54\"><\/circle><path d=\"M7 4.93204C7 4.64725 7.09061 4.42071 7.27184 4.25243C7.46602 4.08414 7.71197 4 8.00971 4C8.30744 4 8.54693 4.08414 8.72816 4.25243C8.90939 4.42071 9 4.64725 9 4.93204C9 5.20388 8.90939 5.42395 8.72816 5.59223C8.54693 5.76052 8.30744 5.84466 8.00971 5.84466C7.71197 5.84466 7.46602 5.76052 7.27184 5.59223C7.09061 5.42395 7 5.20388 7 4.93204ZM8.68932 7V12H7.31068V7H8.68932Z\" fill=\"black\" fill-opacity=\"0.54\"><\/path><\/svg>\t\t\t<\/span>\n\t\t\t\t\t\t\t\t\t<span class=\"elementor-button-text\">Foglal\u00e1si felt\u00e9telek<\/span>\n\t\t\t\t\t<\/span>\n\t\t\t\t\t<\/a>\n\t\t\t\t<\/div>\n\t\t\t\t\t\t\t\t<\/div>\n\t\t\t\t<\/div>\n\t\t\t\t<\/div>\n\t\t\t\t<div class=\"elementor-element elementor-element-2928c5c elementor-widget elementor-widget-accordion\" data-id=\"2928c5c\" data-element_type=\"widget\" data-e-type=\"widget\" data-widget_type=\"accordion.default\">\n\t\t\t\t<div class=\"elementor-widget-container\">\n\t\t\t\t\t\t\t<div class=\"elementor-accordion\">\n\t\t\t\t\t\t\t<div class=\"elementor-accordion-item\">\n\t\t\t\t\t<div id=\"elementor-tab-title-4311\" class=\"elementor-tab-title\" data-tab=\"1\" role=\"button\" aria-controls=\"elementor-tab-content-4311\" aria-expanded=\"false\">\n\t\t\t\t\t\t\t\t\t\t\t\t<a class=\"elementor-accordion-title\" tabindex=\"0\">Csomag extra:<\/a>\n\t\t\t\t\t<\/div>\n\t\t\t\t\t<div id=\"elementor-tab-content-4311\" class=\"elementor-tab-content elementor-clearfix\" data-tab=\"1\" role=\"region\" aria-labelledby=\"elementor-tab-title-4311\"><p><b>A H\u00fasv\u00e9ti hossz\u00fa h\u00e9tv\u00e9ge programja:<\/b>\u00a0<\/p><ul><li>Gyerekanim\u00e1ci\u00f3s foglalkoz\u00e1sok a sz\u00fcnetben<\/li><li>MINI ZOO kis\u00e1llatkert kitelep\u00fcl\u00e9se<\/li><li>KOML\u00d3VERZUM k\u00fcl\u00f6nleges tematikus programjai<\/li><li>Szervezett mecseki t\u00far\u00e1k (id\u0151j\u00e1r\u00e1s f\u00fcggv\u00e9ny\u00e9ben)<\/li><li>Helyi termel\u0151i k\u00e9zm\u0171ves v\u00e1s\u00e1r<\/li><li>K\u00f3stol\u00f3k<\/li><li>Friss\u00edt\u0151 v\u00edzitorna, j\u00f3ga \u00f3ra<\/li><li>\u00c9l\u0151 zen\u00e9s vacsora estek<\/li><li>H\u00fasv\u00e9ti programok<\/li><li>Tavaszi szaunafel\u00f6nt\u00e9sek<\/li><li>RETRO DJ buli est<\/li><li>Informat\u00edv el\u0151ad\u00e1sok<\/li><li>Tov\u00e1bbi meglepet\u00e9s programok\u2026.<\/li><\/ul><p>\u00a0<\/p><\/div>\n\t\t\t\t<\/div>\n\t\t\t\t\t\t\t\t<\/div>\n\t\t\t\t\t\t<\/div>\n\t\t\t\t<\/div>\n\t\t\t\t<\/div>\n\t\t\t\t<\/div>\n\t\t\t\t<\/div>\n\t\t","protected":false},"excerpt":{"rendered":"<p>\u00c9rv\u00e9nyes: 2026. \u00e1prilis 03-t\u00f3l &#8211; 06-ig\u00a0 T\u00f6ltsd a h\u00fasv\u00e9ti hossz\u00fa h\u00e9tv\u00e9g\u00e9t az Ambient Hotelben, ahol a tavaszi felt\u00f6lt\u0151d\u00e9shez \u00e9lm\u00e9nyekb\u0151l sincs hi\u00e1ny! A sz\u00fcnet ideje alatt gyerekanim\u00e1ci\u00f3s foglalkoz\u00e1sok, MINI ZOO \u00e9s izgalmas h\u00fasv\u00e9ti programok v\u00e1rj\u00e1k a csal\u00e1dokat, m\u00edg a KOML\u00d3VERZUM tematikus esem\u00e9nyei, k\u00f3stol\u00f3k \u00e9s helyi termel\u0151i k\u00e9zm\u0171ves v\u00e1s\u00e1r k\u00fcl\u00f6nleges hangulatot teremtenek. Szervezett mecseki t\u00far\u00e1k, friss\u00edt\u0151 v\u00edzitorna [&hellip;]<\/p>\n","protected":false},"author":4,"featured_media":6616,"parent":274,"menu_order":0,"comment_status":"closed","ping_status":"closed","template":"","meta":{"footnotes":""},"class_list":["post-6623","page","type-page","status-publish","has-post-thumbnail","hentry"],"yoast_head":"<!-- This site is optimized with the Yoast SEO plugin v27.2 - https:\/\/yoast.com\/product\/yoast-seo-wordpress\/ -->\n<title>H\u00fasv\u00e9ti \u00fcnnepek az Ambientben - Hotel Ambient<\/title>\n<meta name=\"robots\" content=\"index, follow, max-snippet:-1, max-image-preview:large, max-video-preview:-1\" \/>\n<link rel=\"canonical\" href=\"https:\/\/hotelambient.hu\/hu\/ajanlataink\/husveti-unnepek-az-ambientben\/\" \/>\n<meta property=\"og:locale\" content=\"hu_HU\" \/>\n<meta property=\"og:type\" content=\"article\" \/>\n<meta property=\"og:title\" content=\"H\u00fasv\u00e9ti \u00fcnnepek az Ambientben - Hotel Ambient\" \/>\n<meta property=\"og:description\" content=\"\u00c9rv\u00e9nyes: 2026. \u00e1prilis 03-t\u00f3l &#8211; 06-ig\u00a0 T\u00f6ltsd a h\u00fasv\u00e9ti hossz\u00fa h\u00e9tv\u00e9g\u00e9t az Ambient Hotelben, ahol a tavaszi felt\u00f6lt\u0151d\u00e9shez \u00e9lm\u00e9nyekb\u0151l sincs hi\u00e1ny! A sz\u00fcnet ideje alatt gyerekanim\u00e1ci\u00f3s foglalkoz\u00e1sok, MINI ZOO \u00e9s izgalmas h\u00fasv\u00e9ti programok v\u00e1rj\u00e1k a csal\u00e1dokat, m\u00edg a KOML\u00d3VERZUM tematikus esem\u00e9nyei, k\u00f3stol\u00f3k \u00e9s helyi termel\u0151i k\u00e9zm\u0171ves v\u00e1s\u00e1r k\u00fcl\u00f6nleges hangulatot teremtenek. Szervezett mecseki t\u00far\u00e1k, friss\u00edt\u0151 v\u00edzitorna [&hellip;]\" \/>\n<meta property=\"og:url\" content=\"https:\/\/hotelambient.hu\/hu\/ajanlataink\/husveti-unnepek-az-ambientben\/\" \/>\n<meta property=\"og:site_name\" content=\"Hotel Ambient\" \/>\n<meta property=\"article:modified_time\" content=\"2026-02-10T12:49:18+00:00\" \/>\n<meta property=\"og:image\" content=\"https:\/\/hotelambient.hu\/wp-content\/uploads\/2025\/01\/ambient_husvet.jpg\" \/>\n\t<meta property=\"og:image:width\" content=\"1200\" \/>\n\t<meta property=\"og:image:height\" content=\"1200\" \/>\n\t<meta property=\"og:image:type\" content=\"image\/jpeg\" \/>\n<meta name=\"twitter:card\" content=\"summary_large_image\" \/>\n<meta name=\"twitter:label1\" content=\"Becs\u00fclt olvas\u00e1si id\u0151\" \/>\n\t<meta name=\"twitter:data1\" content=\"2 perc\" \/>\n<script type=\"application\/ld+json\" class=\"yoast-schema-graph\">{\"@context\":\"https:\/\/schema.org\",\"@graph\":[{\"@type\":\"WebPage\",\"@id\":\"https:\/\/hotelambient.hu\/ajanlataink\/husveti-unnepek-az-ambientben\/\",\"url\":\"https:\/\/hotelambient.hu\/ajanlataink\/husveti-unnepek-az-ambientben\/\",\"name\":\"H\u00fasv\u00e9ti \u00fcnnepek az Ambientben - Hotel Ambient\",\"isPartOf\":{\"@id\":\"https:\/\/hotelambient.hu\/en\/#website\"},\"primaryImageOfPage\":{\"@id\":\"https:\/\/hotelambient.hu\/ajanlataink\/husveti-unnepek-az-ambientben\/#primaryimage\"},\"image\":{\"@id\":\"https:\/\/hotelambient.hu\/ajanlataink\/husveti-unnepek-az-ambientben\/#primaryimage\"},\"thumbnailUrl\":\"https:\/\/hotelambient.hu\/wp-content\/uploads\/2025\/01\/ambient_husvet.jpg\",\"datePublished\":\"2025-01-20T17:31:55+00:00\",\"dateModified\":\"2026-02-10T12:49:18+00:00\",\"breadcrumb\":{\"@id\":\"https:\/\/hotelambient.hu\/ajanlataink\/husveti-unnepek-az-ambientben\/#breadcrumb\"},\"inLanguage\":\"hu\",\"potentialAction\":[{\"@type\":\"ReadAction\",\"target\":[\"https:\/\/hotelambient.hu\/ajanlataink\/husveti-unnepek-az-ambientben\/\"]}]},{\"@type\":\"ImageObject\",\"inLanguage\":\"hu\",\"@id\":\"https:\/\/hotelambient.hu\/ajanlataink\/husveti-unnepek-az-ambientben\/#primaryimage\",\"url\":\"https:\/\/hotelambient.hu\/wp-content\/uploads\/2025\/01\/ambient_husvet.jpg\",\"contentUrl\":\"https:\/\/hotelambient.hu\/wp-content\/uploads\/2025\/01\/ambient_husvet.jpg\",\"width\":1200,\"height\":1200},{\"@type\":\"BreadcrumbList\",\"@id\":\"https:\/\/hotelambient.hu\/ajanlataink\/husveti-unnepek-az-ambientben\/#breadcrumb\",\"itemListElement\":[{\"@type\":\"ListItem\",\"position\":1,\"name\":\"Kezd\u0151lap\",\"item\":\"https:\/\/hotelambient.hu\/hu\/\"},{\"@type\":\"ListItem\",\"position\":2,\"name\":\"Aj\u00e1nlataink\",\"item\":\"https:\/\/hotelambient.hu\/ajanlataink\/\"},{\"@type\":\"ListItem\",\"position\":3,\"name\":\"H\u00fasv\u00e9ti \u00fcnnepek az Ambientben\"}]},{\"@type\":\"WebSite\",\"@id\":\"https:\/\/hotelambient.hu\/en\/#website\",\"url\":\"https:\/\/hotelambient.hu\/en\/\",\"name\":\"Hotel Ambient\",\"description\":\"Hotel Ambient\",\"publisher\":{\"@id\":\"https:\/\/hotelambient.hu\/en\/#organization\"},\"potentialAction\":[{\"@type\":\"SearchAction\",\"target\":{\"@type\":\"EntryPoint\",\"urlTemplate\":\"https:\/\/hotelambient.hu\/en\/?s={search_term_string}\"},\"query-input\":{\"@type\":\"PropertyValueSpecification\",\"valueRequired\":true,\"valueName\":\"search_term_string\"}}],\"inLanguage\":\"hu\"},{\"@type\":\"Organization\",\"@id\":\"https:\/\/hotelambient.hu\/en\/#organization\",\"name\":\"Hotel Ambient\",\"url\":\"https:\/\/hotelambient.hu\/en\/\",\"logo\":{\"@type\":\"ImageObject\",\"inLanguage\":\"hu\",\"@id\":\"https:\/\/hotelambient.hu\/en\/#\/schema\/logo\/image\/\",\"url\":\"https:\/\/hotelambient.hu\/wp-content\/uploads\/2023\/06\/cropped-Ambient_logo_fekete_transparent_bg.webp\",\"contentUrl\":\"https:\/\/hotelambient.hu\/wp-content\/uploads\/2023\/06\/cropped-Ambient_logo_fekete_transparent_bg.webp\",\"width\":512,\"height\":512,\"caption\":\"Hotel Ambient\"},\"image\":{\"@id\":\"https:\/\/hotelambient.hu\/en\/#\/schema\/logo\/image\/\"}}]}<\/script>\n<!-- \/ Yoast SEO plugin. -->","yoast_head_json":{"title":"H\u00fasv\u00e9ti \u00fcnnepek az Ambientben - Hotel Ambient","robots":{"index":"index","follow":"follow","max-snippet":"max-snippet:-1","max-image-preview":"max-image-preview:large","max-video-preview":"max-video-preview:-1"},"canonical":"https:\/\/hotelambient.hu\/hu\/ajanlataink\/husveti-unnepek-az-ambientben\/","og_locale":"hu_HU","og_type":"article","og_title":"H\u00fasv\u00e9ti \u00fcnnepek az Ambientben - Hotel Ambient","og_description":"\u00c9rv\u00e9nyes: 2026. \u00e1prilis 03-t\u00f3l &#8211; 06-ig\u00a0 T\u00f6ltsd a h\u00fasv\u00e9ti hossz\u00fa h\u00e9tv\u00e9g\u00e9t az Ambient Hotelben, ahol a tavaszi felt\u00f6lt\u0151d\u00e9shez \u00e9lm\u00e9nyekb\u0151l sincs hi\u00e1ny! A sz\u00fcnet ideje alatt gyerekanim\u00e1ci\u00f3s foglalkoz\u00e1sok, MINI ZOO \u00e9s izgalmas h\u00fasv\u00e9ti programok v\u00e1rj\u00e1k a csal\u00e1dokat, m\u00edg a KOML\u00d3VERZUM tematikus esem\u00e9nyei, k\u00f3stol\u00f3k \u00e9s helyi termel\u0151i k\u00e9zm\u0171ves v\u00e1s\u00e1r k\u00fcl\u00f6nleges hangulatot teremtenek. Szervezett mecseki t\u00far\u00e1k, friss\u00edt\u0151 v\u00edzitorna [&hellip;]","og_url":"https:\/\/hotelambient.hu\/hu\/ajanlataink\/husveti-unnepek-az-ambientben\/","og_site_name":"Hotel Ambient","article_modified_time":"2026-02-10T12:49:18+00:00","og_image":[{"width":1200,"height":1200,"url":"https:\/\/hotelambient.hu\/wp-content\/uploads\/2025\/01\/ambient_husvet.jpg","type":"image\/jpeg"}],"twitter_card":"summary_large_image","twitter_misc":{"Becs\u00fclt olvas\u00e1si id\u0151":"2 perc"},"schema":{"@context":"https:\/\/schema.org","@graph":[{"@type":"WebPage","@id":"https:\/\/hotelambient.hu\/ajanlataink\/husveti-unnepek-az-ambientben\/","url":"https:\/\/hotelambient.hu\/ajanlataink\/husveti-unnepek-az-ambientben\/","name":"H\u00fasv\u00e9ti \u00fcnnepek az Ambientben - Hotel Ambient","isPartOf":{"@id":"https:\/\/hotelambient.hu\/en\/#website"},"primaryImageOfPage":{"@id":"https:\/\/hotelambient.hu\/ajanlataink\/husveti-unnepek-az-ambientben\/#primaryimage"},"image":{"@id":"https:\/\/hotelambient.hu\/ajanlataink\/husveti-unnepek-az-ambientben\/#primaryimage"},"thumbnailUrl":"https:\/\/hotelambient.hu\/wp-content\/uploads\/2025\/01\/ambient_husvet.jpg","datePublished":"2025-01-20T17:31:55+00:00","dateModified":"2026-02-10T12:49:18+00:00","breadcrumb":{"@id":"https:\/\/hotelambient.hu\/ajanlataink\/husveti-unnepek-az-ambientben\/#breadcrumb"},"inLanguage":"hu","potentialAction":[{"@type":"ReadAction","target":["https:\/\/hotelambient.hu\/ajanlataink\/husveti-unnepek-az-ambientben\/"]}]},{"@type":"ImageObject","inLanguage":"hu","@id":"https:\/\/hotelambient.hu\/ajanlataink\/husveti-unnepek-az-ambientben\/#primaryimage","url":"https:\/\/hotelambient.hu\/wp-content\/uploads\/2025\/01\/ambient_husvet.jpg","contentUrl":"https:\/\/hotelambient.hu\/wp-content\/uploads\/2025\/01\/ambient_husvet.jpg","width":1200,"height":1200},{"@type":"BreadcrumbList","@id":"https:\/\/hotelambient.hu\/ajanlataink\/husveti-unnepek-az-ambientben\/#breadcrumb","itemListElement":[{"@type":"ListItem","position":1,"name":"Kezd\u0151lap","item":"https:\/\/hotelambient.hu\/hu\/"},{"@type":"ListItem","position":2,"name":"Aj\u00e1nlataink","item":"https:\/\/hotelambient.hu\/ajanlataink\/"},{"@type":"ListItem","position":3,"name":"H\u00fasv\u00e9ti \u00fcnnepek az Ambientben"}]},{"@type":"WebSite","@id":"https:\/\/hotelambient.hu\/en\/#website","url":"https:\/\/hotelambient.hu\/en\/","name":"Hotel Ambient","description":"Hotel Ambient","publisher":{"@id":"https:\/\/hotelambient.hu\/en\/#organization"},"potentialAction":[{"@type":"SearchAction","target":{"@type":"EntryPoint","urlTemplate":"https:\/\/hotelambient.hu\/en\/?s={search_term_string}"},"query-input":{"@type":"PropertyValueSpecification","valueRequired":true,"valueName":"search_term_string"}}],"inLanguage":"hu"},{"@type":"Organization","@id":"https:\/\/hotelambient.hu\/en\/#organization","name":"Hotel Ambient","url":"https:\/\/hotelambient.hu\/en\/","logo":{"@type":"ImageObject","inLanguage":"hu","@id":"https:\/\/hotelambient.hu\/en\/#\/schema\/logo\/image\/","url":"https:\/\/hotelambient.hu\/wp-content\/uploads\/2023\/06\/cropped-Ambient_logo_fekete_transparent_bg.webp","contentUrl":"https:\/\/hotelambient.hu\/wp-content\/uploads\/2023\/06\/cropped-Ambient_logo_fekete_transparent_bg.webp","width":512,"height":512,"caption":"Hotel Ambient"},"image":{"@id":"https:\/\/hotelambient.hu\/en\/#\/schema\/logo\/image\/"}}]}},"_links":{"self":[{"href":"https:\/\/hotelambient.hu\/hu\/wp-json\/wp\/v2\/pages\/6623","targetHints":{"allow":["GET"]}}],"collection":[{"href":"https:\/\/hotelambient.hu\/hu\/wp-json\/wp\/v2\/pages"}],"about":[{"href":"https:\/\/hotelambient.hu\/hu\/wp-json\/wp\/v2\/types\/page"}],"author":[{"embeddable":true,"href":"https:\/\/hotelambient.hu\/hu\/wp-json\/wp\/v2\/users\/4"}],"replies":[{"embeddable":true,"href":"https:\/\/hotelambient.hu\/hu\/wp-json\/wp\/v2\/comments?post=6623"}],"version-history":[{"count":24,"href":"https:\/\/hotelambient.hu\/hu\/wp-json\/wp\/v2\/pages\/6623\/revisions"}],"predecessor-version":[{"id":9327,"href":"https:\/\/hotelambient.hu\/hu\/wp-json\/wp\/v2\/pages\/6623\/revisions\/9327"}],"up":[{"embeddable":true,"href":"https:\/\/hotelambient.hu\/hu\/wp-json\/wp\/v2\/pages\/274"}],"wp:featuredmedia":[{"embeddable":true,"href":"https:\/\/hotelambient.hu\/hu\/wp-json\/wp\/v2\/media\/6616"}],"wp:attachment":[{"href":"https:\/\/hotelambient.hu\/hu\/wp-json\/wp\/v2\/media?parent=6623"}],"curies":[{"name":"wp","href":"https:\/\/api.w.org\/{rel}","templated":true}]}}