{"id":8667,"date":"2025-11-12T16:27:34","date_gmt":"2025-11-12T15:27:34","guid":{"rendered":"https:\/\/hotelambient.hu\/?page_id=8667"},"modified":"2025-11-12T16:32:21","modified_gmt":"2025-11-12T15:32:21","slug":"ambient-karacsony-2","status":"publish","type":"page","link":"https:\/\/hotelambient.hu\/hu\/ajanlataink\/ambient-karacsony-2\/","title":{"rendered":"Ambient Kar\u00e1csony"},"content":{"rendered":"\t\t<div data-elementor-type=\"wp-page\" data-elementor-id=\"8667\" class=\"elementor elementor-8667\" data-elementor-post-type=\"page\">\n\t\t\t\t<div class=\"elementor-element elementor-element-24a4abf e-con-full e-flex e-con e-parent\" data-id=\"24a4abf\" data-element_type=\"container\" data-e-type=\"container\">\n\t\t<div class=\"elementor-element elementor-element-0baca78 e-con-full e-flex e-con e-child\" data-id=\"0baca78\" data-element_type=\"container\" data-e-type=\"container\" data-settings=\"{&quot;background_background&quot;:&quot;classic&quot;}\">\n\t\t\t\t<\/div>\n\t\t<div class=\"elementor-element elementor-element-31be0cb e-con-full e-flex e-con e-child\" data-id=\"31be0cb\" data-element_type=\"container\" data-e-type=\"container\">\n\t\t\t\t<div class=\"elementor-element elementor-element-e018716 elementor-widget elementor-widget-heading\" data-id=\"e018716\" data-element_type=\"widget\" data-e-type=\"widget\" data-widget_type=\"heading.default\">\n\t\t\t\t<div class=\"elementor-widget-container\">\n\t\t\t\t\t<h2 class=\"elementor-heading-title elementor-size-default\">Ambient Kar\u00e1csony<\/h2>\t\t\t\t<\/div>\n\t\t\t\t<\/div>\n\t\t\t\t<div class=\"elementor-element elementor-element-2f905ff elementor-widget elementor-widget-text-editor\" data-id=\"2f905ff\" data-element_type=\"widget\" data-e-type=\"widget\" data-widget_type=\"text-editor.default\">\n\t\t\t\t<div class=\"elementor-widget-container\">\n\t\t\t\t\t\t\t\t\t<p><strong>\u00c9rv\u00e9nyes: 2025. 12.24-t\u0151l 26-ig<\/strong><\/p><p data-start=\"145\" data-end=\"188\"><strong data-start=\"145\" data-end=\"186\">T\u00f6ltsd vel\u00fcnk az \u00e9v legszebb \u00fcnnep\u00e9t!<\/strong><\/p><p data-start=\"142\" data-end=\"486\"><span style=\"font-size: 1rem;\">Engedd, hogy id\u00e9n a kar\u00e1csony val\u00f3ban a meghitts\u00e9gr\u0151l, a pihen\u00e9sr\u0151l \u00e9s az egy\u00fctt t\u00f6lt\u00f6tt id\u0151r\u0151l sz\u00f3ljon! A Mecsek l\u00e1b\u00e1n\u00e1l, az Ambient Hotelben \u00fcnnepi hangulat, \u00ednycsikland\u00f3 fog\u00e1sok \u00e9s teljes felt\u00f6lt\u0151d\u00e9s v\u00e1r.<\/span><span style=\"font-size: 1rem;\">.<\/span><\/p><p>Kedvezm\u00e9nyes aj\u00e1nlatunk az al\u00e1bbi szolg\u00e1ltat\u00e1sokat tartalmazza:<\/p><ul><li>Sz\u00e1ll\u00e1s a kiv\u00e1lasztott szobat\u00edpusban<\/li><li>B\u0151s\u00e9ges b\u00fcf\u00e9reggeli, hideg \u2013 meleg fog\u00e1sokkal \u00e9s f\u00e9lpanzi\u00f3s vacsora<\/li><li>Thermal SPA haszn\u00e1lata (t\u00e9len 3 belt\u00e9ri medence, ny\u00e1ron tov\u00e1bbi 1 k\u00fclt\u00e9ri medence, gyermek- \u00e9s babamedence, s\u00f3szoba, belt\u00e9ri finn szauna, 2 infraszauna, aromakabin, g\u0151zkabin, k\u00fclt\u00e9ri finn szauna, d\u00e9zsazuhany \u00e9s jacuzzi)<\/li><li>F\u00fcrd\u0151k\u00f6peny \u00e9s t\u00f6r\u00fclk\u00f6z\u0151 bek\u00e9sz\u00edt\u00e9s<\/li><li>J\u00e1t\u00e9kterem (csocs\u00f3, darts, pingpong, X-box)<\/li><li>Fitness terem kardi\u00f3 g\u00e9pekkel<\/li><li>Ingyenes WiFi<\/li><li>Ingyenes parkol\u00e1si lehet\u0151s\u00e9g<\/li><li>\u00c1FA<\/li><\/ul>\t\t\t\t\t\t\t\t<\/div>\n\t\t\t\t<\/div>\n\t\t<div class=\"elementor-element elementor-element-25565e4 e-con-full e-flex e-con e-child\" data-id=\"25565e4\" data-element_type=\"container\" data-e-type=\"container\" data-settings=\"{&quot;background_background&quot;:&quot;classic&quot;}\">\n\t\t\t\t<div class=\"elementor-element elementor-element-07eb6ed elementor-align-center elementor-widget elementor-widget-button\" data-id=\"07eb6ed\" data-element_type=\"widget\" data-e-type=\"widget\" data-widget_type=\"button.default\">\n\t\t\t\t<div class=\"elementor-widget-container\">\n\t\t\t\t\t\t\t\t\t<div class=\"elementor-button-wrapper\">\n\t\t\t\t\t<a class=\"elementor-button elementor-button-link elementor-size-sm\" href=\"https:\/\/hotelambient.hu\/hu\/foglalas\/\">\n\t\t\t\t\t\t<span class=\"elementor-button-content-wrapper\">\n\t\t\t\t\t\t\t\t\t<span class=\"elementor-button-text\">szobafoglal\u00e1s<\/span>\n\t\t\t\t\t<\/span>\n\t\t\t\t\t<\/a>\n\t\t\t\t<\/div>\n\t\t\t\t\t\t\t\t<\/div>\n\t\t\t\t<\/div>\n\t\t\t\t<div class=\"elementor-element elementor-element-9fc5438 elementor-align-left elementor-widget elementor-widget-button\" data-id=\"9fc5438\" data-element_type=\"widget\" data-e-type=\"widget\" data-widget_type=\"button.default\">\n\t\t\t\t<div class=\"elementor-widget-container\">\n\t\t\t\t\t\t\t\t\t<div class=\"elementor-button-wrapper\">\n\t\t\t\t\t<a class=\"elementor-button elementor-button-link elementor-size-sm\" href=\"#elementor-action%3Aaction%3Dpopup%3Aopen%26settings%3DeyJpZCI6IjMwNyIsInRvZ2dsZSI6ZmFsc2V9\">\n\t\t\t\t\t\t<span class=\"elementor-button-content-wrapper\">\n\t\t\t\t\t\t<span class=\"elementor-button-icon\">\n\t\t\t\t<svg xmlns=\"http:\/\/www.w3.org\/2000\/svg\" width=\"16\" height=\"16\" viewBox=\"0 0 16 16\" fill=\"none\"><circle cx=\"8\" cy=\"8\" r=\"6.5\" stroke=\"black\" stroke-opacity=\"0.54\"><\/circle><path d=\"M7 4.93204C7 4.64725 7.09061 4.42071 7.27184 4.25243C7.46602 4.08414 7.71197 4 8.00971 4C8.30744 4 8.54693 4.08414 8.72816 4.25243C8.90939 4.42071 9 4.64725 9 4.93204C9 5.20388 8.90939 5.42395 8.72816 5.59223C8.54693 5.76052 8.30744 5.84466 8.00971 5.84466C7.71197 5.84466 7.46602 5.76052 7.27184 5.59223C7.09061 5.42395 7 5.20388 7 4.93204ZM8.68932 7V12H7.31068V7H8.68932Z\" fill=\"black\" fill-opacity=\"0.54\"><\/path><\/svg>\t\t\t<\/span>\n\t\t\t\t\t\t\t\t\t<span class=\"elementor-button-text\">Foglal\u00e1si felt\u00e9telek<\/span>\n\t\t\t\t\t<\/span>\n\t\t\t\t\t<\/a>\n\t\t\t\t<\/div>\n\t\t\t\t\t\t\t\t<\/div>\n\t\t\t\t<\/div>\n\t\t\t\t<\/div>\n\t\t\t\t<div class=\"elementor-element elementor-element-2928c5c elementor-widget elementor-widget-accordion\" data-id=\"2928c5c\" data-element_type=\"widget\" data-e-type=\"widget\" data-widget_type=\"accordion.default\">\n\t\t\t\t<div class=\"elementor-widget-container\">\n\t\t\t\t\t\t\t<div class=\"elementor-accordion\">\n\t\t\t\t\t\t\t<div class=\"elementor-accordion-item\">\n\t\t\t\t\t<div id=\"elementor-tab-title-4311\" class=\"elementor-tab-title\" data-tab=\"1\" role=\"button\" aria-controls=\"elementor-tab-content-4311\" aria-expanded=\"false\">\n\t\t\t\t\t\t\t\t\t\t\t\t<a class=\"elementor-accordion-title\" tabindex=\"0\">Csomag extra:<\/a>\n\t\t\t\t\t<\/div>\n\t\t\t\t\t<div id=\"elementor-tab-content-4311\" class=\"elementor-tab-content elementor-clearfix\" data-tab=\"1\" role=\"region\" aria-labelledby=\"elementor-tab-title-4311\"><p><strong>\u00dcnnepi hangulatban v\u00e1rjuk a kedves Vend\u00e9geket:<\/strong><\/p><p><strong>12.24. Szenteste<\/strong><br \/>&#8211; kar\u00e1csonyi sv\u00e9dasztalos k\u00edn\u00e1lat, hagyom\u00e1nyos \u00fcnnepi \u00edzekkel\u00a0<\/p><p><strong>12.25. Kar\u00e1csony<\/strong><br \/>&#8211; \u00a0kar\u00e1csonyi sv\u00e9dasztalos k\u00edn\u00e1lat, hagyom\u00e1nyos \u00fcnnepi \u00edzekkel \u00e9s \u00e9l\u0151 zenei k\u00eds\u00e9rettel<br \/>&#8211; Szaunafel\u00f6nt\u00e9sek<\/p><p><strong>12.26. Kar\u00e1csony m\u00e1snapja<\/strong><br \/>&#8211; \u00dcnnepi hangulat\u00fa \u00e9l\u0151 zeneszaunafel\u00f6nt\u00e9sek\u00a0<\/p><\/div>\n\t\t\t\t<\/div>\n\t\t\t\t\t\t\t\t<\/div>\n\t\t\t\t\t\t<\/div>\n\t\t\t\t<\/div>\n\t\t\t\t<\/div>\n\t\t\t\t<\/div>\n\t\t\t\t<\/div>\n\t\t","protected":false},"excerpt":{"rendered":"<p>\u00c9rv\u00e9nyes: 2025. 12.24-t\u0151l 26-ig T\u00f6ltsd vel\u00fcnk az \u00e9v legszebb \u00fcnnep\u00e9t! Engedd, hogy id\u00e9n a kar\u00e1csony val\u00f3ban a meghitts\u00e9gr\u0151l, a pihen\u00e9sr\u0151l \u00e9s az egy\u00fctt t\u00f6lt\u00f6tt id\u0151r\u0151l sz\u00f3ljon! A Mecsek l\u00e1b\u00e1n\u00e1l, az Ambient Hotelben \u00fcnnepi hangulat, \u00ednycsikland\u00f3 fog\u00e1sok \u00e9s teljes felt\u00f6lt\u0151d\u00e9s v\u00e1r.. Kedvezm\u00e9nyes aj\u00e1nlatunk az al\u00e1bbi szolg\u00e1ltat\u00e1sokat tartalmazza: Sz\u00e1ll\u00e1s a kiv\u00e1lasztott szobat\u00edpusban B\u0151s\u00e9ges b\u00fcf\u00e9reggeli, hideg \u2013 meleg [&hellip;]<\/p>\n","protected":false},"author":8,"featured_media":8660,"parent":274,"menu_order":0,"comment_status":"closed","ping_status":"closed","template":"","meta":{"footnotes":""},"class_list":["post-8667","page","type-page","status-publish","has-post-thumbnail","hentry"],"yoast_head":"<!-- This site is optimized with the Yoast SEO plugin v27.2 - https:\/\/yoast.com\/product\/yoast-seo-wordpress\/ -->\n<title>Ambient Kar\u00e1csony - Hotel Ambient<\/title>\n<meta name=\"robots\" content=\"index, follow, max-snippet:-1, max-image-preview:large, max-video-preview:-1\" \/>\n<link rel=\"canonical\" href=\"https:\/\/hotelambient.hu\/hu\/ajanlataink\/ambient-karacsony-2\/\" \/>\n<meta property=\"og:locale\" content=\"hu_HU\" \/>\n<meta property=\"og:type\" content=\"article\" \/>\n<meta property=\"og:title\" content=\"Ambient Kar\u00e1csony - Hotel Ambient\" \/>\n<meta property=\"og:description\" content=\"\u00c9rv\u00e9nyes: 2025. 12.24-t\u0151l 26-ig T\u00f6ltsd vel\u00fcnk az \u00e9v legszebb \u00fcnnep\u00e9t! Engedd, hogy id\u00e9n a kar\u00e1csony val\u00f3ban a meghitts\u00e9gr\u0151l, a pihen\u00e9sr\u0151l \u00e9s az egy\u00fctt t\u00f6lt\u00f6tt id\u0151r\u0151l sz\u00f3ljon! A Mecsek l\u00e1b\u00e1n\u00e1l, az Ambient Hotelben \u00fcnnepi hangulat, \u00ednycsikland\u00f3 fog\u00e1sok \u00e9s teljes felt\u00f6lt\u0151d\u00e9s v\u00e1r.. Kedvezm\u00e9nyes aj\u00e1nlatunk az al\u00e1bbi szolg\u00e1ltat\u00e1sokat tartalmazza: Sz\u00e1ll\u00e1s a kiv\u00e1lasztott szobat\u00edpusban B\u0151s\u00e9ges b\u00fcf\u00e9reggeli, hideg \u2013 meleg [&hellip;]\" \/>\n<meta property=\"og:url\" content=\"https:\/\/hotelambient.hu\/hu\/ajanlataink\/ambient-karacsony-2\/\" \/>\n<meta property=\"og:site_name\" content=\"Hotel Ambient\" \/>\n<meta property=\"article:modified_time\" content=\"2025-11-12T15:32:21+00:00\" \/>\n<meta property=\"og:image\" content=\"https:\/\/hotelambient.hu\/wp-content\/uploads\/2025\/11\/ambient-karacsony.jpg\" \/>\n\t<meta property=\"og:image:width\" content=\"1200\" \/>\n\t<meta property=\"og:image:height\" content=\"1200\" \/>\n\t<meta property=\"og:image:type\" content=\"image\/jpeg\" \/>\n<meta name=\"twitter:card\" content=\"summary_large_image\" \/>\n<meta name=\"twitter:label1\" content=\"Becs\u00fclt olvas\u00e1si id\u0151\" \/>\n\t<meta name=\"twitter:data1\" content=\"1 perc\" \/>\n<script type=\"application\/ld+json\" class=\"yoast-schema-graph\">{\"@context\":\"https:\/\/schema.org\",\"@graph\":[{\"@type\":\"WebPage\",\"@id\":\"https:\/\/hotelambient.hu\/ajanlataink\/ambient-karacsony-2\/\",\"url\":\"https:\/\/hotelambient.hu\/ajanlataink\/ambient-karacsony-2\/\",\"name\":\"Ambient Kar\u00e1csony - Hotel Ambient\",\"isPartOf\":{\"@id\":\"https:\/\/hotelambient.hu\/en\/#website\"},\"primaryImageOfPage\":{\"@id\":\"https:\/\/hotelambient.hu\/ajanlataink\/ambient-karacsony-2\/#primaryimage\"},\"image\":{\"@id\":\"https:\/\/hotelambient.hu\/ajanlataink\/ambient-karacsony-2\/#primaryimage\"},\"thumbnailUrl\":\"https:\/\/hotelambient.hu\/wp-content\/uploads\/2025\/11\/ambient-karacsony.jpg\",\"datePublished\":\"2025-11-12T15:27:34+00:00\",\"dateModified\":\"2025-11-12T15:32:21+00:00\",\"breadcrumb\":{\"@id\":\"https:\/\/hotelambient.hu\/ajanlataink\/ambient-karacsony-2\/#breadcrumb\"},\"inLanguage\":\"hu\",\"potentialAction\":[{\"@type\":\"ReadAction\",\"target\":[\"https:\/\/hotelambient.hu\/ajanlataink\/ambient-karacsony-2\/\"]}]},{\"@type\":\"ImageObject\",\"inLanguage\":\"hu\",\"@id\":\"https:\/\/hotelambient.hu\/ajanlataink\/ambient-karacsony-2\/#primaryimage\",\"url\":\"https:\/\/hotelambient.hu\/wp-content\/uploads\/2025\/11\/ambient-karacsony.jpg\",\"contentUrl\":\"https:\/\/hotelambient.hu\/wp-content\/uploads\/2025\/11\/ambient-karacsony.jpg\",\"width\":1200,\"height\":1200},{\"@type\":\"BreadcrumbList\",\"@id\":\"https:\/\/hotelambient.hu\/ajanlataink\/ambient-karacsony-2\/#breadcrumb\",\"itemListElement\":[{\"@type\":\"ListItem\",\"position\":1,\"name\":\"Kezd\u0151lap\",\"item\":\"https:\/\/hotelambient.hu\/hu\/\"},{\"@type\":\"ListItem\",\"position\":2,\"name\":\"Aj\u00e1nlataink\",\"item\":\"https:\/\/hotelambient.hu\/ajanlataink\/\"},{\"@type\":\"ListItem\",\"position\":3,\"name\":\"Ambient Kar\u00e1csony\"}]},{\"@type\":\"WebSite\",\"@id\":\"https:\/\/hotelambient.hu\/en\/#website\",\"url\":\"https:\/\/hotelambient.hu\/en\/\",\"name\":\"Hotel Ambient\",\"description\":\"Hotel Ambient\",\"publisher\":{\"@id\":\"https:\/\/hotelambient.hu\/en\/#organization\"},\"potentialAction\":[{\"@type\":\"SearchAction\",\"target\":{\"@type\":\"EntryPoint\",\"urlTemplate\":\"https:\/\/hotelambient.hu\/en\/?s={search_term_string}\"},\"query-input\":{\"@type\":\"PropertyValueSpecification\",\"valueRequired\":true,\"valueName\":\"search_term_string\"}}],\"inLanguage\":\"hu\"},{\"@type\":\"Organization\",\"@id\":\"https:\/\/hotelambient.hu\/en\/#organization\",\"name\":\"Hotel Ambient\",\"url\":\"https:\/\/hotelambient.hu\/en\/\",\"logo\":{\"@type\":\"ImageObject\",\"inLanguage\":\"hu\",\"@id\":\"https:\/\/hotelambient.hu\/en\/#\/schema\/logo\/image\/\",\"url\":\"https:\/\/hotelambient.hu\/wp-content\/uploads\/2023\/06\/cropped-Ambient_logo_fekete_transparent_bg.webp\",\"contentUrl\":\"https:\/\/hotelambient.hu\/wp-content\/uploads\/2023\/06\/cropped-Ambient_logo_fekete_transparent_bg.webp\",\"width\":512,\"height\":512,\"caption\":\"Hotel Ambient\"},\"image\":{\"@id\":\"https:\/\/hotelambient.hu\/en\/#\/schema\/logo\/image\/\"}}]}<\/script>\n<!-- \/ Yoast SEO plugin. -->","yoast_head_json":{"title":"Ambient Kar\u00e1csony - Hotel Ambient","robots":{"index":"index","follow":"follow","max-snippet":"max-snippet:-1","max-image-preview":"max-image-preview:large","max-video-preview":"max-video-preview:-1"},"canonical":"https:\/\/hotelambient.hu\/hu\/ajanlataink\/ambient-karacsony-2\/","og_locale":"hu_HU","og_type":"article","og_title":"Ambient Kar\u00e1csony - Hotel Ambient","og_description":"\u00c9rv\u00e9nyes: 2025. 12.24-t\u0151l 26-ig T\u00f6ltsd vel\u00fcnk az \u00e9v legszebb \u00fcnnep\u00e9t! Engedd, hogy id\u00e9n a kar\u00e1csony val\u00f3ban a meghitts\u00e9gr\u0151l, a pihen\u00e9sr\u0151l \u00e9s az egy\u00fctt t\u00f6lt\u00f6tt id\u0151r\u0151l sz\u00f3ljon! A Mecsek l\u00e1b\u00e1n\u00e1l, az Ambient Hotelben \u00fcnnepi hangulat, \u00ednycsikland\u00f3 fog\u00e1sok \u00e9s teljes felt\u00f6lt\u0151d\u00e9s v\u00e1r.. Kedvezm\u00e9nyes aj\u00e1nlatunk az al\u00e1bbi szolg\u00e1ltat\u00e1sokat tartalmazza: Sz\u00e1ll\u00e1s a kiv\u00e1lasztott szobat\u00edpusban B\u0151s\u00e9ges b\u00fcf\u00e9reggeli, hideg \u2013 meleg [&hellip;]","og_url":"https:\/\/hotelambient.hu\/hu\/ajanlataink\/ambient-karacsony-2\/","og_site_name":"Hotel Ambient","article_modified_time":"2025-11-12T15:32:21+00:00","og_image":[{"width":1200,"height":1200,"url":"https:\/\/hotelambient.hu\/wp-content\/uploads\/2025\/11\/ambient-karacsony.jpg","type":"image\/jpeg"}],"twitter_card":"summary_large_image","twitter_misc":{"Becs\u00fclt olvas\u00e1si id\u0151":"1 perc"},"schema":{"@context":"https:\/\/schema.org","@graph":[{"@type":"WebPage","@id":"https:\/\/hotelambient.hu\/ajanlataink\/ambient-karacsony-2\/","url":"https:\/\/hotelambient.hu\/ajanlataink\/ambient-karacsony-2\/","name":"Ambient Kar\u00e1csony - Hotel Ambient","isPartOf":{"@id":"https:\/\/hotelambient.hu\/en\/#website"},"primaryImageOfPage":{"@id":"https:\/\/hotelambient.hu\/ajanlataink\/ambient-karacsony-2\/#primaryimage"},"image":{"@id":"https:\/\/hotelambient.hu\/ajanlataink\/ambient-karacsony-2\/#primaryimage"},"thumbnailUrl":"https:\/\/hotelambient.hu\/wp-content\/uploads\/2025\/11\/ambient-karacsony.jpg","datePublished":"2025-11-12T15:27:34+00:00","dateModified":"2025-11-12T15:32:21+00:00","breadcrumb":{"@id":"https:\/\/hotelambient.hu\/ajanlataink\/ambient-karacsony-2\/#breadcrumb"},"inLanguage":"hu","potentialAction":[{"@type":"ReadAction","target":["https:\/\/hotelambient.hu\/ajanlataink\/ambient-karacsony-2\/"]}]},{"@type":"ImageObject","inLanguage":"hu","@id":"https:\/\/hotelambient.hu\/ajanlataink\/ambient-karacsony-2\/#primaryimage","url":"https:\/\/hotelambient.hu\/wp-content\/uploads\/2025\/11\/ambient-karacsony.jpg","contentUrl":"https:\/\/hotelambient.hu\/wp-content\/uploads\/2025\/11\/ambient-karacsony.jpg","width":1200,"height":1200},{"@type":"BreadcrumbList","@id":"https:\/\/hotelambient.hu\/ajanlataink\/ambient-karacsony-2\/#breadcrumb","itemListElement":[{"@type":"ListItem","position":1,"name":"Kezd\u0151lap","item":"https:\/\/hotelambient.hu\/hu\/"},{"@type":"ListItem","position":2,"name":"Aj\u00e1nlataink","item":"https:\/\/hotelambient.hu\/ajanlataink\/"},{"@type":"ListItem","position":3,"name":"Ambient Kar\u00e1csony"}]},{"@type":"WebSite","@id":"https:\/\/hotelambient.hu\/en\/#website","url":"https:\/\/hotelambient.hu\/en\/","name":"Hotel Ambient","description":"Hotel Ambient","publisher":{"@id":"https:\/\/hotelambient.hu\/en\/#organization"},"potentialAction":[{"@type":"SearchAction","target":{"@type":"EntryPoint","urlTemplate":"https:\/\/hotelambient.hu\/en\/?s={search_term_string}"},"query-input":{"@type":"PropertyValueSpecification","valueRequired":true,"valueName":"search_term_string"}}],"inLanguage":"hu"},{"@type":"Organization","@id":"https:\/\/hotelambient.hu\/en\/#organization","name":"Hotel Ambient","url":"https:\/\/hotelambient.hu\/en\/","logo":{"@type":"ImageObject","inLanguage":"hu","@id":"https:\/\/hotelambient.hu\/en\/#\/schema\/logo\/image\/","url":"https:\/\/hotelambient.hu\/wp-content\/uploads\/2023\/06\/cropped-Ambient_logo_fekete_transparent_bg.webp","contentUrl":"https:\/\/hotelambient.hu\/wp-content\/uploads\/2023\/06\/cropped-Ambient_logo_fekete_transparent_bg.webp","width":512,"height":512,"caption":"Hotel Ambient"},"image":{"@id":"https:\/\/hotelambient.hu\/en\/#\/schema\/logo\/image\/"}}]}},"_links":{"self":[{"href":"https:\/\/hotelambient.hu\/hu\/wp-json\/wp\/v2\/pages\/8667","targetHints":{"allow":["GET"]}}],"collection":[{"href":"https:\/\/hotelambient.hu\/hu\/wp-json\/wp\/v2\/pages"}],"about":[{"href":"https:\/\/hotelambient.hu\/hu\/wp-json\/wp\/v2\/types\/page"}],"author":[{"embeddable":true,"href":"https:\/\/hotelambient.hu\/hu\/wp-json\/wp\/v2\/users\/8"}],"replies":[{"embeddable":true,"href":"https:\/\/hotelambient.hu\/hu\/wp-json\/wp\/v2\/comments?post=8667"}],"version-history":[{"count":4,"href":"https:\/\/hotelambient.hu\/hu\/wp-json\/wp\/v2\/pages\/8667\/revisions"}],"predecessor-version":[{"id":8671,"href":"https:\/\/hotelambient.hu\/hu\/wp-json\/wp\/v2\/pages\/8667\/revisions\/8671"}],"up":[{"embeddable":true,"href":"https:\/\/hotelambient.hu\/hu\/wp-json\/wp\/v2\/pages\/274"}],"wp:featuredmedia":[{"embeddable":true,"href":"https:\/\/hotelambient.hu\/hu\/wp-json\/wp\/v2\/media\/8660"}],"wp:attachment":[{"href":"https:\/\/hotelambient.hu\/hu\/wp-json\/wp\/v2\/media?parent=8667"}],"curies":[{"name":"wp","href":"https:\/\/api.w.org\/{rel}","templated":true}]}}