{"id":9322,"date":"2026-02-11T12:57:59","date_gmt":"2026-02-11T11:57:59","guid":{"rendered":"https:\/\/hotelambient.hu\/?page_id=9322"},"modified":"2026-02-18T17:58:12","modified_gmt":"2026-02-18T16:58:12","slug":"tavaszi-szunet","status":"publish","type":"page","link":"https:\/\/hotelambient.hu\/hu\/ajanlataink\/tavaszi-szunet\/","title":{"rendered":"Tavaszi sz\u00fcnet"},"content":{"rendered":"\t\t<div data-elementor-type=\"wp-page\" data-elementor-id=\"9322\" class=\"elementor elementor-9322\" data-elementor-post-type=\"page\">\n\t\t\t\t<div class=\"elementor-element elementor-element-504ed5a e-con-full e-flex e-con e-parent\" data-id=\"504ed5a\" data-element_type=\"container\" data-e-type=\"container\">\n\t\t<div class=\"elementor-element elementor-element-f474094 e-con-full e-flex e-con e-child\" data-id=\"f474094\" data-element_type=\"container\" data-e-type=\"container\" data-settings=\"{&quot;background_background&quot;:&quot;classic&quot;}\">\n\t\t\t\t<div class=\"elementor-element elementor-element-2148251 elementor-widget elementor-widget-image\" data-id=\"2148251\" data-element_type=\"widget\" data-e-type=\"widget\" data-widget_type=\"image.default\">\n\t\t\t\t<div class=\"elementor-widget-container\">\n\t\t\t\t\t\t\t\t\t\t\t\t\t\t\t<img fetchpriority=\"high\" decoding=\"async\" width=\"800\" height=\"800\" src=\"https:\/\/hotelambient.hu\/wp-content\/uploads\/2026\/02\/tavaszisunet2026-1024x1024.jpg\" class=\"attachment-large size-large wp-image-9315\" alt=\"\" srcset=\"https:\/\/hotelambient.hu\/wp-content\/uploads\/2026\/02\/tavaszisunet2026-1024x1024.jpg 1024w, https:\/\/hotelambient.hu\/wp-content\/uploads\/2026\/02\/tavaszisunet2026-300x300.jpg 300w, https:\/\/hotelambient.hu\/wp-content\/uploads\/2026\/02\/tavaszisunet2026-150x150.jpg 150w, https:\/\/hotelambient.hu\/wp-content\/uploads\/2026\/02\/tavaszisunet2026-768x768.jpg 768w, https:\/\/hotelambient.hu\/wp-content\/uploads\/2026\/02\/tavaszisunet2026-12x12.jpg 12w, https:\/\/hotelambient.hu\/wp-content\/uploads\/2026\/02\/tavaszisunet2026.jpg 1080w\" sizes=\"(max-width: 800px) 100vw, 800px\" \/>\t\t\t\t\t\t\t\t\t\t\t\t\t\t\t<\/div>\n\t\t\t\t<\/div>\n\t\t\t\t<\/div>\n\t\t<div class=\"elementor-element elementor-element-45cb386 e-con-full e-flex e-con e-child\" data-id=\"45cb386\" data-element_type=\"container\" data-e-type=\"container\">\n\t\t\t\t<div class=\"elementor-element elementor-element-3766e4a elementor-widget elementor-widget-heading\" data-id=\"3766e4a\" data-element_type=\"widget\" data-e-type=\"widget\" data-widget_type=\"heading.default\">\n\t\t\t\t<div class=\"elementor-widget-container\">\n\t\t\t\t\t<h2 class=\"elementor-heading-title elementor-size-default\">Tavaszi sz\u00fcnet<\/h2>\t\t\t\t<\/div>\n\t\t\t\t<\/div>\n\t\t<div class=\"elementor-element elementor-element-c3fba7b e-con-full e-flex e-con e-child\" data-id=\"c3fba7b\" data-element_type=\"container\" data-e-type=\"container\">\n\t\t\t\t<div class=\"elementor-element elementor-element-b96bda8 elementor-align-center elementor-widget elementor-widget-button\" data-id=\"b96bda8\" data-element_type=\"widget\" data-e-type=\"widget\" data-widget_type=\"button.default\">\n\t\t\t\t<div class=\"elementor-widget-container\">\n\t\t\t\t\t\t\t\t\t<div class=\"elementor-button-wrapper\">\n\t\t\t\t\t<a class=\"elementor-button elementor-button-link elementor-size-sm\" href=\"https:\/\/hotelambient.hu\/hu\/foglalas\/\">\n\t\t\t\t\t\t<span class=\"elementor-button-content-wrapper\">\n\t\t\t\t\t\t\t\t\t<span class=\"elementor-button-text\">szobafoglal\u00e1s<\/span>\n\t\t\t\t\t<\/span>\n\t\t\t\t\t<\/a>\n\t\t\t\t<\/div>\n\t\t\t\t\t\t\t\t<\/div>\n\t\t\t\t<\/div>\n\t\t\t\t<div class=\"elementor-element elementor-element-93cb8d6 elementor-align-left elementor-widget elementor-widget-button\" data-id=\"93cb8d6\" data-element_type=\"widget\" data-e-type=\"widget\" data-widget_type=\"button.default\">\n\t\t\t\t<div class=\"elementor-widget-container\">\n\t\t\t\t\t\t\t\t\t<div class=\"elementor-button-wrapper\">\n\t\t\t\t\t<a class=\"elementor-button elementor-button-link elementor-size-sm\" href=\"#elementor-action%3Aaction%3Dpopup%3Aopen%26settings%3DeyJpZCI6IjMwNyIsInRvZ2dsZSI6ZmFsc2V9\">\n\t\t\t\t\t\t<span class=\"elementor-button-content-wrapper\">\n\t\t\t\t\t\t<span class=\"elementor-button-icon\">\n\t\t\t\t<svg xmlns=\"http:\/\/www.w3.org\/2000\/svg\" width=\"16\" height=\"16\" viewBox=\"0 0 16 16\" fill=\"none\"><circle cx=\"8\" cy=\"8\" r=\"6.5\" stroke=\"black\" stroke-opacity=\"0.54\"><\/circle><path d=\"M7 4.93204C7 4.64725 7.09061 4.42071 7.27184 4.25243C7.46602 4.08414 7.71197 4 8.00971 4C8.30744 4 8.54693 4.08414 8.72816 4.25243C8.90939 4.42071 9 4.64725 9 4.93204C9 5.20388 8.90939 5.42395 8.72816 5.59223C8.54693 5.76052 8.30744 5.84466 8.00971 5.84466C7.71197 5.84466 7.46602 5.76052 7.27184 5.59223C7.09061 5.42395 7 5.20388 7 4.93204ZM8.68932 7V12H7.31068V7H8.68932Z\" fill=\"black\" fill-opacity=\"0.54\"><\/path><\/svg>\t\t\t<\/span>\n\t\t\t\t\t\t\t\t\t<span class=\"elementor-button-text\">Foglal\u00e1si felt\u00e9telek<\/span>\n\t\t\t\t\t<\/span>\n\t\t\t\t\t<\/a>\n\t\t\t\t<\/div>\n\t\t\t\t\t\t\t\t<\/div>\n\t\t\t\t<\/div>\n\t\t\t\t<\/div>\n\t\t\t\t<div class=\"elementor-element elementor-element-cbd20f7 elementor-widget elementor-widget-text-editor\" data-id=\"cbd20f7\" data-element_type=\"widget\" data-e-type=\"widget\" data-widget_type=\"text-editor.default\">\n\t\t\t\t<div class=\"elementor-widget-container\">\n\t\t\t\t\t\t\t\t\t<p><strong>10% kedvezm\u00e9ny<\/strong><\/p><p><strong>\u00c9rv\u00e9nyes:<\/strong> <strong>2026. \u00e1prilis 06-t\u00f3l \u2013 12-ig\u00a0<\/strong><\/p><p><b>A csomag tartalma<\/b>:<\/p><ul><li>Sz\u00e1ll\u00e1s a kiv\u00e1lasztott szobat\u00edpusban<\/li><li>B\u0151s\u00e9ges b\u00fcf\u00e9reggeli, hideg \u2013 meleg fog\u00e1sokkal \u00e9s f\u00e9lpanzi\u00f3s vacsora<\/li><li>Thermal SPA haszn\u00e1lata (t\u00e9len 3 belt\u00e9ri medence, gyermek- \u00e9s babamedence, s\u00f3szoba, belt\u00e9ri finn szauna, 2 infraszauna, aromakabin, g\u0151zkabin, k\u00fclt\u00e9ri finn szauna, d\u00e9zsazuhany \u00e9s jacuzzi)<\/li><li>J\u00e1t\u00e9kterem (csocs\u00f3, darts, pingpong, X-box)<\/li><li>F\u00fcrd\u0151k\u00f6peny \u00e9s t\u00f6r\u00fclk\u00f6z\u0151 bek\u00e9sz\u00edt\u00e9s<\/li><li>Ingyenes WiFi<\/li><li>Ingyenes parkol\u00e1si lehet\u0151s\u00e9g<\/li><li>\u00c1FA<\/li><\/ul><div>\u00a0<\/div><div>\u00a0<\/div><h4>Csomag extra:<\/h4><div><p><b><span style=\"font-size: 11.0pt; font-family: 'Aptos',sans-serif; mso-fareast-font-family: Aptos; mso-fareast-theme-font: minor-latin; mso-bidi-font-family: Aptos; mso-ligatures: standardcontextual; mso-ansi-language: HU; mso-fareast-language: EN-US; mso-bidi-language: AR-SA;\">Tavaszi sz\u00fcneti programk\u00edn\u00e1lat<\/span><\/b><\/p><ul><li><b>Gyerekanim\u00e1ci\u00f3s foglalkoz\u00e1sok<\/b> a sz\u00fcnet teljes ideje alatt<\/li><li><b>MINI ZOO<\/b> kis\u00e1llatkert kitelep\u00fcl\u00e9s, ahol a gyerekek testk\u00f6zelb\u0151l<br \/>ismerkedhetnek meg a kedves \u00e1llatokkal<\/li><li><b>KOML\u00d3VERZUM<\/b> tematikus programok, k\u00fcl\u00f6nleges \u00e9lm\u00e9nyekkel \u00e9s izgalmas<br \/>tartalmakkal<\/li><li><b>Szervezett mecseki t\u00far\u00e1k<\/b> a term\u00e9szet szerelmeseinek (id\u0151j\u00e1r\u00e1s<br \/>f\u00fcggv\u00e9ny\u00e9ben)<\/li><li><b>Helyi termel\u0151k k\u00e9zm\u0171ves v\u00e1s\u00e1ra<\/b>, autentikus \u00edzekkel \u00e9s egyedi<br \/>port\u00e9k\u00e1kkal<\/li><li><b>K\u00f3stol\u00f3k<\/b>, amelyek sor\u00e1n a r\u00e9gi\u00f3 \u00edzeit fedezhetik fel vend\u00e9geink<\/li><li><b>J\u00f3ga\u00f3r\u00e1k<\/b> a testi-lelki felt\u00f6lt\u0151d\u00e9s\u00e9rt<\/li><li><b>\u00c9l\u0151 zen\u00e9s vacsoraestek<\/b> kellemes hangulattal \u00e9s gasztron\u00f3miai<br \/>\u00e9lm\u00e9nyekkel<\/li><li><b>Tavaszi szaunafel\u00f6nt\u00e9sek<\/b> friss\u00edt\u0151 illatokkal \u00e9s relax\u00e1l\u00f3<br \/>\u00e9lm\u00e9nyelemekkel<\/li><li><strong>STAND UP SHOW fell\u00e9p\u00e9s Sz\u0151ke D\u00e1niellel<\/strong><\/li><li><b>RETRO DJ-est<\/b>, ahol a r\u00e9gi kedvencek\u00e9 a f\u0151szerep<br \/>Informat\u00edv el\u0151ad\u00e1sok \u00e9rdekes t\u00e9m\u00e1kkal \u00e9s tartalmas kikapcsol\u00f3d\u00e1ssal<\/li><li>Tov\u00e1bbi <b>meglepet\u00e9s programok<\/b>, hogy a tavaszi sz\u00fcnet minden napja<br \/>tartogasson valami \u00fajat<\/li><\/ul><\/div>\t\t\t\t\t\t\t\t<\/div>\n\t\t\t\t<\/div>\n\t\t\t\t<\/div>\n\t\t\t\t<\/div>\n\t\t\t\t<\/div>\n\t\t","protected":false},"excerpt":{"rendered":"<p>szobafoglal\u00e1s Foglal\u00e1si felt\u00e9telek 10% kedvezm\u00e9ny \u00c9rv\u00e9nyes: 2026. \u00e1prilis 06-t\u00f3l \u2013 12-ig\u00a0 A csomag tartalma: Sz\u00e1ll\u00e1s a kiv\u00e1lasztott szobat\u00edpusban B\u0151s\u00e9ges b\u00fcf\u00e9reggeli, hideg \u2013 meleg fog\u00e1sokkal \u00e9s f\u00e9lpanzi\u00f3s vacsora Thermal SPA haszn\u00e1lata (t\u00e9len 3 belt\u00e9ri medence, gyermek- \u00e9s babamedence, s\u00f3szoba, belt\u00e9ri finn szauna, 2 infraszauna, aromakabin, g\u0151zkabin, k\u00fclt\u00e9ri finn szauna, d\u00e9zsazuhany \u00e9s jacuzzi) J\u00e1t\u00e9kterem (csocs\u00f3, darts, pingpong, [&hellip;]<\/p>\n","protected":false},"author":8,"featured_media":9315,"parent":274,"menu_order":0,"comment_status":"closed","ping_status":"closed","template":"","meta":{"footnotes":""},"class_list":["post-9322","page","type-page","status-publish","has-post-thumbnail","hentry"],"yoast_head":"<!-- This site is optimized with the Yoast SEO plugin v27.2 - https:\/\/yoast.com\/product\/yoast-seo-wordpress\/ -->\n<title>Tavaszi sz\u00fcnet - Hotel Ambient<\/title>\n<meta name=\"robots\" content=\"index, follow, max-snippet:-1, max-image-preview:large, max-video-preview:-1\" \/>\n<link rel=\"canonical\" href=\"https:\/\/hotelambient.hu\/hu\/ajanlataink\/tavaszi-szunet\/\" \/>\n<meta property=\"og:locale\" content=\"hu_HU\" \/>\n<meta property=\"og:type\" content=\"article\" \/>\n<meta property=\"og:title\" content=\"Tavaszi sz\u00fcnet - Hotel Ambient\" \/>\n<meta property=\"og:description\" content=\"szobafoglal\u00e1s Foglal\u00e1si felt\u00e9telek 10% kedvezm\u00e9ny \u00c9rv\u00e9nyes: 2026. \u00e1prilis 06-t\u00f3l \u2013 12-ig\u00a0 A csomag tartalma: Sz\u00e1ll\u00e1s a kiv\u00e1lasztott szobat\u00edpusban B\u0151s\u00e9ges b\u00fcf\u00e9reggeli, hideg \u2013 meleg fog\u00e1sokkal \u00e9s f\u00e9lpanzi\u00f3s vacsora Thermal SPA haszn\u00e1lata (t\u00e9len 3 belt\u00e9ri medence, gyermek- \u00e9s babamedence, s\u00f3szoba, belt\u00e9ri finn szauna, 2 infraszauna, aromakabin, g\u0151zkabin, k\u00fclt\u00e9ri finn szauna, d\u00e9zsazuhany \u00e9s jacuzzi) J\u00e1t\u00e9kterem (csocs\u00f3, darts, pingpong, [&hellip;]\" \/>\n<meta property=\"og:url\" content=\"https:\/\/hotelambient.hu\/hu\/ajanlataink\/tavaszi-szunet\/\" \/>\n<meta property=\"og:site_name\" content=\"Hotel Ambient\" \/>\n<meta property=\"article:modified_time\" content=\"2026-02-18T16:58:12+00:00\" \/>\n<meta property=\"og:image\" content=\"https:\/\/hotelambient.hu\/wp-content\/uploads\/2026\/02\/tavaszisunet2026.jpg\" \/>\n\t<meta property=\"og:image:width\" content=\"1080\" \/>\n\t<meta property=\"og:image:height\" content=\"1080\" \/>\n\t<meta property=\"og:image:type\" content=\"image\/jpeg\" \/>\n<meta name=\"twitter:card\" content=\"summary_large_image\" \/>\n<meta name=\"twitter:label1\" content=\"Becs\u00fclt olvas\u00e1si id\u0151\" \/>\n\t<meta name=\"twitter:data1\" content=\"2 perc\" \/>\n<script type=\"application\/ld+json\" class=\"yoast-schema-graph\">{\"@context\":\"https:\/\/schema.org\",\"@graph\":[{\"@type\":\"WebPage\",\"@id\":\"https:\/\/hotelambient.hu\/ajanlataink\/tavaszi-szunet\/\",\"url\":\"https:\/\/hotelambient.hu\/ajanlataink\/tavaszi-szunet\/\",\"name\":\"Tavaszi sz\u00fcnet - Hotel Ambient\",\"isPartOf\":{\"@id\":\"https:\/\/hotelambient.hu\/en\/#website\"},\"primaryImageOfPage\":{\"@id\":\"https:\/\/hotelambient.hu\/ajanlataink\/tavaszi-szunet\/#primaryimage\"},\"image\":{\"@id\":\"https:\/\/hotelambient.hu\/ajanlataink\/tavaszi-szunet\/#primaryimage\"},\"thumbnailUrl\":\"https:\/\/hotelambient.hu\/wp-content\/uploads\/2026\/02\/tavaszisunet2026.jpg\",\"datePublished\":\"2026-02-11T11:57:59+00:00\",\"dateModified\":\"2026-02-18T16:58:12+00:00\",\"breadcrumb\":{\"@id\":\"https:\/\/hotelambient.hu\/ajanlataink\/tavaszi-szunet\/#breadcrumb\"},\"inLanguage\":\"hu\",\"potentialAction\":[{\"@type\":\"ReadAction\",\"target\":[\"https:\/\/hotelambient.hu\/ajanlataink\/tavaszi-szunet\/\"]}]},{\"@type\":\"ImageObject\",\"inLanguage\":\"hu\",\"@id\":\"https:\/\/hotelambient.hu\/ajanlataink\/tavaszi-szunet\/#primaryimage\",\"url\":\"https:\/\/hotelambient.hu\/wp-content\/uploads\/2026\/02\/tavaszisunet2026.jpg\",\"contentUrl\":\"https:\/\/hotelambient.hu\/wp-content\/uploads\/2026\/02\/tavaszisunet2026.jpg\",\"width\":1080,\"height\":1080},{\"@type\":\"BreadcrumbList\",\"@id\":\"https:\/\/hotelambient.hu\/ajanlataink\/tavaszi-szunet\/#breadcrumb\",\"itemListElement\":[{\"@type\":\"ListItem\",\"position\":1,\"name\":\"Kezd\u0151lap\",\"item\":\"https:\/\/hotelambient.hu\/hu\/\"},{\"@type\":\"ListItem\",\"position\":2,\"name\":\"Aj\u00e1nlataink\",\"item\":\"https:\/\/hotelambient.hu\/ajanlataink\/\"},{\"@type\":\"ListItem\",\"position\":3,\"name\":\"Tavaszi sz\u00fcnet\"}]},{\"@type\":\"WebSite\",\"@id\":\"https:\/\/hotelambient.hu\/en\/#website\",\"url\":\"https:\/\/hotelambient.hu\/en\/\",\"name\":\"Hotel Ambient\",\"description\":\"Hotel Ambient\",\"publisher\":{\"@id\":\"https:\/\/hotelambient.hu\/en\/#organization\"},\"potentialAction\":[{\"@type\":\"SearchAction\",\"target\":{\"@type\":\"EntryPoint\",\"urlTemplate\":\"https:\/\/hotelambient.hu\/en\/?s={search_term_string}\"},\"query-input\":{\"@type\":\"PropertyValueSpecification\",\"valueRequired\":true,\"valueName\":\"search_term_string\"}}],\"inLanguage\":\"hu\"},{\"@type\":\"Organization\",\"@id\":\"https:\/\/hotelambient.hu\/en\/#organization\",\"name\":\"Hotel Ambient\",\"url\":\"https:\/\/hotelambient.hu\/en\/\",\"logo\":{\"@type\":\"ImageObject\",\"inLanguage\":\"hu\",\"@id\":\"https:\/\/hotelambient.hu\/en\/#\/schema\/logo\/image\/\",\"url\":\"https:\/\/hotelambient.hu\/wp-content\/uploads\/2023\/06\/cropped-Ambient_logo_fekete_transparent_bg.webp\",\"contentUrl\":\"https:\/\/hotelambient.hu\/wp-content\/uploads\/2023\/06\/cropped-Ambient_logo_fekete_transparent_bg.webp\",\"width\":512,\"height\":512,\"caption\":\"Hotel Ambient\"},\"image\":{\"@id\":\"https:\/\/hotelambient.hu\/en\/#\/schema\/logo\/image\/\"}}]}<\/script>\n<!-- \/ Yoast SEO plugin. -->","yoast_head_json":{"title":"Tavaszi sz\u00fcnet - Hotel Ambient","robots":{"index":"index","follow":"follow","max-snippet":"max-snippet:-1","max-image-preview":"max-image-preview:large","max-video-preview":"max-video-preview:-1"},"canonical":"https:\/\/hotelambient.hu\/hu\/ajanlataink\/tavaszi-szunet\/","og_locale":"hu_HU","og_type":"article","og_title":"Tavaszi sz\u00fcnet - Hotel Ambient","og_description":"szobafoglal\u00e1s Foglal\u00e1si felt\u00e9telek 10% kedvezm\u00e9ny \u00c9rv\u00e9nyes: 2026. \u00e1prilis 06-t\u00f3l \u2013 12-ig\u00a0 A csomag tartalma: Sz\u00e1ll\u00e1s a kiv\u00e1lasztott szobat\u00edpusban B\u0151s\u00e9ges b\u00fcf\u00e9reggeli, hideg \u2013 meleg fog\u00e1sokkal \u00e9s f\u00e9lpanzi\u00f3s vacsora Thermal SPA haszn\u00e1lata (t\u00e9len 3 belt\u00e9ri medence, gyermek- \u00e9s babamedence, s\u00f3szoba, belt\u00e9ri finn szauna, 2 infraszauna, aromakabin, g\u0151zkabin, k\u00fclt\u00e9ri finn szauna, d\u00e9zsazuhany \u00e9s jacuzzi) J\u00e1t\u00e9kterem (csocs\u00f3, darts, pingpong, [&hellip;]","og_url":"https:\/\/hotelambient.hu\/hu\/ajanlataink\/tavaszi-szunet\/","og_site_name":"Hotel Ambient","article_modified_time":"2026-02-18T16:58:12+00:00","og_image":[{"width":1080,"height":1080,"url":"https:\/\/hotelambient.hu\/wp-content\/uploads\/2026\/02\/tavaszisunet2026.jpg","type":"image\/jpeg"}],"twitter_card":"summary_large_image","twitter_misc":{"Becs\u00fclt olvas\u00e1si id\u0151":"2 perc"},"schema":{"@context":"https:\/\/schema.org","@graph":[{"@type":"WebPage","@id":"https:\/\/hotelambient.hu\/ajanlataink\/tavaszi-szunet\/","url":"https:\/\/hotelambient.hu\/ajanlataink\/tavaszi-szunet\/","name":"Tavaszi sz\u00fcnet - Hotel Ambient","isPartOf":{"@id":"https:\/\/hotelambient.hu\/en\/#website"},"primaryImageOfPage":{"@id":"https:\/\/hotelambient.hu\/ajanlataink\/tavaszi-szunet\/#primaryimage"},"image":{"@id":"https:\/\/hotelambient.hu\/ajanlataink\/tavaszi-szunet\/#primaryimage"},"thumbnailUrl":"https:\/\/hotelambient.hu\/wp-content\/uploads\/2026\/02\/tavaszisunet2026.jpg","datePublished":"2026-02-11T11:57:59+00:00","dateModified":"2026-02-18T16:58:12+00:00","breadcrumb":{"@id":"https:\/\/hotelambient.hu\/ajanlataink\/tavaszi-szunet\/#breadcrumb"},"inLanguage":"hu","potentialAction":[{"@type":"ReadAction","target":["https:\/\/hotelambient.hu\/ajanlataink\/tavaszi-szunet\/"]}]},{"@type":"ImageObject","inLanguage":"hu","@id":"https:\/\/hotelambient.hu\/ajanlataink\/tavaszi-szunet\/#primaryimage","url":"https:\/\/hotelambient.hu\/wp-content\/uploads\/2026\/02\/tavaszisunet2026.jpg","contentUrl":"https:\/\/hotelambient.hu\/wp-content\/uploads\/2026\/02\/tavaszisunet2026.jpg","width":1080,"height":1080},{"@type":"BreadcrumbList","@id":"https:\/\/hotelambient.hu\/ajanlataink\/tavaszi-szunet\/#breadcrumb","itemListElement":[{"@type":"ListItem","position":1,"name":"Kezd\u0151lap","item":"https:\/\/hotelambient.hu\/hu\/"},{"@type":"ListItem","position":2,"name":"Aj\u00e1nlataink","item":"https:\/\/hotelambient.hu\/ajanlataink\/"},{"@type":"ListItem","position":3,"name":"Tavaszi sz\u00fcnet"}]},{"@type":"WebSite","@id":"https:\/\/hotelambient.hu\/en\/#website","url":"https:\/\/hotelambient.hu\/en\/","name":"Hotel Ambient","description":"Hotel Ambient","publisher":{"@id":"https:\/\/hotelambient.hu\/en\/#organization"},"potentialAction":[{"@type":"SearchAction","target":{"@type":"EntryPoint","urlTemplate":"https:\/\/hotelambient.hu\/en\/?s={search_term_string}"},"query-input":{"@type":"PropertyValueSpecification","valueRequired":true,"valueName":"search_term_string"}}],"inLanguage":"hu"},{"@type":"Organization","@id":"https:\/\/hotelambient.hu\/en\/#organization","name":"Hotel Ambient","url":"https:\/\/hotelambient.hu\/en\/","logo":{"@type":"ImageObject","inLanguage":"hu","@id":"https:\/\/hotelambient.hu\/en\/#\/schema\/logo\/image\/","url":"https:\/\/hotelambient.hu\/wp-content\/uploads\/2023\/06\/cropped-Ambient_logo_fekete_transparent_bg.webp","contentUrl":"https:\/\/hotelambient.hu\/wp-content\/uploads\/2023\/06\/cropped-Ambient_logo_fekete_transparent_bg.webp","width":512,"height":512,"caption":"Hotel Ambient"},"image":{"@id":"https:\/\/hotelambient.hu\/en\/#\/schema\/logo\/image\/"}}]}},"_links":{"self":[{"href":"https:\/\/hotelambient.hu\/hu\/wp-json\/wp\/v2\/pages\/9322","targetHints":{"allow":["GET"]}}],"collection":[{"href":"https:\/\/hotelambient.hu\/hu\/wp-json\/wp\/v2\/pages"}],"about":[{"href":"https:\/\/hotelambient.hu\/hu\/wp-json\/wp\/v2\/types\/page"}],"author":[{"embeddable":true,"href":"https:\/\/hotelambient.hu\/hu\/wp-json\/wp\/v2\/users\/8"}],"replies":[{"embeddable":true,"href":"https:\/\/hotelambient.hu\/hu\/wp-json\/wp\/v2\/comments?post=9322"}],"version-history":[{"count":16,"href":"https:\/\/hotelambient.hu\/hu\/wp-json\/wp\/v2\/pages\/9322\/revisions"}],"predecessor-version":[{"id":9425,"href":"https:\/\/hotelambient.hu\/hu\/wp-json\/wp\/v2\/pages\/9322\/revisions\/9425"}],"up":[{"embeddable":true,"href":"https:\/\/hotelambient.hu\/hu\/wp-json\/wp\/v2\/pages\/274"}],"wp:featuredmedia":[{"embeddable":true,"href":"https:\/\/hotelambient.hu\/hu\/wp-json\/wp\/v2\/media\/9315"}],"wp:attachment":[{"href":"https:\/\/hotelambient.hu\/hu\/wp-json\/wp\/v2\/media?parent=9322"}],"curies":[{"name":"wp","href":"https:\/\/api.w.org\/{rel}","templated":true}]}}